{"id":72965,"date":"2025-07-29T10:35:05","date_gmt":"2025-07-29T10:35:05","guid":{"rendered":"https:\/\/fv6qoy3ls0.wpdns.site\/produto\/kf-concept-kf09-087v6-k234a7-tripode-con-monopie-cabezal-bh-28l\/"},"modified":"2026-05-05T16:46:27","modified_gmt":"2026-05-05T15:46:27","slug":"kf-concept-kf09-087v6-k234a7-tripode-con-monopie-cabezal-bh-28l","status":"publish","type":"product","link":"https:\/\/hi-techwonder.com\/es\/producto\/kf-concept-kf09-087v6-k234a7-tripode-con-monopie-cabezal-bh-28l\/","title":{"rendered":"K&amp;F CONCEPT KF09.087V6 K234A7 Tr\u00edpode con Monopie + Cabezal BH-28L"},"content":{"rendered":"<p><strong>Tr\u00edpode <\/strong><strong>K&amp;F CONCEPT<\/strong><strong> <\/strong><strong>K234A7<\/strong><strong> con monopi\u00e9 + cabezal BH-28L<\/strong><\/p>\n<p><font color=\"#ff9c00\" style=\"background-color: rgb(99, 99, 99);\">KF09.087V6<\/font><\/p>\n<p><strong>Contenido del paquete:<\/strong><\/p>\n<ul>\n<li>1 x Tr\u00edpode de aleaci\u00f3n de aluminio S210&nbsp;<\/li>\n<li>1 x Cabezal de r\u00f3tula KF-28<\/li>\n<li>1 x Zapata Arca-Swiss<\/li>\n<li>1 x Llave hexagonal<\/li>\n<li>1 x bolsa de transporte<\/li>\n<\/ul>\n<p><strong>Caracter\u00edsticas t\u00e9cnicas:<\/strong><\/p>\n<table style=\"height: 223.958px; width: 659px;\" border=\"0\" width=\"602\" cellspacing=\"0\" cellpadding=\"2\">\n<colgroup>\n<col style=\"width: 315px;\" width=\"231\">\n<col style=\"width: 344px;\" width=\"363\"><\/colgroup>\n<tbody>\n<tr style=\"height: 22.3958px;\">\n<td style=\"height: 22.3958px;\"><span style=\"color: #4d4d4d;\">Referencia de marca:<\/span><\/td>\n<td style=\"height: 22.3958px;\">KF09.087V6<\/td>\n<\/tr>\n<tr style=\"height: 22.3958px;\">\n<td style=\"height: 22.3958px;\" width=\"231\"><span style=\"color: #4d4d4d;\">Modelo:<\/span><\/td>\n<td style=\"height: 22.3958px;\" width=\"363\">S210 <\/td>\n<\/tr>\n<tr style=\"height: 22.3958px;\">\n<td style=\"height: 22.3958px;\" width=\"231\"><span style=\"color: #4d4d4d;\">Material:<\/span><\/td>\n<td style=\"height: 22.3958px;\" width=\"363\"><span style=\"color: #4d4d4d;\">Aleaci\u00f3n de aluminio<\/span><\/td>\n<\/tr>\n<tr style=\"height: 22.3958px;\">\n<td style=\"height: 22.3958px;\" width=\"231\"><span style=\"color: #4d4d4d;\">Tipo de cabeza:<\/span><\/td>\n<td style=\"height: 22.3958px;\" width=\"363\"><span style=\"color: #4d4d4d;\">R\u00f3tula KF-28 &#8211; Zapatilla Arca-Swiss<\/span><\/td>\n<\/tr>\n<tr style=\"height: 22.3958px;\">\n<td style=\"height: 22.3958px;\" width=\"231\">Secciones:<\/td>\n<td style=\"height: 22.3958px;\" width=\"363\"><span style=\"color: #4d4d4d;\">4 secciones<\/span><\/td>\n<\/tr>\n<tr style=\"height: 22.3958px;\">\n<td style=\"height: 22.3958px;\" width=\"231\"><span style=\"color: #4d4d4d;\">Altura m\u00e1xima:<\/span><\/td>\n<td style=\"height: 22.3958px;\" width=\"363\">199 cm<\/td>\n<\/tr>\n<tr>\n<td><span style=\"color: #4d4d4d;\">Altura m\u00e1xima con altavoz adicional:<br \/><\/span><\/td>\n<td>231 cm<\/td>\n<\/tr>\n<tr style=\"height: 22.3958px;\">\n<td style=\"height: 22.3958px;\"><span style=\"color: #4d4d4d;\">Altura<\/span><\/td>\n<p> m\u00ednima<\/p>\n<td style=\"height: 22.3958px;\">58 cm<\/td>\n<\/tr>\n<tr style=\"height: 22.3958px;\">\n<td style=\"height: 22.3958px;\" width=\"231\"><span style=\"color: #4d4d4d;\">Dimensiones contra\u00eddas:<\/span><\/td>\n<td style=\"height: 22.3958px;\" width=\"363\">50 cm<\/td>\n<\/tr>\n<tr>\n<td><span style=\"color: #4d4d4d;\">Altura m\u00e1xima del Monopie: <span style=\"white-space: pre;\"> <br \/><\/span><\/span><\/td>\n<td>205 cm<\/td>\n<\/tr>\n<tr>\n<td><span style=\"color: #4d4d4d;\">Altura m\u00e1xima de la Columna Monop\u00e9c\/ Extra: <span style=\"white-space: pre;\"> <br \/><\/span><\/span><\/td>\n<td>240 cm<\/td>\n<\/tr>\n<tr style=\"height: 22.3958px;\">\n<td style=\"height: 22.3958px;\" width=\"231\"><span style=\"color: #4d4d4d;\">Capacidad de carga:<\/span><\/td>\n<td style=\"height: 22.3958px;\" width=\"363\"><span style=\"color: #4d4d4d;\">10 kg<\/span><\/td>\n<\/tr>\n<tr style=\"height: 22.3958px;\">\n<td style=\"height: 22.3958px;\" width=\"231\"><span style=\"color: #4d4d4d;\">Peso:<\/span><\/td>\n<td style=\"height: 22.3958px;\" width=\"363\">1.525 kg (sin altavoz adicional)<\/td>\n<\/tr>\n<\/tbody>\n<\/table>\n","protected":false},"excerpt":{"rendered":"<p>Tr\u00edpode K&amp;F CONCEPT K234A7 con monopi\u00e9 + cabezal BH-28L KF09.087V6 Contenido del paquete: 1 x Tr\u00edpode de aleaci\u00f3n de aluminio<\/p>\n","protected":false},"featured_media":64998,"comment_status":"closed","ping_status":"closed","template":"","meta":{"_acf_changed":false},"product_brand":[2562],"product_cat":[1092],"product_tag":[],"class_list":{"0":"post-72965","1":"product","2":"type-product","3":"status-publish","4":"has-post-thumbnail","6":"product_brand-kf-concept-es","7":"product_cat-kits-foto-es","9":"first","10":"instock","11":"taxable","12":"shipping-taxable","13":"purchasable","14":"product-type-simple"},"bundled_by":[],"bundle_stock_status":"instock","bundle_stock_quantity":2,"bundle_virtual":false,"bundle_layout":"","bundle_add_to_cart_form_location":"","bundle_editable_in_cart":false,"bundle_sold_individually_context":"","bundle_item_grouping":"","bundle_min_size":"","bundle_max_size":"","bundle_price":[],"bundled_items":[],"bundle_sell_ids":[],"acf":[],"_links":{"self":[{"href":"https:\/\/hi-techwonder.com\/es\/wp-json\/wp\/v2\/product\/72965","targetHints":{"allow":["GET"]}}],"collection":[{"href":"https:\/\/hi-techwonder.com\/es\/wp-json\/wp\/v2\/product"}],"about":[{"href":"https:\/\/hi-techwonder.com\/es\/wp-json\/wp\/v2\/types\/product"}],"replies":[{"embeddable":true,"href":"https:\/\/hi-techwonder.com\/es\/wp-json\/wp\/v2\/comments?post=72965"}],"wp:featuredmedia":[{"embeddable":true,"href":"https:\/\/hi-techwonder.com\/es\/wp-json\/wp\/v2\/media\/64998"}],"wp:attachment":[{"href":"https:\/\/hi-techwonder.com\/es\/wp-json\/wp\/v2\/media?parent=72965"}],"wp:term":[{"taxonomy":"product_brand","embeddable":true,"href":"https:\/\/hi-techwonder.com\/es\/wp-json\/wp\/v2\/product_brand?post=72965"},{"taxonomy":"product_cat","embeddable":true,"href":"https:\/\/hi-techwonder.com\/es\/wp-json\/wp\/v2\/product_cat?post=72965"},{"taxonomy":"product_tag","embeddable":true,"href":"https:\/\/hi-techwonder.com\/es\/wp-json\/wp\/v2\/product_tag?post=72965"}],"curies":[{"name":"wp","href":"https:\/\/api.w.org\/{rel}","templated":true}]}}