{"id":72966,"date":"2025-07-29T00:04:29","date_gmt":"2025-07-29T00:04:29","guid":{"rendered":"https:\/\/fv6qoy3ls0.wpdns.site\/produto\/kf-concept-kf13-013-xl-soporte-de-lente-de-neopreno\/"},"modified":"2026-03-02T17:08:51","modified_gmt":"2026-03-02T17:08:51","slug":"kf-concept-kf13-013-xl-soporte-de-lente-de-neopreno","status":"publish","type":"product","link":"https:\/\/hi-techwonder.com\/es\/producto\/kf-concept-kf13-013-xl-soporte-de-lente-de-neopreno\/","title":{"rendered":"K&amp;F CONCEPT KF13.013 XL Soporte de lente de neopreno"},"content":{"rendered":"<p><strong>K&amp;F CONCEPT <\/strong><strong>KF13.013 <\/strong><strong>XL Soporte de lente de neopreno<\/strong><\/p>\n<p style=\"text-align: justify;\"><strong>Caracter\u00edsticas<\/strong>:<\/p>\n<ul style=\"text-align: justify;\">\n<li>La funda para lentes KF13.013, hecha de neopreno (el mismo material que se usa en los trajes deportivos n\u00e1uticos), protege la lente de la humedad, el polvo, la arena y los accidentes.<\/li>\n<li>Es adecuado para lentes con una longitud m\u00e1xima de 21,6 cm.<\/li>\n<li>Dimensiones: 10x24cm<\/li>\n<\/ul>\n<p style=\"text-align: justify;\"><img loading=\"lazy\" decoding=\"async\" src=\"https:\/\/ishoot.ro\/images\/thumbnails\/772\/772\/detailed\/23\/a4c2b5a3734c9b7da5e2a87dca2c60fa6f849bba_original.jpeg\" width=\"300\" height=\"300\" alt=\"\"><\/p>\n<p style=\"text-align: justify;\"><strong>Embalaje:<\/strong><\/p>\n<ul style=\"text-align: justify;\">\n<li>No se aplica, por separado. 1 x Bolsa KF13.013 <\/li>\n<\/ul>\n<p style=\"text-align: justify;\"><strong>Descripci\u00f3n:<\/strong><\/p>\n<ul style=\"text-align: justify;\">\n<li>Bolsa simple y pr\u00e1ctica con cierre de cord\u00f3n con clip de pl\u00e1stico \u00abEnd Spring Stop\u00bb y gancho de mosquet\u00f3n, proporciona una buena protecci\u00f3n de la lente y un f\u00e1cil acceso.<\/li>\n<li>Una buena opci\u00f3n para los viajeros, para mantener el equipo m\u00e1s protegido. La protecci\u00f3n de las lentes es fundamental para mantenerlas en perfecto estado y conseguir los mejores resultados. Es por eso que K&amp;F Concept ha creado el estuche de neopreno XL tama\u00f1o KF13.013, una soluci\u00f3n eficaz y de f\u00e1cil acceso.  <\/li>\n<li>El parasol de neopreno K&amp;F Concept est\u00e1 hecho de un material premium, el neopreno, que proporciona una excelente protecci\u00f3n contra golpes, ara\u00f1azos y otros da\u00f1os. Este material es resistente al agua y al polvo, por lo que proporciona una buena protecci\u00f3n al equipo, con una buena protecci\u00f3n contra las condiciones clim\u00e1ticas adversas y los ambientes polvorientos. <\/li>\n<li>Tambi\u00e9n tiene un forro suave que protege la lente de ara\u00f1azos y otros da\u00f1os causados ?? por fricci\u00f3n con otros objetos transportados juntos.<\/li>\n<li>Dise\u00f1o inteligente y vers\u00e1til<\/li>\n<li>La bolsa para lentes de neopreno K&amp;F Concept XL KF13.013 tiene un dise\u00f1o inteligente y vers\u00e1til que se adapta perfectamente a la mayor\u00eda de las lentes grandes. Est\u00e1 disponible en varios tama\u00f1os, para que puedas elegir el que mejor se adapte a tu prop\u00f3sito. Sistema de cierre de sujeci\u00f3n f\u00e1cil y seguro.  <\/li>\n<li>F\u00e1cil de usar y mantener<\/li>\n<li>La bolsa de neopreno K&amp;F Concept talla XL KF13.013 es muy f\u00e1cil de usar y mantener. Gracias al material con el que est\u00e1 fabricado, es f\u00e1cil de limpiar y lavar, por lo que se puede conservar en perfectas condiciones. <\/li>\n<\/ul>\n<p style=\"text-align: justify;\"><strong>Dimensiones:<\/strong><\/p>\n<ul style=\"text-align: justify;\">\n<li>Ancho x Alto (10 cm x 24 cm)<\/li>\n<\/ul>\n","protected":false},"excerpt":{"rendered":"<p>K&amp;F CONCEPT KF13.013 XL Soporte de lente de neopreno Caracter\u00edsticas: La funda para lentes KF13.013, hecha de neopreno (el mismo<\/p>\n","protected":false},"featured_media":33054,"comment_status":"closed","ping_status":"open","template":"","meta":{"_acf_changed":false},"product_brand":[2562],"product_cat":[912],"product_tag":[],"class_list":{"0":"post-72966","1":"product","2":"type-product","3":"status-publish","4":"has-post-thumbnail","6":"product_brand-kf-concept-es","7":"product_cat-para-objetivos","9":"first","10":"instock","11":"taxable","12":"shipping-taxable","13":"purchasable","14":"product-type-simple"},"bundled_by":[],"bundle_stock_status":"instock","bundle_stock_quantity":2,"bundle_virtual":false,"bundle_layout":"","bundle_add_to_cart_form_location":"","bundle_editable_in_cart":false,"bundle_sold_individually_context":"","bundle_item_grouping":"","bundle_min_size":"","bundle_max_size":"","bundle_price":[],"bundled_items":[],"bundle_sell_ids":[],"acf":[],"_links":{"self":[{"href":"https:\/\/hi-techwonder.com\/es\/wp-json\/wp\/v2\/product\/72966","targetHints":{"allow":["GET"]}}],"collection":[{"href":"https:\/\/hi-techwonder.com\/es\/wp-json\/wp\/v2\/product"}],"about":[{"href":"https:\/\/hi-techwonder.com\/es\/wp-json\/wp\/v2\/types\/product"}],"replies":[{"embeddable":true,"href":"https:\/\/hi-techwonder.com\/es\/wp-json\/wp\/v2\/comments?post=72966"}],"wp:featuredmedia":[{"embeddable":true,"href":"https:\/\/hi-techwonder.com\/es\/wp-json\/wp\/v2\/media\/33054"}],"wp:attachment":[{"href":"https:\/\/hi-techwonder.com\/es\/wp-json\/wp\/v2\/media?parent=72966"}],"wp:term":[{"taxonomy":"product_brand","embeddable":true,"href":"https:\/\/hi-techwonder.com\/es\/wp-json\/wp\/v2\/product_brand?post=72966"},{"taxonomy":"product_cat","embeddable":true,"href":"https:\/\/hi-techwonder.com\/es\/wp-json\/wp\/v2\/product_cat?post=72966"},{"taxonomy":"product_tag","embeddable":true,"href":"https:\/\/hi-techwonder.com\/es\/wp-json\/wp\/v2\/product_tag?post=72966"}],"curies":[{"name":"wp","href":"https:\/\/api.w.org\/{rel}","templated":true}]}}