{"id":72967,"date":"2025-07-29T00:17:08","date_gmt":"2025-07-29T00:17:08","guid":{"rendered":"https:\/\/fv6qoy3ls0.wpdns.site\/produto\/kf-concept-kf13-003-bolsa-para-6-filtros-circulares-de-hasta-86mm\/"},"modified":"2025-07-29T00:17:08","modified_gmt":"2025-07-29T00:17:08","slug":"kf-concept-kf13-003-bolsa-para-6-filtros-circulares-de-hasta-86mm","status":"publish","type":"product","link":"https:\/\/hi-techwonder.com\/es\/producto\/kf-concept-kf13-003-bolsa-para-6-filtros-circulares-de-hasta-86mm\/","title":{"rendered":"K&amp;F CONCEPT KF13.003 Bolsa para 6 Filtros Circulares de hasta 86mm"},"content":{"rendered":"<p><strong>K&amp;F CONCEPT <\/strong><strong>KF13.003 <\/strong><strong>Bolsa para 6 Filtros Circulares de hasta 86mm<\/strong><\/p>\n<p>Proteja sus filtros del polvo y los ara\u00f1azos no deseados. Esta bolsa no solo proteger\u00e1 tus filtros, sino que te ayudar\u00e1 a organizarlos. <\/p>\n<p><strong>Contenido del paquete:<\/strong><\/p>\n<ul>\n<li>1 x Bolsa de filtro &#8211; KF13.003<\/li>\n<\/ul>\n<p><strong>Caracter\u00edsticas t\u00e9cnicas:<\/strong><\/p>\n<ul>\n<li>Marca: K&amp;F Concept<\/li>\n<li>Referencia de marca: KF13.003<\/li>\n<li>Color: Negro<\/li>\n<li>Material: Nylon&nbsp;<\/li>\n<li>Di\u00e1metro del filtro: hasta 86 mm<\/li>\n<li>Capacidad: 6 filtros<\/li>\n<\/ul>\n","protected":false},"excerpt":{"rendered":"<p>K&amp;F CONCEPT KF13.003 Bolsa para 6 Filtros Circulares de hasta 86mm Proteja sus filtros del polvo y los ara\u00f1azos no<\/p>\n","protected":false},"featured_media":37109,"comment_status":"closed","ping_status":"open","template":"","meta":{"_acf_changed":false},"product_brand":[2562],"product_cat":[908],"product_tag":[],"class_list":{"0":"post-72967","1":"product","2":"type-product","3":"status-publish","4":"has-post-thumbnail","6":"product_brand-kf-concept-es","7":"product_cat-organizadores-es","9":"first","10":"instock","11":"taxable","12":"shipping-taxable","13":"purchasable","14":"product-type-simple"},"bundled_by":[],"bundle_stock_status":"instock","bundle_stock_quantity":1,"bundle_virtual":false,"bundle_layout":"","bundle_add_to_cart_form_location":"","bundle_editable_in_cart":false,"bundle_sold_individually_context":"","bundle_item_grouping":"","bundle_min_size":"","bundle_max_size":"","bundle_price":[],"bundled_items":[],"bundle_sell_ids":[],"acf":[],"_links":{"self":[{"href":"https:\/\/hi-techwonder.com\/es\/wp-json\/wp\/v2\/product\/72967","targetHints":{"allow":["GET"]}}],"collection":[{"href":"https:\/\/hi-techwonder.com\/es\/wp-json\/wp\/v2\/product"}],"about":[{"href":"https:\/\/hi-techwonder.com\/es\/wp-json\/wp\/v2\/types\/product"}],"replies":[{"embeddable":true,"href":"https:\/\/hi-techwonder.com\/es\/wp-json\/wp\/v2\/comments?post=72967"}],"wp:featuredmedia":[{"embeddable":true,"href":"https:\/\/hi-techwonder.com\/es\/wp-json\/wp\/v2\/media\/37109"}],"wp:attachment":[{"href":"https:\/\/hi-techwonder.com\/es\/wp-json\/wp\/v2\/media?parent=72967"}],"wp:term":[{"taxonomy":"product_brand","embeddable":true,"href":"https:\/\/hi-techwonder.com\/es\/wp-json\/wp\/v2\/product_brand?post=72967"},{"taxonomy":"product_cat","embeddable":true,"href":"https:\/\/hi-techwonder.com\/es\/wp-json\/wp\/v2\/product_cat?post=72967"},{"taxonomy":"product_tag","embeddable":true,"href":"https:\/\/hi-techwonder.com\/es\/wp-json\/wp\/v2\/product_tag?post=72967"}],"curies":[{"name":"wp","href":"https:\/\/api.w.org\/{rel}","templated":true}]}}