{"id":72968,"date":"2025-07-29T00:07:51","date_gmt":"2025-07-29T00:07:51","guid":{"rendered":"https:\/\/fv6qoy3ls0.wpdns.site\/produto\/kf-concept-kf13-134-nature-wander-08-mochila-gris-25l\/"},"modified":"2025-10-22T17:26:15","modified_gmt":"2025-10-22T17:26:15","slug":"kf-concept-kf13-134-nature-wander-08-mochila-gris-25l","status":"publish","type":"product","link":"https:\/\/hi-techwonder.com\/es\/producto\/kf-concept-kf13-134-nature-wander-08-mochila-gris-25l\/","title":{"rendered":"K&amp;F CONCEPT KF13.134 Nature Wander 08 Mochila Gris 25L"},"content":{"rendered":"<p>K&amp;F CONCEPT KF13.134 Nature Wander 08 Mochila Gris 22L<\/p>\n<p><\/p>\n<p><\/p>\n<p>Funciones<\/p>\n<ul>\n<li>Modelo KF13.134<\/li>\n<li>Mochila con buena capacidad, 22 Litros<\/li>\n<li>Capacidad para 2 c\u00e1maras + 4 lentes + Accesorios + port\u00e1til de 15,6&#8243; + tablet + objetos personales<\/li>\n<li>Dimensiones 44 x 30 x 19cm<\/li>\n<li>Construcci\u00f3n robusta<\/li>\n<li>Acceso f\u00e1cil y m\u00faltiple<\/li>\n<li>Botones de seguridad en los extremos de la cremallera<\/li>\n<li>Ergon\u00f3mico y c\u00f3modo<\/li>\n<li>Impermeable<\/li>\n<\/ul>\n<p><\/p>\n<p>Contenido del paquete<\/p>\n<ul>\n<li>1 x Mochila Modelo KF13.134<\/li>\n<\/ul>\n<p><\/p>\n<p><\/p>\n<p>Descripci\u00f3n de la Mochila Nature Wander 08 Gris 22L<\/p>\n<p><\/p>\n<p style=\"text-align: center;  \"><img decoding=\"async\" src=\"https:\/\/img.kentfaith.com\/catalog\/prod\/KF13.134\/KF13.134-us\/KF13.134_07.jpg\" style=\"width: 1045.9px; height: 428.721px;\" alt=\"\"><\/p>\n<p><\/p>\n<ul>\n<li>Mochila con capacidad de 22L, estructura r\u00edgida multifuncional para c\u00e1maras, lentes y otros equipos que est\u00e1 dise\u00f1ada con separadores modulares extra\u00edbles que sirven como divisores individuales para diferentes c\u00e1maras, flashes, lentes, drones y otros equipos.&nbsp;<\/li>\n<\/ul>\n<p><\/p>\n<ul>\n<li>El bolsillo trasero es un compartimento para computadora port\u00e1til que puede acomodar computadoras port\u00e1tiles de hasta 15.6 pulgadas.<\/li>\n<\/ul>\n<p><\/p>\n<ul>\n<li>Frente de solapa completamente abierto con estructura r\u00edgida para la protecci\u00f3n del equipo. Bolsillos internos para accesorios donde se pueden guardar cables, tarjetas SD y bater\u00edas. &nbsp;<\/li>\n<li>1 bolsillo oculto con cremallera en la parte posterior para tel\u00e9fono inteligente, billetera y otros art\u00edculos peque\u00f1os.&nbsp;<\/li>\n<\/ul>\n<p><\/p>\n<ul>\n<li>El soporte del tr\u00edpode est\u00e1 equipado con una correa de seguridad en un lado de la bolsa. Un bolsillo en el otro lado proporciona espacio para un paraguas o una botella de agua. <\/li>\n<\/ul>\n<p><\/p>\n<p><\/p>\n<p style=\"text-align: center;  \"><img decoding=\"async\" src=\"https:\/\/img.kentfaith.com\/catalog\/prod\/KF13.134\/KF13.134-us\/KF13.134_06.jpg\" style=\"width: 1050.2px; height: 430.483px;\" alt=\"\"><\/p>\n<p><\/p>\n<p>Protecci\u00f3n frontal r\u00edgida&nbsp;<\/p>\n<ul>\n<li>Esta mochila r\u00edgida para c\u00e1mara consta de una cubierta dura de EVA de una sola pieza. La capa acolchada de espuma proporciona una buena amortiguaci\u00f3n y protecci\u00f3n del equipo. &nbsp;<\/li>\n<\/ul>\n<p><\/p>\n<p>Dise\u00f1o ergon\u00f3mico y c\u00f3modo<\/p>\n<ul>\n<li>El panel trasero de malla acolchada ergon\u00f3micamente transpirable y la correa para el hombro (ajustable de 50 a 38,9 cm) est\u00e1n dise\u00f1ados para un transporte c\u00f3modo, una distribuci\u00f3n uniforme del peso y una menor tensi\u00f3n en los hombros.&nbsp;<\/li>\n<\/ul>\n<p><\/p>\n<p>Correa de bolsa de viaje en la parte trasera. Le permite sujetar de forma segura su mochila al asa de un carrito. <\/p>\n<p><\/p>\n<p>Nota: Im\u00e1genes ilustrativas. Material fotogr\u00e1fico no incluido. Ver contenido del paquete.  <\/p>\n","protected":false},"excerpt":{"rendered":"<p>K&amp;F CONCEPT KF13.134 Nature Wander 08 Mochila Gris 22L Funciones Modelo KF13.134 Mochila con buena capacidad, 22 Litros Capacidad para<\/p>\n","protected":false},"featured_media":34151,"comment_status":"closed","ping_status":"closed","template":"","meta":{"_acf_changed":false},"product_brand":[2562],"product_cat":[907],"product_tag":[],"class_list":{"0":"post-72968","1":"product","2":"type-product","3":"status-publish","4":"has-post-thumbnail","6":"product_brand-kf-concept-es","7":"product_cat-mochilas-es","9":"first","10":"outofstock","11":"taxable","12":"shipping-taxable","13":"purchasable","14":"product-type-simple"},"bundled_by":[],"bundle_stock_status":"outofstock","bundle_stock_quantity":null,"bundle_virtual":false,"bundle_layout":"","bundle_add_to_cart_form_location":"","bundle_editable_in_cart":false,"bundle_sold_individually_context":"","bundle_item_grouping":"","bundle_min_size":"","bundle_max_size":"","bundle_price":[],"bundled_items":[],"bundle_sell_ids":[],"acf":[],"_links":{"self":[{"href":"https:\/\/hi-techwonder.com\/es\/wp-json\/wp\/v2\/product\/72968","targetHints":{"allow":["GET"]}}],"collection":[{"href":"https:\/\/hi-techwonder.com\/es\/wp-json\/wp\/v2\/product"}],"about":[{"href":"https:\/\/hi-techwonder.com\/es\/wp-json\/wp\/v2\/types\/product"}],"replies":[{"embeddable":true,"href":"https:\/\/hi-techwonder.com\/es\/wp-json\/wp\/v2\/comments?post=72968"}],"wp:featuredmedia":[{"embeddable":true,"href":"https:\/\/hi-techwonder.com\/es\/wp-json\/wp\/v2\/media\/34151"}],"wp:attachment":[{"href":"https:\/\/hi-techwonder.com\/es\/wp-json\/wp\/v2\/media?parent=72968"}],"wp:term":[{"taxonomy":"product_brand","embeddable":true,"href":"https:\/\/hi-techwonder.com\/es\/wp-json\/wp\/v2\/product_brand?post=72968"},{"taxonomy":"product_cat","embeddable":true,"href":"https:\/\/hi-techwonder.com\/es\/wp-json\/wp\/v2\/product_cat?post=72968"},{"taxonomy":"product_tag","embeddable":true,"href":"https:\/\/hi-techwonder.com\/es\/wp-json\/wp\/v2\/product_tag?post=72968"}],"curies":[{"name":"wp","href":"https:\/\/api.w.org\/{rel}","templated":true}]}}