{"id":72971,"date":"2025-07-29T00:08:00","date_gmt":"2025-07-29T00:08:00","guid":{"rendered":"https:\/\/fv6qoy3ls0.wpdns.site\/produto\/kf-concept-kf13-128v3-alpha-camara-nature-wander-0-25l-gris\/"},"modified":"2025-11-25T12:21:06","modified_gmt":"2025-11-25T12:21:06","slug":"kf-concept-kf13-128v3-alpha-camara-nature-wander-0-25l-gris","status":"publish","type":"product","link":"https:\/\/hi-techwonder.com\/es\/producto\/kf-concept-kf13-128v3-alpha-camara-nature-wander-0-25l-gris\/","title":{"rendered":"K&amp;F CONCEPT KF13.128V3 Alpha C\u00e1mara Nature Wander 0 25L Gris"},"content":{"rendered":"<p data-start=\"380\" data-end=\"458\"><strong data-start=\"380\" data-end=\"458\">K&amp;F CONCEPT KF13.128V3 Alpha C\u00e1mara Nature Wander 01 &#8211; 25L Gris Oscuro<\/strong><\/p>\n<p data-start=\"380\" data-end=\"458\">Alpha Beckpack Air 25L<\/p>\n<p data-start=\"380\" data-end=\"458\"><font color=\"#ff9c00\">KF13.128V3<\/font><\/p>\n<p data-start=\"380\" data-end=\"458\"><\/p>\n<p data-start=\"460\" data-end=\"1294\"><strong data-start=\"460\" data-end=\"478\">Funciones<\/strong><br data-start=\"478\" data-end=\"481\">\u2022 . Mochila fotogr\u00e1fica expandible con capacidad ajustable hasta 25L para un transporte flexible de equipos<br data-start=\"590\" data-end=\"593\">\u2022 . Dise\u00f1o Magic Bin con compartimento transformable (5:5 o 2:8) empujando hacia arriba o hacia abajo, ideal para diferentes contextos de uso como fotograf\u00eda urbana, retratos o VLOGs<br data-start=\"781\" data-end=\"784\">\u2022 . Refuerzos internos de fibra ocultos para mayor estabilidad y protecci\u00f3n contra aplastamientos<br data-start=\"883\" data-end=\"886\">\u2022 . Ampliaci\u00f3n de la capacidad a trav\u00e9s del compartimento frontal con soporte integrado, aumentando de 2 a 3 L adicionales<br data-start=\"996\" data-end=\"999\">\u2022 . Acceso superior y lateral para un manejo r\u00e1pido del equipo en cualquier situaci\u00f3n<br data-start=\"1088\" data-end=\"1091\">\u2022 . Compartimento independiente y suspendido para port\u00e1til de hasta 16&#8243; (m\u00e1x. 360 \u00d7 260 \u00d7 20 mm), lo que reduce el riesgo de impacto directo<br data-start=\"1215\" data-end=\"1218\">\u2022 . Cubierta para la lluvia incluida para mayor protecci\u00f3n contra el polvo y la intemperie<\/p>\n<p data-start=\"460\" data-end=\"1294\"><\/p>\n<p data-start=\"1296\" data-end=\"1423\"><strong data-start=\"1296\" data-end=\"1321\">Contenido del paquete<\/strong><br data-start=\"1321\" data-end=\"1324\">\u2022 . K&amp;F CONCEPT KF13.128V3 Alpha Camera Nature Wander 01 Mochila de fotos<br data-start=\"1399\" data-end=\"1402\">\u2022 . Cubierta impermeable<\/p>\n<p data-start=\"1296\" data-end=\"1423\"><img decoding=\"async\" src=\"https:\/\/img.kentfaith.com\/catalog\/prod\/KF13.128V3\/KF13.128V3-us\/A+5-1.jpg\" style=\"width: 999px;\" alt=\"\"><\/p>\n<p data-start=\"1425\" data-end=\"2490\"><strong data-start=\"1425\" data-end=\"1438\">Descripci\u00f3n<\/strong><br data-start=\"1438\" data-end=\"1441\">\u2022 . La K&amp;F CONCEPT KF13.128V3 Alpha Camera Nature Wander 01 es una mochila fotogr\u00e1fica profesional vers\u00e1til, ideal para aquellos que buscan un transporte de equipos seguro, modular y c\u00f3modo.<br data-start=\"1631\" data-end=\"1634\">\u2022 . El sistema Magic Bin permite ajustar f\u00e1cilmente el espacio interior de la mochila entre las relaciones de aspecto 5:5 o 2:8, adapt\u00e1ndose al tipo de sesi\u00f3n de fotos, ya sea en un entorno urbano o en fotograf\u00eda de naturaleza.<\/p>\n<p data-start=\"1425\" data-end=\"2490\"><img decoding=\"async\" src=\"https:\/\/img.kentfaith.com\/catalog\/prod\/KF13.128V3\/KF13.128V3-us\/KF13.128V3-02.jpg\" style=\"width: 999px;\" alt=\"\"><\/p>\n<p data-start=\"1425\" data-end=\"2490\"><img decoding=\"async\" src=\"https:\/\/img.kentfaith.com\/catalog\/prod\/KF13.128V3\/KF13.128V3-us\/KF13.128V3-06.jpg\" style=\"width: 999px;\" alt=\"\"><\/p>\n<p data-start=\"1425\" data-end=\"2490\"><br data-start=\"1843\" data-end=\"1846\">\u2022 . Las estructuras internas reforzadas con fibras ocultas le dan estabilidad a la mochila, protegiendo el contenido del aplastamiento.<br data-start=\"1977\" data-end=\"1980\">\u2022 . Con un sistema de expansi\u00f3n frontal, puede ganar de 2 a 3 litros adicionales de volumen, acomodando m\u00e1s accesorios seg\u00fan sea necesario.<br data-start=\"2113\" data-end=\"2116\">\u2022 . El acceso r\u00e1pido al equipo est\u00e1 garantizado con entradas superiores y laterales, lo que permite un flujo de trabajo m\u00e1s din\u00e1mico.<br data-start=\"2244\" data-end=\"2247\">\u2022 . El compartimento trasero independiente y suspendido tiene capacidad para port\u00e1tiles de hasta 16&#8243;, manteni\u00e9ndolos alejados de la base para una mejor protecci\u00f3n contra impactos.<br data-start=\"2393\" data-end=\"2396\">\u2022 . Incluye cubierta impermeable para protecci\u00f3n adicional en d\u00edas lluviosos o ambientes polvorientos.<\/p>\n<p data-start=\"1425\" data-end=\"2490\"><img decoding=\"async\" src=\"https:\/\/img.kentfaith.com\/catalog\/prod\/KF13.128V3\/KF13.128V3-us\/KF13.128V3-12.jpg\" style=\"width: 999px;\" alt=\"\"><\/p>\n<p data-start=\"1425\" data-end=\"2490\"><\/p>\n<p data-start=\"2492\" data-end=\"2885\"><strong data-start=\"2492\" data-end=\"2519\">Especificaciones t\u00e9cnicas<\/strong><br data-start=\"2519\" data-end=\"2522\">\u2022 . Modelo: KF13.128V3<br data-start=\"2543\" data-end=\"2546\">\u2022 . Referencia del fabricante: KF13.128V3<br data-start=\"2609\" data-end=\"2612\">\u2022 . Material: Poli\u00e9ster + Fibras de refuerzo + Funda para la lluvia<br data-start=\"2650\" data-end=\"2653\">\u2022 . Capacidad: 25 L<br data-start=\"2672\" data-end=\"2675\">\u2022 . Color: Gris oscuro<br data-start=\"2698\" data-end=\"2701\">\u2022 . Cubierta impermeable: S\u00ed<br data-start=\"2725\" data-end=\"2728\" data-is-only-node=\"\">\u2022 . Compatibilidad: c\u00e1maras DSLR\/SLR\/mirrorless, port\u00e1tiles hasta 16&#8243;, accesorios varios<br data-start=\"2814\" data-end=\"2817\">\u2022 . Dimensiones del compartimento del port\u00e1til: hasta 360 \u00d7 260 \u00d7 20 mm<\/p>\n<p data-start=\"2887\" data-end=\"3056\"><strong data-start=\"2887\" data-end=\"2915\">Informaci\u00f3n de embalaje<\/strong><\/p>\n<ul>\n<li>No disponible en el fabricante<br \/><br data-start=\"2915\" data-end=\"2918\"><b><br \/>\n\u2022 . Nota: Im\u00e1genes ilustrativas. Equipo fotogr\u00e1fico no incluido. Consulte el contenido del paquete y los detalles en las especificaciones del producto.<\/b><\/li>\n<\/ul>\n<p data-start=\"3058\" data-end=\"3198\"><\/p>\n","protected":false},"excerpt":{"rendered":"<p>K&amp;F CONCEPT KF13.128V3 Alpha C\u00e1mara Nature Wander 01 &#8211; 25L Gris Oscuro Alpha Beckpack Air 25L KF13.128V3 Funciones\u2022 . Mochila<\/p>\n","protected":false},"featured_media":34195,"comment_status":"closed","ping_status":"open","template":"","meta":{"_acf_changed":false},"product_brand":[2562],"product_cat":[907],"product_tag":[],"class_list":{"0":"post-72971","1":"product","2":"type-product","3":"status-publish","4":"has-post-thumbnail","6":"product_brand-kf-concept-es","7":"product_cat-mochilas-es","9":"first","10":"instock","11":"taxable","12":"shipping-taxable","13":"purchasable","14":"product-type-simple"},"bundled_by":[],"bundle_stock_status":"instock","bundle_stock_quantity":1,"bundle_virtual":false,"bundle_layout":"","bundle_add_to_cart_form_location":"","bundle_editable_in_cart":false,"bundle_sold_individually_context":"","bundle_item_grouping":"","bundle_min_size":"","bundle_max_size":"","bundle_price":[],"bundled_items":[],"bundle_sell_ids":[],"acf":[],"_links":{"self":[{"href":"https:\/\/hi-techwonder.com\/es\/wp-json\/wp\/v2\/product\/72971","targetHints":{"allow":["GET"]}}],"collection":[{"href":"https:\/\/hi-techwonder.com\/es\/wp-json\/wp\/v2\/product"}],"about":[{"href":"https:\/\/hi-techwonder.com\/es\/wp-json\/wp\/v2\/types\/product"}],"replies":[{"embeddable":true,"href":"https:\/\/hi-techwonder.com\/es\/wp-json\/wp\/v2\/comments?post=72971"}],"wp:featuredmedia":[{"embeddable":true,"href":"https:\/\/hi-techwonder.com\/es\/wp-json\/wp\/v2\/media\/34195"}],"wp:attachment":[{"href":"https:\/\/hi-techwonder.com\/es\/wp-json\/wp\/v2\/media?parent=72971"}],"wp:term":[{"taxonomy":"product_brand","embeddable":true,"href":"https:\/\/hi-techwonder.com\/es\/wp-json\/wp\/v2\/product_brand?post=72971"},{"taxonomy":"product_cat","embeddable":true,"href":"https:\/\/hi-techwonder.com\/es\/wp-json\/wp\/v2\/product_cat?post=72971"},{"taxonomy":"product_tag","embeddable":true,"href":"https:\/\/hi-techwonder.com\/es\/wp-json\/wp\/v2\/product_tag?post=72971"}],"curies":[{"name":"wp","href":"https:\/\/api.w.org\/{rel}","templated":true}]}}