{"id":72973,"date":"2025-07-29T00:07:30","date_gmt":"2025-07-29T00:07:30","guid":{"rendered":"https:\/\/fv6qoy3ls0.wpdns.site\/produto\/kf-concept-kf13-122-caqui-18l-multi-mochila\/"},"modified":"2025-10-29T16:40:17","modified_gmt":"2025-10-29T16:40:17","slug":"kf-concept-kf13-122-caqui-18l-multi-mochila","status":"publish","type":"product","link":"https:\/\/hi-techwonder.com\/es\/producto\/kf-concept-kf13-122-caqui-18l-multi-mochila\/","title":{"rendered":"K&amp;F CONCEPT KF13.122 Caqui 18L Multi-Mochila"},"content":{"rendered":"<p><strong>Mochila multifuncional K&amp;F CONCEPT 18L &#8211; Caqui KF13.122<\/strong><\/p>\n<p><strong>Descripci\u00f3n:<\/strong><\/p>\n<p>Mochila 2 EN 1, tiene un compartimento principal con un divisor acolchado en el medio.&nbsp;<\/p>\n<p>El espacio medio superior puede almacenar ropa o accesorios de viaje;<\/p>\n<p>La mitad inferior tiene espacio para una c\u00e1mara a la que puede acceder r\u00e1pida y f\u00e1cilmente a trav\u00e9s del acceso del lado izquierdo.&nbsp;<\/p>\n<p>El compartimento separado puede contener una computadora port\u00e1til de hasta 39,6 cm \/ 15,6 \u00ab.<\/p>\n<p>En la parte delantera, puedes mantener tus art\u00edculos organizados y f\u00e1ciles de encontrar.<\/p>\n<p>El sistema para exteriores puede llevar un tr\u00edpode de 50 cm, una c\u00e1mara, un dron, 6 lentes, 1-2 juegos de ropa, etc.<\/p>\n<p>Gracias a la cubierta de espuma, puede guardar de forma segura una c\u00e1mara DSLR\/SLR y dos lentes de c\u00e1mara; Los divisores desmontables en el forro facilitan la divisi\u00f3n entre c\u00e1mara, lente y flash.<\/p>\n<p>El bolsillo de malla puede contener tarjeta SD, USB, tapa de lente, etc.<\/p>\n<p>El dise\u00f1o ergon\u00f3mico de esta mochila reduce efectivamente la sensaci\u00f3n de peso. Gracias a la excelente ventilaci\u00f3n, la disipaci\u00f3n de calor es bastante efectiva. Las manijas se pueden ajustar. La almohadilla de la cintura favorece el contacto con el cuerpo y protege la cintura. Las correas son ajustables.    <\/p>\n<p>Las correas del tr\u00edpode en la parte inferior de la mochila son ideales para llevar este equipo.<\/p>\n<p><strong>Funciones:<\/strong><\/p>\n<p>Correa de soporte de c\u00e1mara: S\u00ed<\/p>\n<p>Carcasa de la c\u00e1mara: 1<\/p>\n<p>Carcasa de la lente: 3+<\/p>\n<p><strong>EXTERIOR<\/strong><\/p>\n<p>Color: caqui<\/p>\n<p>Dimensiones externas: 27 x 14,5 x 44 cm<\/p>\n<p>Material exterior: Nylon<\/p>\n<p>Tipo de cierre: Hebilla<\/p>\n<p>&#8211; Chubasquero: S\u00ed<\/p>\n<p><strong>INTERIOR<\/strong><\/p>\n<p>Volumen m\u00e1ximo: 20L<\/p>\n<p>Peso: 1,56 kg<\/p>\n","protected":false},"excerpt":{"rendered":"<p>Mochila multifuncional K&amp;F CONCEPT 18L &#8211; Caqui KF13.122 Descripci\u00f3n: Mochila 2 EN 1, tiene un compartimento principal con un divisor<\/p>\n","protected":false},"featured_media":34000,"comment_status":"closed","ping_status":"open","template":"","meta":{"_acf_changed":false},"product_brand":[2562],"product_cat":[907],"product_tag":[],"class_list":{"0":"post-72973","1":"product","2":"type-product","3":"status-publish","4":"has-post-thumbnail","6":"product_brand-kf-concept-es","7":"product_cat-mochilas-es","9":"first","10":"instock","11":"taxable","12":"shipping-taxable","13":"purchasable","14":"product-type-simple"},"bundled_by":[],"bundle_stock_status":"instock","bundle_stock_quantity":1,"bundle_virtual":false,"bundle_layout":"","bundle_add_to_cart_form_location":"","bundle_editable_in_cart":false,"bundle_sold_individually_context":"","bundle_item_grouping":"","bundle_min_size":"","bundle_max_size":"","bundle_price":[],"bundled_items":[],"bundle_sell_ids":[],"acf":[],"_links":{"self":[{"href":"https:\/\/hi-techwonder.com\/es\/wp-json\/wp\/v2\/product\/72973","targetHints":{"allow":["GET"]}}],"collection":[{"href":"https:\/\/hi-techwonder.com\/es\/wp-json\/wp\/v2\/product"}],"about":[{"href":"https:\/\/hi-techwonder.com\/es\/wp-json\/wp\/v2\/types\/product"}],"replies":[{"embeddable":true,"href":"https:\/\/hi-techwonder.com\/es\/wp-json\/wp\/v2\/comments?post=72973"}],"wp:featuredmedia":[{"embeddable":true,"href":"https:\/\/hi-techwonder.com\/es\/wp-json\/wp\/v2\/media\/34000"}],"wp:attachment":[{"href":"https:\/\/hi-techwonder.com\/es\/wp-json\/wp\/v2\/media?parent=72973"}],"wp:term":[{"taxonomy":"product_brand","embeddable":true,"href":"https:\/\/hi-techwonder.com\/es\/wp-json\/wp\/v2\/product_brand?post=72973"},{"taxonomy":"product_cat","embeddable":true,"href":"https:\/\/hi-techwonder.com\/es\/wp-json\/wp\/v2\/product_cat?post=72973"},{"taxonomy":"product_tag","embeddable":true,"href":"https:\/\/hi-techwonder.com\/es\/wp-json\/wp\/v2\/product_tag?post=72973"}],"curies":[{"name":"wp","href":"https:\/\/api.w.org\/{rel}","templated":true}]}}