{"id":72974,"date":"2025-07-29T00:06:52","date_gmt":"2025-07-29T00:06:52","guid":{"rendered":"https:\/\/fv6qoy3ls0.wpdns.site\/produto\/kf-concept-kf13-119-mochila-profesional-para-camara\/"},"modified":"2025-07-29T00:06:52","modified_gmt":"2025-07-29T00:06:52","slug":"kf-concept-kf13-119-mochila-profesional-para-camara","status":"publish","type":"product","link":"https:\/\/hi-techwonder.com\/es\/producto\/kf-concept-kf13-119-mochila-profesional-para-camara\/","title":{"rendered":"K&amp;F CONCEPT KF13.119 Mochila Profesional para C\u00e1mara"},"content":{"rendered":"<p><strong>K&amp;F CONCEPT KF13.119<\/strong><strong> Mochila<\/strong> Profesional para C\u00e1mara<\/p>\n<p><strong>Contenido del paquete:<\/strong><\/p>\n<ul>\n<li>1 x Mochila &#8211; KF13.119 Mochila para c\u00e1mara profesional<\/li>\n<\/ul>\n<p><strong>Caracter\u00edsticas t\u00e9cnicas:<\/strong><\/p>\n<table style=\"height: 201px; width: 817px;\" border=\"0\" width=\"663\" cellspacing=\"0\" cellpadding=\"2\">\n<tbody>\n<tr style=\"height: 20px;\">\n<td style=\"height: 20px; width: 330.191px;\"><span style=\"color: #4d4d4d;\">Marca:<\/span><\/td>\n<td style=\"height: 20px; width: 475.486px;\">Concepto K&amp;F<\/td>\n<\/tr>\n<tr style=\"height: 20px;\">\n<td style=\"height: 20px; width: 330.191px;\" width=\"231\">Referencia de marca:<\/td>\n<td style=\"height: 20px; width: 475.486px;\" width=\"363\">KF13.119<\/td>\n<\/tr>\n<tr style=\"height: 20px;\">\n<td style=\"height: 20px; width: 330.191px;\" width=\"231\"><span style=\"color: #4d4d4d;\">Material:<\/span><\/td>\n<td style=\"height: 20px; width: 475.486px;\" width=\"363\">Nylon de camuflaje 900D<\/td>\n<\/tr>\n<tr style=\"height: 20px;\">\n<td style=\"height: 20px; width: 330.191px;\" width=\"231\">Color:<\/td>\n<td style=\"height: 20px; width: 475.486px;\" width=\"363\">Camuflaje forestal <\/td>\n<\/tr>\n<tr style=\"height: 20px;\">\n<td style=\"height: 20px; width: 330.191px;\" width=\"231\">Dimensiones:<\/td>\n<td style=\"height: 20px; width: 475.486px;\" width=\"363\">31 x 24 x 46 cm<\/td>\n<\/tr>\n<tr style=\"height: 20px;\">\n<td style=\"height: 20px; width: 330.191px;\" width=\"231\">Compartimento para computadora port\u00e1til \/ tableta:<\/td>\n<td style=\"height: 20px; width: 475.486px;\" width=\"363\">14&#8243;<\/td>\n<\/tr>\n<tr>\n<td style=\"width: 330.191px;\">Repelente al<\/td>\n<p> agua<\/p>\n<td style=\"width: 475.486px;\">S\u00ed<\/td>\n<\/tr>\n<tr>\n<td style=\"width: 330.191px;\">Cubierta de <\/td>\n<p> lluvia<\/p>\n<td style=\"width: 475.486px;\">S\u00ed<\/td>\n<\/tr>\n<tr style=\"height: 20px;\">\n<td style=\"height: 20px; width: 330.191px;\">Peso:<\/td>\n<td style=\"height: 20px; width: 475.486px;\">1,67 kg<\/td>\n<\/tr>\n<\/tbody>\n<\/table>\n","protected":false},"excerpt":{"rendered":"<p>K&amp;F CONCEPT KF13.119 Mochila Profesional para C\u00e1mara Contenido del paquete: 1 x Mochila &#8211; KF13.119 Mochila para c\u00e1mara profesional Caracter\u00edsticas<\/p>\n","protected":false},"featured_media":33920,"comment_status":"closed","ping_status":"open","template":"","meta":{"_acf_changed":false},"product_brand":[2562],"product_cat":[907],"product_tag":[],"class_list":{"0":"post-72974","1":"product","2":"type-product","3":"status-publish","4":"has-post-thumbnail","6":"product_brand-kf-concept-es","7":"product_cat-mochilas-es","9":"first","10":"instock","11":"taxable","12":"shipping-taxable","13":"purchasable","14":"product-type-simple"},"bundled_by":[],"bundle_stock_status":"instock","bundle_stock_quantity":1,"bundle_virtual":false,"bundle_layout":"","bundle_add_to_cart_form_location":"","bundle_editable_in_cart":false,"bundle_sold_individually_context":"","bundle_item_grouping":"","bundle_min_size":"","bundle_max_size":"","bundle_price":[],"bundled_items":[],"bundle_sell_ids":[],"acf":[],"_links":{"self":[{"href":"https:\/\/hi-techwonder.com\/es\/wp-json\/wp\/v2\/product\/72974","targetHints":{"allow":["GET"]}}],"collection":[{"href":"https:\/\/hi-techwonder.com\/es\/wp-json\/wp\/v2\/product"}],"about":[{"href":"https:\/\/hi-techwonder.com\/es\/wp-json\/wp\/v2\/types\/product"}],"replies":[{"embeddable":true,"href":"https:\/\/hi-techwonder.com\/es\/wp-json\/wp\/v2\/comments?post=72974"}],"wp:featuredmedia":[{"embeddable":true,"href":"https:\/\/hi-techwonder.com\/es\/wp-json\/wp\/v2\/media\/33920"}],"wp:attachment":[{"href":"https:\/\/hi-techwonder.com\/es\/wp-json\/wp\/v2\/media?parent=72974"}],"wp:term":[{"taxonomy":"product_brand","embeddable":true,"href":"https:\/\/hi-techwonder.com\/es\/wp-json\/wp\/v2\/product_brand?post=72974"},{"taxonomy":"product_cat","embeddable":true,"href":"https:\/\/hi-techwonder.com\/es\/wp-json\/wp\/v2\/product_cat?post=72974"},{"taxonomy":"product_tag","embeddable":true,"href":"https:\/\/hi-techwonder.com\/es\/wp-json\/wp\/v2\/product_tag?post=72974"}],"curies":[{"name":"wp","href":"https:\/\/api.w.org\/{rel}","templated":true}]}}