{"id":72978,"date":"2025-07-29T00:07:30","date_gmt":"2025-07-29T00:07:30","guid":{"rendered":"https:\/\/fv6qoy3ls0.wpdns.site\/produto\/kf-concept-kf13-141-mochila-sling-10l\/"},"modified":"2026-03-20T17:38:40","modified_gmt":"2026-03-20T17:38:40","slug":"kf-concept-kf13-141-mochila-sling-10l","status":"publish","type":"product","link":"https:\/\/hi-techwonder.com\/es\/producto\/kf-concept-kf13-141-mochila-sling-10l\/","title":{"rendered":"K&amp;F CONCEPT KF13.141 Mochila Sling 10L"},"content":{"rendered":"<p><strong>K&amp;F CONCEPT KF13.141 Mochila Sling 10L<\/strong><\/p>\n<p><strong>Descripci\u00f3n:<\/strong><\/p>\n<p>Con una capacidad de 10L, esta bolsa puede almacenar 1 c\u00e1mara y 2 lentes de c\u00e1mara en el compartimento inferior; El compartimento superior puede contener flash de c\u00e1mara, cable de conexi\u00f3n y bater\u00edas. La bolsa de la c\u00e1mara est\u00e1 hecha de material de nailon duradero, liviano y de alta resistencia; El dise\u00f1o acolchado a prueba de golpes proporciona la mejor protecci\u00f3n para su c\u00e1mara, lente y accesorios. Esta bolsa para c\u00e1mara est\u00e1 dise\u00f1ada para c\u00e1maras DSLR \/ SLR \/ Mirrorless de diferentes marcas. Puede usar la bolsa de la c\u00e1mara como una bolsa de mensajero de viaje normal sin compartimentos internos.   <\/p>\n<p><strong>Funciones:<\/strong><\/p>\n<p>Capacidad: 10L<\/p>\n<p>Tama\u00f1o: 40 x 20 x 15cm<\/p>\n<p>Peso: 550g<\/p>\n","protected":false},"excerpt":{"rendered":"<p>K&amp;F CONCEPT KF13.141 Mochila Sling 10L Descripci\u00f3n: Con una capacidad de 10L, esta bolsa puede almacenar 1 c\u00e1mara y 2<\/p>\n","protected":false},"featured_media":34015,"comment_status":"closed","ping_status":"open","template":"","meta":{"_acf_changed":false},"product_brand":[2562],"product_cat":[907],"product_tag":[],"class_list":{"0":"post-72978","1":"product","2":"type-product","3":"status-publish","4":"has-post-thumbnail","6":"product_brand-kf-concept-es","7":"product_cat-mochilas-es","9":"first","10":"instock","11":"taxable","12":"shipping-taxable","13":"purchasable","14":"product-type-simple"},"bundled_by":[],"bundle_stock_status":"instock","bundle_stock_quantity":1,"bundle_virtual":false,"bundle_layout":"","bundle_add_to_cart_form_location":"","bundle_editable_in_cart":false,"bundle_sold_individually_context":"","bundle_item_grouping":"","bundle_min_size":"","bundle_max_size":"","bundle_price":[],"bundled_items":[],"bundle_sell_ids":[],"acf":[],"_links":{"self":[{"href":"https:\/\/hi-techwonder.com\/es\/wp-json\/wp\/v2\/product\/72978","targetHints":{"allow":["GET"]}}],"collection":[{"href":"https:\/\/hi-techwonder.com\/es\/wp-json\/wp\/v2\/product"}],"about":[{"href":"https:\/\/hi-techwonder.com\/es\/wp-json\/wp\/v2\/types\/product"}],"replies":[{"embeddable":true,"href":"https:\/\/hi-techwonder.com\/es\/wp-json\/wp\/v2\/comments?post=72978"}],"wp:featuredmedia":[{"embeddable":true,"href":"https:\/\/hi-techwonder.com\/es\/wp-json\/wp\/v2\/media\/34015"}],"wp:attachment":[{"href":"https:\/\/hi-techwonder.com\/es\/wp-json\/wp\/v2\/media?parent=72978"}],"wp:term":[{"taxonomy":"product_brand","embeddable":true,"href":"https:\/\/hi-techwonder.com\/es\/wp-json\/wp\/v2\/product_brand?post=72978"},{"taxonomy":"product_cat","embeddable":true,"href":"https:\/\/hi-techwonder.com\/es\/wp-json\/wp\/v2\/product_cat?post=72978"},{"taxonomy":"product_tag","embeddable":true,"href":"https:\/\/hi-techwonder.com\/es\/wp-json\/wp\/v2\/product_tag?post=72978"}],"curies":[{"name":"wp","href":"https:\/\/api.w.org\/{rel}","templated":true}]}}