{"id":72979,"date":"2025-07-28T23:27:07","date_gmt":"2025-07-28T23:27:07","guid":{"rendered":"https:\/\/fv6qoy3ls0.wpdns.site\/produto\/kf-concept-kf28-0008-cargador-rapido-dual-lp-e17-para-canon\/"},"modified":"2025-11-27T15:05:03","modified_gmt":"2025-11-27T15:05:03","slug":"kf-concept-kf28-0008-cargador-rapido-dual-lp-e17-para-canon","status":"publish","type":"product","link":"https:\/\/hi-techwonder.com\/es\/producto\/kf-concept-kf28-0008-cargador-rapido-dual-lp-e17-para-canon\/","title":{"rendered":"K&amp;F CONCEPT KF28.0008 Cargador r\u00e1pido dual LP-E17 para Canon"},"content":{"rendered":"<p><b>K&amp;F CONCEPT K&amp;F CONCEPT KF28.0008 Cargador r\u00e1pido dual LP-E17 para Canon<\/b><\/p>\n<p><b><br \/><\/b><\/p>\n<p><b><br \/><\/b><\/p>\n<p><b>Funciones<\/b><\/p>\n<ul>\n<li>Cargador r\u00e1pido dual LP-E6NH para Canon<\/li>\n<li>Interfaz tipo C y micro USB. La entrada tipo C es el futuro, el cargador utiliza la interfaz tipo C y micro USB de uso com\u00fan, que es m\u00e1s conveniente de usar. (Se incluye un cable micro USB, pero el cargador tambi\u00e9n se puede operar a trav\u00e9s de una conexi\u00f3n tipo C  <\/li>\n<li>Puerto de carga dual. El puerto de carga de doble ranura puede cargar r\u00e1pidamente dos bater\u00edas Canon LP-E17 simult\u00e1neamente, lo que le permite ahorrar mucho tiempo <\/li>\n<li>Salida de corriente de carga de 700 mA al cargar una bater\u00eda, 500 mA cuando ambas ranuras de carga est\u00e1n ocupadas<\/li>\n<\/ul>\n<p><\/p>\n<p><b>Contenido del paquete<\/b><\/p>\n<ul>\n<li>1 x KF28.0007 LP-E17 Cargador r\u00e1pido dual para Canon<\/li>\n<li>1 x Cable Micro USB (no incluye cable de carga tipo C)<\/li>\n<\/ul>\n<p><\/p>\n<p style=\"text-align: center;  \"><img decoding=\"async\" src=\"https:\/\/img.kentfaith.com\/catalog\/prod\/KF28.0008\/KF28.0008-us\/KF28.0008_01.jpg\" style=\"width: 970px;\" alt=\"\"><\/p>\n<p><\/p>\n<p><\/p>\n<p><b>Compatibilidad<\/b><\/p>\n<ul>\n<li>100% compatible con las referencias Duplo LP-E17 para Canon Canon EOS RP, Rebel T8i, T7i, SL2, SL3, EOS M3, M5, M6 Mark II, 77D, 200D, 750D, etc. Nota: arriba (solo se enumeran algunos modelos) <\/li>\n<\/ul>\n<p><\/p>\n<p style=\"text-align: center;  \"><img decoding=\"async\" src=\"https:\/\/img.kentfaith.com\/catalog\/prod\/KF28.0008\/KF28.0008-us\/KF28.0008_03.jpg\" style=\"width: 970px;\" alt=\"\"><\/p>\n<p><\/p>\n<p><\/p>\n<p><b>M\u00faltiples opciones de carga<\/b><\/p>\n<ul>\n<li>Carga a trav\u00e9s de cualquier dispositivo con salida USB, es decir, fuente de alimentaci\u00f3n USB, computadora port\u00e1til, PC, adaptador USB para autom\u00f3vil, alimentaci\u00f3n m\u00f3vil, etc. (incluido el cable de datos micro USB)<\/li>\n<\/ul>\n<p><\/p>\n<p style=\"text-align: center;  \"><img decoding=\"async\" src=\"https:\/\/img.kentfaith.com\/catalog\/prod\/KF28.0008\/KF28.0008-us\/KF28.0008_04.jpg\" style=\"width: 970px;\" alt=\"\"><\/p>\n<p><\/p>\n<p><b>Asiento de carga de doble ranura<\/b><\/p>\n<ul>\n<li>Puede cargar dos bater\u00edas al mismo tiempo,<\/li>\n<li>Indicador rojo: indica el estado de carga; Indicador verde: completamente cargado o sin bater\u00eda<\/li>\n<\/ul>\n<p><\/p>\n<p><b>F\u00e1cil de transportar<\/b><\/p>\n<ul>\n<li>Tama\u00f1o peque\u00f1o, f\u00e1cil de transportar cuando sale a disparar, conveniente para su viaje.<\/li>\n<li>Solo 24 mm \/ 0,9 pulgadas de grosor, dise\u00f1o ultradelgado, ahorro de espacio<\/li>\n<\/ul>\n<p><\/p>\n<p><b>Protecci\u00f3n de seguridad inteligente<\/b><\/p>\n<ul>\n<li>El cargador dual LCD muestra con precisi\u00f3n el estado de carga de la bater\u00eda, el proceso de carga utilizando chips inteligentes para proteger mejor la bater\u00eda de sobrecargas, altas temperaturas, protecci\u00f3n contra sobrecargas, protecci\u00f3n contra sobretensiones, protecci\u00f3n contra cortocircuitos<\/li>\n<\/ul>\n<p><\/p>\n<p style=\"text-align: center;  \"><img decoding=\"async\" src=\"https:\/\/img.kentfaith.com\/catalog\/prod\/KF28.0008\/KF28.0008-us\/KF28.0008_02.jpg\" style=\"width: 970px;\" alt=\"\"><\/p>\n<p style=\"text-align: center;  \"><\/p>\n<p style=\"text-align: justify;\">Caracter\u00edsticas t\u00e9cnicas:<\/p>\n<table class=\"table table-bordered\" style=\"background-color: rgb(255, 255, 255); width: 1170.8px;\">\n<tbody>\n<tr>\n<td style=\"line-height: 1.42857;\">Cargador compatible&nbsp;<\/td>\n<td style=\"line-height: 1.42857; text-align: justify;\"><b>LP-E17 para Canon<\/b><\/td>\n<\/tr>\n<tr>\n<td style=\"line-height: 1.42857;\">Puertas<\/td>\n<td style=\"line-height: 1.42857;\">Puertos Micro-USB y Type-C (no incluye cable de carga Type-C)  &nbsp; &nbsp; &nbsp; &nbsp; &nbsp; &nbsp; &nbsp; &nbsp; &nbsp; &nbsp; &nbsp; &nbsp;<\/td>\n<\/tr>\n<tr>\n<td style=\"line-height: 1.42857;\">Entrada de corriente \/ Entrada<\/td>\n<td style=\"line-height: 1.42857;\">5V 2.1<\/td>\n<\/tr>\n<tr>\n<td style=\"line-height: 1.42857;\">Carga \/ Salida &#8211; Salida<\/td>\n<td style=\"line-height: 1.42857;\">(1 bater\u00eda): 8.4V \/ 700mA; Salida (2 bater\u00edas): 8,4 V\/500 mA<\/td>\n<\/tr>\n<tr>\n<td style=\"line-height: 1.42857;\">Temperatura de funcionamiento:<\/td>\n<td style=\"line-height: 1.42857;\">&nbsp;De -10\u00ba C a 50\u00ba C&nbsp; &nbsp;&nbsp;&nbsp; &nbsp;&nbsp;&nbsp; &nbsp; &nbsp; &nbsp; &nbsp; &nbsp; &nbsp; &nbsp; &nbsp; &nbsp; &nbsp; &nbsp; &nbsp; &nbsp; &nbsp; &nbsp; &nbsp; &nbsp;<\/td>\n<\/tr>\n<tr>\n<td style=\"line-height: 1.42857;\"><\/td>\n<td style=\"line-height: 1.42857;\"><\/td>\n<\/tr>\n<\/tbody>\n<\/table>\n","protected":false},"excerpt":{"rendered":"<p>K&amp;F CONCEPT K&amp;F CONCEPT KF28.0008 Cargador r\u00e1pido dual LP-E17 para Canon Funciones Cargador r\u00e1pido dual LP-E6NH para Canon Interfaz tipo<\/p>\n","protected":false},"featured_media":21877,"comment_status":"closed","ping_status":"closed","template":"","meta":{"_acf_changed":false},"product_brand":[2562],"product_cat":[867],"product_tag":[],"class_list":{"0":"post-72979","1":"product","2":"type-product","3":"status-publish","4":"has-post-thumbnail","6":"product_brand-kf-concept-es","7":"product_cat-canon-cargadores","9":"first","10":"instock","11":"taxable","12":"shipping-taxable","13":"purchasable","14":"product-type-simple"},"bundled_by":[],"bundle_stock_status":"instock","bundle_stock_quantity":3,"bundle_virtual":false,"bundle_layout":"","bundle_add_to_cart_form_location":"","bundle_editable_in_cart":false,"bundle_sold_individually_context":"","bundle_item_grouping":"","bundle_min_size":"","bundle_max_size":"","bundle_price":[],"bundled_items":[],"bundle_sell_ids":[],"acf":[],"_links":{"self":[{"href":"https:\/\/hi-techwonder.com\/es\/wp-json\/wp\/v2\/product\/72979","targetHints":{"allow":["GET"]}}],"collection":[{"href":"https:\/\/hi-techwonder.com\/es\/wp-json\/wp\/v2\/product"}],"about":[{"href":"https:\/\/hi-techwonder.com\/es\/wp-json\/wp\/v2\/types\/product"}],"replies":[{"embeddable":true,"href":"https:\/\/hi-techwonder.com\/es\/wp-json\/wp\/v2\/comments?post=72979"}],"wp:featuredmedia":[{"embeddable":true,"href":"https:\/\/hi-techwonder.com\/es\/wp-json\/wp\/v2\/media\/21877"}],"wp:attachment":[{"href":"https:\/\/hi-techwonder.com\/es\/wp-json\/wp\/v2\/media?parent=72979"}],"wp:term":[{"taxonomy":"product_brand","embeddable":true,"href":"https:\/\/hi-techwonder.com\/es\/wp-json\/wp\/v2\/product_brand?post=72979"},{"taxonomy":"product_cat","embeddable":true,"href":"https:\/\/hi-techwonder.com\/es\/wp-json\/wp\/v2\/product_cat?post=72979"},{"taxonomy":"product_tag","embeddable":true,"href":"https:\/\/hi-techwonder.com\/es\/wp-json\/wp\/v2\/product_tag?post=72979"}],"curies":[{"name":"wp","href":"https:\/\/api.w.org\/{rel}","templated":true}]}}