{"id":72980,"date":"2025-07-29T00:07:18","date_gmt":"2025-07-29T00:07:18","guid":{"rendered":"https:\/\/fv6qoy3ls0.wpdns.site\/produto\/kf-concept-kf13-140-mochila-multifuncional-para-camara\/"},"modified":"2025-07-29T00:07:18","modified_gmt":"2025-07-29T00:07:18","slug":"kf-concept-kf13-140-mochila-multifuncional-para-camara","status":"publish","type":"product","link":"https:\/\/hi-techwonder.com\/es\/producto\/kf-concept-kf13-140-mochila-multifuncional-para-camara\/","title":{"rendered":"K&amp;F CONCEPT KF13.140 Mochila multifuncional para c\u00e1mara"},"content":{"rendered":"<p><strong>KF13.140 Mochila para c\u00e1mara multifunci\u00f3n<\/strong><\/p>\n<p><strong>Funciones:<\/strong><strong><br \/><\/strong><\/p>\n<ul>\n<li>Capacidad de 15L.<\/li>\n<li>Peso: 950g.<\/li>\n<li>Material: Nylon impermeable.<\/li>\n<li>Colores: Negro y Naranja.<\/li>\n<li>Dimensiones externas (largo x ancho x alto): 26 x 14 x 43 cm<\/li>\n<\/ul>\n<p><strong>Descripci\u00f3n<\/strong><\/p>\n<p>Una mochila de alta calidad con una gran abertura principal que ofrece m\u00faltiples opciones de almacenamiento para sus c\u00e1maras DSLR, lentes, tr\u00edpode, flashes, computadora port\u00e1til de 15.6&#8243; y otros accesorios. Correas anchas para los hombros para un transporte c\u00f3modo y un dise\u00f1o neutro para el uso diario. Capacidad para 2 c\u00e1maras y 4 lentes extra, tr\u00edpode, dron, port\u00e1til de 15,6&#8243; y m\u00e1s accesorios. Superficie impermeable con cubierta de lluvia para protecci\u00f3n contra la intemperie. <\/p>\n","protected":false},"excerpt":{"rendered":"<p>KF13.140 Mochila para c\u00e1mara multifunci\u00f3n Funciones: Capacidad de 15L. Peso: 950g. Material: Nylon impermeable. Colores: Negro y Naranja. Dimensiones externas<\/p>\n","protected":false},"featured_media":33923,"comment_status":"closed","ping_status":"open","template":"","meta":{"_acf_changed":false},"product_brand":[2562],"product_cat":[907],"product_tag":[],"class_list":{"0":"post-72980","1":"product","2":"type-product","3":"status-publish","4":"has-post-thumbnail","6":"product_brand-kf-concept-es","7":"product_cat-mochilas-es","9":"first","10":"outofstock","11":"taxable","12":"shipping-taxable","13":"purchasable","14":"product-type-simple"},"bundled_by":[],"bundle_stock_status":"outofstock","bundle_stock_quantity":0,"bundle_virtual":false,"bundle_layout":"","bundle_add_to_cart_form_location":"","bundle_editable_in_cart":false,"bundle_sold_individually_context":"","bundle_item_grouping":"","bundle_min_size":"","bundle_max_size":"","bundle_price":[],"bundled_items":[],"bundle_sell_ids":[],"acf":[],"_links":{"self":[{"href":"https:\/\/hi-techwonder.com\/es\/wp-json\/wp\/v2\/product\/72980","targetHints":{"allow":["GET"]}}],"collection":[{"href":"https:\/\/hi-techwonder.com\/es\/wp-json\/wp\/v2\/product"}],"about":[{"href":"https:\/\/hi-techwonder.com\/es\/wp-json\/wp\/v2\/types\/product"}],"replies":[{"embeddable":true,"href":"https:\/\/hi-techwonder.com\/es\/wp-json\/wp\/v2\/comments?post=72980"}],"wp:featuredmedia":[{"embeddable":true,"href":"https:\/\/hi-techwonder.com\/es\/wp-json\/wp\/v2\/media\/33923"}],"wp:attachment":[{"href":"https:\/\/hi-techwonder.com\/es\/wp-json\/wp\/v2\/media?parent=72980"}],"wp:term":[{"taxonomy":"product_brand","embeddable":true,"href":"https:\/\/hi-techwonder.com\/es\/wp-json\/wp\/v2\/product_brand?post=72980"},{"taxonomy":"product_cat","embeddable":true,"href":"https:\/\/hi-techwonder.com\/es\/wp-json\/wp\/v2\/product_cat?post=72980"},{"taxonomy":"product_tag","embeddable":true,"href":"https:\/\/hi-techwonder.com\/es\/wp-json\/wp\/v2\/product_tag?post=72980"}],"curies":[{"name":"wp","href":"https:\/\/api.w.org\/{rel}","templated":true}]}}