{"id":72984,"date":"2025-07-28T23:28:38","date_gmt":"2025-07-28T23:28:38","guid":{"rendered":"https:\/\/fv6qoy3ls0.wpdns.site\/produto\/kf-concept-kf28-0015-kit-de-cargador-dual-2-baterias-np-fw50\/"},"modified":"2026-04-21T16:34:59","modified_gmt":"2026-04-21T15:34:59","slug":"kf-concept-kf28-0015-kit-de-cargador-dual-2-baterias-np-fw50","status":"publish","type":"product","link":"https:\/\/hi-techwonder.com\/es\/producto\/kf-concept-kf28-0015-kit-de-cargador-dual-2-baterias-np-fw50\/","title":{"rendered":"K&amp;F CONCEPT KF28.0015 Kit de cargador dual + 2 bater\u00edas NP-FW50"},"content":{"rendered":"<p><strong>Kit K&amp;F CONCEPT Cargador dual + 2 bater\u00edas NP-FW50<\/strong><\/p>\n<p>La bater\u00eda K&amp;F CONCEPT NP-FW50 es compatible con las c\u00e1maras Sony que usan bater\u00eda NP-FW50, como Sony Alpha 7, A7, Alpha 7R, A7R, A7R II, A7 II, A7S, A7S II, A7M2, A7SM2, A7RM2, A5000 A6000 A6300 A6500, a3000, NEX-3, NEX-3N, NEX-5, NEX-5C, NEX-5N, NEX-5R, NEX-5T, NEX-6, NEX-7, NEX-C3, NEX-F3, SLT-A33, SLT-A35, SLT-A37,  SLT-A55V, Cyber-shot DSC-RX10, etc.&nbsp;<\/p>\n<p>Uso de bater\u00edas de alta calidad, estrictos est\u00e1ndares de inspecci\u00f3n, seguros y confiables, tenga seguridad al cargar y usar, con protecci\u00f3n multicircuito para evitar la sobrecarga de la bater\u00eda, protecci\u00f3n contra sobrecorriente, protecci\u00f3n contra sobredescarga, protecci\u00f3n contra sobretensi\u00f3n, protecci\u00f3n contra cortocircuitos, protecci\u00f3n contra altas temperaturas. \u2022 Dos bater\u00edas completamente cargadas al mismo tiempo: aproximadamente 2,5 h \u2022 Temperatura de funcionamiento: menos de 60 \u00b0C. <\/p>\n<p>2 bater\u00edas de alta capacidad de 7.4V 1100mAh. Celdas de alta calidad, con certificaci\u00f3n CE\/RoHS\/FCC; Sin efecto memoria, bater\u00eda de larga duraci\u00f3n. <\/p>\n<p>El kit de carga incluye dos bater\u00edas Sony NP-FW50 de repuesto de 7,4 V y 1100 mAh y un cargador de interfaz dual Micro USB\/Type-C, admite cargador de pared, cargador de coche o carga de energ\u00eda m\u00f3vil. F\u00e1cil de transportar cuando sales y grabas momentos emocionantes en cualquier momento sin preocuparte por un corte de energ\u00eda. <\/p>\n<p>El cargador dual LCD muestra con precisi\u00f3n el estado de carga de la bater\u00eda, el proceso de carga utiliza un chip inteligente para proteger mejor la bater\u00eda; El puerto de carga de doble ranura puede cargar r\u00e1pidamente dos bater\u00edas al mismo tiempo, lo que le ahorra mucho tiempo y es la mejor opci\u00f3n para viajar.<\/p>\n<p><strong>En la caja:<\/strong><\/p>\n<p><\/p>\n<p><strong>Caracter\u00edsticas t\u00e9cnicas:<\/strong><\/p>\n<p>Tipo de bater\u00eda: Bater\u00eda de litio<\/p>\n<p>Capacidad de la bater\u00eda: 1100 mA, 7,4 V<\/p>\n<p>Entrada del cargador: 5V 2.1A<\/p>\n<p>Salida del cargador: 8,4 V-700 mA (1 ranura) &#8211; 8,4 V-500 mA (2 ranuras)<\/p>\n<p>Temperatura de uso: &lt;60\u00baC<\/p>\n","protected":false},"excerpt":{"rendered":"<p>Kit K&amp;F CONCEPT Cargador dual + 2 bater\u00edas NP-FW50 La bater\u00eda K&amp;F CONCEPT NP-FW50 es compatible con las c\u00e1maras Sony<\/p>\n","protected":false},"featured_media":22410,"comment_status":"closed","ping_status":"closed","template":"","meta":{"_acf_changed":false},"product_brand":[2562],"product_cat":[864],"product_tag":[],"class_list":{"0":"post-72984","1":"product","2":"type-product","3":"status-publish","4":"has-post-thumbnail","6":"product_brand-kf-concept-es","7":"product_cat-sony-es","9":"first","10":"instock","11":"taxable","12":"shipping-taxable","13":"purchasable","14":"product-type-simple"},"bundled_by":[],"bundle_stock_status":"instock","bundle_stock_quantity":1,"bundle_virtual":false,"bundle_layout":"","bundle_add_to_cart_form_location":"","bundle_editable_in_cart":false,"bundle_sold_individually_context":"","bundle_item_grouping":"","bundle_min_size":"","bundle_max_size":"","bundle_price":[],"bundled_items":[],"bundle_sell_ids":[],"acf":[],"_links":{"self":[{"href":"https:\/\/hi-techwonder.com\/es\/wp-json\/wp\/v2\/product\/72984","targetHints":{"allow":["GET"]}}],"collection":[{"href":"https:\/\/hi-techwonder.com\/es\/wp-json\/wp\/v2\/product"}],"about":[{"href":"https:\/\/hi-techwonder.com\/es\/wp-json\/wp\/v2\/types\/product"}],"replies":[{"embeddable":true,"href":"https:\/\/hi-techwonder.com\/es\/wp-json\/wp\/v2\/comments?post=72984"}],"wp:featuredmedia":[{"embeddable":true,"href":"https:\/\/hi-techwonder.com\/es\/wp-json\/wp\/v2\/media\/22410"}],"wp:attachment":[{"href":"https:\/\/hi-techwonder.com\/es\/wp-json\/wp\/v2\/media?parent=72984"}],"wp:term":[{"taxonomy":"product_brand","embeddable":true,"href":"https:\/\/hi-techwonder.com\/es\/wp-json\/wp\/v2\/product_brand?post=72984"},{"taxonomy":"product_cat","embeddable":true,"href":"https:\/\/hi-techwonder.com\/es\/wp-json\/wp\/v2\/product_cat?post=72984"},{"taxonomy":"product_tag","embeddable":true,"href":"https:\/\/hi-techwonder.com\/es\/wp-json\/wp\/v2\/product_tag?post=72984"}],"curies":[{"name":"wp","href":"https:\/\/api.w.org\/{rel}","templated":true}]}}