{"id":72985,"date":"2025-07-28T23:27:40","date_gmt":"2025-07-28T23:27:40","guid":{"rendered":"https:\/\/fv6qoy3ls0.wpdns.site\/produto\/kit-kf-concept-kf28-0020-cargador-dual-2-baterias-en-el14\/"},"modified":"2026-01-31T03:57:07","modified_gmt":"2026-01-31T03:57:07","slug":"kf-concept-kit-kf-concept-kf28-0020-cargador-dual-2-baterias-en-el14","status":"publish","type":"product","link":"https:\/\/hi-techwonder.com\/es\/producto\/kf-concept-kit-kf-concept-kf28-0020-cargador-dual-2-baterias-en-el14\/","title":{"rendered":"Kit K&amp;F CONCEPT KF28.0020 Cargador dual + 2 bater\u00edas EN-EL14"},"content":{"rendered":"<p><strong>K&amp;F CONCEPT <\/strong><strong>KF28.0020 <\/strong><strong>Kit de Cargador Dual + 2 Bater\u00edas EN-EL14<\/strong><\/p>\n<p>\u00bfBater\u00edas de repuesto para la bater\u00eda est\u00e1ndar original Nikon EN-EL14 con dos bater\u00edas recargables ?? de 1050 mAh y un cargador USB de doble ranura, que proporciona m\u00e1s potencia para grabar hermosos momentos y prolongar la duraci\u00f3n de la bater\u00eda de sus videos y fotos.<\/p>\n<p>Las bater\u00edas K&amp;F EN-EL14 encajan perfectamente en las c\u00e1maras y cargadores originales Nikon EN-EL14, completamente decodificadas y sin efecto memoria. Son adecuados para Nikon D3100, D3200, D3300, D3400, D3500, D5100, D5200, D5300, D5500, D5600, COOLPIX P7000, P7100, P7200, P7700, P7800 y otros modelos de c\u00e1maras <\/p>\n<p>Este cargador de bater\u00eda EN-EL14 tiene dos opciones de carga: con dos puertos de entrada Micro USB y Type-C para una carga m\u00e1s conveniente, y se puede cargar a trav\u00e9s de un cargador de pared USB, un cargador de autom\u00f3vil o una alimentaci\u00f3n m\u00f3vil externa, lo que brinda m\u00e1s opciones para cargar la bater\u00eda<\/p>\n<p>El cargador tiene solo 24 mm de grosor; puede mostrar claramente el estado de carga; Es liviano y compacto, por lo que puede llevarlo en su bolso, conveniente para viajes, negocios y todos los deportes al aire libre<\/p>\n<p>Garant\u00eda de seguridad del 100%: Con protecci\u00f3n de circuitos m\u00faltiples (sobrecarga, cortocircuito, alta temperatura, protecci\u00f3n contra sobrecorriente y protecci\u00f3n contra sobretensiones, etc.) para proteger la seguridad de la bater\u00eda y la c\u00e1mara.<\/p>\n<p><strong>En la caja:<\/strong><\/p>\n<ul>\n<li>EN-EL14 Cargador doble<\/li>\n<li>2 pilas de repuesto EN-EL14<\/li>\n<li>Cable USB-A a tipo C<\/li>\n<\/ul>\n<p><strong>Caracter\u00edsticas t\u00e9cnicas:<\/strong><\/p>\n<p>Tipo de bater\u00eda: Bater\u00eda de litio<\/p>\n<p>Capacidad de la bater\u00eda: 1050 mA, 7,4 V, 7,7 Wh<\/p>\n<p>Entrada del cargador: 5V 2.1A<\/p>\n<p>Salida del cargador: 8,7 V-700 mA (1 ranura) &#8211; 8,7 V-500 mA (2 ranuras)<\/p>\n<p>Temperatura de uso: 0-40\u00baC<\/p>\n","protected":false},"excerpt":{"rendered":"<p>K&amp;F CONCEPT KF28.0020 Kit de Cargador Dual + 2 Bater\u00edas EN-EL14 \u00bfBater\u00edas de repuesto para la bater\u00eda est\u00e1ndar original Nikon<\/p>\n","protected":false},"featured_media":22075,"comment_status":"closed","ping_status":"closed","template":"","meta":{"_acf_changed":false},"product_brand":[2562],"product_cat":[859],"product_tag":[],"class_list":{"0":"post-72985","1":"product","2":"type-product","3":"status-publish","4":"has-post-thumbnail","6":"product_brand-kf-concept-es","7":"product_cat-nikon-es","9":"first","10":"instock","11":"taxable","12":"shipping-taxable","13":"purchasable","14":"product-type-simple"},"bundled_by":[],"bundle_stock_status":"instock","bundle_stock_quantity":1,"bundle_virtual":false,"bundle_layout":"","bundle_add_to_cart_form_location":"","bundle_editable_in_cart":false,"bundle_sold_individually_context":"","bundle_item_grouping":"","bundle_min_size":"","bundle_max_size":"","bundle_price":[],"bundled_items":[],"bundle_sell_ids":[],"acf":[],"_links":{"self":[{"href":"https:\/\/hi-techwonder.com\/es\/wp-json\/wp\/v2\/product\/72985","targetHints":{"allow":["GET"]}}],"collection":[{"href":"https:\/\/hi-techwonder.com\/es\/wp-json\/wp\/v2\/product"}],"about":[{"href":"https:\/\/hi-techwonder.com\/es\/wp-json\/wp\/v2\/types\/product"}],"replies":[{"embeddable":true,"href":"https:\/\/hi-techwonder.com\/es\/wp-json\/wp\/v2\/comments?post=72985"}],"wp:featuredmedia":[{"embeddable":true,"href":"https:\/\/hi-techwonder.com\/es\/wp-json\/wp\/v2\/media\/22075"}],"wp:attachment":[{"href":"https:\/\/hi-techwonder.com\/es\/wp-json\/wp\/v2\/media?parent=72985"}],"wp:term":[{"taxonomy":"product_brand","embeddable":true,"href":"https:\/\/hi-techwonder.com\/es\/wp-json\/wp\/v2\/product_brand?post=72985"},{"taxonomy":"product_cat","embeddable":true,"href":"https:\/\/hi-techwonder.com\/es\/wp-json\/wp\/v2\/product_cat?post=72985"},{"taxonomy":"product_tag","embeddable":true,"href":"https:\/\/hi-techwonder.com\/es\/wp-json\/wp\/v2\/product_tag?post=72985"}],"curies":[{"name":"wp","href":"https:\/\/api.w.org\/{rel}","templated":true}]}}