{"id":72986,"date":"2025-07-28T23:30:24","date_gmt":"2025-07-28T23:30:24","guid":{"rendered":"https:\/\/fv6qoy3ls0.wpdns.site\/produto\/kf-concept-kf28-0018-kit-de-cargador-dual-2-baterias-np-w235\/"},"modified":"2025-10-13T16:31:02","modified_gmt":"2025-10-13T16:31:02","slug":"kf-concept-kf28-0018-kit-de-cargador-dual-2-baterias-np-w235","status":"publish","type":"product","link":"https:\/\/hi-techwonder.com\/es\/producto\/kf-concept-kf28-0018-kit-de-cargador-dual-2-baterias-np-w235\/","title":{"rendered":"K&amp;F CONCEPT KF28.0018 Kit de cargador dual + 2 bater\u00edas NP-W235"},"content":{"rendered":"<p><strong>K&amp;F CONCEPT <\/strong><strong>KF28.0018  <\/strong><strong>Kit de cargador dual + 2 bater\u00edas NP-W235<\/strong><\/p>\n<p>Bater\u00edas de repuesto para las bater\u00edas est\u00e1ndar originales Fujifilm NP-W235, con dos bater\u00edas recargables ?? de 2200mAh y un cargador de doble ranura USB, para que puedas grabar hermosos momentos en cualquier momento sin preocuparte por quedarte sin energ\u00eda en la c\u00e1mara.<\/p>\n<p>Las bater\u00edas NP-W235 de K&amp;F encajan perfectamente en la c\u00e1mara y el cargador originales Fujifilm NP-W235, completamente decodificadas y sin efecto memoria. \u00a1Funcionan con Fujifilm X-T5, X-T4, GFX 50S II, GFX 100S, X-H2S y otros modelos de c\u00e1mara! <\/p>\n<p>Este cargador de bater\u00eda NP-W235 tiene dos opciones de carga: con dos puertos de entrada Micro USB y Type-C, opciones de carga m\u00e1s convenientes para cargar la bater\u00eda a trav\u00e9s de un cargador de pared USB, un cargador de autom\u00f3vil o una alimentaci\u00f3n m\u00f3vil externa<\/p>\n<p>Entrada: 5V \/ 2.1A, dise\u00f1o de doble ranura, puede cargar dos bater\u00edas NP-W235 al mismo tiempo. Una vez encendido el cargador, puede verificar el progreso de carga de cada bater\u00eda a trav\u00e9s de la pantalla LCD <\/p>\n<p>Garant\u00eda de seguridad del 100%: Con protecci\u00f3n de circuitos m\u00faltiples (sobrecarga, cortocircuito, alta temperatura, protecci\u00f3n contra sobrecorriente y protecci\u00f3n contra sobretensiones, etc.) para proteger la seguridad de la bater\u00eda y la c\u00e1mara.&nbsp;<\/p>\n<p><strong>En la caja:<\/strong><\/p>\n<ul>\n<li>Cargador doble NP-W235<\/li>\n<li>2 pilas de repuesto NP-W235<\/li>\n<li>2 fundas protectoras para las bater\u00edas<\/li>\n<li>Cable USB-A a tipo C<\/li>\n<\/ul>\n<p><strong>Caracter\u00edsticas t\u00e9cnicas:<\/strong><\/p>\n<p>Tipo de bater\u00eda: Bater\u00eda de litio<\/p>\n<p>Capacidad de la bater\u00eda: 2200 mA, 7,4 V, 16,2 Wh<\/p>\n<p>Entrada del cargador: 5V 2.1A<\/p>\n<p>Salida del cargador: 8,7 V-700 mA (1 ranura) &#8211; 8,7 V-500 mA (2 ranuras)<\/p>\n<p>Temperatura de uso: 0-40\u00baC<\/p>\n","protected":false},"excerpt":{"rendered":"<p>K&amp;F CONCEPT KF28.0018 Kit de cargador dual + 2 bater\u00edas NP-W235 Bater\u00edas de repuesto para las bater\u00edas est\u00e1ndar originales Fujifilm<\/p>\n","protected":false},"featured_media":23015,"comment_status":"closed","ping_status":"closed","template":"","meta":{"_acf_changed":false},"product_brand":[2562],"product_cat":[858],"product_tag":[],"class_list":{"0":"post-72986","1":"product","2":"type-product","3":"status-publish","4":"has-post-thumbnail","6":"product_brand-kf-concept-es","7":"product_cat-fujifilm-es","9":"first","10":"instock","11":"taxable","12":"shipping-taxable","13":"purchasable","14":"product-type-simple"},"bundled_by":[],"bundle_stock_status":"instock","bundle_stock_quantity":2,"bundle_virtual":false,"bundle_layout":"","bundle_add_to_cart_form_location":"","bundle_editable_in_cart":false,"bundle_sold_individually_context":"","bundle_item_grouping":"","bundle_min_size":"","bundle_max_size":"","bundle_price":[],"bundled_items":[],"bundle_sell_ids":[],"acf":[],"_links":{"self":[{"href":"https:\/\/hi-techwonder.com\/es\/wp-json\/wp\/v2\/product\/72986","targetHints":{"allow":["GET"]}}],"collection":[{"href":"https:\/\/hi-techwonder.com\/es\/wp-json\/wp\/v2\/product"}],"about":[{"href":"https:\/\/hi-techwonder.com\/es\/wp-json\/wp\/v2\/types\/product"}],"replies":[{"embeddable":true,"href":"https:\/\/hi-techwonder.com\/es\/wp-json\/wp\/v2\/comments?post=72986"}],"wp:featuredmedia":[{"embeddable":true,"href":"https:\/\/hi-techwonder.com\/es\/wp-json\/wp\/v2\/media\/23015"}],"wp:attachment":[{"href":"https:\/\/hi-techwonder.com\/es\/wp-json\/wp\/v2\/media?parent=72986"}],"wp:term":[{"taxonomy":"product_brand","embeddable":true,"href":"https:\/\/hi-techwonder.com\/es\/wp-json\/wp\/v2\/product_brand?post=72986"},{"taxonomy":"product_cat","embeddable":true,"href":"https:\/\/hi-techwonder.com\/es\/wp-json\/wp\/v2\/product_cat?post=72986"},{"taxonomy":"product_tag","embeddable":true,"href":"https:\/\/hi-techwonder.com\/es\/wp-json\/wp\/v2\/product_tag?post=72986"}],"curies":[{"name":"wp","href":"https:\/\/api.w.org\/{rel}","templated":true}]}}