{"id":72989,"date":"2025-07-28T23:31:21","date_gmt":"2025-07-28T23:31:21","guid":{"rendered":"https:\/\/fv6qoy3ls0.wpdns.site\/produto\/kf-concept-kf28-0014-kit-de-cargador-dual-2-pilas-lp-e17\/"},"modified":"2026-04-14T16:39:47","modified_gmt":"2026-04-14T15:39:47","slug":"kf-concept-kf28-0014-kit-de-cargador-dual-2-pilas-lp-e17","status":"publish","type":"product","link":"https:\/\/hi-techwonder.com\/es\/producto\/kf-concept-kf28-0014-kit-de-cargador-dual-2-pilas-lp-e17\/","title":{"rendered":"K&amp;F CONCEPT KF28.0014 Kit de cargador dual + 2 pilas LP-E17"},"content":{"rendered":"<p><strong>Kit K&amp;F CONCEPT Cargador dual + 2 pilas LP-E17<\/strong><\/p>\n<p>La bater\u00eda K&amp;F CONCEPT LP-E17 es compatible con las c\u00e1maras Canon que utilizan bater\u00eda LP-E17, como Canon EOS RP, Rebel T8i, T7i, T6i, T6s, SL2, SL3, EOS M3, M5, M6 Mark II, 77D, 200D, 750D, 760D, 800D, 800D, 8000D, etc. 8000D etc. La bater\u00eda funciona normalmente en la c\u00e1mara como original, pero no muestra el nivel de carga.<\/p>\n<p>Usando bater\u00edas de alta calidad, estrictos est\u00e1ndares de inspecci\u00f3n, seguros y confiables, puede estar seguro de que carga y usa, con protecci\u00f3n multicircuito, para evitar la sobrecarga de la bater\u00eda, protecci\u00f3n contra sobrecorriente, protecci\u00f3n contra sobretensiones, protecci\u00f3n contra cortocircuitos, protecci\u00f3n contra sobrecarga, protecci\u00f3n contra altas temperaturas, protecci\u00f3n de recuperaci\u00f3n. &#8211; Dos bater\u00edas completamente cargadas al mismo tiempo en aproximadamente 2,5 h.<\/p>\n<p>2 bater\u00edas de alta capacidad de 7,4 V y 1250 mAh. Celdas de alta calidad, con certificaci\u00f3n CE\/RoHS\/FCC; Sin efecto memoria, larga vida \u00fatil.<\/p>\n<p>El kit de carga incluye 2 bater\u00edas Canon LP-E17 de repuesto de 7,4 V y 1250 mAh y un cargador de interfaz dual Micro USB\/Type-C, un cargador de pared compatible, un cargador de coche o un cargador de corriente m\u00f3vil. F\u00e1cil de cargar cuando sales y grabas momentos maravillosos en cualquier momento sin preocuparte por un corte de energ\u00eda.<\/p>\n<p>El cargador dual LCD muestra con precisi\u00f3n el estado de carga de la bater\u00eda, y el proceso de carga utiliza un chip inteligente para proteger mejor la bater\u00eda; El puerto de carga de doble ranura puede cargar r\u00e1pidamente dos bater\u00edas al mismo tiempo, lo que le ahorra mucho tiempo y es la mejor opci\u00f3n para viajar.<\/p>\n<p><strong>En la caja:<\/strong><\/p>\n<ul>\n<li>Cargador doble LP-E17<\/li>\n<li>2 pilas de repuesto LP-E17<\/li>\n<li>Cable USB-A a Micro USB<\/li>\n<\/ul>\n<p><strong>Caracter\u00edsticas t\u00e9cnicas:<\/strong><\/p>\n<p>Tipo de bater\u00eda: Bater\u00eda de litio<\/p>\n<p>Capacidad de la bater\u00eda: 1250 mA, 7,4 V<\/p>\n<p>Entrada del cargador: 5V 2.1A<\/p>\n<p>Salida del cargador: 8,4 V-700 mA (1 ranura) &#8211; 8,4 V-500 mA (2 ranuras)<\/p>\n<p>Temperatura de uso: &lt;60\u00baC<\/p>\n","protected":false},"excerpt":{"rendered":"<p>Kit K&amp;F CONCEPT Cargador dual + 2 pilas LP-E17 La bater\u00eda K&amp;F CONCEPT LP-E17 es compatible con las c\u00e1maras Canon<\/p>\n","protected":false},"featured_media":23262,"comment_status":"closed","ping_status":"closed","template":"","meta":{"_acf_changed":false},"product_brand":[2562],"product_cat":[856],"product_tag":[],"class_list":{"0":"post-72989","1":"product","2":"type-product","3":"status-publish","4":"has-post-thumbnail","6":"product_brand-kf-concept-es","7":"product_cat-canon-es","9":"first","10":"instock","11":"taxable","12":"shipping-taxable","13":"purchasable","14":"product-type-simple"},"bundled_by":[],"bundle_stock_status":"instock","bundle_stock_quantity":4,"bundle_virtual":false,"bundle_layout":"","bundle_add_to_cart_form_location":"","bundle_editable_in_cart":false,"bundle_sold_individually_context":"","bundle_item_grouping":"","bundle_min_size":"","bundle_max_size":"","bundle_price":[],"bundled_items":[],"bundle_sell_ids":[],"acf":[],"_links":{"self":[{"href":"https:\/\/hi-techwonder.com\/es\/wp-json\/wp\/v2\/product\/72989","targetHints":{"allow":["GET"]}}],"collection":[{"href":"https:\/\/hi-techwonder.com\/es\/wp-json\/wp\/v2\/product"}],"about":[{"href":"https:\/\/hi-techwonder.com\/es\/wp-json\/wp\/v2\/types\/product"}],"replies":[{"embeddable":true,"href":"https:\/\/hi-techwonder.com\/es\/wp-json\/wp\/v2\/comments?post=72989"}],"wp:featuredmedia":[{"embeddable":true,"href":"https:\/\/hi-techwonder.com\/es\/wp-json\/wp\/v2\/media\/23262"}],"wp:attachment":[{"href":"https:\/\/hi-techwonder.com\/es\/wp-json\/wp\/v2\/media?parent=72989"}],"wp:term":[{"taxonomy":"product_brand","embeddable":true,"href":"https:\/\/hi-techwonder.com\/es\/wp-json\/wp\/v2\/product_brand?post=72989"},{"taxonomy":"product_cat","embeddable":true,"href":"https:\/\/hi-techwonder.com\/es\/wp-json\/wp\/v2\/product_cat?post=72989"},{"taxonomy":"product_tag","embeddable":true,"href":"https:\/\/hi-techwonder.com\/es\/wp-json\/wp\/v2\/product_tag?post=72989"}],"curies":[{"name":"wp","href":"https:\/\/api.w.org\/{rel}","templated":true}]}}