{"id":72993,"date":"2025-07-28T23:27:40","date_gmt":"2025-07-28T23:27:40","guid":{"rendered":"https:\/\/fv6qoy3ls0.wpdns.site\/produto\/kf-concept-kf28-0012-kit-de-cargador-dual-2-baterias-en-el15\/"},"modified":"2026-04-14T16:33:44","modified_gmt":"2026-04-14T15:33:44","slug":"kf-concept-kf28-0012-kit-de-cargador-dual-2-baterias-en-el15","status":"publish","type":"product","link":"https:\/\/hi-techwonder.com\/es\/producto\/kf-concept-kf28-0012-kit-de-cargador-dual-2-baterias-en-el15\/","title":{"rendered":"K&amp;F CONCEPT KF28.0012 Kit de cargador dual + 2 bater\u00edas EN-EL15"},"content":{"rendered":"<p><strong>K&amp;F CONCEPT <\/strong><strong>KF28.0012 <\/strong><strong>Kit de Cargador Dual + 2 Bater\u00edas <\/strong><strong>EN-EL15 &#8211; 2100mAh, 7.4V<\/strong><\/p>\n<p>La bater\u00eda K&amp;F CONCEPT EN-EL15 es compatible con las c\u00e1maras Nikon que utilizan la bater\u00eda EN-EL15, como Nikon D7000, D7100, D7200, D750, D850, D810, D800, D800E, D750, D610, D600, D500, 1V1 (<span style=\"font-size: 15px;\">y se puede conectar al compartimento de la bater\u00eda de la c\u00e1mara Z5, Z6II, Z7II a trav\u00e9s de una conexi\u00f3n USB mientras se carga<\/span>).&nbsp;<\/p>\n<p>Usando bater\u00edas de alta calidad, estrictos est\u00e1ndares de inspecci\u00f3n, seguros y confiables, puede estar seguro de que carga y usa, con protecci\u00f3n multicircuito, para evitar la sobrecarga de la bater\u00eda, protecci\u00f3n contra sobrecorriente, protecci\u00f3n contra sobretensiones, protecci\u00f3n contra cortocircuitos, protecci\u00f3n contra sobrecarga, protecci\u00f3n contra altas temperaturas, protecci\u00f3n de recuperaci\u00f3n. &#8211; Dos bater\u00edas completamente cargadas al mismo tiempo en aproximadamente 2,5 h. <\/p>\n<p>2 bater\u00edas de alta capacidad de 7,4 V y 2100 mAh. Celdas de alta calidad, con certificaci\u00f3n CE\/RoHS\/FCC; Sin efecto memoria, larga vida \u00fatil. <\/p>\n<p>El kit de carga incluye 2 bater\u00edas de repuesto Nikon EN-EL15 7.4V 2100mAh y cargador de interfaz dual Micro USB\/Tipo-C, cargador de pared compatible, cargador de coche o cargador de energ\u00eda m\u00f3vil. F\u00e1cil de cargar cuando sales y grabas momentos maravillosos en cualquier momento sin preocuparte por un corte de energ\u00eda. <\/p>\n<p>El cargador dual LCD muestra con precisi\u00f3n el estado de carga de la bater\u00eda, y el proceso de carga utiliza un chip inteligente para proteger mejor la bater\u00eda; El puerto de carga de doble ranura puede cargar r\u00e1pidamente dos bater\u00edas al mismo tiempo, lo que le ahorra mucho tiempo y es la mejor opci\u00f3n para viajar.<\/p>\n<p><strong>En la caja:<\/strong><\/p>\n<ul>\n<li>EN-EL15 Cargador doble<\/li>\n<li>2 bater\u00edas de repuesto EN-EL15<\/li>\n<li>Cable USB-A a Micro USB<\/li>\n<\/ul>\n<p><strong>Compatibilidad:<\/strong><\/p>\n<ul>\n<li>Canon EOS RP, Rebel T8i, T7i, T6i, T6s, SL2, SL3, EOS M3, M5, M6 Mark II, 77D, 200D, 750D, 760D, 800D, 8000D<\/li>\n<\/ul>\n<p><strong>Caracter\u00edsticas t\u00e9cnicas:<\/strong><\/p>\n<p>Tipo de bater\u00eda: Bater\u00eda de litio<\/p>\n<p>Capacidad de la bater\u00eda: 2100 mAh, 7,4 V<\/p>\n<p>Entrada del cargador: 5V 2.1A<\/p>\n<p>Salida del cargador: 8,4 V-700 mA (1 ranura) &#8211; 8,4 V-500 mA (2 ranuras)<\/p>\n<p>Temperatura de uso: &lt;60\u00baC<\/p>\n","protected":false},"excerpt":{"rendered":"<p>K&amp;F CONCEPT KF28.0012 Kit de Cargador Dual + 2 Bater\u00edas EN-EL15 &#8211; 2100mAh, 7.4V La bater\u00eda K&amp;F CONCEPT EN-EL15 es<\/p>\n","protected":false},"featured_media":22080,"comment_status":"closed","ping_status":"closed","template":"","meta":{"_acf_changed":false},"product_brand":[2562],"product_cat":[859],"product_tag":[],"class_list":{"0":"post-72993","1":"product","2":"type-product","3":"status-publish","4":"has-post-thumbnail","6":"product_brand-kf-concept-es","7":"product_cat-nikon-es","9":"first","10":"instock","11":"taxable","12":"shipping-taxable","13":"purchasable","14":"product-type-simple"},"bundled_by":[],"bundle_stock_status":"instock","bundle_stock_quantity":1,"bundle_virtual":false,"bundle_layout":"","bundle_add_to_cart_form_location":"","bundle_editable_in_cart":false,"bundle_sold_individually_context":"","bundle_item_grouping":"","bundle_min_size":"","bundle_max_size":"","bundle_price":[],"bundled_items":[],"bundle_sell_ids":[],"acf":[],"_links":{"self":[{"href":"https:\/\/hi-techwonder.com\/es\/wp-json\/wp\/v2\/product\/72993","targetHints":{"allow":["GET"]}}],"collection":[{"href":"https:\/\/hi-techwonder.com\/es\/wp-json\/wp\/v2\/product"}],"about":[{"href":"https:\/\/hi-techwonder.com\/es\/wp-json\/wp\/v2\/types\/product"}],"replies":[{"embeddable":true,"href":"https:\/\/hi-techwonder.com\/es\/wp-json\/wp\/v2\/comments?post=72993"}],"wp:featuredmedia":[{"embeddable":true,"href":"https:\/\/hi-techwonder.com\/es\/wp-json\/wp\/v2\/media\/22080"}],"wp:attachment":[{"href":"https:\/\/hi-techwonder.com\/es\/wp-json\/wp\/v2\/media?parent=72993"}],"wp:term":[{"taxonomy":"product_brand","embeddable":true,"href":"https:\/\/hi-techwonder.com\/es\/wp-json\/wp\/v2\/product_brand?post=72993"},{"taxonomy":"product_cat","embeddable":true,"href":"https:\/\/hi-techwonder.com\/es\/wp-json\/wp\/v2\/product_cat?post=72993"},{"taxonomy":"product_tag","embeddable":true,"href":"https:\/\/hi-techwonder.com\/es\/wp-json\/wp\/v2\/product_tag?post=72993"}],"curies":[{"name":"wp","href":"https:\/\/api.w.org\/{rel}","templated":true}]}}