{"id":72995,"date":"2025-07-28T23:26:52","date_gmt":"2025-07-28T23:26:52","guid":{"rendered":"https:\/\/fv6qoy3ls0.wpdns.site\/produto\/kf-concept-kf28-0021-cargador-baterias-lp-e6nh-2250mah\/"},"modified":"2025-11-17T14:30:52","modified_gmt":"2025-11-17T14:30:52","slug":"kf-concept-kf28-0021-cargador-baterias-lp-e6nh-2250mah","status":"publish","type":"product","link":"https:\/\/hi-techwonder.com\/es\/producto\/kf-concept-kf28-0021-cargador-baterias-lp-e6nh-2250mah\/","title":{"rendered":"K&amp;F CONCEPT KF28.0021 Cargador + Bater\u00edas LP-E6NH &#8211; 2250mAh"},"content":{"rendered":"<p><strong>K&amp;F CONCEPT <\/strong><strong>KF28.0021 <\/strong><strong>Kit de cargador dual + 2 bater\u00edas LP-E6NH.<\/strong><\/p>\n<p>El conjunto de carga incluye dos bater\u00edas de repuesto Canon LP-E6NH de 7,4 V y 2250 mAh y cargadores de interfaz dual Micro USB\/Type-C, que son f\u00e1ciles de cargar cuando se viaja y se graba cualquier momento maravilloso.<\/p>\n<p>Est\u00e1ndar original: Fabricado seg\u00fan el est\u00e1ndar de bater\u00eda Canon LP-E6NH, compatible y se puede cargar con el cargador original.<\/p>\n<p>Celda de alta calidad con certificaci\u00f3n CE\/RoHS\/FCC; Sin efecto memoria, larga duraci\u00f3n.<\/p>\n<p>Carga y uso seguros, fiables y garantizados<\/p>\n<p>Con protecci\u00f3n multicircuito, evita la sobrecarga de la bater\u00eda, la protecci\u00f3n contra sobrecorriente, la protecci\u00f3n contra sobredescarga, la protecci\u00f3n contra sobretensi\u00f3n, la protecci\u00f3n contra cortocircuitos, la protecci\u00f3n contra sobrepotencia, la protecci\u00f3n contra altas temperaturas y la protecci\u00f3n de recuperaci\u00f3n.<\/p>\n<p><strong>Compatibilidad<\/strong><\/p>\n<p>La bater\u00eda K&amp;F CONCEPT LP-E6NH es compatible con las c\u00e1maras Canon que utilizan bater\u00edas LP-E6NH\/LP-E6N\/LP-E6, por ejemplo, Canon EOS R5, EOS R6, EOS R, EOS 5D Mark IV, 5D Mark III, 5DS, 5DS R, 5D Mark II, 6D, 6D Mark II, 7D, 7D Mark II,90D, 80D, 70D, 60D, 60Da.<\/p>\n<p><strong>Con Micro USB y cargador de doble interfaz tipo C, admite una variedad de m\u00e9todos de carga<\/strong><\/p>\n<ul>\n<li>Se puede cargar con un cargador de tel\u00e9fono m\u00f3vil, una fuente de alimentaci\u00f3n port\u00e1til, una computadora port\u00e1til, un banco de energ\u00eda, etc.<\/li>\n<li>Tipo de producto: Aparato el\u00e9ctrico de dos ranuras; Entrada de corriente: 5V \/ 2.1A;<\/li>\n<li>Salida (1 bater\u00eda): 8,4 v\/700 mA; Salida (2 bater\u00edas): 8,4 V \/ 500 mA<\/li>\n<li>Puertos: Puertos Micro-USB y Type-C (excluyendo el cable de carga Type-C)<\/li>\n<\/ul>\n<p><strong>Bater\u00eda recargable de iones de litio LP-E6NH<\/strong><\/p>\n<ul>\n<li>Es la mejor alternativa a las bater\u00edas Canon LP-E6NH.<\/li>\n<li>Bater\u00eda recargable de iones de litio de 7,4 V y 2250 mAh para una mayor potencia y durabilidad.<\/li>\n<li>Se adoptan celdas de alta calidad y estrictos est\u00e1ndares de inspecci\u00f3n para garantizar la calidad de la bater\u00eda, evitar la sobrecarga y el sobrecalentamiento, y proporcionar protecci\u00f3n contra cortocircuitos para evitar da\u00f1os al equipo electr\u00f3nico interno.<\/li>\n<li>Tiempo de carga completa de dos bater\u00edas al mismo tiempo: aproximadamente 5,5 h<\/li>\n<li>Temperatura de funcionamiento: menos de 60 \u20ac.<\/li>\n<\/ul>\n<p><strong>Dise\u00f1o ligero<\/strong><\/p>\n<p>Solo 24 mm de grosor, dise\u00f1o ultradelgado, ahorrando espacio.<\/p>\n<p><strong>En la caja:<\/strong><\/p>\n<ul>\n<li>LP-E6NH Cargador doble<\/li>\n<li>2 pilas de repuesto LP-E6NH<\/li>\n<li>Cable USB-A a Micro USB<\/li>\n<\/ul>\n<p><strong>Caracter\u00edsticas t\u00e9cnicas:<\/strong><\/p>\n<p>Tipo de bater\u00eda: Bater\u00eda de litio<\/p>\n<p>Capacidad de la bater\u00eda: 2250 mAh, 7,4 V<\/p>\n<p>Entrada del cargador: 5V 2.1A<\/p>\n<p>Salida del cargador: 8,4 V-700 mA (1 ranura) &#8211; 8,4 V-500 mA (2 ranuras)<\/p>\n<p>Temperatura de uso: &lt;60\u00baC<\/p>\n","protected":false},"excerpt":{"rendered":"<p>K&amp;F CONCEPT KF28.0021 Kit de cargador dual + 2 bater\u00edas LP-E6NH. El conjunto de carga incluye dos bater\u00edas de repuesto<\/p>\n","protected":false},"featured_media":21773,"comment_status":"closed","ping_status":"closed","template":"","meta":{"_acf_changed":false},"product_brand":[2562],"product_cat":[856],"product_tag":[],"class_list":{"0":"post-72995","1":"product","2":"type-product","3":"status-publish","4":"has-post-thumbnail","6":"product_brand-kf-concept-es","7":"product_cat-canon-es","9":"first","10":"outofstock","11":"taxable","12":"shipping-taxable","13":"purchasable","14":"product-type-simple"},"bundled_by":[],"bundle_stock_status":"outofstock","bundle_stock_quantity":null,"bundle_virtual":false,"bundle_layout":"","bundle_add_to_cart_form_location":"","bundle_editable_in_cart":false,"bundle_sold_individually_context":"","bundle_item_grouping":"","bundle_min_size":"","bundle_max_size":"","bundle_price":[],"bundled_items":[],"bundle_sell_ids":[],"acf":[],"_links":{"self":[{"href":"https:\/\/hi-techwonder.com\/es\/wp-json\/wp\/v2\/product\/72995","targetHints":{"allow":["GET"]}}],"collection":[{"href":"https:\/\/hi-techwonder.com\/es\/wp-json\/wp\/v2\/product"}],"about":[{"href":"https:\/\/hi-techwonder.com\/es\/wp-json\/wp\/v2\/types\/product"}],"replies":[{"embeddable":true,"href":"https:\/\/hi-techwonder.com\/es\/wp-json\/wp\/v2\/comments?post=72995"}],"wp:featuredmedia":[{"embeddable":true,"href":"https:\/\/hi-techwonder.com\/es\/wp-json\/wp\/v2\/media\/21773"}],"wp:attachment":[{"href":"https:\/\/hi-techwonder.com\/es\/wp-json\/wp\/v2\/media?parent=72995"}],"wp:term":[{"taxonomy":"product_brand","embeddable":true,"href":"https:\/\/hi-techwonder.com\/es\/wp-json\/wp\/v2\/product_brand?post=72995"},{"taxonomy":"product_cat","embeddable":true,"href":"https:\/\/hi-techwonder.com\/es\/wp-json\/wp\/v2\/product_cat?post=72995"},{"taxonomy":"product_tag","embeddable":true,"href":"https:\/\/hi-techwonder.com\/es\/wp-json\/wp\/v2\/product_tag?post=72995"}],"curies":[{"name":"wp","href":"https:\/\/api.w.org\/{rel}","templated":true}]}}