{"id":73002,"date":"2025-07-29T09:02:52","date_gmt":"2025-07-29T09:02:52","guid":{"rendered":"https:\/\/fv6qoy3ls0.wpdns.site\/produto\/tubos-de-extension-macro-automaticos-kernel-para-eos-m\/"},"modified":"2026-02-16T15:01:49","modified_gmt":"2026-02-16T15:01:49","slug":"kernel-tubos-de-extension-macro-automaticos-kernel-para-eos-m","status":"publish","type":"product","link":"https:\/\/hi-techwonder.com\/es\/producto\/kernel-tubos-de-extension-macro-automaticos-kernel-para-eos-m\/","title":{"rendered":"Tubos de extensi\u00f3n macro autom\u00e1ticos KERNEL para EOS-M"},"content":{"rendered":"<p>Tubos de extensi\u00f3n para fotograf\u00eda macro con contactos electr\u00f3nicos, manteniendo as\u00ed la comunicaci\u00f3n entre la c\u00e1mara y el objetivo y permitiendo el control de apertura y el enfoque autom\u00e1tico.<\/p>\n<ul>\n<li>Compatible con Canon EOS M<\/li>\n<li>Reduce la distancia m\u00ednima de enfoque<\/li>\n<li>Permite la fotograf\u00eda macro con objetivos normales<\/li>\n<li>Mantiene la posibilidad de enfoque y apertura autom\u00e1ticos<\/li>\n<li>Tubos de 10 mm y 16 mm que se pueden usar juntos o por separado.<\/li>\n<li>Montura de metal<\/li>\n<li>Construcci\u00f3n de pl\u00e1stico y metal<\/li>\n<\/ul>\n","protected":false},"excerpt":{"rendered":"<p>Tubos de extensi\u00f3n para fotograf\u00eda macro con contactos electr\u00f3nicos, manteniendo as\u00ed la comunicaci\u00f3n entre la c\u00e1mara y el objetivo y<\/p>\n","protected":false},"featured_media":44555,"comment_status":"closed","ping_status":"open","template":"","meta":{"_acf_changed":false},"product_brand":[2676],"product_cat":[972],"product_tag":[],"class_list":{"0":"post-73002","1":"product","2":"type-product","3":"status-publish","4":"has-post-thumbnail","6":"product_brand-kernel-es","7":"product_cat-fotografia-macro-es","9":"first","10":"instock","11":"taxable","12":"shipping-taxable","13":"purchasable","14":"product-type-simple"},"bundled_by":[],"bundle_stock_status":"instock","bundle_stock_quantity":6,"bundle_virtual":false,"bundle_layout":"","bundle_add_to_cart_form_location":"","bundle_editable_in_cart":false,"bundle_sold_individually_context":"","bundle_item_grouping":"","bundle_min_size":"","bundle_max_size":"","bundle_price":[],"bundled_items":[],"bundle_sell_ids":[],"acf":[],"_links":{"self":[{"href":"https:\/\/hi-techwonder.com\/es\/wp-json\/wp\/v2\/product\/73002","targetHints":{"allow":["GET"]}}],"collection":[{"href":"https:\/\/hi-techwonder.com\/es\/wp-json\/wp\/v2\/product"}],"about":[{"href":"https:\/\/hi-techwonder.com\/es\/wp-json\/wp\/v2\/types\/product"}],"replies":[{"embeddable":true,"href":"https:\/\/hi-techwonder.com\/es\/wp-json\/wp\/v2\/comments?post=73002"}],"wp:featuredmedia":[{"embeddable":true,"href":"https:\/\/hi-techwonder.com\/es\/wp-json\/wp\/v2\/media\/44555"}],"wp:attachment":[{"href":"https:\/\/hi-techwonder.com\/es\/wp-json\/wp\/v2\/media?parent=73002"}],"wp:term":[{"taxonomy":"product_brand","embeddable":true,"href":"https:\/\/hi-techwonder.com\/es\/wp-json\/wp\/v2\/product_brand?post=73002"},{"taxonomy":"product_cat","embeddable":true,"href":"https:\/\/hi-techwonder.com\/es\/wp-json\/wp\/v2\/product_cat?post=73002"},{"taxonomy":"product_tag","embeddable":true,"href":"https:\/\/hi-techwonder.com\/es\/wp-json\/wp\/v2\/product_tag?post=73002"}],"curies":[{"name":"wp","href":"https:\/\/api.w.org\/{rel}","templated":true}]}}