{"id":73003,"date":"2025-07-29T09:19:40","date_gmt":"2025-07-29T09:19:40","guid":{"rendered":"https:\/\/fv6qoy3ls0.wpdns.site\/produto\/adaptador-de-lente-kiwifotos-t2-a-sony-e-mount\/"},"modified":"2026-01-31T02:25:22","modified_gmt":"2026-01-31T02:25:22","slug":"kiwifotos-adaptador-de-lente-kiwifotos-t2-a-sony-e-mount","status":"publish","type":"product","link":"https:\/\/hi-techwonder.com\/es\/producto\/kiwifotos-adaptador-de-lente-kiwifotos-t2-a-sony-e-mount\/","title":{"rendered":"Adaptador de lente KIWIFOTOS T2 a Sony E-Mount"},"content":{"rendered":"<p><span style=\"font-size: small\">El adaptador Kiwifotos est\u00e1 hecho de aluminio anodizado negro, este adaptador te permitir\u00e1 usar la mayor\u00eda de los lentes T2 en tu Sony NEX.<\/p>\n<p>Los controles de la lente, como el enfoque autom\u00e1tico, ahora son manuales.<\/span><\/p>\n","protected":false},"excerpt":{"rendered":"<p>El adaptador Kiwifotos est\u00e1 hecho de aluminio anodizado negro, este adaptador te permitir\u00e1 usar la mayor\u00eda de los lentes T2<\/p>\n","protected":false},"featured_media":47534,"comment_status":"closed","ping_status":"open","template":"","meta":{"_acf_changed":false},"product_brand":[2683],"product_cat":[1041],"product_tag":[],"class_list":{"0":"post-73003","1":"product","2":"type-product","3":"status-publish","4":"has-post-thumbnail","6":"product_brand-kiwifotos-es","7":"product_cat-adaptadores-es","9":"first","10":"instock","11":"taxable","12":"shipping-taxable","13":"purchasable","14":"product-type-simple"},"bundled_by":[],"bundle_stock_status":"instock","bundle_stock_quantity":1,"bundle_virtual":false,"bundle_layout":"","bundle_add_to_cart_form_location":"","bundle_editable_in_cart":false,"bundle_sold_individually_context":"","bundle_item_grouping":"","bundle_min_size":"","bundle_max_size":"","bundle_price":[],"bundled_items":[],"bundle_sell_ids":[],"acf":[],"_links":{"self":[{"href":"https:\/\/hi-techwonder.com\/es\/wp-json\/wp\/v2\/product\/73003","targetHints":{"allow":["GET"]}}],"collection":[{"href":"https:\/\/hi-techwonder.com\/es\/wp-json\/wp\/v2\/product"}],"about":[{"href":"https:\/\/hi-techwonder.com\/es\/wp-json\/wp\/v2\/types\/product"}],"replies":[{"embeddable":true,"href":"https:\/\/hi-techwonder.com\/es\/wp-json\/wp\/v2\/comments?post=73003"}],"wp:featuredmedia":[{"embeddable":true,"href":"https:\/\/hi-techwonder.com\/es\/wp-json\/wp\/v2\/media\/47534"}],"wp:attachment":[{"href":"https:\/\/hi-techwonder.com\/es\/wp-json\/wp\/v2\/media?parent=73003"}],"wp:term":[{"taxonomy":"product_brand","embeddable":true,"href":"https:\/\/hi-techwonder.com\/es\/wp-json\/wp\/v2\/product_brand?post=73003"},{"taxonomy":"product_cat","embeddable":true,"href":"https:\/\/hi-techwonder.com\/es\/wp-json\/wp\/v2\/product_cat?post=73003"},{"taxonomy":"product_tag","embeddable":true,"href":"https:\/\/hi-techwonder.com\/es\/wp-json\/wp\/v2\/product_tag?post=73003"}],"curies":[{"name":"wp","href":"https:\/\/api.w.org\/{rel}","templated":true}]}}