{"id":73012,"date":"2025-07-29T09:18:34","date_gmt":"2025-07-29T09:18:34","guid":{"rendered":"https:\/\/fv6qoy3ls0.wpdns.site\/produto\/kernel-para-sol-hb-32-para-nikon-af-s-ed18-135-f-3-5-5gif\/"},"modified":"2025-12-23T14:15:05","modified_gmt":"2025-12-23T14:15:05","slug":"kernel-para-sol-hb-32-para-nikon-af-s-ed18-135-f-3-5-5gif","status":"publish","type":"product","link":"https:\/\/hi-techwonder.com\/es\/producto\/kernel-para-sol-hb-32-para-nikon-af-s-ed18-135-f-3-5-5gif\/","title":{"rendered":"KERNEL Para Sol HB-32 para Nikon AF-S ED18-135 f\/3.5-5GIF"},"content":{"rendered":"<p><strong>&nbsp;<\/strong><strong>KERNEL Para Sol HB-32 para Nikon AF-S ED18-135 f\/3.5-5GIF<\/strong><\/p>\n<p><strong>Funciones:<\/strong><\/p>\n<ul>\n<li>Los parasoles est\u00e1n dise\u00f1ados principalmente para evitar que la luz par\u00e1sita no deseada entre en la lente extendiendo y sombreando el extremo de la lente. Adem\u00e1s, a medida que se extiende el extremo de la lente. &nbsp;  obteniendo tambi\u00e9n el beneficio adicional de una protecci\u00f3n adicional contra impactos accidentales.<\/li>\n<li>Al reducir la cantidad de luz no esencial que cae sobre el elemento frontal de la lente, las lentes pueden lograr un rendimiento \u00f3ptico \u00f3ptimo, produciendo im\u00e1genes m\u00e1s saturadas.<\/li>\n<li>Los parasoles dedicados est\u00e1n dise\u00f1ados para adaptarse a la distancia focal espec\u00edfica del objetivo para el que est\u00e1n dise\u00f1ados.<\/li>\n<\/ul>\n<p><strong>Contenido del paquete:<\/strong><\/p>\n<ul>\n<li>1x HB-32 Sun Compatible con Nikon AF-S ED18-135 f\/3.5-5GIF<\/li>\n<li>Color exterior Plata.<\/li>\n<li>Color interior: negro mate<\/li>\n<\/ul>\n","protected":false},"excerpt":{"rendered":"<p>&nbsp;KERNEL Para Sol HB-32 para Nikon AF-S ED18-135 f\/3.5-5GIF Funciones: Los parasoles est\u00e1n dise\u00f1ados principalmente para evitar que la luz<\/p>\n","protected":false},"featured_media":47317,"comment_status":"closed","ping_status":"open","template":"","meta":{"_acf_changed":false},"product_brand":[2676],"product_cat":[1039],"product_tag":[],"class_list":{"0":"post-73012","1":"product","2":"type-product","3":"status-publish","4":"has-post-thumbnail","6":"product_brand-kernel-es","7":"product_cat-parasoles","9":"first","10":"instock","11":"taxable","12":"shipping-taxable","13":"purchasable","14":"product-type-simple"},"bundled_by":[],"bundle_stock_status":"instock","bundle_stock_quantity":2,"bundle_virtual":false,"bundle_layout":"","bundle_add_to_cart_form_location":"","bundle_editable_in_cart":false,"bundle_sold_individually_context":"","bundle_item_grouping":"","bundle_min_size":"","bundle_max_size":"","bundle_price":[],"bundled_items":[],"bundle_sell_ids":[],"acf":[],"_links":{"self":[{"href":"https:\/\/hi-techwonder.com\/es\/wp-json\/wp\/v2\/product\/73012","targetHints":{"allow":["GET"]}}],"collection":[{"href":"https:\/\/hi-techwonder.com\/es\/wp-json\/wp\/v2\/product"}],"about":[{"href":"https:\/\/hi-techwonder.com\/es\/wp-json\/wp\/v2\/types\/product"}],"replies":[{"embeddable":true,"href":"https:\/\/hi-techwonder.com\/es\/wp-json\/wp\/v2\/comments?post=73012"}],"wp:featuredmedia":[{"embeddable":true,"href":"https:\/\/hi-techwonder.com\/es\/wp-json\/wp\/v2\/media\/47317"}],"wp:attachment":[{"href":"https:\/\/hi-techwonder.com\/es\/wp-json\/wp\/v2\/media?parent=73012"}],"wp:term":[{"taxonomy":"product_brand","embeddable":true,"href":"https:\/\/hi-techwonder.com\/es\/wp-json\/wp\/v2\/product_brand?post=73012"},{"taxonomy":"product_cat","embeddable":true,"href":"https:\/\/hi-techwonder.com\/es\/wp-json\/wp\/v2\/product_cat?post=73012"},{"taxonomy":"product_tag","embeddable":true,"href":"https:\/\/hi-techwonder.com\/es\/wp-json\/wp\/v2\/product_tag?post=73012"}],"curies":[{"name":"wp","href":"https:\/\/api.w.org\/{rel}","templated":true}]}}