{"id":73013,"date":"2025-07-29T09:18:31","date_gmt":"2025-07-29T09:18:31","guid":{"rendered":"https:\/\/fv6qoy3ls0.wpdns.site\/produto\/kernel-parasol-de-lente-de-petalo-universal-49mm\/"},"modified":"2025-12-23T14:15:05","modified_gmt":"2025-12-23T14:15:05","slug":"kernel-parasol-de-lente-de-petalo-universal-49mm","status":"publish","type":"product","link":"https:\/\/hi-techwonder.com\/es\/producto\/kernel-parasol-de-lente-de-petalo-universal-49mm\/","title":{"rendered":"KERNEL Parasol de lente de p\u00e9talo universal 49mm"},"content":{"rendered":"<p><strong>KERNEL Parasol de lente de p\u00e9talo universal 49mm<\/strong><\/p>\n<p>Parasol en forma de p\u00e9talo con rosca \u00d8 49mm<\/p>\n<p>Todo lo que tienes que hacer es conocer el di\u00e1metro de la lente y atornillarla.<br \/>(ejemplo: \u00d849 mm, \u00d852 mm, \u00d877 mm, etc.)<br \/>Busque este s\u00edmbolo \u00d8 en su lente o tapa de lente.<\/p>\n","protected":false},"excerpt":{"rendered":"<p>KERNEL Parasol de lente de p\u00e9talo universal 49mm Parasol en forma de p\u00e9talo con rosca \u00d8 49mm Todo lo que<\/p>\n","protected":false},"featured_media":47306,"comment_status":"closed","ping_status":"open","template":"","meta":{"_acf_changed":false},"product_brand":[2676],"product_cat":[1039],"product_tag":[],"class_list":{"0":"post-73013","1":"product","2":"type-product","3":"status-publish","4":"has-post-thumbnail","6":"product_brand-kernel-es","7":"product_cat-parasoles","9":"first","10":"instock","11":"taxable","12":"shipping-taxable","13":"purchasable","14":"product-type-simple"},"bundled_by":[],"bundle_stock_status":"instock","bundle_stock_quantity":6,"bundle_virtual":false,"bundle_layout":"","bundle_add_to_cart_form_location":"","bundle_editable_in_cart":false,"bundle_sold_individually_context":"","bundle_item_grouping":"","bundle_min_size":"","bundle_max_size":"","bundle_price":[],"bundled_items":[],"bundle_sell_ids":[],"acf":[],"_links":{"self":[{"href":"https:\/\/hi-techwonder.com\/es\/wp-json\/wp\/v2\/product\/73013","targetHints":{"allow":["GET"]}}],"collection":[{"href":"https:\/\/hi-techwonder.com\/es\/wp-json\/wp\/v2\/product"}],"about":[{"href":"https:\/\/hi-techwonder.com\/es\/wp-json\/wp\/v2\/types\/product"}],"replies":[{"embeddable":true,"href":"https:\/\/hi-techwonder.com\/es\/wp-json\/wp\/v2\/comments?post=73013"}],"wp:featuredmedia":[{"embeddable":true,"href":"https:\/\/hi-techwonder.com\/es\/wp-json\/wp\/v2\/media\/47306"}],"wp:attachment":[{"href":"https:\/\/hi-techwonder.com\/es\/wp-json\/wp\/v2\/media?parent=73013"}],"wp:term":[{"taxonomy":"product_brand","embeddable":true,"href":"https:\/\/hi-techwonder.com\/es\/wp-json\/wp\/v2\/product_brand?post=73013"},{"taxonomy":"product_cat","embeddable":true,"href":"https:\/\/hi-techwonder.com\/es\/wp-json\/wp\/v2\/product_cat?post=73013"},{"taxonomy":"product_tag","embeddable":true,"href":"https:\/\/hi-techwonder.com\/es\/wp-json\/wp\/v2\/product_tag?post=73013"}],"curies":[{"name":"wp","href":"https:\/\/api.w.org\/{rel}","templated":true}]}}