{"id":73015,"date":"2025-07-29T10:31:52","date_gmt":"2025-07-29T10:31:52","guid":{"rendered":"https:\/\/fv6qoy3ls0.wpdns.site\/produto\/mini-tripode-kernel-octopus\/"},"modified":"2026-03-02T17:53:46","modified_gmt":"2026-03-02T17:53:46","slug":"kernel-mini-tripode-kernel-octopus","status":"publish","type":"product","link":"https:\/\/hi-techwonder.com\/es\/producto\/kernel-mini-tripode-kernel-octopus\/","title":{"rendered":"Mini tr\u00edpode KERNEL Octopus"},"content":{"rendered":"<p style=\"margin-bottom: 0cm\"><strong><span style=\"color: #000000\">Funciones:<\/span><\/strong><\/p>\n<ul>\n<li><span style=\"font-size: small\"><span style=\"color: #000000\">Longitud plegada: 30 cm<\/span><\/span><\/li>\n<li><span style=\"font-size: small\"><span style=\"color: #000000\">Altura: 22 cm<\/span><\/span><\/li>\n<li><span style=\"font-size: small\"><span style=\"color: #000000\">Liberaci\u00f3n r\u00e1pida: No<\/span><\/span><\/li>\n<li><span style=\"font-size: small\"><span style=\"color: #000000\">Rosca: 1\/4<\/span><\/span><\/li>\n<li><span style=\"font-size: small\"><span style=\"color: #000000\">Carga m\u00e1xima: 1,2 kg<\/span><\/span><\/li>\n<li><span style=\"font-size: small\"><span style=\"color: #000000\">Nivel de burbuja: No<\/span><\/span><\/li>\n<li><span style=\"font-size: small\"><span style=\"color: #000000\">Material del tr\u00edpode: pl\u00e1stico ABS<\/span><\/span><\/li>\n<li><span style=\"font-size: small\"><span style=\"color: #000000\">Peso del tr\u00edpode: 300 g<\/span><\/span><\/li>\n<\/ul>\n<p style=\"margin-bottom: 0cm\"><span style=\"font-size: small\"><span style=\"color: #000000\">Tr\u00edpode para c\u00e1maras Smartphone, Gopro y DSLR. Flexible, compacta y con una carga m\u00e1xima de hasta 1,2 kg, cada pata se puede plegar libremente y montar en cualquier superficie irregular. El revestimiento flexible del tr\u00edpode cancela la vibraci\u00f3n para darle mayor estabilidad incluso en objetos en movimiento y las patas est\u00e1n recubiertas con una goma especial que evita que se deslice.  <\/span><\/span><\/p>\n<p style=\"margin-bottom: 0cm\"><span style=\"font-size: small\"><span style=\"color: #000000\">&nbsp;<\/span><\/span><\/p>\n<p style=\"margin-bottom: 0cm\"><span style=\"font-size: small\"><span style=\"color: #000000\">Incluye un soporte para smartphone de hasta 5,5&#8221; (el ancho no debe superar los 8,5 cm) que permite disparar en horizontal.<\/span><\/span><\/p>\n","protected":false},"excerpt":{"rendered":"<p>Funciones: Longitud plegada: 30 cm Altura: 22 cm Liberaci\u00f3n r\u00e1pida: No Rosca: 1\/4 Carga m\u00e1xima: 1,2 kg Nivel de burbuja:<\/p>\n","protected":false},"featured_media":64373,"comment_status":"closed","ping_status":"open","template":"","meta":{"_acf_changed":false},"product_brand":[2676],"product_cat":[1090],"product_tag":[],"class_list":{"0":"post-73015","1":"product","2":"type-product","3":"status-publish","4":"has-post-thumbnail","6":"product_brand-kernel-es","7":"product_cat-gorilas-es","9":"first","10":"instock","11":"taxable","12":"shipping-taxable","13":"purchasable","14":"product-type-simple"},"bundled_by":[],"bundle_stock_status":"instock","bundle_stock_quantity":12,"bundle_virtual":false,"bundle_layout":"","bundle_add_to_cart_form_location":"","bundle_editable_in_cart":false,"bundle_sold_individually_context":"","bundle_item_grouping":"","bundle_min_size":"","bundle_max_size":"","bundle_price":[],"bundled_items":[],"bundle_sell_ids":[],"acf":[],"_links":{"self":[{"href":"https:\/\/hi-techwonder.com\/es\/wp-json\/wp\/v2\/product\/73015","targetHints":{"allow":["GET"]}}],"collection":[{"href":"https:\/\/hi-techwonder.com\/es\/wp-json\/wp\/v2\/product"}],"about":[{"href":"https:\/\/hi-techwonder.com\/es\/wp-json\/wp\/v2\/types\/product"}],"replies":[{"embeddable":true,"href":"https:\/\/hi-techwonder.com\/es\/wp-json\/wp\/v2\/comments?post=73015"}],"wp:featuredmedia":[{"embeddable":true,"href":"https:\/\/hi-techwonder.com\/es\/wp-json\/wp\/v2\/media\/64373"}],"wp:attachment":[{"href":"https:\/\/hi-techwonder.com\/es\/wp-json\/wp\/v2\/media?parent=73015"}],"wp:term":[{"taxonomy":"product_brand","embeddable":true,"href":"https:\/\/hi-techwonder.com\/es\/wp-json\/wp\/v2\/product_brand?post=73015"},{"taxonomy":"product_cat","embeddable":true,"href":"https:\/\/hi-techwonder.com\/es\/wp-json\/wp\/v2\/product_cat?post=73015"},{"taxonomy":"product_tag","embeddable":true,"href":"https:\/\/hi-techwonder.com\/es\/wp-json\/wp\/v2\/product_tag?post=73015"}],"curies":[{"name":"wp","href":"https:\/\/api.w.org\/{rel}","templated":true}]}}