{"id":73024,"date":"2025-07-29T09:15:01","date_gmt":"2025-07-29T09:15:01","guid":{"rendered":"https:\/\/fv6qoy3ls0.wpdns.site\/produto\/filtro-kernel-nd8-para-la-serie-cokin-p\/"},"modified":"2026-01-31T02:33:19","modified_gmt":"2026-01-31T02:33:19","slug":"kernel-filtro-kernel-nd8-para-la-serie-cokin-p","status":"publish","type":"product","link":"https:\/\/hi-techwonder.com\/es\/producto\/kernel-filtro-kernel-nd8-para-la-serie-cokin-p\/","title":{"rendered":"Filtro KERNEL ND8 para la serie Cokin P"},"content":{"rendered":"<p><span style=\"font-size: small\">Los filtros ND (densidad neutra) reducen la cantidad de luz que llega a la pel\u00edcula sin afectar el color. Se puede utilizar para permitir velocidades de obturaci\u00f3n m\u00e1s lentas. Tambi\u00e9n se puede usar para separar mejor los sujetos del fondo, lo que permite aperturas m\u00e1s amplias, disminuyendo efectivamente la profundidad de campo. Ideal para retratos y escenas al aire libre.   <\/span><\/p>\n<p> <span style=\"font-size: small\"><br \/>Los filtros ND son una de las formas m\u00e1s baratas y efectivas de mejorar dr\u00e1sticamente tus fotos.<\/span><\/p>\n<p><span style=\"font-size: small\"><br \/><\/span><\/p>\n<p> <span style=\"font-size: small\"><strong>Descripci\u00f3n detallada<\/strong><br \/><\/span><\/p>\n<ul>\n<li> <span style=\"font-size: small\">MATERIAL TAMA\u00d1O COLOR MOQ<\/span><\/li>\n<li> <span style=\"font-size: small\">Vidrio \u00f3ptico negro de 95 mm * 84 mm 200<\/span><\/li>\n<\/ul>\n<p><span style=\"font-size: small\"><br \/><\/span> <\/p>\n<table style=\"background: #f5f5f5 none repeat scroll 0px 0px;border: medium none;margin: 0px;padding: 0px;vertical-align: middle;border-collapse: collapse;border-spacing: 0px;color: #494949;font-size: 14px;font-style: normal;font-weight: normal;letter-spacing: normal;text-align: start;text-indent: 0px;text-transform: none;white-space: normal;width: 660px\" border=\"1\" cellspacing=\"0\" cellpadding=\"3\">\n<tbody style=\"background: 0px 0px;border: 0px;margin: 0px;padding: 0px;vertical-align: baseline\">\n<tr style=\"background: 0px 0px;border: 0px;margin: 0px;padding: 0px;vertical-align: baseline\">\n<td style=\"background: transparent none repeat scroll 0px 0px;border: 0px none;margin: 0px;padding: 5px 10px;vertical-align: baseline;text-align: center\" width=\"180\"> <span style=\"font-size: small\">Clasificaci\u00f3n ND<br \/> ?<\/span> <\/td>\n<td style=\"background: transparent none repeat scroll 0px 0px;border: 0px none;margin: 0px;padding: 5px 10px;vertical-align: baseline;text-align: center\"> <span style=\"font-size: small\">Densidad \u00f3ptica<br \/> ?<\/span> <\/td>\n<td style=\"background: transparent none repeat scroll 0px 0px;border: 0px none;margin: 0px;padding: 5px 10px;vertical-align: baseline;text-align: center\"> <span style=\"font-size: small\">Reducci\u00f3n de F-Stop<br \/> ?<\/span> <\/td>\n<td style=\"background: transparent none repeat scroll 0px 0px;border: 0px none;margin: 0px;padding: 5px 10px;vertical-align: baseline;text-align: center\"> <span style=\"font-size: small\">% de transmisi\u00f3n<br \/> ?<\/span> <\/td>\n<\/tr>\n<tr style=\"background: 0px 0px;border: 0px;margin: 0px;padding: 0px;vertical-align: baseline\">\n<td style=\"background: transparent none repeat scroll 0px 0px;border: 0px none;margin: 0px;padding: 5px 10px;vertical-align: baseline;text-align: center\"><span style=\"font-size: small\">Sin filtro<\/span> <\/td>\n<td style=\"background: transparent none repeat scroll 0px 0px;border: 0px none;margin: 0px;padding: 5px 10px;vertical-align: baseline;text-align: center\"> <span style=\"font-size: small\">0.0<\/span> <\/td>\n<td style=\"background: transparent none repeat scroll 0px 0px;border: 0px none;margin: 0px;padding: 5px 10px;vertical-align: baseline;text-align: center\"> <span style=\"font-size: small\">0<\/span> <\/td>\n<td style=\"background: transparent none repeat scroll 0px 0px;border: 0px none;margin: 0px;padding: 5px 10px;vertical-align: baseline;text-align: center\"> <span style=\"font-size: small\">100%<\/span> <\/td>\n<\/tr>\n<tr style=\"background: 0px 0px;border: 0px;margin: 0px;padding: 0px;vertical-align: baseline\">\n<td style=\"background: transparent none repeat scroll 0px 0px;border: 0px none;margin: 0px;padding: 5px 10px;vertical-align: baseline;text-align: center\"><span style=\"font-size: small\">ND4<\/span> <\/td>\n<td style=\"background: transparent none repeat scroll 0px 0px;border: 0px none;margin: 0px;padding: 5px 10px;vertical-align: baseline;text-align: center\"> <span style=\"font-size: small\">0,6<\/span> <\/td>\n<td style=\"background: transparent none repeat scroll 0px 0px;border: 0px none;margin: 0px;padding: 5px 10px;vertical-align: baseline;text-align: center\"> <span style=\"font-size: small\">2<\/span> <\/td>\n<td style=\"background: transparent none repeat scroll 0px 0px;border: 0px none;margin: 0px;padding: 5px 10px;vertical-align: baseline;text-align: center\"> <span style=\"font-size: small\">25%<\/span> <\/td>\n<\/tr>\n<tr style=\"background: 0px 0px;border: 0px;margin: 0px;padding: 0px;vertical-align: baseline\">\n<td style=\"background: transparent none repeat scroll 0px 0px;border: 0px none;margin: 0px;padding: 5px 10px;vertical-align: baseline;text-align: center\"><span style=\"font-size: small\">ND8<\/span> <\/td>\n<td style=\"background: transparent none repeat scroll 0px 0px;border: 0px none;margin: 0px;padding: 5px 10px;vertical-align: baseline;text-align: center\"> <span style=\"font-size: small\">0,9<\/span> <\/td>\n<td style=\"background: transparent none repeat scroll 0px 0px;border: 0px none;margin: 0px;padding: 5px 10px;vertical-align: baseline;text-align: center\"> <span style=\"font-size: small\">3<\/span> <\/td>\n<td style=\"background: transparent none repeat scroll 0px 0px;border: 0px none;margin: 0px;padding: 5px 10px;vertical-align: baseline;text-align: center\"> <span style=\"font-size: small\">12,5%<\/span> <\/td>\n<\/tr>\n<tr style=\"background: 0px 0px;border: 0px;margin: 0px;padding: 0px;vertical-align: baseline\">\n<td style=\"background: transparent none repeat scroll 0px 0px;border: 0px none;margin: 0px;padding: 5px 10px;vertical-align: baseline;text-align: center\"><span style=\"font-size: small\">ND16<\/span> <\/td>\n<td style=\"background: transparent none repeat scroll 0px 0px;border: 0px none;margin: 0px;padding: 5px 10px;vertical-align: baseline;text-align: center\"> <span style=\"font-size: small\">1,2<\/span> <\/td>\n<td style=\"background: transparent none repeat scroll 0px 0px;border: 0px none;margin: 0px;padding: 5px 10px;vertical-align: baseline;text-align: center\"> <span style=\"font-size: small\">4<\/span> <\/td>\n<td style=\"background: transparent none repeat scroll 0px 0px;border: 0px none;margin: 0px;padding: 5px 10px;vertical-align: baseline;text-align: center\"> <span style=\"font-size: small\">6,25%<\/span><\/td>\n<\/tr>\n<\/tbody>\n<\/table>\n","protected":false},"excerpt":{"rendered":"<p>Los filtros ND (densidad neutra) reducen la cantidad de luz que llega a la pel\u00edcula sin afectar el color. Se<\/p>\n","protected":false},"featured_media":46658,"comment_status":"closed","ping_status":"open","template":"","meta":{"_acf_changed":false},"product_brand":[2676],"product_cat":[1057],"product_tag":[],"class_list":{"0":"post-73024","1":"product","2":"type-product","3":"status-publish","4":"has-post-thumbnail","6":"product_brand-kernel-es","7":"product_cat-filtros-75mm-es","9":"first","10":"instock","11":"taxable","12":"shipping-taxable","13":"purchasable","14":"product-type-simple"},"bundled_by":[],"bundle_stock_status":"instock","bundle_stock_quantity":5,"bundle_virtual":false,"bundle_layout":"","bundle_add_to_cart_form_location":"","bundle_editable_in_cart":false,"bundle_sold_individually_context":"","bundle_item_grouping":"","bundle_min_size":"","bundle_max_size":"","bundle_price":[],"bundled_items":[],"bundle_sell_ids":[],"acf":[],"_links":{"self":[{"href":"https:\/\/hi-techwonder.com\/es\/wp-json\/wp\/v2\/product\/73024","targetHints":{"allow":["GET"]}}],"collection":[{"href":"https:\/\/hi-techwonder.com\/es\/wp-json\/wp\/v2\/product"}],"about":[{"href":"https:\/\/hi-techwonder.com\/es\/wp-json\/wp\/v2\/types\/product"}],"replies":[{"embeddable":true,"href":"https:\/\/hi-techwonder.com\/es\/wp-json\/wp\/v2\/comments?post=73024"}],"wp:featuredmedia":[{"embeddable":true,"href":"https:\/\/hi-techwonder.com\/es\/wp-json\/wp\/v2\/media\/46658"}],"wp:attachment":[{"href":"https:\/\/hi-techwonder.com\/es\/wp-json\/wp\/v2\/media?parent=73024"}],"wp:term":[{"taxonomy":"product_brand","embeddable":true,"href":"https:\/\/hi-techwonder.com\/es\/wp-json\/wp\/v2\/product_brand?post=73024"},{"taxonomy":"product_cat","embeddable":true,"href":"https:\/\/hi-techwonder.com\/es\/wp-json\/wp\/v2\/product_cat?post=73024"},{"taxonomy":"product_tag","embeddable":true,"href":"https:\/\/hi-techwonder.com\/es\/wp-json\/wp\/v2\/product_tag?post=73024"}],"curies":[{"name":"wp","href":"https:\/\/api.w.org\/{rel}","templated":true}]}}