{"id":73027,"date":"2025-07-29T09:10:28","date_gmt":"2025-07-29T09:10:28","guid":{"rendered":"https:\/\/fv6qoy3ls0.wpdns.site\/produto\/filtro-nd-variable-kernel-40mm\/"},"modified":"2026-01-31T02:39:31","modified_gmt":"2026-01-31T02:39:31","slug":"kernel-filtro-nd-variable-kernel-40mm","status":"publish","type":"product","link":"https:\/\/hi-techwonder.com\/es\/producto\/kernel-filtro-nd-variable-kernel-40mm\/","title":{"rendered":"Filtro ND variable KERNEL 40mm"},"content":{"rendered":"<p style=\"text-align: justify\"><span style=\"font-size: small\">Los filtros de densidad neutra se utilizan para reducir la cantidad de luz que llega al sensor de la c\u00e1mara. Permiten reducir la velocidad de obturaci\u00f3n para conseguir el llamado desenfoque de movimiento (cascadas, oc\u00e9ano, nubes&#8230;) y\/o reducir la profundidad de campo en condiciones de mucha luz. Al ser \u00abneutros\u00bb, estos filtros ND no afectan a la reproducci\u00f3n del color. Con el n\u00facleo de densidad neutra variable, los usuarios pueden seleccionar la intensidad de ND2 (1f-stop) a ND400 (8f-stops), simplemente girando el anillo frontal.   <\/span><\/p>\n<p><span style=\"font-size: small\">&nbsp;<\/span><\/p>\n<p style=\"text-align: center\"><img loading=\"lazy\" decoding=\"async\" src=\"https:\/\/niobo.pt\/shop\/images\/cokin\/ND2_ND300_picto.png\" alt=\"\" width=\"581\" height=\"77\"><\/p>\n","protected":false},"excerpt":{"rendered":"<p>Los filtros de densidad neutra se utilizan para reducir la cantidad de luz que llega al sensor de la c\u00e1mara.<\/p>\n","protected":false},"featured_media":45704,"comment_status":"closed","ping_status":"closed","template":"","meta":{"_acf_changed":false},"product_brand":[2676],"product_cat":[1047],"product_tag":[],"class_list":{"0":"post-73027","1":"product","2":"type-product","3":"status-publish","4":"has-post-thumbnail","6":"product_brand-kernel-es","7":"product_cat-densidad-neutra-nd","8":"pa_diametro-40mm","10":"first","11":"instock","12":"taxable","13":"shipping-taxable","14":"purchasable","15":"product-type-simple"},"bundled_by":[],"bundle_stock_status":"instock","bundle_stock_quantity":7,"bundle_virtual":false,"bundle_layout":"","bundle_add_to_cart_form_location":"","bundle_editable_in_cart":false,"bundle_sold_individually_context":"","bundle_item_grouping":"","bundle_min_size":"","bundle_max_size":"","bundle_price":[],"bundled_items":[],"bundle_sell_ids":[],"acf":[],"_links":{"self":[{"href":"https:\/\/hi-techwonder.com\/es\/wp-json\/wp\/v2\/product\/73027","targetHints":{"allow":["GET"]}}],"collection":[{"href":"https:\/\/hi-techwonder.com\/es\/wp-json\/wp\/v2\/product"}],"about":[{"href":"https:\/\/hi-techwonder.com\/es\/wp-json\/wp\/v2\/types\/product"}],"replies":[{"embeddable":true,"href":"https:\/\/hi-techwonder.com\/es\/wp-json\/wp\/v2\/comments?post=73027"}],"wp:featuredmedia":[{"embeddable":true,"href":"https:\/\/hi-techwonder.com\/es\/wp-json\/wp\/v2\/media\/45704"}],"wp:attachment":[{"href":"https:\/\/hi-techwonder.com\/es\/wp-json\/wp\/v2\/media?parent=73027"}],"wp:term":[{"taxonomy":"product_brand","embeddable":true,"href":"https:\/\/hi-techwonder.com\/es\/wp-json\/wp\/v2\/product_brand?post=73027"},{"taxonomy":"product_cat","embeddable":true,"href":"https:\/\/hi-techwonder.com\/es\/wp-json\/wp\/v2\/product_cat?post=73027"},{"taxonomy":"product_tag","embeddable":true,"href":"https:\/\/hi-techwonder.com\/es\/wp-json\/wp\/v2\/product_tag?post=73027"}],"curies":[{"name":"wp","href":"https:\/\/api.w.org\/{rel}","templated":true}]}}