{"id":73029,"date":"2025-07-29T09:11:52","date_gmt":"2025-07-29T09:11:52","guid":{"rendered":"https:\/\/fv6qoy3ls0.wpdns.site\/produto\/filtro-macro-kernel-4-52mm\/"},"modified":"2026-01-31T02:38:16","modified_gmt":"2026-01-31T02:38:16","slug":"kernel-filtro-macro-kernel-4-52mm","status":"publish","type":"product","link":"https:\/\/hi-techwonder.com\/es\/producto\/kernel-filtro-macro-kernel-4-52mm\/","title":{"rendered":"Filtro macro KERNEL +4 52mm"},"content":{"rendered":"<p><span style=\"font-size: small\"><span style=\"font-style: normal;font-variant: normal;font-weight: normal;letter-spacing: normal;line-height: normal;text-align: justify;text-indent: 0px;text-transform: none;white-space: normal;display: inline ! important;float: none\">Obt\u00e9n resultados similares a los de un macro con casi cualquier lente de c\u00e1mara con la que lo emparejes. Las lentes de primer plano son lupas que disminuyen \u00f3pticamente la distancia focal de la lente de la c\u00e1mara en la que se coloca. Este efecto disminuye la distancia m\u00ednima de enfoque entre la lente de la c\u00e1mara y un objeto. El aumento se puede lograr al fotografiar un objeto acercando la parte frontal de la lente de la c\u00e1mara a \u00e9l.   <\/span><\/span><\/p>\n","protected":false},"excerpt":{"rendered":"<p>Obt\u00e9n resultados similares a los de un macro con casi cualquier lente de c\u00e1mara con la que lo emparejes. Las<\/p>\n","protected":false},"featured_media":46004,"comment_status":"closed","ping_status":"closed","template":"","meta":{"_acf_changed":false},"product_brand":[2676],"product_cat":[1050],"product_tag":[],"class_list":{"0":"post-73029","1":"product","2":"type-product","3":"status-publish","4":"has-post-thumbnail","6":"product_brand-kernel-es","7":"product_cat-otros-filtros-circulares","8":"pa_diametro-52mm-es","10":"first","11":"instock","12":"taxable","13":"shipping-taxable","14":"purchasable","15":"product-type-simple"},"bundled_by":[],"bundle_stock_status":"instock","bundle_stock_quantity":3,"bundle_virtual":false,"bundle_layout":"","bundle_add_to_cart_form_location":"","bundle_editable_in_cart":false,"bundle_sold_individually_context":"","bundle_item_grouping":"","bundle_min_size":"","bundle_max_size":"","bundle_price":[],"bundled_items":[],"bundle_sell_ids":[],"acf":[],"_links":{"self":[{"href":"https:\/\/hi-techwonder.com\/es\/wp-json\/wp\/v2\/product\/73029","targetHints":{"allow":["GET"]}}],"collection":[{"href":"https:\/\/hi-techwonder.com\/es\/wp-json\/wp\/v2\/product"}],"about":[{"href":"https:\/\/hi-techwonder.com\/es\/wp-json\/wp\/v2\/types\/product"}],"replies":[{"embeddable":true,"href":"https:\/\/hi-techwonder.com\/es\/wp-json\/wp\/v2\/comments?post=73029"}],"wp:featuredmedia":[{"embeddable":true,"href":"https:\/\/hi-techwonder.com\/es\/wp-json\/wp\/v2\/media\/46004"}],"wp:attachment":[{"href":"https:\/\/hi-techwonder.com\/es\/wp-json\/wp\/v2\/media?parent=73029"}],"wp:term":[{"taxonomy":"product_brand","embeddable":true,"href":"https:\/\/hi-techwonder.com\/es\/wp-json\/wp\/v2\/product_brand?post=73029"},{"taxonomy":"product_cat","embeddable":true,"href":"https:\/\/hi-techwonder.com\/es\/wp-json\/wp\/v2\/product_cat?post=73029"},{"taxonomy":"product_tag","embeddable":true,"href":"https:\/\/hi-techwonder.com\/es\/wp-json\/wp\/v2\/product_tag?post=73029"}],"curies":[{"name":"wp","href":"https:\/\/api.w.org\/{rel}","templated":true}]}}