{"id":73030,"date":"2025-07-29T09:08:13","date_gmt":"2025-07-29T09:08:13","guid":{"rendered":"https:\/\/fv6qoy3ls0.wpdns.site\/produto\/filtro-polarizador-kernel-46mm\/"},"modified":"2026-01-31T02:41:44","modified_gmt":"2026-01-31T02:41:44","slug":"kernel-filtro-polarizador-kernel-46mm","status":"publish","type":"product","link":"https:\/\/hi-techwonder.com\/es\/producto\/kernel-filtro-polarizador-kernel-46mm\/","title":{"rendered":"Filtro polarizador KERNEL 46mm"},"content":{"rendered":"<p style=\"text-align: justify\"><span style=\"font-size: small\">Un filtro polarizador solo permite que la luz polarizada pase en una direcci\u00f3n espec\u00edfica, lo que nos permite eliminar los reflejos de las superficies no met\u00e1licas (vidrio y agua), el deslumbramiento y ver la imagen de forma natural. Tambi\u00e9n aumenta la saturaci\u00f3n del color y mejora el contraste. &nbsp;<\/span><\/p>\n<p style=\"text-align: justify\"><span style=\"font-family: verdana,geneva\">&nbsp;<\/span><\/p>\n","protected":false},"excerpt":{"rendered":"<p>Un filtro polarizador solo permite que la luz polarizada pase en una direcci\u00f3n espec\u00edfica, lo que nos permite eliminar los<\/p>\n","protected":false},"featured_media":45259,"comment_status":"closed","ping_status":"closed","template":"","meta":{"_acf_changed":false},"product_brand":[2676],"product_cat":[1051],"product_tag":[],"class_list":{"0":"post-73030","1":"product","2":"type-product","3":"status-publish","4":"has-post-thumbnail","6":"product_brand-kernel-es","7":"product_cat-polarizadores-es","8":"pa_diametro-46mm-es","10":"first","11":"instock","12":"taxable","13":"shipping-taxable","14":"purchasable","15":"product-type-simple"},"bundled_by":[],"bundle_stock_status":"instock","bundle_stock_quantity":4,"bundle_virtual":false,"bundle_layout":"","bundle_add_to_cart_form_location":"","bundle_editable_in_cart":false,"bundle_sold_individually_context":"","bundle_item_grouping":"","bundle_min_size":"","bundle_max_size":"","bundle_price":[],"bundled_items":[],"bundle_sell_ids":[],"acf":[],"_links":{"self":[{"href":"https:\/\/hi-techwonder.com\/es\/wp-json\/wp\/v2\/product\/73030","targetHints":{"allow":["GET"]}}],"collection":[{"href":"https:\/\/hi-techwonder.com\/es\/wp-json\/wp\/v2\/product"}],"about":[{"href":"https:\/\/hi-techwonder.com\/es\/wp-json\/wp\/v2\/types\/product"}],"replies":[{"embeddable":true,"href":"https:\/\/hi-techwonder.com\/es\/wp-json\/wp\/v2\/comments?post=73030"}],"wp:featuredmedia":[{"embeddable":true,"href":"https:\/\/hi-techwonder.com\/es\/wp-json\/wp\/v2\/media\/45259"}],"wp:attachment":[{"href":"https:\/\/hi-techwonder.com\/es\/wp-json\/wp\/v2\/media?parent=73030"}],"wp:term":[{"taxonomy":"product_brand","embeddable":true,"href":"https:\/\/hi-techwonder.com\/es\/wp-json\/wp\/v2\/product_brand?post=73030"},{"taxonomy":"product_cat","embeddable":true,"href":"https:\/\/hi-techwonder.com\/es\/wp-json\/wp\/v2\/product_cat?post=73030"},{"taxonomy":"product_tag","embeddable":true,"href":"https:\/\/hi-techwonder.com\/es\/wp-json\/wp\/v2\/product_tag?post=73030"}],"curies":[{"name":"wp","href":"https:\/\/api.w.org\/{rel}","templated":true}]}}