{"id":73031,"date":"2025-07-29T09:11:43","date_gmt":"2025-07-29T09:11:43","guid":{"rendered":"https:\/\/fv6qoy3ls0.wpdns.site\/produto\/filtro-graduado-naranja-kernel-72mm\/"},"modified":"2026-01-31T02:38:38","modified_gmt":"2026-01-31T02:38:38","slug":"kernel-filtro-graduado-naranja-kernel-72mm","status":"publish","type":"product","link":"https:\/\/hi-techwonder.com\/es\/producto\/kernel-filtro-graduado-naranja-kernel-72mm\/","title":{"rendered":"Filtro graduado naranja KERNEL 72mm"},"content":{"rendered":"<p style=\"text-align: justify\"><span style=\"font-size: small\">El filtro Orange Graduated ND Kernel mejora la tonalidad de escenarios como la puesta de sol o el cielo tormentoso. La rotaci\u00f3n del filtro permite utilizar el efecto en cualquier situaci\u00f3n, para crear una armon\u00eda de luz en la escena. El filtro est\u00e1 roscado para permitir la instalaci\u00f3n de otros accesorios.  <\/span><\/p>\n","protected":false},"excerpt":{"rendered":"<p>El filtro Orange Graduated ND Kernel mejora la tonalidad de escenarios como la puesta de sol o el cielo tormentoso.<\/p>\n","protected":false},"featured_media":45983,"comment_status":"closed","ping_status":"closed","template":"","meta":{"_acf_changed":false},"product_brand":[2676],"product_cat":[1050],"product_tag":[],"class_list":{"0":"post-73031","1":"product","2":"type-product","3":"status-publish","4":"has-post-thumbnail","6":"product_brand-kernel-es","7":"product_cat-otros-filtros-circulares","8":"pa_diametro-72mm-es","10":"first","11":"instock","12":"taxable","13":"shipping-taxable","14":"purchasable","15":"product-type-simple"},"bundled_by":[],"bundle_stock_status":"instock","bundle_stock_quantity":3,"bundle_virtual":false,"bundle_layout":"","bundle_add_to_cart_form_location":"","bundle_editable_in_cart":false,"bundle_sold_individually_context":"","bundle_item_grouping":"","bundle_min_size":"","bundle_max_size":"","bundle_price":[],"bundled_items":[],"bundle_sell_ids":[],"acf":[],"_links":{"self":[{"href":"https:\/\/hi-techwonder.com\/es\/wp-json\/wp\/v2\/product\/73031","targetHints":{"allow":["GET"]}}],"collection":[{"href":"https:\/\/hi-techwonder.com\/es\/wp-json\/wp\/v2\/product"}],"about":[{"href":"https:\/\/hi-techwonder.com\/es\/wp-json\/wp\/v2\/types\/product"}],"replies":[{"embeddable":true,"href":"https:\/\/hi-techwonder.com\/es\/wp-json\/wp\/v2\/comments?post=73031"}],"wp:featuredmedia":[{"embeddable":true,"href":"https:\/\/hi-techwonder.com\/es\/wp-json\/wp\/v2\/media\/45983"}],"wp:attachment":[{"href":"https:\/\/hi-techwonder.com\/es\/wp-json\/wp\/v2\/media?parent=73031"}],"wp:term":[{"taxonomy":"product_brand","embeddable":true,"href":"https:\/\/hi-techwonder.com\/es\/wp-json\/wp\/v2\/product_brand?post=73031"},{"taxonomy":"product_cat","embeddable":true,"href":"https:\/\/hi-techwonder.com\/es\/wp-json\/wp\/v2\/product_cat?post=73031"},{"taxonomy":"product_tag","embeddable":true,"href":"https:\/\/hi-techwonder.com\/es\/wp-json\/wp\/v2\/product_tag?post=73031"}],"curies":[{"name":"wp","href":"https:\/\/api.w.org\/{rel}","templated":true}]}}