{"id":73044,"date":"2025-07-28T23:44:03","date_gmt":"2025-07-28T23:44:03","guid":{"rendered":"https:\/\/fv6qoy3ls0.wpdns.site\/produto\/kodak-ultra-max-roll-135-36-paquete-de-3\/"},"modified":"2026-05-06T12:44:52","modified_gmt":"2026-05-06T11:44:52","slug":"kodak-ultra-max-roll-135-36-paquete-de-3","status":"publish","type":"product","link":"https:\/\/hi-techwonder.com\/es\/producto\/kodak-ultra-max-roll-135-36-paquete-de-3\/","title":{"rendered":"KODAK Ultra Max Roll &#8211; 135\/36 &#8211; Paquete de 3"},"content":{"rendered":"<p><span style=\"font-size: medium;\"><span style=\"color: #000000;\">Esta es una pel\u00edcula negativa en color de alta velocidad que equilibra la luz y ofrece una amplia latitud de exposici\u00f3n para una mayor versatilidad, as\u00ed como una estructura de grano fino con colores consistentes y precisos. La reproducci\u00f3n de tonos de piel optimizados hace que esta pel\u00edcula sea adecuada para retratos. Tiene una sensibilidad nominal de ISO 400\/27\u00b0 y es adecuado tanto para escaneo como para ampliaciones.  <br style=\"box-sizing: border-box; color: #666666; font-family: 'Open Sans', serif; font-size: 12px;\"><br style=\"box-sizing: border-box; color: #666666; font-family: 'Open Sans', serif; font-size: 12px;\"><strong><span style=\"text-decoration: underline;\">Contenido del paquete:<\/strong><\/span><\/span><\/span><\/p>\n<ul>\n<li><span style=\"color: #000000;\">3x Rodillos Kodak UltraMax 400 &#8211; 135\/36<\/span><\/li>\n<\/ul>\n","protected":false},"excerpt":{"rendered":"<p>Esta es una pel\u00edcula negativa en color de alta velocidad que equilibra la luz y ofrece una amplia latitud de<\/p>\n","protected":false},"featured_media":26889,"comment_status":"closed","ping_status":"open","template":"","meta":{"_acf_changed":false},"product_brand":[2559],"product_cat":[883],"product_tag":[],"class_list":{"0":"post-73044","1":"product","2":"type-product","3":"status-publish","4":"has-post-thumbnail","6":"product_brand-kodak-es","7":"product_cat-35mm-es","9":"first","10":"instock","11":"taxable","12":"shipping-taxable","13":"purchasable","14":"product-type-simple"},"bundled_by":[],"bundle_stock_status":"instock","bundle_stock_quantity":5,"bundle_virtual":false,"bundle_layout":"","bundle_add_to_cart_form_location":"","bundle_editable_in_cart":false,"bundle_sold_individually_context":"","bundle_item_grouping":"","bundle_min_size":"","bundle_max_size":"","bundle_price":[],"bundled_items":[],"bundle_sell_ids":[],"acf":[],"_links":{"self":[{"href":"https:\/\/hi-techwonder.com\/es\/wp-json\/wp\/v2\/product\/73044","targetHints":{"allow":["GET"]}}],"collection":[{"href":"https:\/\/hi-techwonder.com\/es\/wp-json\/wp\/v2\/product"}],"about":[{"href":"https:\/\/hi-techwonder.com\/es\/wp-json\/wp\/v2\/types\/product"}],"replies":[{"embeddable":true,"href":"https:\/\/hi-techwonder.com\/es\/wp-json\/wp\/v2\/comments?post=73044"}],"wp:featuredmedia":[{"embeddable":true,"href":"https:\/\/hi-techwonder.com\/es\/wp-json\/wp\/v2\/media\/26889"}],"wp:attachment":[{"href":"https:\/\/hi-techwonder.com\/es\/wp-json\/wp\/v2\/media?parent=73044"}],"wp:term":[{"taxonomy":"product_brand","embeddable":true,"href":"https:\/\/hi-techwonder.com\/es\/wp-json\/wp\/v2\/product_brand?post=73044"},{"taxonomy":"product_cat","embeddable":true,"href":"https:\/\/hi-techwonder.com\/es\/wp-json\/wp\/v2\/product_cat?post=73044"},{"taxonomy":"product_tag","embeddable":true,"href":"https:\/\/hi-techwonder.com\/es\/wp-json\/wp\/v2\/product_tag?post=73044"}],"curies":[{"name":"wp","href":"https:\/\/api.w.org\/{rel}","templated":true}]}}