{"id":73045,"date":"2025-07-28T23:44:27","date_gmt":"2025-07-28T23:44:27","guid":{"rendered":"https:\/\/fv6qoy3ls0.wpdns.site\/produto\/rollo-de-oro-kodak-200-120\/"},"modified":"2026-05-06T12:43:05","modified_gmt":"2026-05-06T11:43:05","slug":"kodak-rollo-de-oro-kodak-200-120","status":"publish","type":"product","link":"https:\/\/hi-techwonder.com\/es\/producto\/kodak-rollo-de-oro-kodak-200-120\/","title":{"rendered":"Rollo de oro KODAK 200 &#8211; 120"},"content":{"rendered":"<p>Kodak Professional Gold 200 es una pel\u00edcula negativa en color de velocidad media, con equilibrio de luz diurna que ofrece una combinaci\u00f3n vers\u00e1til de saturaci\u00f3n de color vivo, grano fino y alta nitidez de imagen. Tiene una sensibilidad nominal de ISO 200\/24\u00b0 junto con una amplia latitud de exposici\u00f3n para exponer hasta dos pasos por debajo o tres pasos para permitir trabajar en una amplia variedad de condiciones de iluminaci\u00f3n. Adem\u00e1s, debido a la estructura de grano fino, esta pel\u00edcula es adecuada para escanear o ampliar sus fotos.  <\/p>\n<p><strong>Caracter\u00edsticas principales<\/strong><\/p>\n<ul>\n<li>Pel\u00edcula negativa en color con balance de luz diurna<\/li>\n<li>ISO 200\/24\u00b0 en proceso C-41<\/li>\n<li>Grano fino y alta nitidez<\/li>\n<li>Latitud de exposici\u00f3n amplia<\/li>\n<li>Saturaci\u00f3n de color rica<\/li>\n<\/ul>\n<p>Kodak Professional Gold 200 es una pel\u00edcula negativa en color de velocidad media con balance de luz diurna que ofrece una combinaci\u00f3n vers\u00e1til de saturaci\u00f3n de color vivo, grano fino y alta nitidez de imagen. Tiene una sensibilidad nominal de ISO 200\/24\u00b0 junto con una amplia latitud de exposici\u00f3n para exponer hasta dos pasos por debajo o tres pasos por encima para permitir trabajar en una amplia variedad de condiciones de iluminaci\u00f3n. Adem\u00e1s, debido a la estructura de grano fino, esta pel\u00edcula es muy adecuada para escanear o ampliar sus fotograf\u00edas.  <\/p>\n<div class=\"title_vdXF96s7fO\" style=\"padding: 2.8125rem 0px;text-transform: capitalize;font-family: OpenSans, 'Segoe UI', Helvetica, Roboto, Arial, sans-serif;font-size: 16px;background-color: #ffffff\">\n<h2 class=\"text_v_wGSQBcdt comfy_v_wGSQBcdt sizeTitle1_v_wGSQBcdt weightNormal_v_wGSQBcdt primary_aEALyqkgyT\" style=\"margin: 0px;font-size: 2rem;font-weight: 400;line-height: 2.5rem\" data-selenium=\"specsItemTitle\">Kodak Gold 200 Professional Ficha Tecnica<\/h2>\n<\/div>\n<div class=\"group_3sxa25I0gg\" style=\"margin-bottom: 2.1875rem;font-family: OpenSans, 'Segoe UI', Helvetica, Roboto, Arial, sans-serif;font-size: 16px;background-color: #ffffff\">\n<table class=\"table_3sxa25I0gg\" style=\"width: 981.75px\" data-selenium=\"specsItemGroupTable\">\n<tbody>\n<tr class=\"pair_3sxa25I0gg\" style=\"border-bottom: 0.0625rem solid #e7e7e7\" data-selenium=\"specsItemGroupTableRow\">\n<td class=\"label_3sxa25I0gg firstSpecWhenNoGroupName_3sxa25I0gg\" style=\"border-top: none;padding: 0px 0px 1.25rem;width: 373.062px;color: #666666;font-size: 1.125rem;line-height: 1.375rem;vertical-align: baseline\" data-selenium=\"specsItemGroupTableColumnLabel\">Formato de<\/td>\n<p> pel\u00edcula<\/p>\n<td class=\"value_3sxa25I0gg firstSpecWhenNoGroupName_3sxa25I0gg\" style=\"color: #666666;font-size: 1.125rem;line-height: 1.375rem;vertical-align: baseline;padding: 0px 0px 1.25rem 2.5rem\" data-selenium=\"specsItemGroupTableColumnValue\">120<\/td>\n<\/tr>\n<tr class=\"pair_3sxa25I0gg\" style=\"border-bottom: 0.0625rem solid #e7e7e7\" data-selenium=\"specsItemGroupTableRow\">\n<td class=\"label_3sxa25I0gg\" style=\"border-top: none;padding: 1.25rem 0px;width: 373.062px;color: #666666;font-size: 1.125rem;line-height: 1.375rem;vertical-align: baseline\" data-selenium=\"specsItemGroupTableColumnLabel\">Tipo de<\/td>\n<p> pel\u00edcula<\/p>\n<td class=\"value_3sxa25I0gg\" style=\"color: #666666;font-size: 1.125rem;line-height: 1.375rem;vertical-align: baseline;padding: 1.25rem 0px 1.25rem 2.5rem\" data-selenium=\"specsItemGroupTableColumnValue\">Color negativo<\/td>\n<\/tr>\n<tr class=\"pair_3sxa25I0gg\" style=\"border-bottom: 0.0625rem solid #e7e7e7\" data-selenium=\"specsItemGroupTableRow\">\n<td class=\"label_3sxa25I0gg\" style=\"border-top: none;padding: 1.25rem 0px;width: 373.062px;color: #666666;font-size: 1.125rem;line-height: 1.375rem;vertical-align: baseline\" data-selenium=\"specsItemGroupTableColumnLabel\">Velocidad de<\/td>\n<p> la pel\u00edcula<\/p>\n<td class=\"value_3sxa25I0gg\" style=\"color: #666666;font-size: 1.125rem;line-height: 1.375rem;vertical-align: baseline;padding: 1.25rem 0px 1.25rem 2.5rem\" data-selenium=\"specsItemGroupTableColumnValue\">ISO 200<\/td>\n<\/tr>\n<tr class=\"pair_3sxa25I0gg\" style=\"border-bottom: 0.0625rem solid #e7e7e7\" data-selenium=\"specsItemGroupTableRow\">\n<td class=\"label_3sxa25I0gg\" style=\"border-top: none;padding: 1.25rem 0px;width: 373.062px;color: #666666;font-size: 1.125rem;line-height: 1.375rem;vertical-align: baseline\" data-selenium=\"specsItemGroupTableColumnLabel\">Balance de<\/td>\n<p> color<\/p>\n<td class=\"value_3sxa25I0gg\" style=\"color: #666666;font-size: 1.125rem;line-height: 1.375rem;vertical-align: baseline;padding: 1.25rem 0px 1.25rem 2.5rem\" data-selenium=\"specsItemGroupTableColumnValue\">Luz del d\u00eda<\/td>\n<\/tr>\n<tr class=\"pair_3sxa25I0gg\" style=\"border-bottom: 0.0625rem solid #e7e7e7\" data-selenium=\"specsItemGroupTableRow\">\n<td class=\"label_3sxa25I0gg\" style=\"border-top: none;padding: 1.25rem 0px;width: 373.062px;color: #666666;font-size: 1.125rem;line-height: 1.375rem;vertical-align: baseline\" data-selenium=\"specsItemGroupTableColumnLabel\">Procesamiento de<\/td>\n<p> pel\u00edculas<\/p>\n<td class=\"value_3sxa25I0gg\" style=\"color: #666666;font-size: 1.125rem;line-height: 1.375rem;vertical-align: baseline;padding: 1.25rem 0px 1.25rem 2.5rem\" data-selenium=\"specsItemGroupTableColumnValue\">C-41<\/td>\n<\/tr>\n<tr class=\"pair_3sxa25I0gg\" style=\"border-bottom: 0.0625rem solid #e7e7e7\" data-selenium=\"specsItemGroupTableRow\">\n<td class=\"label_3sxa25I0gg\" style=\"border-top: none;padding: 1.25rem 0px;width: 373.062px;color: #666666;font-size: 1.125rem;line-height: 1.375rem;vertical-align: baseline\" data-selenium=\"specsItemGroupTableColumnLabel\">Base<\/td>\n<p> de pel\u00edcula<\/p>\n<td class=\"value_3sxa25I0gg\" style=\"color: #666666;font-size: 1.125rem;line-height: 1.375rem;vertical-align: baseline;padding: 1.25rem 0px 1.25rem 2.5rem\" data-selenium=\"specsItemGroupTableColumnValue\">SER<\/td>\n<\/tr>\n<tr class=\"pair_3sxa25I0gg\" style=\"border-bottom: 0.0625rem solid #e7e7e7\" data-selenium=\"specsItemGroupTableRow\">\n<td class=\"label_3sxa25I0gg\" style=\"border-top: none;padding: 1.25rem 0px;width: 373.062px;color: #666666;font-size: 1.125rem;line-height: 1.375rem;vertical-align: baseline\" data-selenium=\"specsItemGroupTableColumnLabel\">N\u00famero de rollos<\/td>\n<td class=\"value_3sxa25I0gg\" style=\"color: #666666;font-size: 1.125rem;line-height: 1.375rem;vertical-align: baseline;padding: 1.25rem 0px 1.25rem 2.5rem\" data-selenium=\"specsItemGroupTableColumnValue\">5<\/td>\n<\/tr>\n<tr class=\"pair_3sxa25I0gg\" style=\"border-bottom: 0.0625rem solid #e7e7e7\" data-selenium=\"specsItemGroupTableRow\">\n<td class=\"label_3sxa25I0gg\" style=\"border-top: none;padding: 1.25rem 0px;width: 373.062px;color: #666666;font-size: 1.125rem;line-height: 1.375rem;vertical-align: baseline\" data-selenium=\"specsItemGroupTableColumnLabel\">Espesor de<\/td>\n<p> capa<\/p>\n<td class=\"value_3sxa25I0gg\" style=\"color: #666666;font-size: 1.125rem;line-height: 1.375rem;vertical-align: baseline;padding: 1.25rem 0px 1.25rem 2.5rem\" data-selenium=\"specsItemGroupTableColumnValue\">100,0 \u03bcm<\/td>\n<\/tr>\n<\/tbody>\n<\/table>\n<\/div>\n","protected":false},"excerpt":{"rendered":"<p>Kodak Professional Gold 200 es una pel\u00edcula negativa en color de velocidad media, con equilibrio de luz diurna que ofrece<\/p>\n","protected":false},"featured_media":26986,"comment_status":"closed","ping_status":"open","template":"","meta":{"_acf_changed":false},"product_brand":[2559],"product_cat":[884],"product_tag":[],"class_list":{"0":"post-73045","1":"product","2":"type-product","3":"status-publish","4":"has-post-thumbnail","6":"product_brand-kodak-es","7":"product_cat-120mm-es","9":"first","10":"instock","11":"taxable","12":"shipping-taxable","13":"purchasable","14":"product-type-simple"},"bundled_by":[],"bundle_stock_status":"instock","bundle_stock_quantity":5,"bundle_virtual":false,"bundle_layout":"","bundle_add_to_cart_form_location":"","bundle_editable_in_cart":false,"bundle_sold_individually_context":"","bundle_item_grouping":"","bundle_min_size":"","bundle_max_size":"","bundle_price":[],"bundled_items":[],"bundle_sell_ids":[],"acf":[],"_links":{"self":[{"href":"https:\/\/hi-techwonder.com\/es\/wp-json\/wp\/v2\/product\/73045","targetHints":{"allow":["GET"]}}],"collection":[{"href":"https:\/\/hi-techwonder.com\/es\/wp-json\/wp\/v2\/product"}],"about":[{"href":"https:\/\/hi-techwonder.com\/es\/wp-json\/wp\/v2\/types\/product"}],"replies":[{"embeddable":true,"href":"https:\/\/hi-techwonder.com\/es\/wp-json\/wp\/v2\/comments?post=73045"}],"wp:featuredmedia":[{"embeddable":true,"href":"https:\/\/hi-techwonder.com\/es\/wp-json\/wp\/v2\/media\/26986"}],"wp:attachment":[{"href":"https:\/\/hi-techwonder.com\/es\/wp-json\/wp\/v2\/media?parent=73045"}],"wp:term":[{"taxonomy":"product_brand","embeddable":true,"href":"https:\/\/hi-techwonder.com\/es\/wp-json\/wp\/v2\/product_brand?post=73045"},{"taxonomy":"product_cat","embeddable":true,"href":"https:\/\/hi-techwonder.com\/es\/wp-json\/wp\/v2\/product_cat?post=73045"},{"taxonomy":"product_tag","embeddable":true,"href":"https:\/\/hi-techwonder.com\/es\/wp-json\/wp\/v2\/product_tag?post=73045"}],"curies":[{"name":"wp","href":"https:\/\/api.w.org\/{rel}","templated":true}]}}