{"id":73052,"date":"2025-07-28T23:43:59","date_gmt":"2025-07-28T23:43:59","guid":{"rendered":"https:\/\/fv6qoy3ls0.wpdns.site\/produto\/kodak-colorplus-200-rollo-135-36\/"},"modified":"2026-04-15T18:16:08","modified_gmt":"2026-04-15T17:16:08","slug":"kodak-colorplus-200-rollo-135-36","status":"publish","type":"product","link":"https:\/\/hi-techwonder.com\/es\/producto\/kodak-colorplus-200-rollo-135-36\/","title":{"rendered":"KODAK ColorPlus 200 Rollo &#8211; 135\/36"},"content":{"rendered":"<p>La pel\u00edcula Kodak 200 es una pel\u00edcula negativa en color que ofrece la mejor combinaci\u00f3n de saturaci\u00f3n de color, precisi\u00f3n de color y nitidez a ISO 200.<\/p>\n<p><span style=\"color: #000000;\">Est\u00e1 dise\u00f1ado para situaciones generales de disparo a la luz del d\u00eda. Tambi\u00e9n puede exponer la pel\u00edcula a la iluminaci\u00f3n de tungsteno (3200 K) con filtros. <br \/>Cuenta con precisi\u00f3n de color y saturaci\u00f3n y alta nitidez y resoluci\u00f3n. Tiene una amplia latitud de exposici\u00f3n de 2 a 3 pasos. <\/p>\n<p><strong>Excelente consistencia<\/strong><br \/>Excelente robustez de procesamiento<\/p>\n<p><strong>Alta nitidez y alta resoluci\u00f3n<\/strong><br \/>Excelentes resultados para fotograf\u00eda de uso general<br \/>Ideal para extensiones.<\/p>\n<p><strong>Versatilidad de visualizaci\u00f3n<\/strong><br \/>Dise\u00f1ado para la exposici\u00f3n a la luz del d\u00eda y al flash<\/p>\n<p><strong>Contenido del paquete:<\/strong><br \/><\/span><\/p>\n<ul>\n<li><span style=\"color: #000000;\">1x Kodak ColorPlus 200 Rollo &#8211; 135\/36<\/span><\/li>\n<\/ul>\n","protected":false},"excerpt":{"rendered":"<p>La pel\u00edcula Kodak 200 es una pel\u00edcula negativa en color que ofrece la mejor combinaci\u00f3n de saturaci\u00f3n de color, precisi\u00f3n<\/p>\n","protected":false},"featured_media":26868,"comment_status":"closed","ping_status":"open","template":"","meta":{"_acf_changed":false},"product_brand":[2559],"product_cat":[883],"product_tag":[],"class_list":{"0":"post-73052","1":"product","2":"type-product","3":"status-publish","4":"has-post-thumbnail","6":"product_brand-kodak-es","7":"product_cat-35mm-es","9":"first","10":"instock","11":"taxable","12":"shipping-taxable","13":"purchasable","14":"product-type-simple"},"bundled_by":[],"bundle_stock_status":"instock","bundle_stock_quantity":16,"bundle_virtual":false,"bundle_layout":"","bundle_add_to_cart_form_location":"","bundle_editable_in_cart":false,"bundle_sold_individually_context":"","bundle_item_grouping":"","bundle_min_size":"","bundle_max_size":"","bundle_price":[],"bundled_items":[],"bundle_sell_ids":[],"acf":[],"_links":{"self":[{"href":"https:\/\/hi-techwonder.com\/es\/wp-json\/wp\/v2\/product\/73052","targetHints":{"allow":["GET"]}}],"collection":[{"href":"https:\/\/hi-techwonder.com\/es\/wp-json\/wp\/v2\/product"}],"about":[{"href":"https:\/\/hi-techwonder.com\/es\/wp-json\/wp\/v2\/types\/product"}],"replies":[{"embeddable":true,"href":"https:\/\/hi-techwonder.com\/es\/wp-json\/wp\/v2\/comments?post=73052"}],"wp:featuredmedia":[{"embeddable":true,"href":"https:\/\/hi-techwonder.com\/es\/wp-json\/wp\/v2\/media\/26868"}],"wp:attachment":[{"href":"https:\/\/hi-techwonder.com\/es\/wp-json\/wp\/v2\/media?parent=73052"}],"wp:term":[{"taxonomy":"product_brand","embeddable":true,"href":"https:\/\/hi-techwonder.com\/es\/wp-json\/wp\/v2\/product_brand?post=73052"},{"taxonomy":"product_cat","embeddable":true,"href":"https:\/\/hi-techwonder.com\/es\/wp-json\/wp\/v2\/product_cat?post=73052"},{"taxonomy":"product_tag","embeddable":true,"href":"https:\/\/hi-techwonder.com\/es\/wp-json\/wp\/v2\/product_tag?post=73052"}],"curies":[{"name":"wp","href":"https:\/\/api.w.org\/{rel}","templated":true}]}}