{"id":73062,"date":"2025-07-28T23:44:03","date_gmt":"2025-07-28T23:44:03","guid":{"rendered":"https:\/\/fv6qoy3ls0.wpdns.site\/produto\/kodak-gold-200-135-36-paquete-de-3-rollos\/"},"modified":"2026-05-06T12:43:04","modified_gmt":"2026-05-06T11:43:04","slug":"kodak-gold-200-135-36-paquete-de-3-rollos","status":"publish","type":"product","link":"https:\/\/hi-techwonder.com\/es\/producto\/kodak-gold-200-135-36-paquete-de-3-rollos\/","title":{"rendered":"KODAK Gold 200 &#8211; 135\/36 &#8211; Paquete de 3 rollos"},"content":{"rendered":"<p style=\"box-sizing: inherit; font-style: italic; font-size: 1.125rem; color: #333333; line-height: 1.875rem; font-family: OpenSans, 'Segoe UI', Helvetica, Roboto, Arial, sans-serif;\">Kodak GOLD 200 es una pel\u00edcula negativa en color de velocidad media con luz diurna equilibrada que ofrece una combinaci\u00f3n vers\u00e1til de saturaci\u00f3n de color vivo, grano fino y alta nitidez de imagen. Tiene una sensibilidad nominal de ISO 200\/24\u00b0 junto con una amplia latitud de exposici\u00f3n para exponer hasta dos pasos por debajo o tres pasos para permitir el trabajo en una amplia variedad de condiciones de iluminaci\u00f3n. Adem\u00e1s, debido a la estructura de grano fino, esta pel\u00edcula es adecuada para escanear o ampliar sus fotograf\u00edas.  <\/p>\n<p style=\"box-sizing: inherit; color: #333333; font-family: OpenSans, 'Segoe UI', Helvetica, Roboto, Arial, sans-serif; font-size: 16px;\">Este art\u00edculo contiene tres rollos de 36 exposiciones de pel\u00edcula de 35 mm.<\/p>\n<p style=\"box-sizing: inherit; color: #333333; font-family: OpenSans, 'Segoe UI', Helvetica, Roboto, Arial, sans-serif; font-size: 16px;\"><strong>Caracter\u00edsticas t\u00e9cnicas:<\/strong><\/p>\n<table style=\"box-sizing: inherit; width: 726px; border-collapse: collapse; color: #000000; font-family: OpenSans, 'Segoe UI', Helvetica, Roboto, Arial, sans-serif; font-size: 16px;\" border=\"0\">\n<tbody style=\"box-sizing: inherit;\">\n<tr style=\"box-sizing: inherit; border-bottom: 0.0625rem solid #e7e7e7;\">\n<td style=\"box-sizing: inherit; width: 275px; padding: 0px 0px 1.25rem; border-top: none; vertical-align: baseline; font-size: 1.125rem; color: #666666; line-height: 1.375rem;\">Formato<\/td>\n<p> de pel\u00edcula<\/p>\n<td style=\"box-sizing: inherit; padding: 0px 0px 1.25rem 2.5rem; vertical-align: baseline; font-size: 1.125rem; color: #666666; line-height: 1.375rem;\">35 mm<\/td>\n<\/tr>\n<tr style=\"box-sizing: inherit; border-bottom: 0.0625rem solid #e7e7e7;\">\n<td style=\"box-sizing: inherit; width: 275px; padding: 1.25rem 0px; border-top: none; vertical-align: baseline; font-size: 1.125rem; color: #666666; line-height: 1.375rem;\">N\u00famero de exposiciones<\/td>\n<td style=\"box-sizing: inherit; padding: 1.25rem 0px 1.25rem 2.5rem; vertical-align: baseline; font-size: 1.125rem; color: #666666; line-height: 1.375rem;\">36<\/td>\n<\/tr>\n<tr style=\"box-sizing: inherit; border-bottom: 0.0625rem solid #e7e7e7;\">\n<td style=\"box-sizing: inherit; width: 275px; padding: 1.25rem 0px; border-top: none; vertical-align: baseline; font-size: 1.125rem; color: #666666; line-height: 1.375rem;\">Tipo de pel\u00edcula<\/td>\n<td style=\"box-sizing: inherit; padding: 1.25rem 0px 1.25rem 2.5rem; vertical-align: baseline; font-size: 1.125rem; color: #666666; line-height: 1.375rem;\">Color negativo<\/td>\n<\/tr>\n<tr style=\"box-sizing: inherit; border-bottom: 0.0625rem solid #e7e7e7;\">\n<td style=\"box-sizing: inherit; width: 275px; padding: 1.25rem 0px; border-top: none; vertical-align: baseline; font-size: 1.125rem; color: #666666; line-height: 1.375rem;\">Velocidad de<\/td>\n<p> la pel\u00edcula<\/p>\n<td style=\"box-sizing: inherit; padding: 1.25rem 0px 1.25rem 2.5rem; vertical-align: baseline; font-size: 1.125rem; color: #666666; line-height: 1.375rem;\">ISO 200<\/td>\n<\/tr>\n<tr style=\"box-sizing: inherit; border-bottom: 0.0625rem solid #e7e7e7;\">\n<td style=\"box-sizing: inherit; width: 275px; padding: 1.25rem 0px; border-top: none; vertical-align: baseline; font-size: 1.125rem; color: #666666; line-height: 1.375rem;\">Balance de<\/td>\n<p> color<\/p>\n<td style=\"box-sizing: inherit; padding: 1.25rem 0px 1.25rem 2.5rem; vertical-align: baseline; font-size: 1.125rem; color: #666666; line-height: 1.375rem;\">Luz del d\u00eda<\/td>\n<\/tr>\n<tr style=\"box-sizing: inherit; border-bottom: 0.0625rem solid #e7e7e7;\">\nProcesamiento <\/p>\n<td style=\"box-sizing: inherit; width: 275px; padding: 1.25rem 0px; border-top: none; vertical-align: baseline; font-size: 1.125rem; color: #666666; line-height: 1.375rem;\">de pel\u00edculas<\/td>\n<td style=\"box-sizing: inherit; padding: 1.25rem 0px 1.25rem 2.5rem; vertical-align: baseline; font-size: 1.125rem; color: #666666; line-height: 1.375rem;\">C-41<\/td>\n<\/tr>\n<tr style=\"box-sizing: inherit; border-bottom: 0.0625rem solid #e7e7e7;\">\n<td style=\"box-sizing: inherit; width: 275px; padding: 1.25rem 0px; border-top: none; vertical-align: baseline; font-size: 1.125rem; color: #666666; line-height: 1.375rem;\">N\u00famero de rollos<\/td>\n<td style=\"box-sizing: inherit; padding: 1.25rem 0px 1.25rem 2.5rem; vertical-align: baseline; font-size: 1.125rem; color: #666666; line-height: 1.375rem;\">3<\/td>\n<\/tr>\n<\/tbody>\n<\/table>\n","protected":false},"excerpt":{"rendered":"<p>Kodak GOLD 200 es una pel\u00edcula negativa en color de velocidad media con luz diurna equilibrada que ofrece una combinaci\u00f3n<\/p>\n","protected":false},"featured_media":26895,"comment_status":"closed","ping_status":"open","template":"","meta":{"_acf_changed":false},"product_brand":[2559],"product_cat":[883],"product_tag":[],"class_list":{"0":"post-73062","1":"product","2":"type-product","3":"status-publish","4":"has-post-thumbnail","6":"product_brand-kodak-es","7":"product_cat-35mm-es","9":"first","10":"instock","11":"taxable","12":"shipping-taxable","13":"purchasable","14":"product-type-simple"},"bundled_by":[],"bundle_stock_status":"instock","bundle_stock_quantity":5,"bundle_virtual":false,"bundle_layout":"","bundle_add_to_cart_form_location":"","bundle_editable_in_cart":false,"bundle_sold_individually_context":"","bundle_item_grouping":"","bundle_min_size":"","bundle_max_size":"","bundle_price":[],"bundled_items":[],"bundle_sell_ids":[],"acf":[],"_links":{"self":[{"href":"https:\/\/hi-techwonder.com\/es\/wp-json\/wp\/v2\/product\/73062","targetHints":{"allow":["GET"]}}],"collection":[{"href":"https:\/\/hi-techwonder.com\/es\/wp-json\/wp\/v2\/product"}],"about":[{"href":"https:\/\/hi-techwonder.com\/es\/wp-json\/wp\/v2\/types\/product"}],"replies":[{"embeddable":true,"href":"https:\/\/hi-techwonder.com\/es\/wp-json\/wp\/v2\/comments?post=73062"}],"wp:featuredmedia":[{"embeddable":true,"href":"https:\/\/hi-techwonder.com\/es\/wp-json\/wp\/v2\/media\/26895"}],"wp:attachment":[{"href":"https:\/\/hi-techwonder.com\/es\/wp-json\/wp\/v2\/media?parent=73062"}],"wp:term":[{"taxonomy":"product_brand","embeddable":true,"href":"https:\/\/hi-techwonder.com\/es\/wp-json\/wp\/v2\/product_brand?post=73062"},{"taxonomy":"product_cat","embeddable":true,"href":"https:\/\/hi-techwonder.com\/es\/wp-json\/wp\/v2\/product_cat?post=73062"},{"taxonomy":"product_tag","embeddable":true,"href":"https:\/\/hi-techwonder.com\/es\/wp-json\/wp\/v2\/product_tag?post=73062"}],"curies":[{"name":"wp","href":"https:\/\/api.w.org\/{rel}","templated":true}]}}