{"id":73066,"date":"2025-07-29T08:52:16","date_gmt":"2025-07-29T08:52:16","guid":{"rendered":"https:\/\/fv6qoy3ls0.wpdns.site\/produto\/camara-desechable-kodak-funsaver-iso-800-27-12-exp\/"},"modified":"2026-01-31T02:55:04","modified_gmt":"2026-01-31T02:55:04","slug":"kodak-camara-desechable-kodak-funsaver-iso-800-27-12-exp","status":"publish","type":"product","link":"https:\/\/hi-techwonder.com\/es\/producto\/kodak-camara-desechable-kodak-funsaver-iso-800-27-12-exp\/","title":{"rendered":"C\u00e1mara desechable KODAK FunSaver ISO-800 (27 + 12 exp.)"},"content":{"rendered":"<p><strong>C\u00e1mara desechable KODAK FunSaver ISO-800 (27 + 12 exp.)<\/strong><\/p>\n<p>Esta c\u00e1mara desechable Kodak de 35 mm de un solo uso con flash est\u00e1 precargada con pel\u00edcula de velocidad Kodak Gold ISO-800. Ligero y compacto, mide solo 13 x 12 x 4 cm y pesa 113 g, es ideal para uso en interiores y exteriores. <\/p>\n<p>La pel\u00edcula Kodak Gold 800 lleva la calidad de imagen a un nuevo nivel al combinar la calidad del color, los detalles finos y la claridad de imagen de los v\u00eddeos de baja velocidad con las ventajas de los v\u00eddeos de alta velocidad. Esta pel\u00edcula ofrece una nitidez adicional y un grano fino insuperable para obtener im\u00e1genes m\u00e1s n\u00edtidas y claras, incluso cuando se ampl\u00eda. La Kodak Gold 800 produce colores brillantes y vibrantes en una amplia variedad de condiciones de iluminaci\u00f3n. Proporciona una reproducci\u00f3n precisa del tono de piel para \u00abfotos de personas\u00bb de aspecto natural.   <\/p>\n<p><strong>Contenido del paquete:<\/strong><\/p>\n<ul>\n<li>1 x C\u00e1mara desechable KODAK FunSaver&nbsp;<\/li>\n<\/ul>\n<p><strong>Caracter\u00edsticas t\u00e9cnicas:<\/strong><\/p>\n<table class=\"table_o418fscimQZEg1oshu4aX\" style=\"width: 981px;font-family: OpenSans, 'Segoe UI', Helvetica, Roboto, Arial, sans-serif;font-size: 16px;background-color: #ffffff\" data-selenium=\"specsItemGroupTable\">\n<tbody>\n<tr class=\"pair_3u9fnESIQrtuEu6ye_zM4k\" style=\"border-bottom: 0.0625rem solid #e7e7e7\" data-selenium=\"specsItemGroupTableRow\">\n<td class=\"label_3bLwbW8ibvYc5tUwpKVQsL firstSpecWhenNoGroupName_2L9ob5rxYHNpmiwoNrY0FE\" style=\"width: 372px;padding: 0px 0px 1.25rem;border-top: none;vertical-align: baseline;font-size: 1.125rem;color: #666666;line-height: 1.375rem\" data-selenium=\"specsItemGroupTableColumnLabel\">Tipo de pel\u00edcula<\/td>\n<td class=\"value_11Av1yGkVYn9TX48mQeu9v firstSpecWhenNoGroupName_2L9ob5rxYHNpmiwoNrY0FE\" style=\"vertical-align: baseline;color: #666666;line-height: 1.375rem;padding: 0px 0px 1.25rem 2.5rem\" data-selenium=\"specsItemGroupTableColumnValue\">Colores<\/td>\n<\/tr>\n<tr class=\"pair_3u9fnESIQrtuEu6ye_zM4k\" style=\"border-bottom: 0.0625rem solid #e7e7e7\" data-selenium=\"specsItemGroupTableRow\">\n<td class=\"label_3bLwbW8ibvYc5tUwpKVQsL\" style=\"width: 372px;padding: 1.25rem 0px;border-top: none;vertical-align: baseline;font-size: 1.125rem;color: #666666;line-height: 1.375rem\" data-selenium=\"specsItemGroupTableColumnLabel\">Formato<\/td>\n<p> de pel\u00edcula<\/p>\n<td class=\"value_11Av1yGkVYn9TX48mQeu9v\" style=\"vertical-align: baseline;font-size: 1.125rem;color: #666666;line-height: 1.375rem;padding: 1.25rem 0px 1.25rem 2.5rem\" data-selenium=\"specsItemGroupTableColumnValue\">135 (35 mm)<\/td>\n<\/tr>\n<tr>\n<td style=\"width: 372px;padding: 1.25rem 0px;border-top: none;vertical-align: baseline;font-size: 1.125rem;color: #666666;line-height: 1.375rem\">ISO<\/td>\n<td style=\"vertical-align: baseline;font-size: 1.125rem;color: #666666;line-height: 1.375rem;padding: 1.25rem 0px 1.25rem 2.5rem\">800<\/td>\n<\/tr>\n<tr class=\"pair_3u9fnESIQrtuEu6ye_zM4k\" style=\"border-bottom: 0.0625rem solid #e7e7e7\" data-selenium=\"specsItemGroupTableRow\">\n<td class=\"label_3bLwbW8ibvYc5tUwpKVQsL\" style=\"width: 372px;padding: 1.25rem 0px;border-top: none;vertical-align: baseline;font-size: 1.125rem;color: #666666;line-height: 1.375rem\" data-selenium=\"specsItemGroupTableColumnLabel\">N\u00famero de exposiciones<\/td>\n<td class=\"value_11Av1yGkVYn9TX48mQeu9v\" style=\"vertical-align: baseline;font-size: 1.125rem;color: #666666;line-height: 1.375rem;padding: 1.25rem 0px 1.25rem 2.5rem\" data-selenium=\"specsItemGroupTableColumnValue\">27 + 12 <\/td>\n<\/tr>\n<tr class=\"pair_3u9fnESIQrtuEu6ye_zM4k\" style=\"border-bottom: 0.0625rem solid #e7e7e7\" data-selenium=\"specsItemGroupTableRow\">\n<td class=\"label_3bLwbW8ibvYc5tUwpKVQsL\" style=\"width: 372px;padding: 1.25rem 0px;border-top: none;vertical-align: baseline;line-height: 1.375rem\" data-selenium=\"specsItemGroupTableColumnLabel\"><span style=\"color: #666666\">Flash<\/span><\/td>\n<p> incorporado<\/p>\n<td class=\"value_11Av1yGkVYn9TX48mQeu9v\" style=\"vertical-align: baseline;font-size: 1.125rem;color: #666666;line-height: 1.375rem;padding: 1.25rem 0px 1.25rem 2.5rem\" data-selenium=\"specsItemGroupTableColumnValue\">S\u00ed<\/td>\n<\/tr>\n<tr class=\"pair_3u9fnESIQrtuEu6ye_zM4k\" style=\"border-bottom: 0.0625rem solid #e7e7e7\" data-selenium=\"specsItemGroupTableRow\">\n<td class=\"label_3bLwbW8ibvYc5tUwpKVQsL\" style=\"width: 372px;padding: 1.25rem 0px;border-top: none;vertical-align: baseline;font-size: 1.125rem;color: #666666;line-height: 1.375rem\" data-selenium=\"specsItemGroupTableColumnLabel\">Impermeable<\/td>\n<td class=\"value_11Av1yGkVYn9TX48mQeu9v\" style=\"vertical-align: baseline;font-size: 1.125rem;color: #666666;line-height: 1.375rem;padding: 1.25rem 0px 1.25rem 2.5rem\" data-selenium=\"specsItemGroupTableColumnValue\">No<\/td>\n<\/tr>\n<tr>\n<td style=\"width: 372px;padding: 1.25rem 0px;border-top: none;vertical-align: baseline;line-height: 1.375rem\"><span style=\"color: #666666\">Tipo de producto<\/span><\/td>\n<td style=\"vertical-align: baseline;line-height: 1.375rem;padding: 1.25rem 0px 1.25rem 2.5rem\"><span style=\"color: #666666\">Desechable <\/span><\/td>\n<\/tr>\n<\/tbody>\n<\/table>\n","protected":false},"excerpt":{"rendered":"<p>C\u00e1mara desechable KODAK FunSaver ISO-800 (27 + 12 exp.) Esta c\u00e1mara desechable Kodak de 35 mm de un solo uso<\/p>\n","protected":false},"featured_media":42017,"comment_status":"closed","ping_status":"open","template":"","meta":{"_acf_changed":false},"product_brand":[2559],"product_cat":[924],"product_tag":[],"class_list":{"0":"post-73066","1":"product","2":"type-product","3":"status-publish","4":"has-post-thumbnail","6":"product_brand-kodak-es","7":"product_cat-analogicas-es","9":"first","10":"instock","11":"taxable","12":"shipping-taxable","13":"purchasable","14":"product-type-simple"},"bundled_by":[],"bundle_stock_status":"instock","bundle_stock_quantity":2,"bundle_virtual":false,"bundle_layout":"","bundle_add_to_cart_form_location":"","bundle_editable_in_cart":false,"bundle_sold_individually_context":"","bundle_item_grouping":"","bundle_min_size":"","bundle_max_size":"","bundle_price":[],"bundled_items":[],"bundle_sell_ids":[],"acf":[],"_links":{"self":[{"href":"https:\/\/hi-techwonder.com\/es\/wp-json\/wp\/v2\/product\/73066","targetHints":{"allow":["GET"]}}],"collection":[{"href":"https:\/\/hi-techwonder.com\/es\/wp-json\/wp\/v2\/product"}],"about":[{"href":"https:\/\/hi-techwonder.com\/es\/wp-json\/wp\/v2\/types\/product"}],"replies":[{"embeddable":true,"href":"https:\/\/hi-techwonder.com\/es\/wp-json\/wp\/v2\/comments?post=73066"}],"wp:featuredmedia":[{"embeddable":true,"href":"https:\/\/hi-techwonder.com\/es\/wp-json\/wp\/v2\/media\/42017"}],"wp:attachment":[{"href":"https:\/\/hi-techwonder.com\/es\/wp-json\/wp\/v2\/media?parent=73066"}],"wp:term":[{"taxonomy":"product_brand","embeddable":true,"href":"https:\/\/hi-techwonder.com\/es\/wp-json\/wp\/v2\/product_brand?post=73066"},{"taxonomy":"product_cat","embeddable":true,"href":"https:\/\/hi-techwonder.com\/es\/wp-json\/wp\/v2\/product_cat?post=73066"},{"taxonomy":"product_tag","embeddable":true,"href":"https:\/\/hi-techwonder.com\/es\/wp-json\/wp\/v2\/product_tag?post=73066"}],"curies":[{"name":"wp","href":"https:\/\/api.w.org\/{rel}","templated":true}]}}