{"id":73067,"date":"2025-07-28T23:26:39","date_gmt":"2025-07-28T23:26:39","guid":{"rendered":"https:\/\/fv6qoy3ls0.wpdns.site\/produto\/pilas-recargables-kodak-aa-2600mah-pack-2\/"},"modified":"2026-01-31T03:58:31","modified_gmt":"2026-01-31T03:58:31","slug":"kodak-pilas-recargables-kodak-aa-2600mah-pack-2","status":"publish","type":"product","link":"https:\/\/hi-techwonder.com\/es\/producto\/kodak-pilas-recargables-kodak-aa-2600mah-pack-2\/","title":{"rendered":"Pilas recargables KODAK AA 2600mAh (Pack 2)"},"content":{"rendered":"<p>Las bater\u00edas NI-MH Generaci\u00f3n 3 ofrecen ciclos de vida m\u00e1s largos y una p\u00e9rdida de carga m\u00ednima a medio plazo. Suministrado precargado de f\u00e1brica, el uso de bater\u00edas recargables es una excelente manera de ayudar al medio ambiente. <\/p>\n<p>Estas bater\u00edas se pueden recargar m\u00e1s de 2.000 veces, lo que reduce los residuos. Ideal para controladores de juegos, c\u00e1maras digitales, drones, etc. <\/p>\n","protected":false},"excerpt":{"rendered":"<p>Las bater\u00edas NI-MH Generaci\u00f3n 3 ofrecen ciclos de vida m\u00e1s largos y una p\u00e9rdida de carga m\u00ednima a medio plazo.<\/p>\n","protected":false},"featured_media":21715,"comment_status":"closed","ping_status":"closed","template":"","meta":{"_acf_changed":false},"product_brand":[2559],"product_cat":[863],"product_tag":[],"class_list":{"0":"post-73067","1":"product","2":"type-product","3":"status-publish","4":"has-post-thumbnail","6":"product_brand-kodak-es","7":"product_cat-pilas","9":"first","10":"instock","11":"taxable","12":"shipping-taxable","13":"purchasable","14":"product-type-simple"},"bundled_by":[],"bundle_stock_status":"instock","bundle_stock_quantity":1,"bundle_virtual":false,"bundle_layout":"","bundle_add_to_cart_form_location":"","bundle_editable_in_cart":false,"bundle_sold_individually_context":"","bundle_item_grouping":"","bundle_min_size":"","bundle_max_size":"","bundle_price":[],"bundled_items":[],"bundle_sell_ids":[],"acf":[],"_links":{"self":[{"href":"https:\/\/hi-techwonder.com\/es\/wp-json\/wp\/v2\/product\/73067","targetHints":{"allow":["GET"]}}],"collection":[{"href":"https:\/\/hi-techwonder.com\/es\/wp-json\/wp\/v2\/product"}],"about":[{"href":"https:\/\/hi-techwonder.com\/es\/wp-json\/wp\/v2\/types\/product"}],"replies":[{"embeddable":true,"href":"https:\/\/hi-techwonder.com\/es\/wp-json\/wp\/v2\/comments?post=73067"}],"wp:featuredmedia":[{"embeddable":true,"href":"https:\/\/hi-techwonder.com\/es\/wp-json\/wp\/v2\/media\/21715"}],"wp:attachment":[{"href":"https:\/\/hi-techwonder.com\/es\/wp-json\/wp\/v2\/media?parent=73067"}],"wp:term":[{"taxonomy":"product_brand","embeddable":true,"href":"https:\/\/hi-techwonder.com\/es\/wp-json\/wp\/v2\/product_brand?post=73067"},{"taxonomy":"product_cat","embeddable":true,"href":"https:\/\/hi-techwonder.com\/es\/wp-json\/wp\/v2\/product_cat?post=73067"},{"taxonomy":"product_tag","embeddable":true,"href":"https:\/\/hi-techwonder.com\/es\/wp-json\/wp\/v2\/product_tag?post=73067"}],"curies":[{"name":"wp","href":"https:\/\/api.w.org\/{rel}","templated":true}]}}