{"id":73070,"date":"2025-07-29T09:27:41","date_gmt":"2025-07-29T09:27:41","guid":{"rendered":"https:\/\/fv6qoy3ls0.wpdns.site\/produto\/laowa-10-18mm-f-4-5-5-6-fe-zoom-sony-e\/"},"modified":"2025-12-22T15:37:54","modified_gmt":"2025-12-22T15:37:54","slug":"laowa-10-18mm-f-4-5-5-6-fe-zoom-sony-e","status":"publish","type":"product","link":"https:\/\/hi-techwonder.com\/es\/producto\/laowa-10-18mm-f-4-5-5-6-fe-zoom-sony-e\/","title":{"rendered":"LAOWA 10-18mm f\/4.5-5.6 FE Zoom Sony E"},"content":{"rendered":"<p><strong>Lente de zoom Laowa 10-18mm f\/4.5-5.6 FE para Sony E<\/strong><\/p>\n<p><strong>Productos destacados<\/strong><\/p>\n<ul>\n<li>Lente con montura E\/formato de fotograma completo<\/li>\n<li>Rango de apertura: f\/4.5 a f\/22<\/li>\n<li>Un elemento de dispersi\u00f3n extra baja<\/li>\n<li>Dos elementos asf\u00e9ricos<\/li>\n<li>Revestimiento repelente al agua y al polvo para ojos de rana<\/li>\n<li>Dise\u00f1o de enfoque manual<\/li>\n<li>El anillo de apertura manual se puede desconectar<\/li>\n<li>Diafragma de 5 hojas<\/li>\n<\/ul>\n<p><strong>En la caja<\/strong><\/p>\n<ul>\n<li>Lente de zoom Venus Optics Laowa 10-18mm f\/4.5-5.6 FE para Sony E<\/li>\n<li>Tapas de lentes delanteras y traseras<\/li>\n<\/ul>\n<p>Caracterizado por su factor de forma especialmente compacto y liviano, el Laowa 10-18 mm f\/4.5-5.6 FE Zoom de Venus Optics es un zoom ultra gran angular peque\u00f1o y flexible para c\u00e1maras sin espejo con montura E de Sony. Su tama\u00f1o elegante y su vers\u00e1til gama de distancias focales gran angular lo hacen ideal para la fotograf\u00eda de paisajes, naturaleza y arquitectura, as\u00ed como para aplicaciones de astrofotograf\u00eda. Su dise\u00f1o \u00f3ptico incorpora elementos asf\u00e9ricos y de dispersi\u00f3n extra baja para corregir una variedad de aberraciones y distorsiones para una calidad de imagen m\u00e1s n\u00edtida y clara y una reproducci\u00f3n precisa del color. Tambi\u00e9n se ha aplicado un recubrimiento de ojo de rana para repeler el polvo y la humedad del elemento frontal de la lente para beneficiar el trabajo en condiciones ambientales dif\u00edciles. Adem\u00e1s, el anillo de apertura manual se puede quitar para cambios de apertura suaves y silenciosos para adaptarse a aplicaciones de video, y la parte posterior de la lente est\u00e1 roscada para aceptar filtros roscados de 37 mm.    <\/p>\n<p>Zoom ultra gran angular dise\u00f1ado para c\u00e1maras sin espejo de fotograma completo con montura E de Sony, este objetivo de 10-18 mm tambi\u00e9n se puede utilizar con los modelos APS-C, donde proporciona un rango de distancia focal equivalente a 15-27 mm.<br \/>El dise\u00f1o especialmente elegante mide solo 2.75 x 3.6&#8243; y pesa aproximadamente 1 lb.<br \/>Un elemento de dispersi\u00f3n extra baja reduce las aberraciones crom\u00e1ticas y las franjas de color para una mayor claridad y neutralidad del color. Tambi\u00e9n se presentan dos elementos asf\u00e9ricos para limitar las aberraciones esf\u00e9ricas para mayor claridad. <br \/>Se ha aplicado un recubrimiento de ojo de rana para repeler el polvo y la humedad para mayor protecci\u00f3n cuando se trabaja en condiciones adversas.<br \/>El dise\u00f1o de enfoque manual le permite trabajar con sujetos a una distancia de hasta 5,9&#8243; con una relaci\u00f3n de aumento m\u00e1xima de 1:4.<br \/>El anillo de apertura manual se puede \u00abdesactivar\u00bb mec\u00e1nicamente para una rotaci\u00f3n suave y silenciosa en todo el rango de apertura; lo que lo hace ideal para aplicaciones de video.<br \/>Se utilizan cinco hojas de diafragma rectas para renderizar estrellas solares n\u00edtidas de 10 puntos cuando se fotograf\u00edan fuentes de luz puntuales con tama\u00f1os de apertura m\u00e1s peque\u00f1os.<br \/>Acepta filtros de 37 mm a trav\u00e9s de un portafiltros trasero y tambi\u00e9n es compatible con el portafiltros magn\u00e9tico Laowa de 100 mm opcional.<\/p>\n<h2>Especificaciones de Venus Optics 10-18 mm f\/4.5-5.6<\/h2>\n<table style=\"width: 472px;\" border=\"0\" cellspacing=\"0\" cellpadding=\"2\">\n<colgroup>\n<col width=\"202\"><\/colgroup>\n<colgroup>\n<col width=\"262\"><\/colgroup>\n<tbody>\n<tr>\n<th colspan=\"2\" width=\"468\">\n<p><a name=\"11011\"><\/a>interino<\/p>\n<\/th>\n<\/tr>\n<tr>\n<td width=\"202\">\n<p>Distancia focal<\/p>\n<\/td>\n<td width=\"262\">\n<p>De 10 a 18 mm<\/p>\n<\/td>\n<\/tr>\n<tr>\n<td width=\"202\">\n<p>Abertura<\/p>\n<\/td>\n<td width=\"262\">\n<p>M\u00e1ximo: f\/4.5 a 5.6<br \/>M\u00ednimo: f\/22<\/p>\n<\/td>\n<\/tr>\n<tr>\n<td width=\"202\">\n<p>Tipo de montaje de la c\u00e1mara<\/p>\n<\/td>\n<td width=\"262\">\n<p>Sony E<\/p>\n<\/td>\n<\/tr>\n<tr>\n<td width=\"202\">\n<p>Compatibilidad de formatos<\/p>\n<\/td>\n<td width=\"262\">\n<p>Pel\u00edcula de 35 mm \/ sensor digital de fotograma completo<\/p>\n<\/td>\n<\/tr>\n<tr>\n<td width=\"202\">\n<p>\u00c1ngulo<\/p>\n<\/td>\n<td width=\"262\">\n<p>130\u00b0 102&#8242;<\/p>\n<\/td>\n<\/tr>\n<tr>\n<td width=\"202\">\n<p>Distancia m\u00ednima de enfoque<\/p>\n<\/td>\n<td width=\"262\">\n<p>15 cm<\/p>\n<\/td>\n<\/tr>\n<tr>\n<td width=\"202\">\n<p>Ampliaci\u00f3n<\/p>\n<\/td>\n<td width=\"262\">\n<p>0,25 veces<\/p>\n<\/td>\n<\/tr>\n<tr>\n<td width=\"202\">\n<p>Velocidad m\u00e1xima de reproducci\u00f3n<\/p>\n<\/td>\n<td width=\"262\">\n<p>1:4<\/p>\n<\/td>\n<\/tr>\n<tr>\n<td width=\"202\">\n<p>Dise\u00f1o \u00f3ptico<\/p>\n<\/td>\n<td width=\"262\">\n<p>14 elementos en 10 grupos<\/p>\n<\/td>\n<\/tr>\n<tr>\n<td width=\"202\">\n<p>Hojas de diafragma<\/p>\n<\/td>\n<td width=\"262\">\n<p>5<\/p>\n<\/td>\n<\/tr>\n<\/tbody>\n<\/table>\n<table style=\"width: 471px;\" border=\"0\" cellspacing=\"0\" cellpadding=\"2\">\n<colgroup>\n<col width=\"202\"><\/colgroup>\n<colgroup>\n<col width=\"261\"><\/colgroup>\n<tbody>\n<tr>\n<th colspan=\"2\" width=\"467\">\n<p><a name=\"23001\"><\/a>Recursos<\/p>\n<\/th>\n<\/tr>\n<tr>\n<td width=\"202\">\n<p>Estabilizaci\u00f3n de imagen<\/p>\n<\/td>\n<td width=\"261\">\n<p><em>Ninguno<\/em><\/p>\n<\/td>\n<\/tr>\n<tr>\n<td width=\"202\">\n<p>Autom\u00e1tico<\/p>\n<\/td>\n<td width=\"261\">\n<p>No<\/p>\n<\/td>\n<\/tr>\n<\/tbody>\n<\/table>\n<table style=\"width: 471px;\" border=\"0\" cellspacing=\"0\" cellpadding=\"2\">\n<colgroup>\n<col width=\"201\"><\/colgroup>\n<colgroup>\n<col width=\"262\"><\/colgroup>\n<tbody>\n<tr>\n<th colspan=\"2\" width=\"467\">\n<p><a name=\"11501\"><\/a>F\u00edsico<\/p>\n<\/th>\n<\/tr>\n<tr>\n<td width=\"201\">\n<p>Tema de filtro<\/p>\n<\/td>\n<td width=\"262\">\n<p>Trasera: 37 mm<\/p>\n<\/td>\n<\/tr>\n<tr>\n<td width=\"201\">\n<p>Dimensiones (DxL)<\/p>\n<\/td>\n<td width=\"262\">\n<p>70 x 90,9 mm<\/p>\n<\/td>\n<\/tr>\n<tr>\n<td width=\"201\">\n<p>Peso<\/p>\n<\/td>\n<td width=\"262\">\n<p>496 gramos<\/p>\n<\/td>\n<\/tr>\n<\/tbody>\n<\/table>\n","protected":false},"excerpt":{"rendered":"<p>Lente de zoom Laowa 10-18mm f\/4.5-5.6 FE para Sony E Productos destacados Lente con montura E\/formato de fotograma completo Rango<\/p>\n","protected":false},"featured_media":49259,"comment_status":"closed","ping_status":"closed","template":"","meta":{"_acf_changed":false},"product_brand":[2682],"product_cat":[1062],"product_tag":[],"class_list":{"0":"post-73070","1":"product","2":"type-product","3":"status-publish","4":"has-post-thumbnail","6":"product_brand-laowa-es","7":"product_cat-mirrorless-objectivos","8":"pa_abertura-maxima-f-4-5-5-6-es","9":"pa_cor-negro","10":"pa_diametro-37mm-es","11":"pa_estabilizacao-de-imagem-no","12":"pa_montagem-da-objetiva-sony-e-es","13":"pa_sensor-fotograma-completo","14":"pa_tipo-de-foco-enfoque-manual","15":"pa_tipo-de-objetiva-gran-angular","16":"pa_zoom-fixa-zoom-externo-es","18":"first","19":"onbackorder","20":"taxable","21":"shipping-taxable","22":"purchasable","23":"product-type-simple"},"bundled_by":[],"bundle_stock_status":"onbackorder","bundle_stock_quantity":null,"bundle_virtual":false,"bundle_layout":"","bundle_add_to_cart_form_location":"","bundle_editable_in_cart":false,"bundle_sold_individually_context":"","bundle_item_grouping":"","bundle_min_size":"","bundle_max_size":"","bundle_price":[],"bundled_items":[],"bundle_sell_ids":[],"acf":[],"_links":{"self":[{"href":"https:\/\/hi-techwonder.com\/es\/wp-json\/wp\/v2\/product\/73070","targetHints":{"allow":["GET"]}}],"collection":[{"href":"https:\/\/hi-techwonder.com\/es\/wp-json\/wp\/v2\/product"}],"about":[{"href":"https:\/\/hi-techwonder.com\/es\/wp-json\/wp\/v2\/types\/product"}],"replies":[{"embeddable":true,"href":"https:\/\/hi-techwonder.com\/es\/wp-json\/wp\/v2\/comments?post=73070"}],"wp:featuredmedia":[{"embeddable":true,"href":"https:\/\/hi-techwonder.com\/es\/wp-json\/wp\/v2\/media\/49259"}],"wp:attachment":[{"href":"https:\/\/hi-techwonder.com\/es\/wp-json\/wp\/v2\/media?parent=73070"}],"wp:term":[{"taxonomy":"product_brand","embeddable":true,"href":"https:\/\/hi-techwonder.com\/es\/wp-json\/wp\/v2\/product_brand?post=73070"},{"taxonomy":"product_cat","embeddable":true,"href":"https:\/\/hi-techwonder.com\/es\/wp-json\/wp\/v2\/product_cat?post=73070"},{"taxonomy":"product_tag","embeddable":true,"href":"https:\/\/hi-techwonder.com\/es\/wp-json\/wp\/v2\/product_tag?post=73070"}],"curies":[{"name":"wp","href":"https:\/\/api.w.org\/{rel}","templated":true}]}}