{"id":73072,"date":"2025-07-29T09:27:41","date_gmt":"2025-07-29T09:27:41","guid":{"rendered":"https:\/\/fv6qoy3ls0.wpdns.site\/produto\/laowa-100mm-f-2-8-2x-ultra-macro-apo-para-sony-e\/"},"modified":"2026-05-04T10:36:34","modified_gmt":"2026-05-04T09:36:34","slug":"laowa-100mm-f-2-8-2x-ultra-macro-apo-para-sony-e","status":"publish","type":"product","link":"https:\/\/hi-techwonder.com\/es\/producto\/laowa-100mm-f-2-8-2x-ultra-macro-apo-para-sony-e\/","title":{"rendered":"LAOWA 100mm f\/2.8 2X Ultra Macro APO para Sony E"},"content":{"rendered":"<p><span style=\"color: #000000;\">Seguido por el \u00e9xito del macro Laowa 60 mm f\/2.8 2:1, el macro <strong>100 mm f\/2.8 2:1<\/strong> es el segundo miembro de la l\u00ednea macro 2:1 de Laowa.<\/span><\/p>\n<p><span style=\"color: #000000;\"><span style=\"color: #000000;\">Esta nueva lente puede cubrir el tama\u00f1o del sensor en profundidad y en profundidad hasta el infinito. El objetivo, similar a otros objetivos macro de 1000 mm del mercado, pero tiene un tama\u00f1o f\u00edsico de 1000 mm m\u00e1s amplio que el de Laowa, permite a los fot\u00f3grafos capturar en cualquier tama\u00f1o. Este retrato de 100 mm tambi\u00e9n presenta una caracter\u00edstica apocrom\u00e1tica (APO) adem\u00e1s de una aberraci\u00f3n crom\u00e1tica invisible. Los 12 elementos del dise\u00f1o \u00f3ptico de 10 grupos admiten un incre\u00edble nivel de nitidez tanto en macro como en infinito.   <\/span><\/span><\/p>\n<p><object data=\"https:\/\/www.youtube.com\/v\/iNpb22D2mTI\" type=\"application\/x-shockwave-flash\" width=\"425\" height=\"350\"><param name=\"src\" value=\"https:\/\/www.youtube.com\/v\/iNpb22D2mTI\"><\/object><\/p>\n<p><object data=\"https:\/\/www.youtube.com\/v\/TK3e5-rejGg\" type=\"application\/x-shockwave-flash\" width=\"425\" height=\"350\"><param name=\"src\" value=\"https:\/\/www.youtube.com\/v\/TK3e5-rejGg\"><\/object><\/p>\n<p><strong><span style=\"color: #000000;\"><span style=\"font-size: small;\"><span style=\"color: #000000;\">Productos destacados:<\/span><\/span><\/span><\/strong><\/p>\n<ul>\n<li><span style=\"color: #000000;\"><span style=\"font-size: small;\"><span style=\"color: #000000;\">Lente con montura E\/formato de fotograma completo<\/span><\/span><\/span><\/li>\n<li><span style=\"color: #000000;\"><span style=\"font-size: small;\"><span style=\"color: #000000;\">Rango de apertura: f\/2.8 a f\/22<\/span><\/span><\/span><\/li>\n<li><span style=\"color: #000000;\"><span style=\"font-size: small;\"><span style=\"color: #000000;\">Dos elementos de baja dispersi\u00f3n<\/span><\/span><\/span><\/li>\n<li><span style=\"color: #000000;\"><span style=\"font-size: small;\"><span style=\"color: #000000;\">Aumento m\u00e1ximo: 2:1<\/span><\/span><\/span><\/li>\n<li><span style=\"color: #000000;\"><span style=\"font-size: small;\"><span style=\"color: #000000;\">Distancia m\u00ednima de enfoque: 24,7 cm<\/span><\/span><\/span><\/li>\n<li><span style=\"color: #000000;\"><span style=\"font-size: small;\"><span style=\"color: #000000;\">Dise\u00f1o de enfoque manual<\/span><\/span><\/span><\/li>\n<li><span style=\"color: #000000;\"><span style=\"font-size: small;\"><span style=\"color: #000000;\">Diafragma de 13 hojas<\/span><\/span><\/span><\/li>\n<\/ul>\n<p><span style=\"color: #000000;\"><span style=\"font-size: small;\"><span style=\"color: #000000;\">&nbsp;<\/span><\/span><\/span><\/p>\n<p><span style=\"color: #000000;\"><span style=\"font-size: small;\"><span style=\"color: #000000;\">Caracterizado por sus capacidades de enfoque cercano y su dise\u00f1o apocrom\u00e1tico, el Sony E-mount Laowa 100mm f\/2.8 2X Ultra Macro APO de Venus Optics es un teleobjetivo fijo corto \u00fanico y vers\u00e1til. Con un par de elementos de baja dispersi\u00f3n, las franjas de color y las aberraciones crom\u00e1ticas se han eliminado pr\u00e1cticamente en todo el rango de enfoque para lograr una alta claridad y precisi\u00f3n de color. El dise\u00f1o de enfoque manual del objetivo tambi\u00e9n se adapta a sus capacidades macro, lo que le permite trabajar con sujetos tan cercanos como 2:1 con una distancia m\u00ednima de enfoque de 24,7 cm. Adem\u00e1s, un diafragma de 13 hojas contribuye a una agradable calidad de bokeh.   <\/span><\/span><\/span><\/p>\n<p><span style=\"color: #000000;\"><span style=\"font-size: small;\"><span style=\"color: #000000;\">&nbsp;<\/span><\/span><\/span><\/p>\n<ul>\n<li><span style=\"color: #000000;\"><span style=\"font-size: small;\"><span style=\"color: #000000;\">Telephoto prime est\u00e1 dise\u00f1ado para c\u00e1maras de fotograma completo con montura E de Sony y tambi\u00e9n se puede usar con modelos APS-C, donde proporcionar\u00e1 una distancia focal equivalente a 150 mm.<\/span><\/span><\/span><\/li>\n<li><span style=\"color: #000000;\"><span style=\"font-size: small;\"><span style=\"color: #000000;\">Con una designaci\u00f3n apocrom\u00e1tica, esta lente utiliza un par de elementos de baja dispersi\u00f3n para eliminar eficazmente las aberraciones crom\u00e1ticas y las franjas de color para mejorar la claridad y la reproducci\u00f3n precisa.<\/span><\/span><\/span><\/li>\n<li><span style=\"color: #000000;\"><span style=\"font-size: small;\"><span style=\"color: #000000;\">El aumento m\u00e1ximo de 2:1 de tama\u00f1o m\u00e1s grande que el real se combina con una distancia m\u00ednima de enfoque de 24,7 cm para adaptarse al trabajo con sujetos en primer plano.<\/span><\/span><\/span><\/li>\n<li><span style=\"color: #000000;\"><span style=\"font-size: small;\"><span style=\"color: #000000;\">El dise\u00f1o de enfoque manual, junto con las escalas de distancia de enfoque y profundidad de campo, ayuda a un control preciso del enfoque.<\/span><\/span><\/span><\/li>\n<li><span style=\"color: #000000;\"><span style=\"font-size: small;\"><span style=\"color: #000000;\">Un diafragma de 13 hojas contribuye a una agradable calidad de bokeh.<\/span><\/span><\/span><\/li>\n<\/ul>\n<p><span style=\"color: #000000;\"><span style=\"font-size: small;\"><span style=\"color: #000000;\">&nbsp;<\/span><\/span><\/span><\/p>\n<p><span style=\"color: #000000;\">&nbsp;<\/span><\/p>\n<h2 class=\"western\" style=\"font-style: normal; font-weight: normal;\"><span style=\"font-size: small;\"><span style=\"color: #000000;\"><span style=\"font-size: small;\"><span style=\"color: #000000;\">Especificaciones de Venus Optics 100mm f\/2.8<\/span><\/span><\/span><\/span><\/h2>\n<table style=\"width: 498px;\" border=\"0\" cellspacing=\"0\" cellpadding=\"2\">\n<colgroup>\n<col width=\"236\">\n<col width=\"254\"><\/colgroup>\n<tbody>\n<tr>\n<td width=\"236\">\n<p style=\"border-top: none; border-bottom: 1px solid #e6e7e8; border-left: none; border-right: none; padding: 0cm 0cm 0.53cm 0cm;\"><span style=\"color: #000000;\"><span style=\"font-size: small;\"><span style=\"color: #000000;\">Distancia focal<\/span><\/span><\/span><\/p>\n<\/td>\n<td width=\"254\">\n<p style=\"border-top: none; border-bottom: 1px solid #e6e7e8; border-left: none; border-right: none; padding: 0cm 0cm 0.53cm 0cm;\"><span style=\"color: #000000;\"><span style=\"font-size: small;\"><span style=\"color: #000000;\">100 mil\u00edmetros<\/span><\/span><\/span><\/p>\n<\/td>\n<\/tr>\n<tr>\n<td width=\"236\">\n<p style=\"border-top: none; border-bottom: 1px solid #e6e7e8; border-left: none; border-right: none; padding: 0cm 0cm 0.53cm 0cm;\"><span style=\"color: #000000;\"><span style=\"font-size: small;\"><span style=\"color: #000000;\">M\u00e1xima apertura<\/span><\/span><\/span><\/p>\n<\/td>\n<td width=\"254\">\n<p style=\"border-top: none; border-bottom: 1px solid #e6e7e8; border-left: none; border-right: none; padding: 0cm 0cm 0.53cm 0cm;\"><span style=\"color: #000000;\"><span style=\"font-size: small;\"><span style=\"color: #000000;\">f\/2.8<\/span><\/span><\/span><\/p>\n<\/td>\n<\/tr>\n<tr>\n<td width=\"236\">\n<p style=\"border-top: none; border-bottom: 1px solid #e6e7e8; border-left: none; border-right: none; padding: 0cm 0cm 0.53cm 0cm;\"><span style=\"color: #000000;\"><span style=\"font-size: small;\"><span style=\"color: #000000;\">Apertura m\u00ednima<\/span><\/span><\/span><\/p>\n<\/td>\n<td width=\"254\">\n<p style=\"border-top: none; border-bottom: 1px solid #e6e7e8; border-left: none; border-right: none; padding: 0cm 0cm 0.53cm 0cm;\"><span style=\"color: #000000;\"><span style=\"font-size: small;\"><span style=\"color: #000000;\">f\/22<\/span><\/span><\/span><\/p>\n<\/td>\n<\/tr>\n<tr>\n<td width=\"236\">\n<p style=\"border-top: none; border-bottom: 1px solid #e6e7e8; border-left: none; border-right: none; padding: 0cm 0cm 0.53cm 0cm;\"><span style=\"color: #000000;\"><span style=\"font-size: small;\"><span style=\"color: #000000;\">Montura de lente<\/span><\/span><\/span><\/p>\n<\/td>\n<td width=\"254\">\n<p style=\"border-top: none; border-bottom: 1px solid #e6e7e8; border-left: none; border-right: none; padding: 0cm 0cm 0.53cm 0cm;\"><span style=\"color: #000000;\"><span style=\"font-size: small;\"><span style=\"color: #000000;\">Sony E<\/span><\/span><\/span><\/p>\n<\/td>\n<\/tr>\n<tr>\n<td width=\"236\">\n<p style=\"border-top: none; border-bottom: 1px solid #e6e7e8; border-left: none; border-right: none; padding: 0cm 0cm 0.53cm 0cm;\"><span style=\"color: #000000;\"><span style=\"font-size: small;\"><span style=\"color: #000000;\">Compatibilidad de formatos<\/span><\/span><\/span><\/p>\n<\/td>\n<td width=\"254\">\n<p style=\"border-top: none; border-bottom: 1px solid #e6e7e8; border-left: none; border-right: none; padding: 0cm 0cm 0.53cm 0cm;\"><span style=\"color: #000000;\"><span style=\"font-size: small;\"><span style=\"color: #000000;\">Imagen completa<\/span><\/span><\/span><\/p>\n<\/td>\n<\/tr>\n<tr>\n<td width=\"236\">\n<p style=\"border-top: none; border-bottom: 1px solid #e6e7e8; border-left: none; border-right: none; padding: 0cm 0cm 0.53cm 0cm;\"><span style=\"color: #000000;\"><span style=\"font-size: small;\"><span style=\"color: #000000;\">\u00c1ngulo<\/span><\/span><\/span><\/p>\n<\/td>\n<td width=\"254\">\n<p style=\"border-top: none; border-bottom: 1px solid #e6e7e8; border-left: none; border-right: none; padding: 0cm 0cm 0.53cm 0cm;\"><span style=\"color: #000000;\"><span style=\"font-size: small;\"><span style=\"color: #000000;\">24,4\u00b0<\/span><\/span><\/span><\/p>\n<\/td>\n<\/tr>\n<tr>\n<td width=\"236\">\n<p style=\"border-top: none; border-bottom: 1px solid #e6e7e8; border-left: none; border-right: none; padding: 0cm 0cm 0.53cm 0cm;\"><span style=\"color: #000000;\"><span style=\"font-size: small;\"><span style=\"color: #000000;\">Aumento m\u00e1ximo<\/span><\/span><\/span><\/p>\n<\/td>\n<td width=\"254\">\n<p style=\"border-top: none; border-bottom: 1px solid #e6e7e8; border-left: none; border-right: none; padding: 0cm 0cm 0.53cm 0cm;\"><span style=\"color: #000000;\"><span style=\"font-size: small;\"><span style=\"color: #000000;\">2 veces<\/span><\/span><\/span><\/p>\n<\/td>\n<\/tr>\n<tr>\n<td width=\"236\">\n<p style=\"border-top: none; border-bottom: 1px solid #e6e7e8; border-left: none; border-right: none; padding: 0cm 0cm 0.53cm 0cm;\"><span style=\"color: #000000;\"><span style=\"font-size: small;\"><span style=\"color: #000000;\">Tasa de reproducci\u00f3n macro<\/span><\/span><\/span><\/p>\n<\/td>\n<td width=\"254\">\n<p style=\"border-top: none; border-bottom: 1px solid #e6e7e8; border-left: none; border-right: none; padding: 0cm 0cm 0.53cm 0cm;\"><span style=\"color: #000000;\"><span style=\"font-size: small;\"><span style=\"color: #000000;\">2:1<\/span><\/span><\/span><\/p>\n<\/td>\n<\/tr>\n<tr>\n<td width=\"236\">\n<p style=\"border-top: none; border-bottom: 1px solid #e6e7e8; border-left: none; border-right: none; padding: 0cm 0cm 0.53cm 0cm;\"><span style=\"color: #000000;\"><span style=\"font-size: small;\"><span style=\"color: #000000;\">Distancia m\u00ednima de enfoque<\/span><\/span><\/span><\/p>\n<\/td>\n<td width=\"254\">\n<p style=\"border-top: none; border-bottom: 1px solid #e6e7e8; border-left: none; border-right: none; padding: 0cm 0cm 0.53cm 0cm;\"><span style=\"color: #000000;\"><span style=\"font-size: small;\"><span style=\"color: #000000;\">24,7 cm<\/span><\/span><\/span><\/p>\n<\/td>\n<\/tr>\n<tr>\n<td width=\"236\">\n<p style=\"border-top: none; border-bottom: 1px solid #e6e7e8; border-left: none; border-right: none; padding: 0cm 0cm 0.53cm 0cm;\"><span style=\"color: #000000;\"><span style=\"font-size: small;\"><span style=\"color: #000000;\">Dise\u00f1o \u00f3ptico<\/span><\/span><\/span><\/p>\n<\/td>\n<td width=\"254\">\n<p style=\"border-top: none; border-bottom: 1px solid #e6e7e8; border-left: none; border-right: none; padding: 0cm 0cm 0.53cm 0cm;\"><span style=\"color: #000000;\"><span style=\"font-size: small;\"><span style=\"color: #000000;\">12 elementos en 10 grupos<\/span><\/span><\/span><\/p>\n<\/td>\n<\/tr>\n<tr>\n<td width=\"236\">\n<p style=\"border-top: none; border-bottom: 1px solid #e6e7e8; border-left: none; border-right: none; padding: 0cm 0cm 0.53cm 0cm;\"><span style=\"color: #000000;\"><span style=\"font-size: small;\"><span style=\"color: #000000;\">Hojas de diafragma<\/span><\/span><\/span><\/p>\n<\/td>\n<td width=\"254\">\n<p style=\"border-top: none; border-bottom: 1px solid #e6e7e8; border-left: none; border-right: none; padding: 0cm 0cm 0.53cm 0cm;\"><span style=\"color: #000000;\"><span style=\"font-size: small;\"><span style=\"color: #000000;\">13<\/span><\/span><\/span><\/p>\n<\/td>\n<\/tr>\n<tr>\n<td width=\"236\">\n<p style=\"border-top: none; border-bottom: 1px solid #e6e7e8; border-left: none; border-right: none; padding: 0cm 0cm 0.53cm 0cm;\"><span style=\"color: #000000;\"><span style=\"font-size: small;\"><span style=\"color: #000000;\">Tipo de enfoque<\/span><\/span><\/span><\/p>\n<\/td>\n<td width=\"254\">\n<p style=\"border-top: none; border-bottom: 1px solid #e6e7e8; border-left: none; border-right: none; padding: 0cm 0cm 0.53cm 0cm;\"><span style=\"color: #000000;\"><span style=\"font-size: small;\"><span style=\"color: #000000;\">Enfoque manual<\/span><\/span><\/span><\/p>\n<\/td>\n<\/tr>\n<tr>\n<td width=\"236\">\n<p style=\"border-top: none; border-bottom: 1px solid #e6e7e8; border-left: none; border-right: none; padding: 0cm 0cm 0.53cm 0cm;\"><span style=\"color: #000000;\"><span style=\"font-size: small;\"><span style=\"color: #000000;\">Estabilizaci\u00f3n de imagen<\/span><\/span><\/span><\/p>\n<\/td>\n<td width=\"254\">\n<p style=\"border: none; padding: 0cm;\"><em><span style=\"color: #000000;\"><span style=\"font-size: small;\"><span style=\"color: #000000;\">Ninguno<\/span><\/span><\/em><\/span><\/p>\n<\/td>\n<\/tr>\n<tr>\n<td width=\"236\">\n<p style=\"border-top: none; border-bottom: 1px solid #e6e7e8; border-left: none; border-right: none; padding: 0cm 0cm 0.53cm 0cm;\"><span style=\"color: #000000;\"><span style=\"font-size: small;\"><span style=\"color: #000000;\">Tama\u00f1o del filtro<\/span><\/span><\/span><\/p>\n<\/td>\n<td width=\"254\">\n<p style=\"border-top: none; border-bottom: 1px solid #e6e7e8; border-left: none; border-right: none; padding: 0cm 0cm 0.53cm 0cm;\"><span style=\"color: #000000;\"><span style=\"font-size: small;\"><span style=\"color: #000000;\">67 mm (Frontal)<\/span><\/span><\/span><\/p>\n<\/td>\n<\/tr>\n<tr>\n<td width=\"236\">\n<p style=\"border-top: none; border-bottom: 1px solid #e6e7e8; border-left: none; border-right: none; padding: 0cm 0cm 0.53cm 0cm;\"><span style=\"color: #000000;\"><span style=\"font-size: small;\"><span style=\"color: #000000;\">Dimensiones (\u00f8 x L)<\/span><\/span><\/span><\/p>\n<\/td>\n<td width=\"254\">\n<p style=\"border-top: none; border-bottom: 1px solid #e6e7e8; border-left: none; border-right: none; padding: 0cm 0cm 0.53cm 0cm;\"><span style=\"color: #000000;\"><span style=\"font-size: small;\"><span style=\"color: #000000;\">72 x 155 mm<\/span><\/span><\/span><\/p>\n<\/td>\n<\/tr>\n<tr>\n<td width=\"236\">\n<p style=\"border-top: none; border-bottom: 1px solid #e6e7e8; border-left: none; border-right: none; padding: 0cm 0cm 0.53cm 0cm;\"><span style=\"color: #000000;\"><span style=\"font-size: small;\"><span style=\"color: #000000;\">Peso<\/span><\/span><\/span><\/p>\n<\/td>\n<td width=\"254\">\n<p style=\"border-top: none; border-bottom: 1px solid #e6e7e8; border-left: none; border-right: none; padding: 0cm 0cm 0.53cm 0cm;\"><span style=\"color: #000000;\"><span style=\"font-size: small;\"><span style=\"color: #000000;\">638 gramos<\/span><\/span><\/span><\/p>\n<\/td>\n<\/tr>\n<\/tbody>\n<\/table>\n<p><strong><span style=\"color: #000000;\"><span style=\"font-size: small;\"><span style=\"color: #000000;\"><br \/>En la caja:<\/span><\/span><\/span><\/strong><\/p>\n<ul>\n<li><span style=\"color: #000000;\"><span style=\"font-size: small;\"><span style=\"color: #000000;\">Venus Optics Laowa 100mm f\/2.8 2X Ultra Macro APO Lente para Sony E<\/span><\/span><\/span><\/li>\n<li><span style=\"color: #000000;\"><span style=\"font-size: small;\"><span style=\"color: #000000;\">Cubierta frontal del objetivo<\/span><\/span><\/span><\/li>\n<li><span style=\"color: #000000;\">Tapa trasera del objetivo<\/span><\/li>\n<\/ul>\n","protected":false},"excerpt":{"rendered":"<p>Seguido por el \u00e9xito del macro Laowa 60 mm f\/2.8 2:1, el macro 100 mm f\/2.8 2:1 es el segundo<\/p>\n","protected":false},"featured_media":49293,"comment_status":"closed","ping_status":"closed","template":"","meta":{"_acf_changed":false},"product_brand":[2682],"product_cat":[1062],"product_tag":[],"class_list":{"0":"post-73072","1":"product","2":"type-product","3":"status-publish","4":"has-post-thumbnail","6":"product_brand-laowa-es","7":"product_cat-mirrorless-objectivos","8":"pa_abertura-maxima-f-2-8-es","9":"pa_cor-negro","10":"pa_designs-especiais-macro-es","11":"pa_diametro-67mm-es","12":"pa_estabilizacao-de-imagem-no","13":"pa_montagem-da-objetiva-sony-e-es","14":"pa_sensor-fotograma-completo","15":"pa_tipo-de-foco-enfoque-manual","16":"pa_tipo-de-objetiva-teleobjetivo","17":"pa_zoom-fixa-fijo","19":"first","20":"onbackorder","21":"sale","22":"taxable","23":"shipping-taxable","24":"purchasable","25":"product-type-simple"},"bundled_by":[],"bundle_stock_status":"onbackorder","bundle_stock_quantity":null,"bundle_virtual":false,"bundle_layout":"","bundle_add_to_cart_form_location":"","bundle_editable_in_cart":false,"bundle_sold_individually_context":"","bundle_item_grouping":"","bundle_min_size":"","bundle_max_size":"","bundle_price":[],"bundled_items":[],"bundle_sell_ids":[],"acf":[],"_links":{"self":[{"href":"https:\/\/hi-techwonder.com\/es\/wp-json\/wp\/v2\/product\/73072","targetHints":{"allow":["GET"]}}],"collection":[{"href":"https:\/\/hi-techwonder.com\/es\/wp-json\/wp\/v2\/product"}],"about":[{"href":"https:\/\/hi-techwonder.com\/es\/wp-json\/wp\/v2\/types\/product"}],"replies":[{"embeddable":true,"href":"https:\/\/hi-techwonder.com\/es\/wp-json\/wp\/v2\/comments?post=73072"}],"wp:featuredmedia":[{"embeddable":true,"href":"https:\/\/hi-techwonder.com\/es\/wp-json\/wp\/v2\/media\/49293"}],"wp:attachment":[{"href":"https:\/\/hi-techwonder.com\/es\/wp-json\/wp\/v2\/media?parent=73072"}],"wp:term":[{"taxonomy":"product_brand","embeddable":true,"href":"https:\/\/hi-techwonder.com\/es\/wp-json\/wp\/v2\/product_brand?post=73072"},{"taxonomy":"product_cat","embeddable":true,"href":"https:\/\/hi-techwonder.com\/es\/wp-json\/wp\/v2\/product_cat?post=73072"},{"taxonomy":"product_tag","embeddable":true,"href":"https:\/\/hi-techwonder.com\/es\/wp-json\/wp\/v2\/product_tag?post=73072"}],"curies":[{"name":"wp","href":"https:\/\/api.w.org\/{rel}","templated":true}]}}