{"id":73075,"date":"2025-07-29T09:21:01","date_gmt":"2025-07-29T09:21:01","guid":{"rendered":"https:\/\/fv6qoy3ls0.wpdns.site\/produto\/laowa-100mm-f-2-8-2x-ultra-macro-apo-para-canon-rf\/"},"modified":"2026-04-15T17:45:11","modified_gmt":"2026-04-15T16:45:11","slug":"laowa-100mm-f-2-8-2x-ultra-macro-apo-para-canon-rf","status":"publish","type":"product","link":"https:\/\/hi-techwonder.com\/es\/producto\/laowa-100mm-f-2-8-2x-ultra-macro-apo-para-canon-rf\/","title":{"rendered":"LAOWA 100mm f\/2.8 2X Ultra Macro APO para Canon RF"},"content":{"rendered":"<p><span style=\"color: #000000;\"><span style=\"color: #000000;\"><span style=\"color: #000000;\">Seguido por el \u00e9xito del macro Laowa 60 mm f\/2.8 2:1, el macro <strong>100 mm f\/2.8 2:1<\/strong> es el segundo miembro de la l\u00ednea macro 2:1 de Laowa.<\/span><\/span><\/span><\/p>\n<p><span style=\"color: #000000;\"><span style=\"color: #000000;\"><span style=\"font-size: small;\"><span style=\"color: #000000;\"><span style=\"font-size: small;\"><span style=\"color: #000000;\">Esta nueva lente puede cubrir el tama\u00f1o del sensor en profundidad y en profundidad hasta el infinito. El objetivo, similar a otros objetivos macro de 1000 mm del mercado, pero tiene un tama\u00f1o f\u00edsico de 1000 mm m\u00e1s amplio que el de Laowa, permite a los fot\u00f3grafos capturar en cualquier tama\u00f1o. Este retrato de 100 mm tambi\u00e9n presenta una caracter\u00edstica apocrom\u00e1tica (APO) adem\u00e1s de una aberraci\u00f3n crom\u00e1tica invisible. Los 12 elementos del dise\u00f1o \u00f3ptico de 10 grupos admiten un incre\u00edble nivel de nitidez tanto en macro como en infinito.   <\/span><\/span><\/span><\/span><\/span><\/span><\/p>\n<p><object data=\"https:\/\/www.youtube.com\/v\/iNpb22D2mTI\" type=\"application\/x-shockwave-flash\" width=\"425\" height=\"350\"><param name=\"src\" value=\"https:\/\/www.youtube.com\/v\/iNpb22D2mTI\"><\/object><\/p>\n<p><object data=\"https:\/\/www.youtube.com\/v\/TK3e5-rejGg\" type=\"application\/x-shockwave-flash\" width=\"425\" height=\"350\"><param name=\"src\" value=\"https:\/\/www.youtube.com\/v\/TK3e5-rejGg\"><\/object><\/p>\n<p><span style=\"color: #000000;\">&nbsp;<\/span><\/p>\n<div id=\"_mcePaste\" style=\"position: absolute; left: -10000px; top: 585.556px; width: 1px; height: 1px; overflow: hidden;\"><span style=\"color: #000000;\"><span style=\"font-size: small;\"><span style=\"color: #000000;\">Productos destacados:<\/span><\/span><\/span><\/div>\n<div id=\"_mcePaste\" style=\"position: absolute; left: -10000px; top: 585.556px; width: 1px; height: 1px; overflow: hidden;\"><span style=\"color: #000000;\"><span style=\"font-size: small;\"><span style=\"color: #000000;\">Lente con montura F\/formato FX<\/span><\/span><\/span><\/div>\n<div id=\"_mcePaste\" style=\"position: absolute; left: -10000px; top: 585.556px; width: 1px; height: 1px; overflow: hidden;\"><span style=\"color: #000000;\"><span style=\"font-size: small;\"><span style=\"color: #000000;\">Rango de apertura: f\/2.8 a f\/22<\/span><\/span><\/span><\/div>\n<div id=\"_mcePaste\" style=\"position: absolute; left: -10000px; top: 585.556px; width: 1px; height: 1px; overflow: hidden;\"><span style=\"color: #000000;\"><span style=\"font-size: small;\"><span style=\"color: #000000;\">Dos elementos de baja dispersi\u00f3n<\/span><\/span><\/span><\/div>\n<div id=\"_mcePaste\" style=\"position: absolute; left: -10000px; top: 585.556px; width: 1px; height: 1px; overflow: hidden;\"><span style=\"color: #000000;\"><span style=\"font-size: small;\"><span style=\"color: #000000;\">Aumento m\u00e1ximo: 2:1<\/span><\/span><\/span><\/div>\n<div id=\"_mcePaste\" style=\"position: absolute; left: -10000px; top: 585.556px; width: 1px; height: 1px; overflow: hidden;\"><span style=\"color: #000000;\"><span style=\"font-size: small;\"><span style=\"color: #000000;\">Distancia m\u00ednima de enfoque: 24,7 cm<\/span><\/span><\/span><\/div>\n<div id=\"_mcePaste\" style=\"position: absolute; left: -10000px; top: 585.556px; width: 1px; height: 1px; overflow: hidden;\"><span style=\"color: #000000;\"><span style=\"font-size: small;\"><span style=\"color: #000000;\">Dise\u00f1o de enfoque manual<\/span><\/span><\/span><\/div>\n<div id=\"_mcePaste\" style=\"position: absolute; left: -10000px; top: 585.556px; width: 1px; height: 1px; overflow: hidden;\"><span style=\"color: #000000;\"><span style=\"font-size: small;\"><span style=\"color: #000000;\">Diafragma de 13 hojas<\/span><\/span><\/span><\/div>\n<div id=\"_mcePaste\" style=\"position: absolute; left: -10000px; top: 585.556px; width: 1px; height: 1px; overflow: hidden;\"><span style=\"color: #000000;\"><span style=\"font-size: small;\"><span style=\"color: #000000;\">Caracterizado por sus capacidades de enfoque cercano y su dise\u00f1o apocrom\u00e1tico, el Nikon F-mount Laowa 100mm f\/2.8 2X Ultra Macro APO de Venus Optics es un teleobjetivo corto \u00fanico y vers\u00e1til. Con un par de elementos de baja dispersi\u00f3n, las franjas de color y las aberraciones crom\u00e1ticas se han eliminado pr\u00e1cticamente en todo el rango de enfoque para lograr una alta claridad y precisi\u00f3n de color. El dise\u00f1o de enfoque manual del objetivo tambi\u00e9n se adapta a sus capacidades macro, lo que le permite trabajar con sujetos tan cercanos como 2:1 con una distancia m\u00ednima de enfoque de 24,7 cm. Adem\u00e1s, un diafragma de 13 hojas contribuye a una agradable calidad de bokeh.   <\/span><\/span><\/span><\/div>\n<div id=\"_mcePaste\" style=\"position: absolute; left: -10000px; top: 585.556px; width: 1px; height: 1px; overflow: hidden;\"><span style=\"color: #000000;\"><span style=\"font-size: small;\"><span style=\"color: #000000;\">El teleobjetivo prime est\u00e1 dise\u00f1ado para c\u00e1maras Nikon con montura F en formato FX y tambi\u00e9n se puede utilizar con modelos APS-C, donde proporcionar\u00e1 una distancia focal equivalente a 150 mm.<\/span><\/span><\/span><\/div>\n<div id=\"_mcePaste\" style=\"position: absolute; left: -10000px; top: 585.556px; width: 1px; height: 1px; overflow: hidden;\"><span style=\"color: #000000;\"><span style=\"font-size: small;\"><span style=\"color: #000000;\">Con una designaci\u00f3n apocrom\u00e1tica, esta lente utiliza un par de elementos de baja dispersi\u00f3n para eliminar eficazmente las aberraciones crom\u00e1ticas y las franjas de color para mejorar la claridad y la reproducci\u00f3n precisa.<\/span><\/span><\/span><\/div>\n<div id=\"_mcePaste\" style=\"position: absolute; left: -10000px; top: 585.556px; width: 1px; height: 1px; overflow: hidden;\"><span style=\"color: #000000;\"><span style=\"font-size: small;\"><span style=\"color: #000000;\">El aumento m\u00e1ximo de 2:1 de tama\u00f1o m\u00e1s grande que el real se combina con una distancia m\u00ednima de enfoque de 24,7 cm para adaptarse al trabajo con sujetos en primer plano.<\/span><\/span><\/span><\/div>\n<div id=\"_mcePaste\" style=\"position: absolute; left: -10000px; top: 585.556px; width: 1px; height: 1px; overflow: hidden;\"><span style=\"color: #000000;\"><span style=\"font-size: small;\"><span style=\"color: #000000;\">El dise\u00f1o de enfoque manual, junto con las escalas de distancia de enfoque y profundidad de campo, ayuda a un control preciso del enfoque.<\/span><\/span><\/span><\/div>\n<div id=\"_mcePaste\" style=\"position: absolute; left: -10000px; top: 585.556px; width: 1px; height: 1px; overflow: hidden;\"><span style=\"color: #000000;\"><span style=\"font-size: small;\"><span style=\"color: #000000;\">Un diafragma de 13 hojas contribuye a una agradable calidad de bokeh.<\/span><\/span><\/span><\/div>\n<p><strong><span style=\"color: #000000;\"><span style=\"font-size: small;\"><span style=\"color: #000000;\">Productos destacados:<\/span><\/span><\/span><\/strong><\/p>\n<ul>\n<li><span style=\"color: #000000;\"><span style=\"font-size: small;\"><span style=\"color: #000000;\">Lente con montura EF\/formato de fotograma completo<\/span><\/span><\/span><\/li>\n<li><span style=\"color: #000000;\"><span style=\"font-size: small;\"><span style=\"color: #000000;\">Rango de apertura: f\/2.8 a f\/22<\/span><\/span><\/span><\/li>\n<li><span style=\"color: #000000;\"><span style=\"font-size: small;\"><span style=\"color: #000000;\">Dos elementos de baja dispersi\u00f3n<\/span><\/span><\/span><\/li>\n<li><span style=\"color: #000000;\"><span style=\"font-size: small;\"><span style=\"color: #000000;\">Aumento m\u00e1ximo: 2:1<\/span><\/span><\/span><\/li>\n<li><span style=\"color: #000000;\"><span style=\"font-size: small;\"><span style=\"color: #000000;\">Distancia m\u00ednima de enfoque: 24,7 cm<\/span><\/span><\/span><\/li>\n<li><span style=\"color: #000000;\"><span style=\"font-size: small;\"><span style=\"color: #000000;\">Dise\u00f1o de enfoque manual<\/span><\/span><\/span><\/li>\n<li><span style=\"color: #000000;\"><span style=\"font-size: small;\"><span style=\"color: #000000;\">Diafragma de 13 hojas<\/span><\/span><\/span><\/li>\n<\/ul>\n<p><span style=\"color: #000000;\"><span style=\"font-size: small;\"><span style=\"color: #000000;\">&nbsp;<\/span><\/span><\/span><\/p>\n<p><span style=\"color: #000000;\"><span style=\"font-size: small;\"><span style=\"color: #000000;\">Caracterizado por sus capacidades de enfoque cercano y su dise\u00f1o apocrom\u00e1tico, el Laowa 100mm f\/2.8 2X Ultra Macro APO con montura EF de Canon de Venus Optics es un teleobjetivo fijo corto \u00fanico y vers\u00e1til. Con un par de elementos de baja dispersi\u00f3n, las franjas de color y las aberraciones crom\u00e1ticas se han eliminado pr\u00e1cticamente en todo el rango de enfoque para lograr una alta claridad y precisi\u00f3n de color. El dise\u00f1o de enfoque manual del objetivo tambi\u00e9n se adapta a sus capacidades macro, lo que le permite trabajar con sujetos tan cercanos como 2:1 con una distancia m\u00ednima de enfoque de 24,7 cm. Adem\u00e1s, un diafragma de 13 hojas contribuye a una agradable calidad de bokeh.   <\/span><\/span><\/span><\/p>\n<ul>\n<li><span style=\"color: #000000;\">El teleobjetivo prime est\u00e1 dise\u00f1ado para las c\u00e1maras con montura EF de fotograma completo de Canon, sin embargo, tambi\u00e9n se puede usar con modelos APS-C, donde proporcionar\u00e1 una distancia focal equivalente a 160 mm.<\/span><\/li>\n<li><span style=\"color: #000000;\">Con una designaci\u00f3n apocrom\u00e1tica, esta lente utiliza un par de elementos de baja dispersi\u00f3n para eliminar eficazmente las aberraciones crom\u00e1ticas y las franjas de color para mejorar la claridad y la reproducci\u00f3n precisa.<\/span><\/li>\n<li><span style=\"color: #000000;\">El aumento m\u00e1ximo de 2:1 de tama\u00f1o m\u00e1s grande que el natural se combina con una distancia m\u00ednima de enfoque de 9,7&#8243; para adaptarse al trabajo con sujetos en primer plano.<\/span><\/li>\n<li><span style=\"color: #000000;\">El dise\u00f1o de enfoque manual, junto con las escalas de distancia de enfoque y profundidad de campo, ayudan a controlar el enfoque con precisi\u00f3n.<\/span><\/li>\n<li><span style=\"color: #000000;\">Un diafragma de 9 hojas contribuye a una agradable calidad de bokeh.<\/span><\/li>\n<li><span style=\"color: #000000;\">Esta versi\u00f3n RF de Canon tiene un motor de control de apertura dedicado, junto con un chip de CPU incorporado, para permitir el ajuste autom\u00e1tico de apertura a trav\u00e9s del cuerpo de la c\u00e1mara, as\u00ed como la capacidad de transferir datos Exif de la lente a la c\u00e1mara.<\/span><\/li>\n<\/ul>\n<h2 class=\"western\" style=\"font-weight: normal;\"><span style=\"font-size: small;\"><span style=\"color: #000000;\">Especificaciones de Venus Optics 100mm f\/2.8<\/span><\/span><\/h2>\n<table style=\"width: 498px;\" border=\"0\" cellspacing=\"0\" cellpadding=\"2\">\n<colgroup>\n<col width=\"236\">\n<col width=\"254\"><\/colgroup>\n<tbody>\n<tr>\n<td width=\"236\">\n<p style=\"border-top: none; border-bottom: 1px solid #e6e7e8; border-left: none; border-right: none; padding: 0cm 0cm 0.53cm 0cm;\"><span style=\"color: #000000;\">Distancia focal<\/span><\/p>\n<\/td>\n<td width=\"254\">\n<p style=\"border-top: none; border-bottom: 1px solid #e6e7e8; border-left: none; border-right: none; padding: 0cm 0cm 0.53cm 0cm;\"><span style=\"color: #000000;\">100 mil\u00edmetros<\/span><\/p>\n<\/td>\n<\/tr>\n<tr>\n<td width=\"236\">\n<p style=\"border-top: none; border-bottom: 1px solid #e6e7e8; border-left: none; border-right: none; padding: 0cm 0cm 0.53cm 0cm;\"><span style=\"color: #000000;\">M\u00e1xima apertura<\/span><\/p>\n<\/td>\n<td width=\"254\">\n<p style=\"border-top: none; border-bottom: 1px solid #e6e7e8; border-left: none; border-right: none; padding: 0cm 0cm 0.53cm 0cm;\"><span style=\"color: #000000;\">f\/2.8<\/span><\/p>\n<\/td>\n<\/tr>\n<tr>\n<td width=\"236\">\n<p style=\"border-top: none; border-bottom: 1px solid #e6e7e8; border-left: none; border-right: none; padding: 0cm 0cm 0.53cm 0cm;\"><span style=\"color: #000000;\">Apertura m\u00ednima<\/span><\/p>\n<\/td>\n<td width=\"254\">\n<p style=\"border-top: none; border-bottom: 1px solid #e6e7e8; border-left: none; border-right: none; padding: 0cm 0cm 0.53cm 0cm;\"><span style=\"color: #000000;\">f\/22<\/span><\/p>\n<\/td>\n<\/tr>\n<tr>\n<td width=\"236\">\n<p style=\"border-top: none; border-bottom: 1px solid #e6e7e8; border-left: none; border-right: none; padding: 0cm 0cm 0.53cm 0cm;\"><span style=\"color: #000000;\">Montura de lente<\/span><\/p>\n<\/td>\n<td width=\"254\">\n<p style=\"border-top: none; border-bottom: 1px solid #e6e7e8; border-left: none; border-right: none; padding: 0cm 0cm 0.53cm 0cm;\"><span style=\"color: #000000;\">Canon RF<\/span><\/p>\n<\/td>\n<\/tr>\n<tr>\n<td width=\"236\">\n<p style=\"border-top: none; border-bottom: 1px solid #e6e7e8; border-left: none; border-right: none; padding: 0cm 0cm 0.53cm 0cm;\"><span style=\"color: #000000;\">Compatibilidad de formatos<\/span><\/p>\n<\/td>\n<td width=\"254\">\n<p style=\"border-top: none; border-bottom: 1px solid #e6e7e8; border-left: none; border-right: none; padding: 0cm 0cm 0.53cm 0cm;\"><span style=\"color: #000000;\">Imagen completa<\/span><\/p>\n<\/td>\n<\/tr>\n<tr>\n<td width=\"236\">\n<p style=\"border-top: none; border-bottom: 1px solid #e6e7e8; border-left: none; border-right: none; padding: 0cm 0cm 0.53cm 0cm;\"><span style=\"color: #000000;\">\u00c1ngulo<\/span><\/p>\n<\/td>\n<td width=\"254\">\n<p style=\"border-top: none; border-bottom: 1px solid #e6e7e8; border-left: none; border-right: none; padding: 0cm 0cm 0.53cm 0cm;\"><span style=\"color: #000000;\">24,4\u00b0<\/span><\/p>\n<\/td>\n<\/tr>\n<tr>\n<td width=\"236\">\n<p style=\"border-top: none; border-bottom: 1px solid #e6e7e8; border-left: none; border-right: none; padding: 0cm 0cm 0.53cm 0cm;\"><span style=\"color: #000000;\">Aumento m\u00e1ximo<\/span><\/p>\n<\/td>\n<td width=\"254\">\n<p style=\"border-top: none; border-bottom: 1px solid #e6e7e8; border-left: none; border-right: none; padding: 0cm 0cm 0.53cm 0cm;\"><span style=\"color: #000000;\">2 veces<\/span><\/p>\n<\/td>\n<\/tr>\n<tr>\n<td width=\"236\">\n<p style=\"border-top: none; border-bottom: 1px solid #e6e7e8; border-left: none; border-right: none; padding: 0cm 0cm 0.53cm 0cm;\"><span style=\"color: #000000;\">Tasa de reproducci\u00f3n macro<\/span><\/p>\n<\/td>\n<td width=\"254\">\n<p style=\"border-top: none; border-bottom: 1px solid #e6e7e8; border-left: none; border-right: none; padding: 0cm 0cm 0.53cm 0cm;\"><span style=\"color: #000000;\">2:1<\/span><\/p>\n<\/td>\n<\/tr>\n<tr>\n<td width=\"236\">\n<p style=\"border-top: none; border-bottom: 1px solid #e6e7e8; border-left: none; border-right: none; padding: 0cm 0cm 0.53cm 0cm;\"><span style=\"color: #000000;\">Distancia m\u00ednima de enfoque<\/span><\/p>\n<\/td>\n<td width=\"254\">\n<p style=\"border-top: none; border-bottom: 1px solid #e6e7e8; border-left: none; border-right: none; padding: 0cm 0cm 0.53cm 0cm;\"><span style=\"color: #000000;\">24,7 cm<\/span><\/p>\n<\/td>\n<\/tr>\n<tr>\n<td width=\"236\">\n<p style=\"border-top: none; border-bottom: 1px solid #e6e7e8; border-left: none; border-right: none; padding: 0cm 0cm 0.53cm 0cm;\"><span style=\"color: #000000;\">Dise\u00f1o \u00f3ptico<\/span><\/p>\n<\/td>\n<td width=\"254\">\n<p style=\"border-top: none; border-bottom: 1px solid #e6e7e8; border-left: none; border-right: none; padding: 0cm 0cm 0.53cm 0cm;\"><span style=\"color: #000000;\">12 elementos en 10 grupos<\/span><\/p>\n<\/td>\n<\/tr>\n<tr>\n<td width=\"236\">\n<p style=\"border-top: none; border-bottom: 1px solid #e6e7e8; border-left: none; border-right: none; padding: 0cm 0cm 0.53cm 0cm;\"><span style=\"color: #000000;\">Hojas de diafragma<\/span><\/p>\n<\/td>\n<td width=\"254\">\n<p style=\"border-top: none; border-bottom: 1px solid #e6e7e8; border-left: none; border-right: none; padding: 0cm 0cm 0.53cm 0cm;\"><span style=\"color: #000000;\">9<\/span><\/p>\n<\/td>\n<\/tr>\n<tr>\n<td width=\"236\">\n<p style=\"border-top: none; border-bottom: 1px solid #e6e7e8; border-left: none; border-right: none; padding: 0cm 0cm 0.53cm 0cm;\"><span style=\"color: #000000;\">Tipo de enfoque<\/span><\/p>\n<\/td>\n<td width=\"254\">\n<p style=\"border-top: none; border-bottom: 1px solid #e6e7e8; border-left: none; border-right: none; padding: 0cm 0cm 0.53cm 0cm;\"><span style=\"color: #000000;\">Enfoque manual<\/span><\/p>\n<\/td>\n<\/tr>\n<tr>\n<td width=\"236\">\n<p style=\"border-top: none; border-bottom: 1px solid #e6e7e8; border-left: none; border-right: none; padding: 0cm 0cm 0.53cm 0cm;\"><span style=\"color: #000000;\">Estabilizaci\u00f3n de imagen<\/span><\/p>\n<\/td>\n<td width=\"254\">\n<p style=\"border: none; padding: 0cm;\"><em><span style=\"color: #000000;\">Ninguno<\/em><\/span><\/p>\n<\/td>\n<\/tr>\n<tr>\n<td width=\"236\">\n<p style=\"border-top: none; border-bottom: 1px solid #e6e7e8; border-left: none; border-right: none; padding: 0cm 0cm 0.53cm 0cm;\"><span style=\"color: #000000;\">Tama\u00f1o del filtro<\/span><\/p>\n<\/td>\n<td width=\"254\">\n<p style=\"border-top: none; border-bottom: 1px solid #e6e7e8; border-left: none; border-right: none; padding: 0cm 0cm 0.53cm 0cm;\"><span style=\"color: #000000;\">67 mm (Frontal)<\/span><\/p>\n<\/td>\n<\/tr>\n<tr>\n<td width=\"236\">\n<p style=\"border-top: none; border-bottom: 1px solid #e6e7e8; border-left: none; border-right: none; padding: 0cm 0cm 0.53cm 0cm;\"><span style=\"color: #000000;\">Dimensiones (\u00f8 x L)<\/span><\/p>\n<\/td>\n<td width=\"254\">\n<p style=\"border-top: none; border-bottom: 1px solid #e6e7e8; border-left: none; border-right: none; padding: 0cm 0cm 0.53cm 0cm;\"><span style=\"color: #000000;\">72 x 125 mm<\/span><\/p>\n<\/td>\n<\/tr>\n<tr>\n<td width=\"236\">\n<p style=\"border-top: none; border-bottom: 1px solid #e6e7e8; border-left: none; border-right: none; padding: 0cm 0cm 0.53cm 0cm;\"><span style=\"color: #000000;\">Peso<\/span><\/p>\n<\/td>\n<td width=\"254\">\n<p style=\"border-top: none; border-bottom: 1px solid #e6e7e8; border-left: none; border-right: none; padding: 0cm 0cm 0.53cm 0cm;\"><span style=\"color: #000000;\">638 gramos<\/span><\/p>\n<\/td>\n<\/tr>\n<\/tbody>\n<\/table>\n<p><span style=\"font-size: small;\"><span style=\"color: #000000;\">En la caja:<\/span><\/span><\/p>\n<ul>\n<li><span style=\"color: #000000;\"><span style=\"font-size: small;\"><span style=\"color: #000000;\">Venus Optics Laowa 100mm f\/2.8 2X Ultra Macro APO Lente para Canon RF<\/span><\/span><\/span><\/li>\n<li><span style=\"color: #000000;\"><span style=\"font-size: small;\"><span style=\"color: #000000;\">Cubierta frontal del objetivo<\/span><\/span><\/span><\/li>\n<li><span style=\"color: #000000;\"><span style=\"font-size: small;\"><span style=\"color: #000000;\">Tapa trasera del objetivo<\/span><\/span><\/span><\/li>\n<\/ul>\n","protected":false},"excerpt":{"rendered":"<p>Seguido por el \u00e9xito del macro Laowa 60 mm f\/2.8 2:1, el macro 100 mm f\/2.8 2:1 es el segundo<\/p>\n","protected":false},"featured_media":47866,"comment_status":"closed","ping_status":"open","template":"","meta":{"_acf_changed":false},"product_brand":[2682],"product_cat":[1063],"product_tag":[],"class_list":{"0":"post-73075","1":"product","2":"type-product","3":"status-publish","4":"has-post-thumbnail","6":"product_brand-laowa-es","7":"product_cat-slr-es","9":"first","10":"onbackorder","11":"taxable","12":"shipping-taxable","13":"purchasable","14":"product-type-simple"},"bundled_by":[],"bundle_stock_status":"onbackorder","bundle_stock_quantity":null,"bundle_virtual":false,"bundle_layout":"","bundle_add_to_cart_form_location":"","bundle_editable_in_cart":false,"bundle_sold_individually_context":"","bundle_item_grouping":"","bundle_min_size":"","bundle_max_size":"","bundle_price":[],"bundled_items":[],"bundle_sell_ids":[],"acf":[],"_links":{"self":[{"href":"https:\/\/hi-techwonder.com\/es\/wp-json\/wp\/v2\/product\/73075","targetHints":{"allow":["GET"]}}],"collection":[{"href":"https:\/\/hi-techwonder.com\/es\/wp-json\/wp\/v2\/product"}],"about":[{"href":"https:\/\/hi-techwonder.com\/es\/wp-json\/wp\/v2\/types\/product"}],"replies":[{"embeddable":true,"href":"https:\/\/hi-techwonder.com\/es\/wp-json\/wp\/v2\/comments?post=73075"}],"wp:featuredmedia":[{"embeddable":true,"href":"https:\/\/hi-techwonder.com\/es\/wp-json\/wp\/v2\/media\/47866"}],"wp:attachment":[{"href":"https:\/\/hi-techwonder.com\/es\/wp-json\/wp\/v2\/media?parent=73075"}],"wp:term":[{"taxonomy":"product_brand","embeddable":true,"href":"https:\/\/hi-techwonder.com\/es\/wp-json\/wp\/v2\/product_brand?post=73075"},{"taxonomy":"product_cat","embeddable":true,"href":"https:\/\/hi-techwonder.com\/es\/wp-json\/wp\/v2\/product_cat?post=73075"},{"taxonomy":"product_tag","embeddable":true,"href":"https:\/\/hi-techwonder.com\/es\/wp-json\/wp\/v2\/product_tag?post=73075"}],"curies":[{"name":"wp","href":"https:\/\/api.w.org\/{rel}","templated":true}]}}