{"id":73077,"date":"2025-07-29T09:28:08","date_gmt":"2025-07-29T09:28:08","guid":{"rendered":"https:\/\/fv6qoy3ls0.wpdns.site\/produto\/laowa-11mm-f-4-5-ff-rl-nikon-z\/"},"modified":"2025-12-23T08:11:36","modified_gmt":"2025-12-23T08:11:36","slug":"laowa-11mm-f-4-5-ff-rl-nikon-z","status":"publish","type":"product","link":"https:\/\/hi-techwonder.com\/es\/producto\/laowa-11mm-f-4-5-ff-rl-nikon-z\/","title":{"rendered":"LAOWA 11mm f\/4.5 FF RL Nikon Z"},"content":{"rendered":"<p><strong>LAOWA 11mm f\/4.5 FF RL Nikon Z<\/strong><\/p>\n<p> <strong>Caracter\u00edsticas principales:<\/strong><\/p>\n<ul>\n<li>  Lente con montura Z<\/li>\n<li>  Compatible con fotograma completo<\/li>\n<li>  Enfoque manual<\/li>\n<li>  Apertura m\u00e1xima de f\/4.5<\/li>\n<li>  \u00d3ptica rectil\u00ednea<\/li>\n<li>  Ultra compacto, solo 254 g<\/li>\n<li>  Utiliza filtros de 62 mm<\/li>\n<\/ul>\n<p> <strong>En la caja:<\/strong><\/p>\n<ul>\n<li>  Lente Venus Optics Laowa 11mm f\/4.5 FF RL Nikon Z<\/li>\n<li>  Cubierta frontal del objetivo<\/li>\n<li>  Tapa trasera del objetivo<\/li>\n<\/ul>\n<p>  El Laowa 11mm f\/4.5 FF RL para montura Nikon Z es un objetivo ultra gran angular que ofrece una cobertura de 126\u00b0. Dise\u00f1ado para c\u00e1maras sin espejo de fotograma completo como la Nikon Z6 o Z7. Tama\u00f1o diminuto, solo 63 mm de largo y solo 254 g. Rendimiento \u00f3ptico rectil\u00edneo superior, que incluye 14 elementos en 10 grupos con 2 elementos asf\u00e9ricos y 3 elementos de dispersi\u00f3n ultrabaja. En \u00faltima instancia, gran nitidez y supresi\u00f3n de aberraciones crom\u00e1ticas manteniendo la distorsi\u00f3n al m\u00ednimo. \u00bfEnfoque cercano? No hay problema. Una distancia m\u00ednima de enfoque corta de solo 19 cm proporciona im\u00e1genes tipo macro. Rosca de filtro integrada de 62 mm con el extra opcional de agregar sus filtros cuadrados de 100 mm a trav\u00e9s del portafiltros dedicado (disponible por separado). Al ser ultra gran angular, este objetivo es perfecto para una variedad de usos de fotograf\u00eda, paisajes, viajes o fotograf\u00eda de interiores.         <\/p>\n<ul>\n<li>  Notable AoV de 126\u00b0 para c\u00e1maras sin espejo de fotograma completo<\/li>\n<li>  Im\u00e1genes impresionantes con m\u00ednima distorsi\u00f3n y aberraciones crom\u00e1ticas<\/li>\n<li>  S\u00faper compacto y ligero: solo 254 g<\/li>\n<li>  Distancia de enfoque m\u00e1s cercana de 19 cm<\/li>\n<li>  Equipado con rosca de filtro de 62 mm<\/li>\n<li>  Impresionantes estrellas solares de 10 puntas<\/li>\n<\/ul>\n<p> <strong>Caracter\u00edsticas t\u00e9cnicas:<\/strong> <\/p>\n<table border=\"0\" width=\"642\" cellspacing=\"0\" cellpadding=\"2\">\n<colgroup>\n<col width=\"299\">\n<col width=\"335\"><\/colgroup>\n<tbody>\n<tr>\n<td width=\"299\"> Distancia focal<\/td>\n<td width=\"335\"> 11 mm<\/td>\n<\/tr>\n<tr>\n<td width=\"299\"> Apertura m\u00e1xima<\/td>\n<td width=\"335\"> F\/4.5<\/td>\n<\/tr>\n<tr>\n<td width=\"299\"> Apertura m\u00ednima<\/td>\n<td width=\"335\"> f\/22<\/td>\n<\/tr>\n<tr>\n<td width=\"299\"> Montura<\/td>\n<td width=\"335\"> de lente Nikon Z<\/td>\n<\/tr>\n<tr>\n<td width=\"299\"> Compatibilidad con formato<\/td>\n<td width=\"335\"> de fotograma completo<\/td>\n<\/tr>\n<tr>\n<td width=\"299\"> \u00c1ngulo de visi\u00f3n<\/td>\n<td width=\"335\"> 126\u00b0<\/td>\n<\/tr>\n<tr>\n<td width=\"299\"> Distancia m\u00ednima de enfoque<\/td>\n<td width=\"335\"> 19 cm<\/td>\n<\/tr>\n<tr>\n<td width=\"299\"> Dise\u00f1o \u00f3ptico<\/td>\n<td width=\"335\"> 14 elementos en 10 grupos<\/td>\n<\/tr>\n<tr>\n<td width=\"335\"> Hojas de<\/td>\n<td width=\"299\"> diafragma<\/td>\n<p> 5<\/tr>\n<tr>\n<td width=\"299\"> Tipo de enfoque<\/td>\n<td width=\"335\"> Enfoque manual<\/td>\n<\/tr>\n<tr>\n<td width=\"299\"> Estabilizaci\u00f3n de imagen<\/td>\n<td width=\"335\"> No<\/td>\n<\/tr>\n<tr>\n<td width=\"299\"> Tama\u00f1o del filtro<\/td>\n<td width=\"335\"> 62 mm (frontal)<\/td>\n<\/tr>\n<tr>\n<td width=\"299\"> Dimensiones (\u00f8 x L)<\/td>\n<td width=\"335\"> 63,5 x 58 mm<\/td>\n<\/tr>\n<tr>\n<td width=\"299\"> Peso<\/td>\n<td width=\"335\"> 254g<\/td>\n<\/tr>\n<\/tbody>\n<\/table>\n","protected":false},"excerpt":{"rendered":"<p>LAOWA 11mm f\/4.5 FF RL Nikon Z Caracter\u00edsticas principales: Lente con montura Z Compatible con fotograma completo Enfoque manual Apertura<\/p>\n","protected":false},"featured_media":49374,"comment_status":"closed","ping_status":"closed","template":"","meta":{"_acf_changed":false},"product_brand":[2682],"product_cat":[1062],"product_tag":[],"class_list":{"0":"post-73077","1":"product","2":"type-product","3":"status-publish","4":"has-post-thumbnail","6":"product_brand-laowa-es","7":"product_cat-mirrorless-objectivos","8":"pa_abertura-maxima-f-4-5-es","9":"pa_cor-negro","10":"pa_diametro-62mm-es","11":"pa_estabilizacao-de-imagem-no","12":"pa_montagem-da-objetiva-nikon-z-es","13":"pa_sensor-fotograma-completo","14":"pa_tipo-de-foco-enfoque-manual","15":"pa_tipo-de-objetiva-gran-angular","16":"pa_zoom-fixa-fijo","18":"first","19":"onbackorder","20":"taxable","21":"shipping-taxable","22":"purchasable","23":"product-type-simple"},"bundled_by":[],"bundle_stock_status":"onbackorder","bundle_stock_quantity":null,"bundle_virtual":false,"bundle_layout":"","bundle_add_to_cart_form_location":"","bundle_editable_in_cart":false,"bundle_sold_individually_context":"","bundle_item_grouping":"","bundle_min_size":"","bundle_max_size":"","bundle_price":[],"bundled_items":[],"bundle_sell_ids":[],"acf":[],"_links":{"self":[{"href":"https:\/\/hi-techwonder.com\/es\/wp-json\/wp\/v2\/product\/73077","targetHints":{"allow":["GET"]}}],"collection":[{"href":"https:\/\/hi-techwonder.com\/es\/wp-json\/wp\/v2\/product"}],"about":[{"href":"https:\/\/hi-techwonder.com\/es\/wp-json\/wp\/v2\/types\/product"}],"replies":[{"embeddable":true,"href":"https:\/\/hi-techwonder.com\/es\/wp-json\/wp\/v2\/comments?post=73077"}],"wp:featuredmedia":[{"embeddable":true,"href":"https:\/\/hi-techwonder.com\/es\/wp-json\/wp\/v2\/media\/49374"}],"wp:attachment":[{"href":"https:\/\/hi-techwonder.com\/es\/wp-json\/wp\/v2\/media?parent=73077"}],"wp:term":[{"taxonomy":"product_brand","embeddable":true,"href":"https:\/\/hi-techwonder.com\/es\/wp-json\/wp\/v2\/product_brand?post=73077"},{"taxonomy":"product_cat","embeddable":true,"href":"https:\/\/hi-techwonder.com\/es\/wp-json\/wp\/v2\/product_cat?post=73077"},{"taxonomy":"product_tag","embeddable":true,"href":"https:\/\/hi-techwonder.com\/es\/wp-json\/wp\/v2\/product_tag?post=73077"}],"curies":[{"name":"wp","href":"https:\/\/api.w.org\/{rel}","templated":true}]}}