{"id":73081,"date":"2025-07-29T09:29:22","date_gmt":"2025-07-29T09:29:22","guid":{"rendered":"https:\/\/fv6qoy3ls0.wpdns.site\/produto\/laowa-10mm-t2-1-zero-d-cine-micro-4-3\/"},"modified":"2025-12-23T12:22:35","modified_gmt":"2025-12-23T12:22:35","slug":"laowa-10mm-t2-1-zero-d-cine-micro-4-3","status":"publish","type":"product","link":"https:\/\/hi-techwonder.com\/es\/producto\/laowa-10mm-t2-1-zero-d-cine-micro-4-3\/","title":{"rendered":"LAOWA 10mm T2.1 Zero-D Cine Micro 4\/3"},"content":{"rendered":"<p><strong>LAOWA 10<\/strong><strong>mm T2.1 Zero-D Cine Micro 4\/3<\/strong><\/p>\n<p><strong>Funciones:<\/strong><\/p>\n<ul>\n<li>Para sensores Micro 4\/3<\/li>\n<li>Apertura T2.1 a T22<\/li>\n<li>Di\u00e1metro frontal de 56 mm<\/li>\n<li>Iris de 5 hojas<\/li>\n<li>Roscas de filtro frontales de 49 mm<\/li>\n<li>\u00c1ngulo de visi\u00f3n de 96\u00b0, enfoque cercano de 4,72&#8243;<\/li>\n<li>Escalas de enfoque marcadas en pies y metros<\/li>\n<li>Enfoque manual e iris, anillos MOD 0.8<\/li>\n<li>Tapas de lentes delanteras y traseras incluidas<\/li>\n<li>Estuche r\u00edgido incluido<\/li>\n<\/ul>\n<p><strong>Contenido del paquete:<\/strong><\/p>\n<ul>\n<li>LAOWA 10mm T2.1 Zero-D Cine Micro 4\/3<\/li>\n<li>Cubierta frontal del objetivo<\/li>\n<li>Tapa trasera del objetivo<\/li>\n<li>Bolsa de almacenamiento<\/li>\n<\/ul>\n<p><iframe loading=\"lazy\" style=\"min-height: 500px; width: 100%; height: auto;\" src=\"https:\/\/www.youtube.com\/embed\/g0DVFlKHci0\" width=\"560\" height=\"314\" allowfullscreen=\"allowfullscreen\"><\/iframe><\/p>\n<p>Gran angular, r\u00e1pido para disparar con poca luz y lo suficientemente ligero como para volar en un dron, el lente de cine Laowa Zero-D de 10 mm T2.1 de Venus Optics est\u00e1 dise\u00f1ado para los amantes del sistema Micro 4\/3 que desean una vista amplia del cine con un sentido y un aspecto naturales. Una aparente contradicci\u00f3n en la fabricaci\u00f3n de lentes, el 10 mm es peque\u00f1o y liviano, pero \u00f3pticamente es r\u00e1pido y n\u00edtido. Use la lente con su c\u00e1mara en configuraci\u00f3n de mano, tr\u00edpode, card\u00e1n, card\u00e1n o montura de dron para obtener im\u00e1genes n\u00edtidas y claras en condiciones de poca luz.  <\/p>\n<p>Con escalas de enfoque marcadas en pies y metros, la lente es adecuada para cualquier persona sin distancias de visualizaci\u00f3n, y los anillos MOD 0.8 incorporados le permiten integrar f\u00e1cilmente esta lente en la configuraci\u00f3n de accesorios de su lente de cine, ya que funciona con unidades de enfoque y motores de lentes est\u00e1ndar de la industria. Adem\u00e1s, el objetivo acepta filtros roscados opcionales de 49 mm, que pueden ayudar a proteger su elemento frontal, y puede optar por mejorar sus im\u00e1genes reduciendo los rayos UV y el deslumbramiento. La lente viene con un estuche r\u00edgido protector.  <\/p>\n<ul>\n<li>Esta lente fotogr\u00e1fica se reubic\u00f3 con engranajes MOD de 0.8. Tiene un \u00e1ngulo de visi\u00f3n de 96\u00b0 en el sensor MFT, lo que le brinda una perspectiva amplia. Es adecuado para su uso en un dron, un dron FPV, vlogs o paisajes, y el dise\u00f1o sin distorsiones que mantiene l\u00edneas rectas paralelas lo hace adecuado para videos arquitect\u00f3nicos.  <\/li>\n<li>El dise\u00f1o \u00f3ptico de 11 elementos en siete grupos incluye dos elementos de vidrio ED y dos elementos de vidrio asf\u00e9rico que ayudan a mantener la distorsi\u00f3n y las franjas de color al m\u00ednimo. Este dise\u00f1o \u00f3ptico puede ayudar a ahorrar mucho tiempo durante la correcci\u00f3n del color. <\/li>\n<li>El peque\u00f1o tama\u00f1o de la lente la hace adecuada para su uso en un dron, y con una distancia de enfoque cercana de 4.72&#8243;, la lente es adecuada para su uso en interiores estrechos.<\/li>\n<li>\u00c1ngulo de visi\u00f3n de 96\u00b0.<\/li>\n<li>Apertura m\u00e1xima T2.1 r\u00e1pida para disparos con poca luz.<\/li>\n<li>Distancia de enfoque cercano de 4.72&#8243;.<\/li>\n<li>Con 5.3 onzas, es lo suficientemente liviano como para volar en un dron para obtener una foto a\u00e9rea impresionante.<\/li>\n<li>Los anillos de enfoque e iris tienen engranajes MOD de 0.8 incorporados.<\/li>\n<\/ul>\n<p><strong>Caracter\u00edsticas t\u00e9cnicas:<\/strong><\/p>\n<table class=\"table_fDXOr6EpR9\" style=\"font-size: 16px; box-sizing: inherit; width: 982.5px; font-family: OpenSans, 'Segoe UI', Helvetica, Roboto, Arial, sans-serif; background-color: #ffffff; height: 395.86px;\" data-selenium=\"specsItemGroupTable\">\n<tbody style=\"box-sizing: inherit;\">\n<tr class=\"pair_fDXOr6EpR9\" style=\"box-sizing: inherit; border-bottom: 0.0625rem solid #e7e7e7; height: 21.9922px;\" data-selenium=\"specsItemGroupTableRow\">\n<td class=\"label_fDXOr6EpR9 firstSpecWhenNoGroupName_fDXOr6EpR9\" style=\"padding: 0px 0px 1.25rem; border-top: none; box-sizing: inherit; width: 373.344px; color: #666666; font-size: 1.125rem; line-height: 1.375rem; vertical-align: baseline; height: 21.9922px;\" data-selenium=\"specsItemGroupTableColumnLabel\">Distancia<\/td>\n<p> focal<\/p>\n<td class=\"value_fDXOr6EpR9 firstSpecWhenNoGroupName_fDXOr6EpR9\" style=\"padding: 0px 0px 1.25rem 2.5rem; box-sizing: inherit; color: #666666; font-size: 1.125rem; line-height: 1.375rem; vertical-align: baseline; height: 21.9922px;\" data-selenium=\"specsItemGroupTableColumnValue\">10 mm<\/td>\n<\/tr>\n<tr class=\"pair_fDXOr6EpR9\" style=\"box-sizing: inherit; border-bottom: 0.0625rem solid #e7e7e7; height: 21.9922px;\" data-selenium=\"specsItemGroupTableRow\">\n<td class=\"label_fDXOr6EpR9\" style=\"padding: 1.25rem 0px; border-top: none; box-sizing: inherit; width: 373.344px; color: #666666; font-size: 1.125rem; line-height: 1.375rem; vertical-align: baseline; height: 21.9922px;\" data-selenium=\"specsItemGroupTableColumnLabel\">Montura<\/td>\n<td class=\"value_fDXOr6EpR9\" style=\"padding: 1.25rem 0px 1.25rem 2.5rem; box-sizing: inherit; color: #666666; font-size: 1.125rem; line-height: 1.375rem; vertical-align: baseline; height: 21.9922px;\" data-selenium=\"specsItemGroupTableColumnValue\">Micro Cuatro Tercios<\/td>\n<\/tr>\n<tr class=\"pair_fDXOr6EpR9\" style=\"box-sizing: inherit; border-bottom: 0.0625rem solid #e7e7e7; height: 21.9922px;\" data-selenium=\"specsItemGroupTableRow\">\n<td class=\"label_fDXOr6EpR9\" style=\"padding: 1.25rem 0px; border-top: none; box-sizing: inherit; width: 373.344px; color: #666666; font-size: 1.125rem; line-height: 1.375rem; vertical-align: baseline; height: 21.9922px;\" data-selenium=\"specsItemGroupTableColumnLabel\">Formato<\/td>\n<td class=\"value_fDXOr6EpR9\" style=\"padding: 1.25rem 0px 1.25rem 2.5rem; box-sizing: inherit; color: #666666; font-size: 1.125rem; line-height: 1.375rem; vertical-align: baseline; height: 21.9922px;\" data-selenium=\"specsItemGroupTableColumnValue\">Micro Cuatro Tercios<\/td>\n<\/tr>\n<tr class=\"pair_fDXOr6EpR9\" style=\"box-sizing: inherit; border-bottom: 0.0625rem solid #e7e7e7; height: 21.9922px;\" data-selenium=\"specsItemGroupTableRow\">\nC\u00edrculo de <\/p>\n<td class=\"label_fDXOr6EpR9\" style=\"padding: 1.25rem 0px; border-top: none; box-sizing: inherit; width: 373.344px; color: #666666; font-size: 1.125rem; line-height: 1.375rem; vertical-align: baseline; height: 21.9922px;\" data-selenium=\"specsItemGroupTableColumnLabel\">imagen<\/td>\n<td class=\"value_fDXOr6EpR9\" style=\"padding: 1.25rem 0px 1.25rem 2.5rem; box-sizing: inherit; color: #666666; font-size: 1.125rem; line-height: 1.375rem; vertical-align: baseline; height: 21.9922px;\" data-selenium=\"specsItemGroupTableColumnValue\">21,6 mil\u00edmetros<\/td>\n<\/tr>\n<tr class=\"pair_fDXOr6EpR9\" style=\"box-sizing: inherit; border-bottom: 0.0625rem solid #e7e7e7; height: 21.9922px;\" data-selenium=\"specsItemGroupTableRow\">\n<td class=\"label_fDXOr6EpR9\" style=\"padding: 1.25rem 0px; border-top: none; box-sizing: inherit; width: 373.344px; color: #666666; font-size: 1.125rem; line-height: 1.375rem; vertical-align: baseline; height: 21.9922px;\" data-selenium=\"specsItemGroupTableColumnLabel\">Apertura<\/td>\n<p> m\u00e1xima<\/p>\n<td class=\"value_fDXOr6EpR9\" style=\"padding: 1.25rem 0px 1.25rem 2.5rem; box-sizing: inherit; color: #666666; font-size: 1.125rem; line-height: 1.375rem; vertical-align: baseline; height: 21.9922px;\" data-selenium=\"specsItemGroupTableColumnValue\">T2.1<\/td>\n<\/tr>\n<tr class=\"pair_fDXOr6EpR9\" style=\"box-sizing: inherit; border-bottom: 0.0625rem solid #e7e7e7; height: 21.9922px;\" data-selenium=\"specsItemGroupTableRow\">\n<td class=\"label_fDXOr6EpR9\" style=\"padding: 1.25rem 0px; border-top: none; box-sizing: inherit; width: 373.344px; color: #666666; font-size: 1.125rem; line-height: 1.375rem; vertical-align: baseline; height: 21.9922px;\" data-selenium=\"specsItemGroupTableColumnLabel\">Apertura<\/td>\n<p> m\u00ednima<\/p>\n<td class=\"value_fDXOr6EpR9\" style=\"padding: 1.25rem 0px 1.25rem 2.5rem; box-sizing: inherit; color: #666666; font-size: 1.125rem; line-height: 1.375rem; vertical-align: baseline; height: 21.9922px;\" data-selenium=\"specsItemGroupTableColumnValue\">T22<\/td>\n<\/tr>\n<tr class=\"pair_fDXOr6EpR9\" style=\"box-sizing: inherit; border-bottom: 0.0625rem solid #e7e7e7; height: 21.9922px;\" data-selenium=\"specsItemGroupTableRow\">\n<td class=\"label_fDXOr6EpR9\" style=\"padding: 1.25rem 0px; border-top: none; box-sizing: inherit; width: 373.344px; color: #666666; font-size: 1.125rem; line-height: 1.375rem; vertical-align: baseline; height: 21.9922px;\" data-selenium=\"specsItemGroupTableColumnLabel\">\u00c1ngulo<\/td>\n<p> de visi\u00f3n diagonal<\/p>\n<td class=\"value_fDXOr6EpR9\" style=\"padding: 1.25rem 0px 1.25rem 2.5rem; box-sizing: inherit; color: #666666; font-size: 1.125rem; line-height: 1.375rem; vertical-align: baseline; height: 21.9922px;\" data-selenium=\"specsItemGroupTableColumnValue\">MFT: 96\u00b0<\/td>\n<\/tr>\n<tr class=\"pair_fDXOr6EpR9\" style=\"box-sizing: inherit; border-bottom: 0.0625rem solid #e7e7e7; height: 21.9922px;\" data-selenium=\"specsItemGroupTableRow\">\n<td class=\"label_fDXOr6EpR9\" style=\"padding: 1.25rem 0px; border-top: none; box-sizing: inherit; width: 373.344px; color: #666666; font-size: 1.125rem; line-height: 1.375rem; vertical-align: baseline; height: 21.9922px;\" data-selenium=\"specsItemGroupTableColumnLabel\">Distancia m\u00ednima de enfoque<\/td>\n<td class=\"value_fDXOr6EpR9\" style=\"padding: 1.25rem 0px 1.25rem 2.5rem; box-sizing: inherit; color: #666666; font-size: 1.125rem; line-height: 1.375rem; vertical-align: baseline; height: 21.9922px;\" data-selenium=\"specsItemGroupTableColumnValue\">Desde un punto no especificado en la lente: 12 cm<\/td>\n<\/tr>\n<tr class=\"pair_fDXOr6EpR9\" style=\"box-sizing: inherit; border-bottom: 0.0625rem solid #e7e7e7; height: 21.9922px;\" data-selenium=\"specsItemGroupTableRow\">\n<td class=\"label_fDXOr6EpR9\" style=\"padding: 1.25rem 0px; border-top: none; box-sizing: inherit; width: 373.344px; color: #666666; font-size: 1.125rem; line-height: 1.375rem; vertical-align: baseline; height: 21.9922px;\" data-selenium=\"specsItemGroupTableColumnLabel\">Dise\u00f1o<\/td>\n<p> \u00f3ptico<\/p>\n<td class=\"value_fDXOr6EpR9\" style=\"padding: 1.25rem 0px 1.25rem 2.5rem; box-sizing: inherit; color: #666666; font-size: 1.125rem; line-height: 1.375rem; vertical-align: baseline; height: 21.9922px;\" data-selenium=\"specsItemGroupTableColumnValue\">11 elementos en 7 grupos<\/td>\n<\/tr>\n<tr class=\"pair_fDXOr6EpR9\" style=\"box-sizing: inherit; border-bottom: 0.0625rem solid #e7e7e7; height: 21.9922px;\" data-selenium=\"specsItemGroupTableRow\">\n<td class=\"label_fDXOr6EpR9\" style=\"padding: 1.25rem 0px; border-top: none; box-sizing: inherit; width: 373.344px; color: #666666; font-size: 1.125rem; line-height: 1.375rem; vertical-align: baseline; height: 21.9922px;\" data-selenium=\"specsItemGroupTableColumnLabel\">Hojas de diafragma<\/td>\n<td class=\"value_fDXOr6EpR9\" style=\"padding: 1.25rem 0px 1.25rem 2.5rem; box-sizing: inherit; color: #666666; font-size: 1.125rem; line-height: 1.375rem; vertical-align: baseline; height: 21.9922px;\" data-selenium=\"specsItemGroupTableColumnValue\">5<\/td>\n<\/tr>\n<tr class=\"pair_fDXOr6EpR9\" style=\"box-sizing: inherit; border-bottom: 0.0625rem solid #e7e7e7; height: 43.9844px;\" data-selenium=\"specsItemGroupTableRow\">\n<td class=\"label_fDXOr6EpR9\" style=\"padding: 1.25rem 0px; border-top: none; box-sizing: inherit; width: 373.344px; color: #666666; font-size: 1.125rem; line-height: 1.375rem; vertical-align: baseline; height: 43.9844px;\" data-selenium=\"specsItemGroupTableColumnLabel\">Gear MOD &amp; Pitch<\/td>\n<td class=\"value_fDXOr6EpR9\" style=\"padding: 1.25rem 0px 1.25rem 2.5rem; box-sizing: inherit; color: #666666; font-size: 1.125rem; line-height: 1.375rem; vertical-align: baseline; height: 43.9844px;\" data-selenium=\"specsItemGroupTableColumnValue\">Enfoque: 0.8 MOD \/ 32 Pitch<br style=\"box-sizing: inherit;\">Iris: 0.8 MOD \/ 32 Pitch<\/td>\n<\/tr>\n<tr class=\"pair_fDXOr6EpR9\" style=\"box-sizing: inherit; border-bottom: 0.0625rem solid #e7e7e7; height: 21.9922px;\" data-selenium=\"specsItemGroupTableRow\">\n<td class=\"label_fDXOr6EpR9\" style=\"padding: 1.25rem 0px; border-top: none; box-sizing: inherit; width: 373.344px; color: #666666; font-size: 1.125rem; line-height: 1.375rem; vertical-align: baseline; height: 21.9922px;\" data-selenium=\"specsItemGroupTableColumnLabel\">Di\u00e1metro<\/td>\n<p> frontal<\/p>\n<td class=\"value_fDXOr6EpR9\" style=\"padding: 1.25rem 0px 1.25rem 2.5rem; box-sizing: inherit; color: #666666; font-size: 1.125rem; line-height: 1.375rem; vertical-align: baseline; height: 21.9922px;\" data-selenium=\"specsItemGroupTableColumnValue\">49 mil\u00edmetros<\/td>\n<\/tr>\n<tr class=\"pair_fDXOr6EpR9\" style=\"box-sizing: inherit; border-bottom: 0.0625rem solid #e7e7e7; height: 21.9922px;\" data-selenium=\"specsItemGroupTableRow\">\n<td class=\"label_fDXOr6EpR9\" style=\"padding: 1.25rem 0px; border-top: none; box-sizing: inherit; width: 373.344px; color: #666666; font-size: 1.125rem; line-height: 1.375rem; vertical-align: baseline; height: 21.9922px;\" data-selenium=\"specsItemGroupTableColumnLabel\">Escalas de enfoque<\/td>\n<td class=\"value_fDXOr6EpR9\" style=\"padding: 1.25rem 0px 1.25rem 2.5rem; box-sizing: inherit; color: #666666; font-size: 1.125rem; line-height: 1.375rem; vertical-align: baseline; height: 21.9922px;\" data-selenium=\"specsItemGroupTableColumnValue\">M\u00e9trico, Imperial<\/td>\n<\/tr>\n<tr class=\"pair_fDXOr6EpR9\" style=\"box-sizing: inherit; border-bottom: 0.0625rem solid #e7e7e7; height: 21.9922px;\" data-selenium=\"specsItemGroupTableRow\">\n<td class=\"label_fDXOr6EpR9\" style=\"padding: 1.25rem 0px; border-top: none; box-sizing: inherit; width: 373.344px; color: #666666; font-size: 1.125rem; line-height: 1.375rem; vertical-align: baseline; height: 21.9922px;\" data-selenium=\"specsItemGroupTableColumnLabel\">Estabilizaci\u00f3n de imagen<\/td>\n<td class=\"value_fDXOr6EpR9\" style=\"padding: 1.25rem 0px 1.25rem 2.5rem; box-sizing: inherit; color: #666666; font-size: 1.125rem; line-height: 1.375rem; vertical-align: baseline; height: 21.9922px;\" data-selenium=\"specsItemGroupTableColumnValue\">No<\/td>\n<\/tr>\n<tr class=\"pair_fDXOr6EpR9\" style=\"box-sizing: inherit; border-bottom: 0.0625rem solid #e7e7e7; height: 21.9922px;\" data-selenium=\"specsItemGroupTableRow\">\n<td class=\"label_fDXOr6EpR9\" style=\"padding: 1.25rem 0px; border-top: none; box-sizing: inherit; width: 373.344px; color: #666666; font-size: 1.125rem; line-height: 1.375rem; vertical-align: baseline; height: 21.9922px;\" data-selenium=\"specsItemGroupTableColumnLabel\">Apoyo<\/td>\n<td class=\"value_fDXOr6EpR9\" style=\"padding: 1.25rem 0px 1.25rem 2.5rem; box-sizing: inherit; color: #666666; font-size: 1.125rem; line-height: 1.375rem; vertical-align: baseline; height: 21.9922px;\" data-selenium=\"specsItemGroupTableColumnValue\"><em style=\"box-sizing: inherit;\">No<\/em><\/td>\n<\/tr>\n<tr class=\"pair_fDXOr6EpR9\" style=\"box-sizing: inherit; border-bottom: 0.0625rem solid #e7e7e7; height: 21.9922px;\" data-selenium=\"specsItemGroupTableRow\">\n<td class=\"label_fDXOr6EpR9\" style=\"padding: 1.25rem 0px; border-top: none; box-sizing: inherit; width: 373.344px; color: #666666; font-size: 1.125rem; line-height: 1.375rem; vertical-align: baseline; height: 21.9922px;\" data-selenium=\"specsItemGroupTableColumnLabel\">Largura<\/td>\n<td class=\"value_fDXOr6EpR9\" style=\"padding: 1.25rem 0px 1.25rem 2.5rem; box-sizing: inherit; color: #666666; font-size: 1.125rem; line-height: 1.375rem; vertical-align: baseline; height: 21.9922px;\" data-selenium=\"specsItemGroupTableColumnValue\">47 mil\u00edmetros<\/td>\n<\/tr>\n<tr class=\"pair_fDXOr6EpR9\" style=\"box-sizing: inherit; border-bottom: 0.0625rem solid #e7e7e7; height: 21.9922px;\" data-selenium=\"specsItemGroupTableRow\">\n<td class=\"label_fDXOr6EpR9\" style=\"padding: 1.25rem 0px; border-top: none; box-sizing: inherit; width: 373.344px; color: #666666; font-size: 1.125rem; line-height: 1.375rem; vertical-align: baseline; height: 21.9922px;\" data-selenium=\"specsItemGroupTableColumnLabel\">Peso<\/td>\n<td class=\"value_fDXOr6EpR9\" style=\"padding: 1.25rem 0px 1.25rem 2.5rem; box-sizing: inherit; color: #666666; font-size: 1.125rem; line-height: 1.375rem; vertical-align: baseline; height: 21.9922px;\" data-selenium=\"specsItemGroupTableColumnValue\">150 gramos<\/td>\n<\/tr>\n<\/tbody>\n<\/table>\n<div class=\"name_fDXOr6EpR9\" style=\"box-sizing: inherit; border-bottom: 0.125rem solid #cdcdcd; line-height: 2rem; padding: 1rem 0px 0.875rem; background-color: #ffffff;\" data-selenium=\"specsItemGroupName\"><strong>Informaci\u00f3n de embalaje<\/strong><strong>:<\/strong><\/div>\n<table class=\"table_fDXOr6EpR9\" style=\"box-sizing: inherit; width: 981.75px; font-family: OpenSans, 'Segoe UI', Helvetica, Roboto, Arial, sans-serif; font-size: 16px; background-color: #ffffff;\" data-selenium=\"specsItemGroupTable\">\n<tbody style=\"box-sizing: inherit;\">\n<tr class=\"pair_fDXOr6EpR9\" style=\"box-sizing: inherit; border-bottom: 0.0625rem solid #e7e7e7;\" data-selenium=\"specsItemGroupTableRow\">\nPeso <\/p>\n<td class=\"label_fDXOr6EpR9 \" style=\"box-sizing: inherit; border-top: none; padding: 1.25rem 0px; width: 373.062px; color: #666666; font-size: 1.125rem; line-height: 1.375rem; vertical-align: baseline;\" data-selenium=\"specsItemGroupTableColumnLabel\">de la caja<\/td>\n<td class=\"value_fDXOr6EpR9 \" style=\"box-sizing: inherit; color: #666666; font-size: 1.125rem; line-height: 1.375rem; vertical-align: baseline; padding: 1.25rem 0px 1.25rem 2.5rem;\" data-selenium=\"specsItemGroupTableColumnValue\">0,92 kg<\/td>\n<\/tr>\n<tr class=\"pair_fDXOr6EpR9\" style=\"box-sizing: inherit; border-bottom: 0.0625rem solid #e7e7e7;\" data-selenium=\"specsItemGroupTableRow\">\n<td class=\"label_fDXOr6EpR9\" style=\"box-sizing: inherit; border-top: none; padding: 1.25rem 0px; width: 373.062px; color: #666666; font-size: 1.125rem; line-height: 1.375rem; vertical-align: baseline;\" data-selenium=\"specsItemGroupTableColumnLabel\">Dimensiones de la caja (LxAxA)<\/td>\n<td class=\"value_fDXOr6EpR9\" style=\"box-sizing: inherit; color: #666666; font-size: 1.125rem; line-height: 1.375rem; vertical-align: baseline; padding: 1.25rem 0px 1.25rem 2.5rem;\" data-selenium=\"specsItemGroupTableColumnValue\">10.1 x 7.7 x 3.9&#8243;<\/td>\n<\/tr>\n<\/tbody>\n<\/table>\n","protected":false},"excerpt":{"rendered":"<p>LAOWA 10mm T2.1 Zero-D Cine Micro 4\/3 Funciones: Para sensores Micro 4\/3 Apertura T2.1 a T22 Di\u00e1metro frontal de 56<\/p>\n","protected":false},"featured_media":49667,"comment_status":"closed","ping_status":"closed","template":"","meta":{"_acf_changed":false},"product_brand":[2682],"product_cat":[1042],"product_tag":[],"class_list":{"0":"post-73081","1":"product","2":"type-product","3":"status-publish","4":"has-post-thumbnail","6":"product_brand-laowa-es","7":"product_cat-cine","8":"pa_abertura-maxima-t2-1-es","9":"pa_cor-negro","10":"pa_diametro-49mm-es","11":"pa_estabilizacao-de-imagem-no","12":"pa_montagem-da-objetiva-micro-4-3-es","13":"pa_sensor-micro-cuatro-tercios","14":"pa_tipo-de-foco-enfoque-manual","15":"pa_tipo-de-objetiva-gran-angular","16":"pa_zoom-fixa-fijo","18":"first","19":"onbackorder","20":"taxable","21":"shipping-taxable","22":"purchasable","23":"product-type-simple"},"bundled_by":[],"bundle_stock_status":"onbackorder","bundle_stock_quantity":null,"bundle_virtual":false,"bundle_layout":"","bundle_add_to_cart_form_location":"","bundle_editable_in_cart":false,"bundle_sold_individually_context":"","bundle_item_grouping":"","bundle_min_size":"","bundle_max_size":"","bundle_price":[],"bundled_items":[],"bundle_sell_ids":[],"acf":[],"_links":{"self":[{"href":"https:\/\/hi-techwonder.com\/es\/wp-json\/wp\/v2\/product\/73081","targetHints":{"allow":["GET"]}}],"collection":[{"href":"https:\/\/hi-techwonder.com\/es\/wp-json\/wp\/v2\/product"}],"about":[{"href":"https:\/\/hi-techwonder.com\/es\/wp-json\/wp\/v2\/types\/product"}],"replies":[{"embeddable":true,"href":"https:\/\/hi-techwonder.com\/es\/wp-json\/wp\/v2\/comments?post=73081"}],"wp:featuredmedia":[{"embeddable":true,"href":"https:\/\/hi-techwonder.com\/es\/wp-json\/wp\/v2\/media\/49667"}],"wp:attachment":[{"href":"https:\/\/hi-techwonder.com\/es\/wp-json\/wp\/v2\/media?parent=73081"}],"wp:term":[{"taxonomy":"product_brand","embeddable":true,"href":"https:\/\/hi-techwonder.com\/es\/wp-json\/wp\/v2\/product_brand?post=73081"},{"taxonomy":"product_cat","embeddable":true,"href":"https:\/\/hi-techwonder.com\/es\/wp-json\/wp\/v2\/product_cat?post=73081"},{"taxonomy":"product_tag","embeddable":true,"href":"https:\/\/hi-techwonder.com\/es\/wp-json\/wp\/v2\/product_tag?post=73081"}],"curies":[{"name":"wp","href":"https:\/\/api.w.org\/{rel}","templated":true}]}}