{"id":73083,"date":"2025-07-29T09:31:05","date_gmt":"2025-07-29T09:31:05","guid":{"rendered":"https:\/\/fv6qoy3ls0.wpdns.site\/produto\/laowa-12-24mm-f-5-6-zoom-shift-cf-canon-espana\/"},"modified":"2025-12-29T14:12:42","modified_gmt":"2025-12-29T14:12:42","slug":"laowa-12-24mm-f-5-6-zoom-shift-cf-canon-espana","status":"publish","type":"product","link":"https:\/\/hi-techwonder.com\/es\/producto\/laowa-12-24mm-f-5-6-zoom-shift-cf-canon-espana\/","title":{"rendered":"LAOWA 12-24mm f\/5.6 Zoom Shift CF &#8211; Canon Espa\u00f1a"},"content":{"rendered":"<p><strong>T\u00edtulo:<\/strong> Objetivo Laowa 12-24mm f\/5.6 Zoom Shift CF (Canon RF) \u2013 Versatilidad y control en fotograf\u00eda arquitect\u00f3nica<\/p>\n<hr>\n<p><strong>Funciones<\/strong><\/p>\n<ul>\n<li><strong>El primer objetivo zoom shift del mundo<\/strong>:\n<ul>\n<li>Ofrece capacidad de zoom ultra gran angular con ajuste de perspectiva, ideal para fotograf\u00eda de arquitectura e interiores.<\/li>\n<\/ul>\n<\/li>\n<li><strong>\u00c1ngulo de visi\u00f3n ultra gran angular<\/strong>:\n<ul>\n<li><strong>Cobertura de 102,5\u00b0 a 63,9\u00b0<\/strong>, ideal para capturar edificios altos y grandes espacios interiores con l\u00edneas rectas y sin distorsi\u00f3n.<\/li>\n<\/ul>\n<\/li>\n<li><strong>Capacidad de cambio de +\/- 7 mm<\/strong>:\n<ul>\n<li>Permite ajustes precisos para alinear l\u00edneas verticales y reducir dr\u00e1sticamente las distorsiones.<\/li>\n<\/ul>\n<\/li>\n<li><strong>Dise\u00f1o \u00f3ptico avanzado<\/strong>:\n<ul>\n<li>Incluye tres elementos de dispersi\u00f3n extra baja y dos elementos asf\u00e9ricos para aumentar el contraste y la calidad de imagen.<\/li>\n<\/ul>\n<\/li>\n<li><strong>Recubrimiento de ojo de rana (FEC):<\/strong>\n<ul>\n<li>Protege la lente contra el polvo y las salpicaduras de agua.<\/li>\n<\/ul>\n<\/li>\n<li><strong>Distancia m\u00ednima de enfoque de 5,9&#8243; (15 cm<\/strong>):\n<ul>\n<li>Le permite capturar detalles de primer plano con una claridad asombrosa.<\/li>\n<\/ul>\n<\/li>\n<li><strong>Diafragma de 9 hojas<\/strong>:\n<ul>\n<li>Ofrece un bokeh suave y agradable para tomas creativas.<\/li>\n<\/ul>\n<\/li>\n<\/ul>\n<hr>\n<p><strong>Descripci\u00f3n<\/strong><br \/>\nEl <strong>objetivo Laowa 12-24mm f\/5.6 Zoom Shift CF (Canon RF)<\/strong> es un objetivo \u00fanico en el mercado, que combina capacidades de zoom ultra gran angular y ajustes de perspectiva en una sola herramienta. Dise\u00f1ado especialmente para fotograf\u00eda de arquitectura e interiores, este objetivo ayuda a alinear las l\u00edneas verticales y reducir la distorsi\u00f3n. Con un dise\u00f1o \u00f3ptico avanzado y elementos de dispersi\u00f3n ultrabaja, ofrece im\u00e1genes n\u00edtidas y de alta calidad. El revestimiento Frog Eye agrega resistencia al polvo y las salpicaduras, lo que lo hace confiable para su uso en una variedad de condiciones.   <\/p>\n<p>Con enfoque manual y ajustes precisos de +\/- 7 mm en todo el rango de zoom, este objetivo te permite explorar una amplia gama de posibilidades creativas. Ya sea fotografiando edificios altos o capturando interiores detallados, el Laowa 12-24 mm es una opci\u00f3n confiable para profesionales exigentes. <\/p>\n<hr>\n<p><strong>Contenido del paquete<\/strong><\/p>\n<ul>\n<li>1x <strong>Lente Laowa 12-24mm f\/5.6 Zoom Shift CF (Canon RF)<\/strong><\/li>\n<li>1x Cubierta frontal<\/li>\n<li>1x Contraportada<\/li>\n<li>1x Parasol<\/li>\n<li>1x Garant\u00eda limitada del fabricante (3 a\u00f1os)<\/li>\n<\/ul>\n<hr>\n<p><strong>Especificaciones t\u00e9cnicas<\/strong><\/p>\n<ul>\n<li><strong>Distancia focal<\/strong>: 12-24 mm<\/li>\n<li><strong>Apertura m\u00e1xima<\/strong>: f\/5.6<\/li>\n<li><strong>Apertura m\u00ednima<\/strong>: f\/22<\/li>\n<li><strong>Compatibilidad<\/strong>: Montura RF de Canon (APS-C)<\/li>\n<li><strong>Formato de portada<\/strong>: APS-C<\/li>\n<li><strong>\u00c1ngulo de visi\u00f3n<\/strong>: 102,5\u00b0 a 63,9\u00b0<\/li>\n<li><strong>Distancia m\u00ednima de enfoque<\/strong>: 15 cm<\/li>\n<li><strong>Aumento m\u00e1ximo<\/strong>: 0,4x<\/li>\n<li><strong>Dise\u00f1o \u00f3ptico<\/strong>: 15 elementos en 11 grupos<\/li>\n<li><strong>Hojas de diafragma<\/strong>: 9<\/li>\n<li><strong>Tipo de enfoque<\/strong>: Manual<\/li>\n<li><strong>Estabilizaci\u00f3n de imagen<\/strong>: No<\/li>\n<li><strong>Tama\u00f1o del filtro<\/strong>: 77 mm<\/li>\n<li><strong>Peso<\/strong>: 575 g<\/li>\n<li><strong>Dimensiones del paquete<\/strong>: 7.5 x 4.9 x 4.4 pulgadas<\/li>\n<li><strong>Peso del paquete<\/strong>: 2.07 lb<\/li>\n<\/ul>\n<hr>\n<p><strong>Informaci\u00f3n adicional<\/strong><br \/>\n<br \/>Nota: Im\u00e1genes ilustrativas. Equipo adicional no incluido. Consulte el contenido y las especificaciones del paquete para obtener m\u00e1s detalles.  <\/p>\n","protected":false},"excerpt":{"rendered":"<p>T\u00edtulo: Objetivo Laowa 12-24mm f\/5.6 Zoom Shift CF (Canon RF) \u2013 Versatilidad y control en fotograf\u00eda arquitect\u00f3nica Funciones El primer<\/p>\n","protected":false},"featured_media":50170,"comment_status":"closed","ping_status":"closed","template":"","meta":{"_acf_changed":false},"product_brand":[2682],"product_cat":[1062],"product_tag":[],"class_list":{"0":"post-73083","1":"product","2":"type-product","3":"status-publish","4":"has-post-thumbnail","6":"product_brand-laowa-es","7":"product_cat-mirrorless-objectivos","8":"pa_abertura-maxima-f-5-6-es","9":"pa_cor-negro","10":"pa_designs-especiais-tilt-shift-es","11":"pa_diametro-77mm-es","12":"pa_estabilizacao-de-imagem-no","13":"pa_montagem-da-objetiva-canon-rf-es","14":"pa_sensor-aps-c-es","15":"pa_tipo-de-foco-enfoque-manual","16":"pa_tipo-de-objetiva-estandar","17":"pa_tipo-de-objetiva-gran-angular","18":"pa_zoom-fixa-zoom-externo-es","20":"first","21":"onbackorder","22":"taxable","23":"shipping-taxable","24":"purchasable","25":"product-type-simple"},"bundled_by":[],"bundle_stock_status":"onbackorder","bundle_stock_quantity":null,"bundle_virtual":false,"bundle_layout":"","bundle_add_to_cart_form_location":"","bundle_editable_in_cart":false,"bundle_sold_individually_context":"","bundle_item_grouping":"","bundle_min_size":"","bundle_max_size":"","bundle_price":[],"bundled_items":[],"bundle_sell_ids":[],"acf":[],"_links":{"self":[{"href":"https:\/\/hi-techwonder.com\/es\/wp-json\/wp\/v2\/product\/73083","targetHints":{"allow":["GET"]}}],"collection":[{"href":"https:\/\/hi-techwonder.com\/es\/wp-json\/wp\/v2\/product"}],"about":[{"href":"https:\/\/hi-techwonder.com\/es\/wp-json\/wp\/v2\/types\/product"}],"replies":[{"embeddable":true,"href":"https:\/\/hi-techwonder.com\/es\/wp-json\/wp\/v2\/comments?post=73083"}],"wp:featuredmedia":[{"embeddable":true,"href":"https:\/\/hi-techwonder.com\/es\/wp-json\/wp\/v2\/media\/50170"}],"wp:attachment":[{"href":"https:\/\/hi-techwonder.com\/es\/wp-json\/wp\/v2\/media?parent=73083"}],"wp:term":[{"taxonomy":"product_brand","embeddable":true,"href":"https:\/\/hi-techwonder.com\/es\/wp-json\/wp\/v2\/product_brand?post=73083"},{"taxonomy":"product_cat","embeddable":true,"href":"https:\/\/hi-techwonder.com\/es\/wp-json\/wp\/v2\/product_cat?post=73083"},{"taxonomy":"product_tag","embeddable":true,"href":"https:\/\/hi-techwonder.com\/es\/wp-json\/wp\/v2\/product_tag?post=73083"}],"curies":[{"name":"wp","href":"https:\/\/api.w.org\/{rel}","templated":true}]}}