{"id":73086,"date":"2025-07-29T09:30:27","date_gmt":"2025-07-29T09:30:27","guid":{"rendered":"https:\/\/fv6qoy3ls0.wpdns.site\/produto\/laowa-10mm-f-4-cookie-negro-nikon-z\/"},"modified":"2025-12-23T14:51:05","modified_gmt":"2025-12-23T14:51:05","slug":"laowa-10mm-f-4-cookie-negro-nikon-z","status":"publish","type":"product","link":"https:\/\/hi-techwonder.com\/es\/producto\/laowa-10mm-f-4-cookie-negro-nikon-z\/","title":{"rendered":"LAOWA 10mm f\/4 Cookie (Negro) &#8211; Nikon Z"},"content":{"rendered":"<h3><strong>LAOWA 10mm f\/4 Cookie (Negro) &#8211; <\/strong>Nikon Z<\/h3>\n<ul>\n<li>Lente con montura Z\/formato APS-C<\/li>\n<li>15 mm (equivalente a 35 mm)<\/li>\n<li>Rango de apertura: f\/4 a f\/22<\/li>\n<li>Cuatro elementos de vidrio ED<\/li>\n<li>Dos elementos de vidrio asf\u00e9rico y dos HR<\/li>\n<li>Enfoque m\u00ednimo 10,1 cm<\/li>\n<li>Dise\u00f1o de panqueque rectil\u00edneo<\/li>\n<li>Dise\u00f1o de enfoque manual<\/li>\n<\/ul>\n<p><iframe loading=\"lazy\" src=\"https:\/\/www.youtube.com\/embed\/i_2Cj-Eetz0\" width=\"560\" height=\"314\" allowfullscreen=\"allowfullscreen\"><\/iframe><\/p>\n<p>Ofrecido aqu\u00ed en negro para c\u00e1maras sin espejo con montura Z de Nikon, este lente de Laowa 10mm f\/4 Cookie es un panqueque de gran angular dise\u00f1ado para usar con sensores de imagen de tama\u00f1o APS-C. Con una distancia focal equivalente a 35 mm de 15 mm y un gran \u00e1ngulo de visi\u00f3n de 109,3\u00b0, este objetivo es adecuado para im\u00e1genes arquitect\u00f3nicas y de paisajes y fotograf\u00eda cotidiana. Adem\u00e1s, la distancia focal m\u00ednima de 10,1 cm del objetivo permite realizar tomas macro de gran angular, mientras que una apertura de cinco hojas crea estrellas solares de 10 puntos cuando se dispara hacia una fuente de luz brillante. Con su perspectiva ultra gran angular y su peso de bolsillo, este objetivo te permite capturar f\u00e1cilmente momentos \u00e9picos de la vida cotidiana y explorar la belleza de tu entorno.<\/p>\n<ul>\n<li>El objetivo gran angular principal proporciona una distancia focal equivalente a 35 mm de 15 mm, lo que lo hace ideal para la fotograf\u00eda de arquitectura y paisajes.<\/li>\n<li>El dise\u00f1o rectil\u00edneo estilo panqueque se extiende solo 2,5 cm desde el soporte, lo que da como resultado un factor de forma compacto y liviano.<\/li>\n<li>4 elementos de vidrio de dispersi\u00f3n extra baja y dos elementos de vidrio asf\u00e9rico reducen las aberraciones crom\u00e1ticas y las distorsiones para producir im\u00e1genes m\u00e1s n\u00edtidas.<\/li>\n<li>La distancia focal m\u00ednima de 10,1 cm permite tomas macro de gran angular.<\/li>\n<li>La apertura de 5 hojas crea estrellas solares de 10 puntos cuando se dispara hacia una fuente de luz fuerte.<\/li>\n<li>Equipado con una rosca de filtro frontal de 37 mm para filtros de tornillo.<\/li>\n<\/ul>\n<p><strong>Caracter\u00edsticas t\u00e9cnicas:<\/strong><\/p>\n<p>Distancia focal: 10 mm (equivalente a 35 mm: 15 mm)<\/p>\n<p>Apertura m\u00e1xima: f\/4<\/p>\n<p>Apertura m\u00ednima: f\/22<\/p>\n<p>Montura de lente: Nikon Z<\/p>\n<p>Cobertura de formato de lente: APS-C<\/p>\n<p>\u00c1ngulo de visi\u00f3n: 109,3\u00b0<\/p>\n<p>Distancia m\u00ednima de enfoque: 10 cm<\/p>\n<p>Aumento m\u00e1ximo: 0.15x<\/p>\n<p>Dise\u00f1o \u00f3ptico: 12 elementos en 8 grupos<\/p>\n<p>Hojas de diafragma: 5<\/p>\n<p>Tipo de enfoque: Enfoque manual<\/p>\n<p>Estabilizaci\u00f3n de imagen: No<\/p>\n<p>Tama\u00f1o del filtro: 37 mm (frontal)<\/p>\n<p>Dimensiones (\u00f8 x ancho): 59,8 x 25 mm<\/p>\n<p>Peso: 130 g<\/p>\n","protected":false},"excerpt":{"rendered":"<p>LAOWA 10mm f\/4 Cookie (Negro) &#8211; Nikon Z Lente con montura Z\/formato APS-C 15 mm (equivalente a 35 mm) Rango<\/p>\n","protected":false},"featured_media":49926,"comment_status":"closed","ping_status":"closed","template":"","meta":{"_acf_changed":false},"product_brand":[2682],"product_cat":[1062],"product_tag":[],"class_list":{"0":"post-73086","1":"product","2":"type-product","3":"status-publish","4":"has-post-thumbnail","6":"product_brand-laowa-es","7":"product_cat-mirrorless-objectivos","8":"pa_abertura-maxima-f-4-es","9":"pa_cor-negro","10":"pa_diametro-37mm-es","11":"pa_estabilizacao-de-imagem-no","12":"pa_montagem-da-objetiva-nikon-z-es","13":"pa_sensor-aps-c-es","14":"pa_tipo-de-foco-enfoque-manual","15":"pa_tipo-de-objetiva-gran-angular","16":"pa_zoom-fixa-fijo","18":"first","19":"onbackorder","20":"taxable","21":"shipping-taxable","22":"purchasable","23":"product-type-simple"},"bundled_by":[],"bundle_stock_status":"onbackorder","bundle_stock_quantity":null,"bundle_virtual":false,"bundle_layout":"","bundle_add_to_cart_form_location":"","bundle_editable_in_cart":false,"bundle_sold_individually_context":"","bundle_item_grouping":"","bundle_min_size":"","bundle_max_size":"","bundle_price":[],"bundled_items":[],"bundle_sell_ids":[],"acf":[],"_links":{"self":[{"href":"https:\/\/hi-techwonder.com\/es\/wp-json\/wp\/v2\/product\/73086","targetHints":{"allow":["GET"]}}],"collection":[{"href":"https:\/\/hi-techwonder.com\/es\/wp-json\/wp\/v2\/product"}],"about":[{"href":"https:\/\/hi-techwonder.com\/es\/wp-json\/wp\/v2\/types\/product"}],"replies":[{"embeddable":true,"href":"https:\/\/hi-techwonder.com\/es\/wp-json\/wp\/v2\/comments?post=73086"}],"wp:featuredmedia":[{"embeddable":true,"href":"https:\/\/hi-techwonder.com\/es\/wp-json\/wp\/v2\/media\/49926"}],"wp:attachment":[{"href":"https:\/\/hi-techwonder.com\/es\/wp-json\/wp\/v2\/media?parent=73086"}],"wp:term":[{"taxonomy":"product_brand","embeddable":true,"href":"https:\/\/hi-techwonder.com\/es\/wp-json\/wp\/v2\/product_brand?post=73086"},{"taxonomy":"product_cat","embeddable":true,"href":"https:\/\/hi-techwonder.com\/es\/wp-json\/wp\/v2\/product_cat?post=73086"},{"taxonomy":"product_tag","embeddable":true,"href":"https:\/\/hi-techwonder.com\/es\/wp-json\/wp\/v2\/product_tag?post=73086"}],"curies":[{"name":"wp","href":"https:\/\/api.w.org\/{rel}","templated":true}]}}