{"id":73089,"date":"2025-07-29T09:30:49","date_gmt":"2025-07-29T09:30:49","guid":{"rendered":"https:\/\/fv6qoy3ls0.wpdns.site\/produto\/enfoque-automatico-laowa-10mm-f-2-8-zero-d-ff-sony-e\/"},"modified":"2026-03-23T16:26:41","modified_gmt":"2026-03-23T16:26:41","slug":"laowa-enfoque-automatico-laowa-10mm-f-2-8-zero-d-ff-sony-e","status":"publish","type":"product","link":"https:\/\/hi-techwonder.com\/es\/producto\/laowa-enfoque-automatico-laowa-10mm-f-2-8-zero-d-ff-sony-e\/","title":{"rendered":"Enfoque autom\u00e1tico LAOWA 10mm f\/2.8 Zero-D FF &#8211; Sony E"},"content":{"rendered":"<h3>Enfoque autom\u00e1tico LAOWA 10mm f\/2.8 Zero-D FF &#8211; Sony E<\/h3>\n<ul>\n<li>Fotograma completo | f\/2.8 a f\/22<\/li>\n<li>Gran angular, r\u00e1pido y ligero<\/li>\n<li>Dise\u00f1o de enfoque autom\u00e1tico<\/li>\n<li>Tres elementos de dispersi\u00f3n extra baja<\/li>\n<li>Dos elementos asf\u00e9ricos<\/li>\n<li>Rosca de filtro de 77 mm<\/li>\n<\/ul>\n<p><iframe loading=\"lazy\" src=\"https:\/\/www.youtube.com\/embed\/5qEqwzOHJG0\" width=\"560\" height=\"314\" allowfullscreen=\"allowfullscreen\"><\/iframe><\/p>\n<p>El primer objetivo de enfoque autom\u00e1tico de la marca Laowa, el objetivo de enfoque autom\u00e1tico Laowa 10mm f\/2.8 Zero-D FF combina una perspectiva impresionantemente amplia con una apertura brillante, lo que lo hace adecuado para capturar paisajes, arquitectura y naturaleza. Ofrecido aqu\u00ed en una montura Sony E y con una apertura de 5 hojas, este objetivo produce un efecto de estrella solar \u00fanico de 10 puntos, lo que mejora el atractivo est\u00e9tico de sus im\u00e1genes. Un \u00e1ngulo de visi\u00f3n de 130\u00b0 te permite tener perspectivas \u00fanicas y te permite encajar todo lo que necesitas en tu encuadre. La baja distorsi\u00f3n de la imagen es posible gracias a la exclusiva funci\u00f3n Zero-D de Laowa, que ayuda a garantizar l\u00edneas m\u00e1s rectas, incluso en las esquinas de sus im\u00e1genes.<\/p>\n<h4>Correcci\u00f3n \u00f3ptica Zero-D<\/h4>\n<p>La funci\u00f3n Zero-D integrada en este objetivo garantiza una distorsi\u00f3n m\u00ednima, lo que le permite capturar escenas con absoluta claridad y garantizar que sus im\u00e1genes se mantengan fieles a la realidad. Una lente de 10 mm suele ser un ojo de pez o muy distorsionada. Con un ingenioso dise\u00f1o \u00f3ptico, Laowa puede producir una lente ultra gran angular con un control de distorsi\u00f3n superior, lo que permite mantener l\u00edneas rectas horizontales y verticales en la imagen de esquina a esquina.<\/p>\n<p><img loading=\"lazy\" decoding=\"async\" src=\"https:\/\/www.venuslens.net\/wp-content\/uploads\/2024\/02\/Bastian-Kratzke_1028_013-59-scaled.jpg\" alt=\"\" width=\"600\" height=\"400\"><\/p>\n<h4>Construcci\u00f3n de lentes<\/h4>\n<p>Con un peso de menos de 450 g, este objetivo no te ralentizar\u00e1 mientras disparas y es perfecto para llevarlo contigo mientras viajas.<\/p>\n<p>Dos elementos asf\u00e9ricos y tres elementos de dispersi\u00f3n extra baja contribuyen a mejorar la calidad de la imagen y garantizan una reducci\u00f3n de las aberraciones \u00f3pticas.<\/p>\n<p>El dise\u00f1o de enfoque autom\u00e1tico le permite trabajar con sujetos a una distancia de solo 12 cm.<\/p>\n<p><img loading=\"lazy\" decoding=\"async\" src=\"https:\/\/www.venuslens.net\/wp-content\/uploads\/2024\/02\/LeoCaiYinLin_1028_039-1-scaled.jpg\" alt=\"\" width=\"600\" height=\"400\"><\/p>\n<h4>Rosca de filtro incorporada<\/h4>\n<p>A diferencia de muchos lentes ultra gran angular, el Laowa 10 mm f\/2.8 tiene una rosca de filtro de 77 mm incorporada para conectar varios filtros de lentes.<\/p>\n<h4>Excelente rendimiento para panoramas y astrofotograf\u00eda<\/h4>\n<p>Este objetivo es realmente una herramienta vers\u00e1til que ofrece excelentes resultados en una variedad de escenarios de disparo. Su campo de visi\u00f3n excepcionalmente amplio lo hace particularmente h\u00e1bil para capturar panoramas expansivos, lo que le permite contar historias a gran escala. Para los entusiastas de la astrofotograf\u00eda entre nosotros, este objetivo se destaca con orgullo como una opci\u00f3n excepcional. Gracias a su apertura f\/2.8, asume el desaf\u00edo de capturar la belleza del cielo nocturno con capacidades mejoradas de recolecci\u00f3n de luz.<\/p>\n<p><img loading=\"lazy\" decoding=\"async\" src=\"https:\/\/www.venuslens.net\/wp-content\/uploads\/2024\/02\/D-LeoCaiYinLin_1028_007-80.jpg\" alt=\"\" width=\"600\" height=\"400\"><\/p>\n<p><strong>Caracter\u00edsticas t\u00e9cnicas:<\/strong><\/p>\n<table style=\"max-width: 100%;background-color: #ffffff;border-spacing: 0px;border: 1px solid #dcdcdc;color: #333333;font-family: Lato, Arial, Helvetica, sans-serif;font-size: 14px;letter-spacing: 0.5px;width: 1118.09px;height: 506.719px\" width=\"100%\">\n<tbody>\n<tr style=\"height: 40.5938px\">\n<td style=\"padding: 10px 20px;border: 1px solid #dcdcdc;width: 322.594px;height: 40.5938px\" align=\"left\">Formato<\/td>\n<td style=\"padding: 10px 20px;border: 1px solid #dcdcdc;width: 794.5px;height: 40.5938px\" align=\"left\">Fotograma completo<\/td>\n<\/tr>\n<tr style=\"background: #f6f6f6;height: 40.5938px\">\n<td style=\"padding: 10px 20px;border: 1px solid #dcdcdc;width: 322.594px;height: 40.5938px\" align=\"left\">Distancia<\/td>\n<p> focal<\/p>\n<td style=\"padding: 10px 20px;border: 1px solid #dcdcdc;width: 794.5px;height: 40.5938px\" align=\"left\">10 mm<\/td>\n<\/tr>\n<tr style=\"height: 40.5938px\">\n<td style=\"padding: 10px 20px;border: 1px solid #dcdcdc;width: 322.594px;height: 40.5938px\" align=\"left\">Rango de apertura<\/td>\n<td style=\"padding: 10px 20px;border: 1px solid #dcdcdc;width: 794.5px;height: 40.5938px\" align=\"left\">F2.8<\/td>\n<\/tr>\n<tr style=\"background: #f6f6f6;height: 40.5938px\">\n<td style=\"padding: 10px 20px;border: 1px solid #dcdcdc;width: 322.594px;height: 40.5938px\" align=\"left\">\u00c1ngulo de visi\u00f3n<\/td>\n<td style=\"padding: 10px 20px;border: 1px solid #dcdcdc;width: 794.5px;height: 40.5938px\" align=\"left\">130,4\u00b0<\/td>\n<\/tr>\n<tr style=\"height: 40.5938px\">\n<td style=\"padding: 10px 20px;border: 1px solid #dcdcdc;width: 322.594px;height: 40.5938px\" align=\"left\">Estructura de la lente<\/td>\n<td style=\"padding: 10px 20px;border: 1px solid #dcdcdc;width: 794.5px;height: 40.5938px\" align=\"left\">15 elementos\/9 grupos (2 vidrios asf\u00e9ricos, 3 vidrios ED)<\/td>\n<\/tr>\n<tr style=\"background: #f6f6f6;height: 60.1875px\">\n<td style=\"padding: 10px 20px;border: 1px solid #dcdcdc;width: 322.594px;height: 60.1875px\" align=\"left\">Cuchillas<\/td>\n<p> de apertura<\/p>\n<td style=\"padding: 10px 20px;border: 1px solid #dcdcdc;width: 794.5px;height: 60.1875px\" align=\"left\">5 cuchillas<\/td>\n<\/tr>\n<tr style=\"height: 40.5938px\">\n<td style=\"padding: 10px 20px;border: 1px solid #dcdcdc;width: 322.594px;height: 40.5938px\" align=\"left\">Distancia de enfoque M\u00edn.de<\/td>\n<td style=\"padding: 10px 20px;border: 1px solid #dcdcdc;width: 794.5px;height: 40.5938px\" align=\"left\">12cm<\/td>\n<\/tr>\n<tr style=\"background: #f6f6f6;height: 40.5938px\">\n<td style=\"padding: 10px 20px;border: 1px solid #dcdcdc;width: 322.594px;height: 40.5938px\" align=\"left\">\n<p>Aumento m\u00e1ximo<\/p>\n<\/td>\n<td style=\"padding: 10px 20px;border: 1px solid #dcdcdc;width: 794.5px;height: 40.5938px\" align=\"left\">0,24 veces<\/td>\n<\/tr>\n<tr style=\"height: 40.5938px\">\n<td style=\"padding: 10px 20px;border: 1px solid #dcdcdc;width: 322.594px;height: 40.5938px\" align=\"left\">Tipo de enfoque<\/td>\n<td style=\"padding: 10px 20px;border: 1px solid #dcdcdc;width: 794.5px;height: 40.5938px\" align=\"left\">Enfoque autom\u00e1tico<\/td>\n<\/tr>\n<tr style=\"background: #f6f6f6;height: 40.5938px\">\n<td style=\"padding: 10px 20px;border: 1px solid #dcdcdc;width: 322.594px;height: 40.5938px\" align=\"left\">Rosca de filtro<\/td>\n<td style=\"padding: 10px 20px;border: 1px solid #dcdcdc;width: 794.5px;height: 40.5938px\" align=\"left\">\u00f877 mm<\/td>\n<\/tr>\n<tr style=\"height: 40.5938px\">\n<td style=\"padding: 10px 20px;border: 1px solid #dcdcdc;width: 322.594px;height: 40.5938px\" align=\"left\">Dimensiones<\/td>\n<td style=\"padding: 10px 20px;border: 1px solid #dcdcdc;width: 794.5px;height: 40.5938px\" align=\"left\">\u00d882 x 70,8 mm<\/td>\n<\/tr>\n<tr style=\"background: #f6f6f6;height: 40.5938px\">\n<td style=\"padding: 10px 20px;border: 1px solid #dcdcdc;width: 322.594px;height: 40.5938px\" align=\"left\">Peso<\/td>\n<td style=\"padding: 10px 20px;border: 1px solid #dcdcdc;width: 794.5px;height: 40.5938px\" align=\"left\">420g<\/td>\n<\/tr>\n<\/tbody>\n<\/table>\n","protected":false},"excerpt":{"rendered":"<p>Enfoque autom\u00e1tico LAOWA 10mm f\/2.8 Zero-D FF &#8211; Sony E Fotograma completo | f\/2.8 a f\/22 Gran angular, r\u00e1pido y<\/p>\n","protected":false},"featured_media":50104,"comment_status":"closed","ping_status":"closed","template":"","meta":{"_acf_changed":false},"product_brand":[2682],"product_cat":[1062],"product_tag":[],"class_list":{"0":"post-73089","1":"product","2":"type-product","3":"status-publish","4":"has-post-thumbnail","6":"product_brand-laowa-es","7":"product_cat-mirrorless-objectivos","8":"pa_abertura-maxima-f-2-8-es","9":"pa_cor-negro","10":"pa_diametro-77mm-es","11":"pa_estabilizacao-de-imagem-no","12":"pa_montagem-da-objetiva-sony-e-es","13":"pa_sensor-fotograma-completo","14":"pa_tipo-de-foco-enfoque-automatico","15":"pa_tipo-de-objetiva-gran-angular","16":"pa_zoom-fixa-fijo","18":"first","19":"instock","20":"taxable","21":"shipping-taxable","22":"purchasable","23":"product-type-simple"},"bundled_by":[],"bundle_stock_status":"instock","bundle_stock_quantity":2,"bundle_virtual":false,"bundle_layout":"","bundle_add_to_cart_form_location":"","bundle_editable_in_cart":false,"bundle_sold_individually_context":"","bundle_item_grouping":"","bundle_min_size":"","bundle_max_size":"","bundle_price":[],"bundled_items":[],"bundle_sell_ids":[],"acf":[],"_links":{"self":[{"href":"https:\/\/hi-techwonder.com\/es\/wp-json\/wp\/v2\/product\/73089","targetHints":{"allow":["GET"]}}],"collection":[{"href":"https:\/\/hi-techwonder.com\/es\/wp-json\/wp\/v2\/product"}],"about":[{"href":"https:\/\/hi-techwonder.com\/es\/wp-json\/wp\/v2\/types\/product"}],"replies":[{"embeddable":true,"href":"https:\/\/hi-techwonder.com\/es\/wp-json\/wp\/v2\/comments?post=73089"}],"wp:featuredmedia":[{"embeddable":true,"href":"https:\/\/hi-techwonder.com\/es\/wp-json\/wp\/v2\/media\/50104"}],"wp:attachment":[{"href":"https:\/\/hi-techwonder.com\/es\/wp-json\/wp\/v2\/media?parent=73089"}],"wp:term":[{"taxonomy":"product_brand","embeddable":true,"href":"https:\/\/hi-techwonder.com\/es\/wp-json\/wp\/v2\/product_brand?post=73089"},{"taxonomy":"product_cat","embeddable":true,"href":"https:\/\/hi-techwonder.com\/es\/wp-json\/wp\/v2\/product_cat?post=73089"},{"taxonomy":"product_tag","embeddable":true,"href":"https:\/\/hi-techwonder.com\/es\/wp-json\/wp\/v2\/product_tag?post=73089"}],"curies":[{"name":"wp","href":"https:\/\/api.w.org\/{rel}","templated":true}]}}