{"id":73091,"date":"2025-07-29T09:20:50","date_gmt":"2025-07-29T09:20:50","guid":{"rendered":"https:\/\/fv6qoy3ls0.wpdns.site\/produto\/laowa-12mm-t-2-9-zero-d-cine-metrico-canon-ef\/"},"modified":"2025-07-29T09:20:50","modified_gmt":"2025-07-29T09:20:50","slug":"laowa-12mm-t-2-9-zero-d-cine-metrico-canon-ef","status":"publish","type":"product","link":"https:\/\/hi-techwonder.com\/es\/producto\/laowa-12mm-t-2-9-zero-d-cine-metrico-canon-ef\/","title":{"rendered":"LAOWA 12mm T\/2.9 Zero-D Cine (m\u00e9trico) Canon EF"},"content":{"rendered":"<p><strong>LAOWA 12mm T\/2.9 Zero-D Cine (m\u00e9trico) Canon EF<\/strong><\/p>\n<p> <strong>Caracter\u00edsticas principales<\/strong><\/p>\n<ul>\n<li>  Cobertura Full Frame \/ Vista Vision<\/li>\n<li>  Distorsi\u00f3n casi nula (Cero-D)<\/li>\n<li>  \u00c1ngulo de visi\u00f3n de 122\u00b0<\/li>\n<li>  S\u00faper compacto<\/li>\n<li>  Montaje EF\/PL\/E\/RF disponible<\/li>\n<li>  Escal\u00f3n de hasta 114 mm para la instalaci\u00f3n de la caja mate<\/li>\n<\/ul>\n<p> <strong>En la caja:<\/strong><\/p>\n<ul>\n<li>  Lente de cine Venus Optics Laowa 12mm T2.9 Zero-D (Canon EF)<\/li>\n<li>  Tapas de lentes delanteras y traseras<\/li>\n<li>  Anillo elevador de 114 mm<\/li>\n<li>  Juego de cu\u00f1as<\/li>\n<li>  Estuche Pelican<\/li>\n<\/ul>\n<p>  La nueva lente de 12 mm es actualmente la lente t \/ 2.9 m\u00e1s ancha que puede cubrir el sensor hasta el tama\u00f1o de vista y vista de fotograma completo (m\u00e1s ancha que el fotograma completo), lo que la convierte en una de las opciones de gran angular ideales para c\u00e1maras de cine profesionales y c\u00e1maras sin espejo.  <\/p>\n<p><iframe loading=\"lazy\" style=\"min-height: 500px; width: 100%; height: auto;\" src=\"https:\/\/www.youtube.com\/embed\/Gu9U4CEpQUU\" width=\"560\" height=\"314\" allowfullscreen=\"allowfullscreen\"><\/iframe><\/p>\n<p> <strong>Adecuado para c\u00e1maras de gran formato y Super35<\/strong><\/p>\n<p>  El c\u00edrculo de imagen permite a los directores de fotograf\u00eda utilizar no solo los sensores de fotograma completo (tama\u00f1o = 43,14 mm), sino tambi\u00e9n los sensores Vista Vision de la RED Monster y el sensor de la Arri Alexa LF (tama\u00f1o @ open-gate = 44,7 mm) en su totalidad. El objetivo tambi\u00e9n es ideal para los propietarios de c\u00e1maras de tama\u00f1o Super35 con un campo de visi\u00f3n ultra amplio equivalente a 17 mm y su decisi\u00f3n preparada para el futuro cuando los directores de fotograf\u00eda necesitan actualizarse a c\u00e1maras de gran formato. <\/p>\n<p> <strong>S\u00faper compacto y ligero<\/strong><\/p>\n<p>  Este objetivo de 12 mm es extremadamente compacto y ligero, a pesar de las especificaciones extremas. Mide 87 mm de longitud y pesa menos de 675 g. Se puede instalar f\u00e1cilmente en cualquier tipo de sistema de estabilizaci\u00f3n, incluidos los cardanes port\u00e1tiles.  <\/p>\n<p> <strong>Distorsi\u00f3n casi nula<\/strong><\/p>\n<p>  La distorsi\u00f3n \u00f3ptica de la lente ultra gran angular nunca ser\u00e1 una pesadilla para el director de fotograf\u00eda. La tasa de distorsi\u00f3n de los buenos objetivos gran angular del mercado oscila entre el 2 y el 4%. Venus Optics, sin embargo, es capaz de comprimir la distorsi\u00f3n a un nivel cercano a cero. De hecho, la afirmaci\u00f3n &#8216;Zero-D&#8217; ha sido validada por muchos propietarios de lentes Laowa existentes en todo el mundo.   <\/p>\n<p> <strong>Distancia de enfoque extremadamente cercana<\/strong><\/p>\n<p>  La lente capaz de enfocar a una distancia de enfoque extremadamente cercana. Puede enfocar desde 7&#8243; de distancia del sensor (&lt;4&#8243; desde el elemento frontal) hasta el infinito. No se requerir\u00e1 dioptr\u00eda en este caso. Los lentes gran angular generalmente crean una imagen \u00abplana\u00bb con una profundidad de campo muy profunda, pero con esta capacidad de enfoque cercano y un paso en T r\u00e1pido, el Laowa 12 mm puede crear una apariencia \u00fanica de profundidad de campo amplia y poco profunda con un agradable bokeh.   <\/p>\n<p> <strong>Caja de cine robusta y profesional<\/strong><\/p>\n<p>  Dise\u00f1ado con engranajes est\u00e1ndar de 0.8 mod en los anillos de apertura y enfoque para una f\u00e1cil instalaci\u00f3n del sistema de seguimiento de enfoque. Un rango de enfoque suave extendido de 270\u00b0 est\u00e1 dise\u00f1ado para lograr un enfoque preciso. Toda la carcasa de la lente est\u00e1 hecha de aleaci\u00f3n de aluminio.  <\/p>\n<p>  Se incluye un anillo de paso de 114 mm en el paquete para expandir el di\u00e1metro frontal para adaptarse a la caja mate de tama\u00f1o industrial. Venus Optics lo ha probado con varias carcasas mate en el mercado y todav\u00eda no tiene vi\u00f1eteado en el sensor VV con la carcasa mate instalada. <\/p>\n<p> <strong>Caracter\u00edsticas t\u00e9cnicas:<\/strong> <\/p>\n<table border=\"0\" width=\"642\" cellspacing=\"0\" cellpadding=\"2\">\n<colgroup>\n<col width=\"330\">\n<col width=\"304\"><\/colgroup>\n<tbody>\n<tr>\n<td width=\"330\"> <span style=\"font-size: medium;\"><span style=\"color: #666666;\">Distancia focal<\/span><\/span><\/td>\n<td width=\"304\"> <span style=\"font-size: medium;\"><span style=\"color: #666666;\">12 mm<\/span><\/span><\/td>\n<\/tr>\n<tr>\n<td width=\"330\"> <span style=\"font-size: medium;\"><span style=\"color: #666666;\">Alcance m\u00e1ximo<\/span><\/span><\/td>\n<td width=\"304\"> <span style=\"font-size: medium;\"><span style=\"color: #666666;\">T\/2.9<\/span><\/span><\/td>\n<\/tr>\n<tr>\n<td width=\"330\"> <span style=\"font-size: medium;\"><span style=\"color: #666666;\">Intervalo m\u00ednimo<\/span><\/span><\/td>\n<td width=\"304\"> <span style=\"font-size: medium;\"><span style=\"color: #666666;\">T\/22<\/span><\/span><\/td>\n<\/tr>\n<tr>\n<td width=\"304\"> <span style=\"font-size: medium;\"><span style=\"color: #666666;\">Fotograma completo,<\/span><\/span><\/td>\n<td width=\"330\"> <span style=\"font-size: medium;\"><span style=\"color: #666666;\">compatibilidad con el formato<\/span><\/span><\/td>\n<p> VistaVision<\/tr>\n<tr>\n<td width=\"330\"> <span style=\"font-size: medium;\"><span style=\"color: #666666;\">\u00c1ngulo de visi\u00f3n<\/span><\/span><\/td>\n<td width=\"304\"> <span style=\"font-size: medium;\"><span style=\"color: #666666;\">122 <span style=\"font-family: Lato;\"><span style=\"font-size: large;\">\u00b0<\/span><\/span><\/span><\/span><\/td>\n<\/tr>\n<tr>\n<td width=\"330\"> <span style=\"font-size: medium;\"><span style=\"color: #666666;\">Distancia m\u00ednima de enfoque<\/span><\/span><\/td>\n<td width=\"304\"> <span style=\"color: #666666;\">18 cm<\/span><\/td>\n<\/tr>\n<tr>\n<td width=\"330\"> <span style=\"color: #666666;\">Dise\u00f1o \u00f3ptico<\/span><\/td>\n<td width=\"304\"> <span style=\"color: #666666;\">16 elementos en 10 grupos<\/span><\/td>\n<\/tr>\n<tr>\n<td width=\"304\"> <span style=\"color: #666666;\">Hojas de<\/span><\/td>\n<td width=\"330\"> <span style=\"color: #666666;\">diafragma<\/span><\/td>\n<p> 7<\/tr>\n<tr>\n<td width=\"330\"> <span style=\"color: #666666;\">Aumento del di\u00e1metro exterior<\/span><\/td>\n<td width=\"304\"> <span style=\"color: #666666;\">hasta 114 mm a trav\u00e9s del anillo de ampliaci\u00f3n incluido<\/span><\/td>\n<\/tr>\n<tr>\n<td width=\"330\"> <span style=\"color: #666666;\">Tama\u00f1o del filtro<\/span><\/td>\n<td width=\"304\"> <span style=\"color: #666666;\">95 mm<\/span><\/td>\n<\/tr>\n<tr>\n<td width=\"330\"> <span style=\"color: #666666;\">Longitud<\/span><\/td>\n<td width=\"304\"> <span style=\"color: #666666;\">87 mm<\/span><\/td>\n<\/tr>\n<tr>\n<td width=\"330\"> <span style=\"color: #666666;\">Peso<\/span><\/td>\n<td width=\"304\"> <span style=\"color: #666666;\">675g<\/span><\/td>\n<\/tr>\n<\/tbody>\n<\/table>\n","protected":false},"excerpt":{"rendered":"<p>LAOWA 12mm T\/2.9 Zero-D Cine (m\u00e9trico) Canon EF Caracter\u00edsticas principales Cobertura Full Frame \/ Vista Vision Distorsi\u00f3n casi nula (Cero-D)<\/p>\n","protected":false},"featured_media":47837,"comment_status":"closed","ping_status":"open","template":"","meta":{"_acf_changed":false},"product_brand":[2682],"product_cat":[1063],"product_tag":[],"class_list":{"0":"post-73091","1":"product","2":"type-product","3":"status-publish","4":"has-post-thumbnail","6":"product_brand-laowa-es","7":"product_cat-slr-es","9":"first","10":"onbackorder","11":"taxable","12":"shipping-taxable","13":"purchasable","14":"product-type-simple"},"bundled_by":[],"bundle_stock_status":"onbackorder","bundle_stock_quantity":0,"bundle_virtual":false,"bundle_layout":"","bundle_add_to_cart_form_location":"","bundle_editable_in_cart":false,"bundle_sold_individually_context":"","bundle_item_grouping":"","bundle_min_size":"","bundle_max_size":"","bundle_price":[],"bundled_items":[],"bundle_sell_ids":[],"acf":[],"_links":{"self":[{"href":"https:\/\/hi-techwonder.com\/es\/wp-json\/wp\/v2\/product\/73091","targetHints":{"allow":["GET"]}}],"collection":[{"href":"https:\/\/hi-techwonder.com\/es\/wp-json\/wp\/v2\/product"}],"about":[{"href":"https:\/\/hi-techwonder.com\/es\/wp-json\/wp\/v2\/types\/product"}],"replies":[{"embeddable":true,"href":"https:\/\/hi-techwonder.com\/es\/wp-json\/wp\/v2\/comments?post=73091"}],"wp:featuredmedia":[{"embeddable":true,"href":"https:\/\/hi-techwonder.com\/es\/wp-json\/wp\/v2\/media\/47837"}],"wp:attachment":[{"href":"https:\/\/hi-techwonder.com\/es\/wp-json\/wp\/v2\/media?parent=73091"}],"wp:term":[{"taxonomy":"product_brand","embeddable":true,"href":"https:\/\/hi-techwonder.com\/es\/wp-json\/wp\/v2\/product_brand?post=73091"},{"taxonomy":"product_cat","embeddable":true,"href":"https:\/\/hi-techwonder.com\/es\/wp-json\/wp\/v2\/product_cat?post=73091"},{"taxonomy":"product_tag","embeddable":true,"href":"https:\/\/hi-techwonder.com\/es\/wp-json\/wp\/v2\/product_tag?post=73091"}],"curies":[{"name":"wp","href":"https:\/\/api.w.org\/{rel}","templated":true}]}}