{"id":73092,"date":"2025-07-29T09:20:20","date_gmt":"2025-07-29T09:20:20","guid":{"rendered":"https:\/\/fv6qoy3ls0.wpdns.site\/produto\/laowa-12mm-f-2-8-zero-d-canon-ef\/"},"modified":"2025-07-29T09:20:20","modified_gmt":"2025-07-29T09:20:20","slug":"laowa-12mm-f-2-8-zero-d-canon-ef","status":"publish","type":"product","link":"https:\/\/hi-techwonder.com\/es\/producto\/laowa-12mm-f-2-8-zero-d-canon-ef\/","title":{"rendered":"LAOWA 12mm f\/2.8 Zero-D Canon EF"},"content":{"rendered":"<p>Productos destacados:<\/p>\n<p> <span style=\"font-family: arial, helvetica, sans-serif;\">&nbsp;<\/span><\/p>\n<ul>\n<li> <span style=\"font-family: arial, helvetica, sans-serif;\">Lente con montura EF\/formato de fotograma completo<\/span><\/li>\n<li> <span style=\"font-family: arial, helvetica, sans-serif;\">Rango de apertura: f\/2.8 a f\/22<\/span><\/li>\n<li> <span style=\"font-family: arial, helvetica, sans-serif;\">Tres elementos de dispersi\u00f3n extra baja<\/span><\/li>\n<li> <span style=\"font-family: arial, helvetica, sans-serif;\">Dos elementos asf\u00e9ricos<\/span><\/li>\n<li> <span style=\"font-family: arial, helvetica, sans-serif;\">Dise\u00f1o rectil\u00edneo, baja distorsi\u00f3n<\/span><\/li>\n<li> <span style=\"font-family: arial, helvetica, sans-serif;\">Revestimiento repelente al agua y al polvo para ojos de rana<\/span><\/li>\n<li> <span style=\"font-family: arial, helvetica, sans-serif;\">Dise\u00f1o de enfoque manual<\/span><\/li>\n<li> <span style=\"font-family: arial, helvetica, sans-serif;\">Dise\u00f1o \u00f3ptico flotante<\/span><\/li>\n<li> <span style=\"font-family: arial, helvetica, sans-serif;\">Parasol incorporado en forma de p\u00e9talo<\/span><\/li>\n<\/ul>\n<p> <span style=\"font-family: arial, helvetica, sans-serif;\">Un verdadero objetivo fijo gran angular con un dise\u00f1o \u00f3ptico rectil\u00edneo, el Canon EF-mount Laowa 12mm f\/2.8 Zero-D negro de Venus Optics est\u00e1 dise\u00f1ado espec\u00edficamente para limitar la distorsi\u00f3n y lograr retratos claros y precisos de paisajes y sujetos arquitect\u00f3nicos. La construcci\u00f3n \u00f3ptica tambi\u00e9n incorpora un par de elementos asf\u00e9ricos y tres elementos de dispersi\u00f3n extra baja para controlar las aberraciones esf\u00e9ricas y crom\u00e1ticas para mejorar la nitidez y reducir las franjas de color. Tambi\u00e9n se ha aplicado un recubrimiento de ojo de rana para repeler el polvo y la humedad del elemento frontal de la lente para beneficiar el trabajo en condiciones ambientales dif\u00edciles. Beneficiando los atributos \u00f3pticos, este objetivo tambi\u00e9n cuenta con un dise\u00f1o de enfoque manual preciso, junto con un sistema \u00f3ptico flotante para mantener una representaci\u00f3n precisa en todo el rango de enfoque, desde 18 cm hasta el infinito. Adem\u00e1s, tambi\u00e9n se incorpora un parasol en forma de p\u00e9talo en el dise\u00f1o de la lente para reducir los destellos y las im\u00e1genes fantasma cuando se trabaja en condiciones de iluminaci\u00f3n intensa.    <\/span><\/p>\n<p> <span style=\"font-family: arial, helvetica, sans-serif;\">&nbsp;<\/span><\/p>\n<ul>\n<li> <span style=\"font-family: arial, helvetica, sans-serif;\">Con un objetivo fijo ultra gran angular dise\u00f1ado para las c\u00e1maras r\u00e9flex digitales con montura EF de Canon de fotograma completo, este 12 mm f\/2,8 tambi\u00e9n se puede utilizar con los modelos APS-C, donde proporciona una distancia focal equivalente a 19,2 mm.<\/span><\/li>\n<li> <span style=\"font-family: arial, helvetica, sans-serif;\">La brillante apertura m\u00e1xima de f\/2.8 es adecuada para trabajar en condiciones de poca y dif\u00edcil iluminaci\u00f3n.<\/span><\/li>\n<li> <span style=\"font-family: arial, helvetica, sans-serif;\">El dise\u00f1o rectil\u00edneo representa sujetos con una distorsi\u00f3n m\u00ednima para adaptarse a aplicaciones paisaj\u00edsticas y arquitect\u00f3nicas.<\/span><\/li>\n<li> <span style=\"font-family: arial, helvetica, sans-serif;\">Tres elementos de dispersi\u00f3n extra baja reducen las aberraciones crom\u00e1ticas y las franjas de color para mayor claridad y neutralidad de color. Tambi\u00e9n se presentan dos elementos asf\u00e9ricos para limitar las aberraciones esf\u00e9ricas para mayor claridad. <\/span><\/li>\n<li> <span style=\"font-family: arial, helvetica, sans-serif;\">Se ha aplicado un recubrimiento de ojo de rana para repeler el polvo y la humedad para mayor protecci\u00f3n cuando se trabaja en condiciones adversas.<\/span><\/li>\n<li> <span style=\"font-family: arial, helvetica, sans-serif;\">El dise\u00f1o de enfoque manual emplea un sistema \u00f3ptico flotante para mantener el rendimiento en todo el rango de enfoque desde 18 cm hasta el infinito.<\/span><\/li>\n<li> <span style=\"font-family: arial, helvetica, sans-serif;\">El parasol integrado en forma de p\u00e9talo protege el objetivo de la luz par\u00e1sita para reducir los destellos y las im\u00e1genes fantasma, y tambi\u00e9n protege los elementos frontales de impactos accidentales.<\/span><\/li>\n<\/ul>\n<p style=\"margin-bottom: 0cm;\"> <span style=\"font-family: arial, helvetica, sans-serif;\">&nbsp;<\/span> <\/p>\n<table style=\"width: 626px;\" border=\"0\" cellspacing=\"0\" cellpadding=\"2\">\n<colgroup>\n<col width=\"270\">\n<col width=\"349\"><\/colgroup>\n<tbody>\n<tr>\n<th colspan=\"2\" width=\"622\">\n<p class=\"western\" style=\"border: none; padding: 0cm; font-weight: normal;\"> <span style=\"font-family: arial, helvetica, sans-serif;\"><a name=\"11011\"><\/a><span style=\"font-size: x-large;\">interino<\/span><\/span> <\/p>\n<\/th>\n<\/tr>\n<tr>\n<td width=\"270\">\n<p style=\"border-top: none; border-bottom: 1px solid #e6e7e8; border-left: none; border-right: none; padding: 0cm 0cm 0.53cm 0cm;\"> <span style=\"font-family: arial, helvetica, sans-serif;\">Distancia focal<\/span> <\/p>\n<\/td>\n<td width=\"349\">\n<p style=\"border-top: none; border-bottom: 1px solid #e6e7e8; border-left: none; border-right: none; padding: 0cm 0cm 0.53cm 0cm;\"> <span style=\"font-family: arial, helvetica, sans-serif;\">12 mil\u00edmetros<\/span> <\/p>\n<\/td>\n<\/tr>\n<tr>\n<td width=\"270\">\n<p style=\"border-top: none; border-bottom: 1px solid #e6e7e8; border-left: none; border-right: none; padding: 0cm 0cm 0.53cm 0cm;\"> <span style=\"font-family: arial, helvetica, sans-serif;\">Abertura<\/span> <\/p>\n<\/td>\n<td width=\"349\">\n<p style=\"border-top: none; border-bottom: 1px solid #e6e7e8; border-left: none; border-right: none; padding: 0cm 0cm 0.53cm 0cm;\"> <span style=\"font-family: arial, helvetica, sans-serif;\">M\u00e1ximo: f\/2.8<br \/> M\u00ednimo: f\/22<\/span> <\/p>\n<\/td>\n<\/tr>\n<tr>\n<td width=\"270\">\n<p style=\"border-top: none; border-bottom: 1px solid #e6e7e8; border-left: none; border-right: none; padding: 0cm 0cm 0.53cm 0cm;\"> <span style=\"font-family: arial, helvetica, sans-serif;\">Tipo de montaje de la c\u00e1mara<\/span> <\/p>\n<\/td>\n<td width=\"349\">\n<p style=\"border-top: none; border-bottom: 1px solid #e6e7e8; border-left: none; border-right: none; padding: 0cm 0cm 0.53cm 0cm;\"> <span style=\"font-family: arial, helvetica, sans-serif;\">Canon EF<\/span> <\/p>\n<\/td>\n<\/tr>\n<tr>\n<td width=\"270\">\n<p style=\"border-top: none; border-bottom: 1px solid #e6e7e8; border-left: none; border-right: none; padding: 0cm 0cm 0.53cm 0cm;\"> <span style=\"font-family: arial, helvetica, sans-serif;\">Compatibilidad de formatos<\/span> <\/p>\n<\/td>\n<td width=\"349\">\n<p style=\"border-top: none; border-bottom: 1px solid #e6e7e8; border-left: none; border-right: none; padding: 0cm 0cm 0.53cm 0cm;\"> <span style=\"font-family: arial, helvetica, sans-serif;\">Pel\u00edcula de 35 mm \/ sensor digital de fotograma completo<\/span> <\/p>\n<\/td>\n<\/tr>\n<tr>\n<td width=\"270\">\n<p style=\"border-top: none; border-bottom: 1px solid #e6e7e8; border-left: none; border-right: none; padding: 0cm 0cm 0.53cm 0cm;\"> <span style=\"font-family: arial, helvetica, sans-serif;\">\u00c1ngulo<\/span> <\/p>\n<\/td>\n<td width=\"349\">\n<p style=\"border-top: none; border-bottom: 1px solid #e6e7e8; border-left: none; border-right: none; padding: 0cm 0cm 0.53cm 0cm;\"> <span style=\"font-family: arial, helvetica, sans-serif;\">121,96\u00b0<\/span> <\/p>\n<\/td>\n<\/tr>\n<tr>\n<td width=\"270\">\n<p style=\"border-top: none; border-bottom: 1px solid #e6e7e8; border-left: none; border-right: none; padding: 0cm 0cm 0.53cm 0cm;\"> <span style=\"font-family: arial, helvetica, sans-serif;\">Distancia m\u00ednima de enfoque<\/span> <\/p>\n<\/td>\n<td width=\"349\">\n<p style=\"border-top: none; border-bottom: 1px solid #e6e7e8; border-left: none; border-right: none; padding: 0cm 0cm 0.53cm 0cm;\"> <span style=\"font-family: arial, helvetica, sans-serif;\">18 cm<\/span> <\/p>\n<\/td>\n<\/tr>\n<tr>\n<td width=\"270\">\n<p style=\"border-top: none; border-bottom: 1px solid #e6e7e8; border-left: none; border-right: none; padding: 0cm 0cm 0.53cm 0cm;\"> <span style=\"font-family: arial, helvetica, sans-serif;\">Ampliaci\u00f3n<\/span> <\/p>\n<\/td>\n<td width=\"349\">\n<p style=\"border-top: none; border-bottom: 1px solid #e6e7e8; border-left: none; border-right: none; padding: 0cm 0cm 0.53cm 0cm;\"> <span style=\"font-family: arial, helvetica, sans-serif;\">0,2 veces<\/span> <\/p>\n<\/td>\n<\/tr>\n<tr>\n<td width=\"270\">\n<p style=\"border-top: none; border-bottom: 1px solid #e6e7e8; border-left: none; border-right: none; padding: 0cm 0cm 0.53cm 0cm;\"> <span style=\"font-family: arial, helvetica, sans-serif;\">Velocidad m\u00e1xima de reproducci\u00f3n<\/span> <\/p>\n<\/td>\n<td width=\"349\">\n<p style=\"border-top: none; border-bottom: 1px solid #e6e7e8; border-left: none; border-right: none; padding: 0cm 0cm 0.53cm 0cm;\"> <span style=\"font-family: arial, helvetica, sans-serif;\">1:5<\/span> <\/p>\n<\/td>\n<\/tr>\n<tr>\n<td width=\"270\">\n<p style=\"border-top: none; border-bottom: 1px solid #e6e7e8; border-left: none; border-right: none; padding: 0cm 0cm 0.53cm 0cm;\"> <span style=\"font-family: arial, helvetica, sans-serif;\">Dise\u00f1o \u00f3ptico<\/span> <\/p>\n<\/td>\n<td width=\"349\">\n<p style=\"border-top: none; border-bottom: 1px solid #e6e7e8; border-left: none; border-right: none; padding: 0cm 0cm 0.53cm 0cm;\"> <span style=\"font-family: arial, helvetica, sans-serif;\">16 elementos en 10 grupos<\/span> <\/p>\n<\/td>\n<\/tr>\n<tr>\n<td width=\"270\">\n<p style=\"border-top: none; border-bottom: 1px solid #e6e7e8; border-left: none; border-right: none; padding: 0cm 0cm 0.53cm 0cm;\"> <span style=\"font-family: arial, helvetica, sans-serif;\">Hojas de diafragma<\/span> <\/p>\n<\/td>\n<td width=\"349\">\n<p style=\"border-top: none; border-bottom: 1px solid #e6e7e8; border-left: none; border-right: none; padding: 0cm 0cm 0.53cm 0cm;\"> <span style=\"font-family: arial, helvetica, sans-serif;\">7<\/span> <\/p>\n<\/td>\n<\/tr>\n<\/tbody>\n<\/table>\n<table style=\"width: 149px;\" border=\"0\" cellspacing=\"0\" cellpadding=\"2\">\n<colgroup>\n<col width=\"105\">\n<col width=\"35\"><\/colgroup>\n<tbody>\n<tr>\n<th colspan=\"2\" width=\"145\">\n<p class=\"western\" style=\"border: none; padding: 0cm; font-weight: normal;\"> <span style=\"font-family: arial, helvetica, sans-serif;\"><a name=\"23001\"><\/a><span style=\"font-size: x-large;\">Recursos<\/span><\/span> <\/p>\n<\/th>\n<\/tr>\n<tr>\n<td width=\"105\">\n<p style=\"border-top: none; border-bottom: 1px solid #e6e7e8; border-left: none; border-right: none; padding: 0cm 0cm 0.53cm 0cm;\"> <span style=\"font-family: arial, helvetica, sans-serif;\">Autom\u00e1tico<\/span> <\/p>\n<\/td>\n<td width=\"35\">\n<p style=\"border-top: none; border-bottom: 1px solid #e6e7e8; border-left: none; border-right: none; padding: 0cm 0cm 0.53cm 0cm;\"> <span style=\"font-family: arial, helvetica, sans-serif;\">No<\/span> <\/p>\n<\/td>\n<\/tr>\n<\/tbody>\n<\/table>\n<table style=\"width: 448px;\" border=\"0\" cellspacing=\"0\" cellpadding=\"2\">\n<colgroup>\n<col width=\"163\">\n<col width=\"277\"><\/colgroup>\n<tbody>\n<tr>\n<th colspan=\"2\" width=\"444\">\n<p class=\"western\" style=\"border: none; padding: 0cm; font-weight: normal;\"> <span style=\"font-family: arial, helvetica, sans-serif;\"><a name=\"11501\"><\/a><span style=\"font-size: x-large;\">F\u00edsico<\/span><\/span> <\/p>\n<\/th>\n<\/tr>\n<tr>\n<td width=\"163\">\n<p style=\"border-top: none; border-bottom: 1px solid #e6e7e8; border-left: none; border-right: none; padding: 0cm 0cm 0.53cm 0cm;\"> <span style=\"font-family: arial, helvetica, sans-serif;\">Tema de filtro<\/span><\/p>\n<\/td>\n<td width=\"277\">\n<p style=\"border: none; padding: 0cm;\"> <em><span style=\"font-family: arial, helvetica, sans-serif;\">Ninguno<\/em><\/span> <\/p>\n<\/td>\n<\/tr>\n<tr>\n<td width=\"163\">\n<p style=\"border-top: none; border-bottom: 1px solid #e6e7e8; border-left: none; border-right: none; padding: 0cm 0cm 0.53cm 0cm;\"> <span style=\"font-family: arial, helvetica, sans-serif;\">Dimensiones (DxL)<\/span> <\/p>\n<\/td>\n<td width=\"277\">\n<p style=\"border-top: none; border-bottom: 1px solid #e6e7e8; border-left: none; border-right: none; padding: 0cm 0cm 0.53cm 0cm;\"> <span style=\"font-family: arial, helvetica, sans-serif;\">74,8 x 82,8 mil\u00edmetros<\/span> <\/p>\n<\/td>\n<\/tr>\n<tr>\n<td width=\"163\">\n<p style=\"border-top: none; border-bottom: 1px solid #e6e7e8; border-left: none; border-right: none; padding: 0cm 0cm 0.53cm 0cm;\"> <span style=\"font-family: arial, helvetica, sans-serif;\">Peso<\/span> <\/p>\n<\/td>\n<td width=\"277\">\n<p style=\"border-top: none; border-bottom: 1px solid #e6e7e8; border-left: none; border-right: none; padding: 0cm 0cm 0.53cm 0cm;\"> <span style=\"font-family: arial, helvetica, sans-serif;\">609 gramos<\/span><\/p>\n<\/td>\n<\/tr>\n<\/tbody>\n<\/table>\n<p style=\"margin-bottom: 0cm;\"> <strong><span style=\"font-family: arial, helvetica, sans-serif;\">En la caja:<\/span><\/strong><\/p>\n<ul>\n<li> <span style=\"font-family: arial, helvetica, sans-serif;\">Lente Venus Optics Laowa 12mm f\/2.8 Zero-D para Canon EF (Negro)<\/span><\/li>\n<li> <span style=\"font-family: arial, helvetica, sans-serif;\">Tapas de lentes delanteras y traseras<\/span><\/li>\n<li> <span style=\"font-family: arial, helvetica, sans-serif;\">Garant\u00eda limitada de 3 a\u00f1os<\/span><\/li>\n<\/ul>\n","protected":false},"excerpt":{"rendered":"<p>Productos destacados: &nbsp; Lente con montura EF\/formato de fotograma completo Rango de apertura: f\/2.8 a f\/22 Tres elementos de dispersi\u00f3n<\/p>\n","protected":false},"featured_media":47739,"comment_status":"closed","ping_status":"open","template":"","meta":{"_acf_changed":false},"product_brand":[2682],"product_cat":[1063],"product_tag":[],"class_list":{"0":"post-73092","1":"product","2":"type-product","3":"status-publish","4":"has-post-thumbnail","6":"product_brand-laowa-es","7":"product_cat-slr-es","9":"first","10":"onbackorder","11":"taxable","12":"shipping-taxable","13":"purchasable","14":"product-type-simple"},"bundled_by":[],"bundle_stock_status":"onbackorder","bundle_stock_quantity":0,"bundle_virtual":false,"bundle_layout":"","bundle_add_to_cart_form_location":"","bundle_editable_in_cart":false,"bundle_sold_individually_context":"","bundle_item_grouping":"","bundle_min_size":"","bundle_max_size":"","bundle_price":[],"bundled_items":[],"bundle_sell_ids":[],"acf":[],"_links":{"self":[{"href":"https:\/\/hi-techwonder.com\/es\/wp-json\/wp\/v2\/product\/73092","targetHints":{"allow":["GET"]}}],"collection":[{"href":"https:\/\/hi-techwonder.com\/es\/wp-json\/wp\/v2\/product"}],"about":[{"href":"https:\/\/hi-techwonder.com\/es\/wp-json\/wp\/v2\/types\/product"}],"replies":[{"embeddable":true,"href":"https:\/\/hi-techwonder.com\/es\/wp-json\/wp\/v2\/comments?post=73092"}],"wp:featuredmedia":[{"embeddable":true,"href":"https:\/\/hi-techwonder.com\/es\/wp-json\/wp\/v2\/media\/47739"}],"wp:attachment":[{"href":"https:\/\/hi-techwonder.com\/es\/wp-json\/wp\/v2\/media?parent=73092"}],"wp:term":[{"taxonomy":"product_brand","embeddable":true,"href":"https:\/\/hi-techwonder.com\/es\/wp-json\/wp\/v2\/product_brand?post=73092"},{"taxonomy":"product_cat","embeddable":true,"href":"https:\/\/hi-techwonder.com\/es\/wp-json\/wp\/v2\/product_cat?post=73092"},{"taxonomy":"product_tag","embeddable":true,"href":"https:\/\/hi-techwonder.com\/es\/wp-json\/wp\/v2\/product_tag?post=73092"}],"curies":[{"name":"wp","href":"https:\/\/api.w.org\/{rel}","templated":true}]}}