{"id":73093,"date":"2025-07-29T09:27:26","date_gmt":"2025-07-29T09:27:26","guid":{"rendered":"https:\/\/fv6qoy3ls0.wpdns.site\/produto\/laowa-12mm-f-2-8-zero-d-sony-e\/"},"modified":"2025-12-22T14:53:02","modified_gmt":"2025-12-22T14:53:02","slug":"laowa-12mm-f-2-8-zero-d-sony-e","status":"publish","type":"product","link":"https:\/\/hi-techwonder.com\/es\/producto\/laowa-12mm-f-2-8-zero-d-sony-e\/","title":{"rendered":"LAOWA 12mm f\/2.8 Zero-D Sony E"},"content":{"rendered":"<p><strong>Productos destacados:<\/strong><\/p>\n<ul>\n<li>Lente con montura E\/formato de fotograma completo<\/li>\n<li>Rango de apertura: f\/2.8 a f\/22<\/li>\n<li>Tres elementos de dispersi\u00f3n extra baja<\/li>\n<li>Dos elementos asf\u00e9ricos<\/li>\n<li>Dise\u00f1o rectil\u00edneo, baja distorsi\u00f3n<\/li>\n<li>Revestimiento repelente al agua y al polvo para ojos de rana<\/li>\n<li>Dise\u00f1o de enfoque manual<\/li>\n<li>Dise\u00f1o \u00f3ptico flotante<\/li>\n<li>Parasol incorporado en forma de p\u00e9talo<\/li>\n<\/ul>\n<div id=\"_mcePaste\" style=\"position: absolute; left: -10000px; top: 0px; width: 1px; height: 1px; overflow: hidden;\">Productos destacados<\/div>\n<div id=\"_mcePaste\" style=\"position: absolute; left: -10000px; top: 0px; width: 1px; height: 1px; overflow: hidden;\">Lente con montura E\/formato de fotograma completo<\/div>\n<div id=\"_mcePaste\" style=\"position: absolute; left: -10000px; top: 0px; width: 1px; height: 1px; overflow: hidden;\">Rango de apertura: f\/2.8 a f\/22<\/div>\n<div id=\"_mcePaste\" style=\"position: absolute; left: -10000px; top: 0px; width: 1px; height: 1px; overflow: hidden;\">Tres elementos de dispersi\u00f3n extra baja<\/div>\n<div id=\"_mcePaste\" style=\"position: absolute; left: -10000px; top: 0px; width: 1px; height: 1px; overflow: hidden;\">Dos elementos asf\u00e9ricos<\/div>\n<div id=\"_mcePaste\" style=\"position: absolute; left: -10000px; top: 0px; width: 1px; height: 1px; overflow: hidden;\">Dise\u00f1o rectil\u00edneo, baja distorsi\u00f3n<\/div>\n<div id=\"_mcePaste\" style=\"position: absolute; left: -10000px; top: 0px; width: 1px; height: 1px; overflow: hidden;\">Revestimiento repelente al agua y al polvo para ojos de rana<\/div>\n<div id=\"_mcePaste\" style=\"position: absolute; left: -10000px; top: 0px; width: 1px; height: 1px; overflow: hidden;\">Dise\u00f1o de enfoque manual<\/div>\n<div id=\"_mcePaste\" style=\"position: absolute; left: -10000px; top: 0px; width: 1px; height: 1px; overflow: hidden;\">Dise\u00f1o \u00f3ptico flotante<\/div>\n<div id=\"_mcePaste\" style=\"position: absolute; left: -10000px; top: 0px; width: 1px; height: 1px; overflow: hidden;\">Parasol incorporado en forma de p\u00e9talo<\/div>\n<p>Un verdadero lente fijo gran angular con un dise\u00f1o \u00f3ptico rectil\u00edneo, el Sony E-mount Laowa 12mm f\/2.8 Zero-D de Venus Optics est\u00e1 dise\u00f1ado espec\u00edficamente para limitar la distorsi\u00f3n para retratos claros y precisos de paisajes y sujetos arquitect\u00f3nicos. La construcci\u00f3n \u00f3ptica tambi\u00e9n incorpora un par de elementos asf\u00e9ricos y tres elementos de dispersi\u00f3n extra baja para controlar las aberraciones esf\u00e9ricas y crom\u00e1ticas para mejorar la nitidez y reducir las franjas de color. Tambi\u00e9n se ha aplicado un recubrimiento de ojo de rana para repeler el polvo y la humedad del elemento frontal de la lente para beneficiar el trabajo en condiciones ambientales dif\u00edciles. Beneficiando los atributos \u00f3pticos, este objetivo tambi\u00e9n cuenta con un dise\u00f1o de enfoque manual preciso, junto con un sistema \u00f3ptico flotante para mantener una representaci\u00f3n precisa en todo el rango de enfoque, desde 18 cm hasta el infinito. Adem\u00e1s, tambi\u00e9n se incorpora un parasol en forma de p\u00e9talo en el dise\u00f1o de la lente para reducir los destellos y las im\u00e1genes fantasma cuando se trabaja en condiciones de iluminaci\u00f3n intensa.    <\/p>\n<ul>\n<li>Proyectado para c\u00e1maras mirrorless Sony con montura E de fotograma completo, este 12mm f\/2.8 tambi\u00e9n puede utilizarse con los modelos APS-C, donde proporciona una distancia focal equivalente a 18mm.<\/li>\n<li>La brillante apertura m\u00e1xima de f\/2.8 es adecuada para trabajar en condiciones de poca y dif\u00edcil iluminaci\u00f3n.<\/li>\n<li>El dise\u00f1o rectil\u00edneo representa sujetos con una distorsi\u00f3n m\u00ednima para adaptarse a aplicaciones paisaj\u00edsticas y arquitect\u00f3nicas.<\/li>\n<li>Tres elementos de dispersi\u00f3n extra baja reducen las aberraciones crom\u00e1ticas y las franjas de color para mayor claridad y neutralidad de color. Tambi\u00e9n se presentan dos elementos asf\u00e9ricos para limitar las aberraciones esf\u00e9ricas para mayor claridad. <\/li>\n<li>Se ha aplicado un recubrimiento de ojo de rana para repeler el polvo y la humedad para mayor protecci\u00f3n cuando se trabaja en condiciones adversas.<\/li>\n<li>El dise\u00f1o de enfoque manual emplea un sistema \u00f3ptico flotante para mantener el rendimiento en todo el rango de enfoque desde 18 cm hasta el infinito.<\/li>\n<li>El parasol integrado en forma de p\u00e9talo protege el objetivo de la luz par\u00e1sita para reducir los destellos y las im\u00e1genes fantasma, y tambi\u00e9n protege los elementos frontales de impactos accidentales.<\/li>\n<\/ul>\n<table style=\"width: 626px;\" border=\"0\" cellspacing=\"0\" cellpadding=\"2\">\n<colgroup>\n<col width=\"270\">\n<col width=\"349\"><\/colgroup>\n<tbody>\n<tr>\n<th colspan=\"2\" width=\"622\">\n<p class=\"western\" style=\"border: none; padding: 0cm; font-weight: normal;\"><a name=\"11011\"><\/a> <span style=\"font-size: x-large;\">interino<\/span><\/p>\n<\/th>\n<\/tr>\n<tr>\n<td width=\"270\">\n<p style=\"border-top: none; border-bottom: 1px solid #e6e7e8; border-left: none; border-right: none; padding: 0cm 0cm 0.53cm 0cm;\"><span style=\"font-size: 13pt;\">Distancia focal<\/span><\/p>\n<\/td>\n<td width=\"349\">\n<p style=\"border-top: none; border-bottom: 1px solid #e6e7e8; border-left: none; border-right: none; padding: 0cm 0cm 0.53cm 0cm;\"><span style=\"font-size: 13pt;\">12 mil\u00edmetros<\/span><\/p>\n<\/td>\n<\/tr>\n<tr>\n<td width=\"270\">\n<p style=\"border-top: none; border-bottom: 1px solid #e6e7e8; border-left: none; border-right: none; padding: 0cm 0cm 0.53cm 0cm;\"><span style=\"font-size: 13pt;\">Abertura<\/span><\/p>\n<\/td>\n<td width=\"349\">\n<p style=\"border-top: none; border-bottom: 1px solid #e6e7e8; border-left: none; border-right: none; padding: 0cm 0cm 0.53cm 0cm;\"><span style=\"font-size: 13pt;\">M\u00e1ximo: f\/2.8<br \/>M\u00ednimo: f\/22<\/span><\/p>\n<\/td>\n<\/tr>\n<tr>\n<td width=\"270\">\n<p style=\"border-top: none; border-bottom: 1px solid #e6e7e8; border-left: none; border-right: none; padding: 0cm 0cm 0.53cm 0cm;\"><span style=\"font-size: 13pt;\">Tipo de montaje de la c\u00e1mara<\/span><\/p>\n<\/td>\n<td width=\"349\">\n<p style=\"border-top: none; border-bottom: 1px solid #e6e7e8; border-left: none; border-right: none; padding: 0cm 0cm 0.53cm 0cm;\"><span style=\"font-size: 13pt;\">Sony E<\/span><\/p>\n<\/td>\n<\/tr>\n<tr>\n<td width=\"270\">\n<p style=\"border-top: none; border-bottom: 1px solid #e6e7e8; border-left: none; border-right: none; padding: 0cm 0cm 0.53cm 0cm;\"><span style=\"font-size: 13pt;\">Compatibilidad de formatos<\/span><\/p>\n<\/td>\n<td width=\"349\">\n<p style=\"border-top: none; border-bottom: 1px solid #e6e7e8; border-left: none; border-right: none; padding: 0cm 0cm 0.53cm 0cm;\"><span style=\"font-size: 13pt;\">Pel\u00edcula de 35 mm \/ sensor digital de fotograma completo<\/span><\/p>\n<\/td>\n<\/tr>\n<tr>\n<td width=\"270\">\n<p style=\"border-top: none; border-bottom: 1px solid #e6e7e8; border-left: none; border-right: none; padding: 0cm 0cm 0.53cm 0cm;\"><span style=\"font-size: 13pt;\">\u00c1ngulo<\/span><\/p>\n<\/td>\n<td width=\"349\">\n<p style=\"border-top: none; border-bottom: 1px solid #e6e7e8; border-left: none; border-right: none; padding: 0cm 0cm 0.53cm 0cm;\"><span style=\"font-size: 13pt;\">121,96\u00b0<\/span><\/p>\n<\/td>\n<\/tr>\n<tr>\n<td width=\"270\">\n<p style=\"border-top: none; border-bottom: 1px solid #e6e7e8; border-left: none; border-right: none; padding: 0cm 0cm 0.53cm 0cm;\"><span style=\"font-size: 13pt;\">Distancia m\u00ednima de enfoque<\/span><\/p>\n<\/td>\n<td width=\"349\">\n<p style=\"border-top: none; border-bottom: 1px solid #e6e7e8; border-left: none; border-right: none; padding: 0cm 0cm 0.53cm 0cm;\"><span style=\"font-size: 13pt;\">18 cm<\/span><\/p>\n<\/td>\n<\/tr>\n<tr>\n<td width=\"270\">\n<p style=\"border-top: none; border-bottom: 1px solid #e6e7e8; border-left: none; border-right: none; padding: 0cm 0cm 0.53cm 0cm;\"><span style=\"font-size: 13pt;\">Ampliaci\u00f3n<\/span><\/p>\n<\/td>\n<td width=\"349\">\n<p style=\"border-top: none; border-bottom: 1px solid #e6e7e8; border-left: none; border-right: none; padding: 0cm 0cm 0.53cm 0cm;\"><span style=\"font-size: 13pt;\">0,2 veces<\/span><\/p>\n<\/td>\n<\/tr>\n<tr>\n<td width=\"270\">\n<p style=\"border-top: none; border-bottom: 1px solid #e6e7e8; border-left: none; border-right: none; padding: 0cm 0cm 0.53cm 0cm;\"><span style=\"font-size: 13pt;\">Velocidad m\u00e1xima de reproducci\u00f3n<\/span><\/p>\n<\/td>\n<td width=\"349\">\n<p style=\"border-top: none; border-bottom: 1px solid #e6e7e8; border-left: none; border-right: none; padding: 0cm 0cm 0.53cm 0cm;\"><span style=\"font-size: 13pt;\">1:5<\/span><\/p>\n<\/td>\n<\/tr>\n<tr>\n<td width=\"270\">\n<p style=\"border-top: none; border-bottom: 1px solid #e6e7e8; border-left: none; border-right: none; padding: 0cm 0cm 0.53cm 0cm;\"><span style=\"font-size: 13pt;\">Dise\u00f1o \u00f3ptico<\/span><\/p>\n<\/td>\n<td width=\"349\">\n<p style=\"border-top: none; border-bottom: 1px solid #e6e7e8; border-left: none; border-right: none; padding: 0cm 0cm 0.53cm 0cm;\"><span style=\"font-size: 13pt;\">16 elementos en 10 grupos<\/span><\/p>\n<\/td>\n<\/tr>\n<tr>\n<td width=\"270\">\n<p style=\"border-top: none; border-bottom: 1px solid #e6e7e8; border-left: none; border-right: none; padding: 0cm 0cm 0.53cm 0cm;\"><span style=\"font-size: 13pt;\">Hojas de diafragma<\/span><\/p>\n<\/td>\n<td width=\"349\">\n<p style=\"border-top: none; border-bottom: 1px solid #e6e7e8; border-left: none; border-right: none; padding: 0cm 0cm 0.53cm 0cm;\"><span style=\"font-size: 13pt;\">7<\/span><\/p>\n<\/td>\n<\/tr>\n<\/tbody>\n<\/table>\n<table style=\"width: 149px;\" border=\"0\" cellspacing=\"0\" cellpadding=\"2\">\n<colgroup>\n<col width=\"105\">\n<col width=\"35\"><\/colgroup>\n<tbody>\n<tr>\n<th colspan=\"2\" width=\"145\">\n<p class=\"western\" style=\"border: none; padding: 0cm; font-weight: normal;\"><a name=\"23001\"><\/a> <span style=\"font-size: x-large;\">Recursos<\/span><\/p>\n<\/th>\n<\/tr>\n<tr>\n<td width=\"105\">\n<p style=\"border-top: none; border-bottom: 1px solid #e6e7e8; border-left: none; border-right: none; padding: 0cm 0cm 0.53cm 0cm;\"><span style=\"font-size: 13pt;\">Autom\u00e1tico<\/span><\/p>\n<\/td>\n<td width=\"35\">\n<p style=\"border-top: none; border-bottom: 1px solid #e6e7e8; border-left: none; border-right: none; padding: 0cm 0cm 0.53cm 0cm;\"><span style=\"font-size: 13pt;\">No<\/span><\/p>\n<\/td>\n<\/tr>\n<\/tbody>\n<\/table>\n<table style=\"width: 262px;\" border=\"0\" cellspacing=\"0\" cellpadding=\"2\">\n<colgroup>\n<col width=\"117\">\n<col width=\"137\"><\/colgroup>\n<tbody>\n<tr>\n<th colspan=\"2\" width=\"258\">\n<p class=\"western\" style=\"border: none; padding: 0cm; font-weight: normal;\"><a name=\"11501\"><\/a> <span style=\"font-size: x-large;\">F\u00edsico<\/span><\/p>\n<\/th>\n<\/tr>\n<tr>\n<td width=\"117\">\n<p style=\"border-top: none; border-bottom: 1px solid #e6e7e8; border-left: none; border-right: none; padding: 0cm 0cm 0.53cm 0cm;\"><span style=\"font-size: 13pt;\">Tema de filtro<\/span><\/p>\n<\/td>\n<td width=\"137\">\n<p style=\"border: none; padding: 0cm;\"><span style=\"font-size: 13pt;\"><em>Ninguno<\/em><\/span><\/p>\n<\/td>\n<\/tr>\n<tr>\n<td width=\"117\">\n<p style=\"border-top: none; border-bottom: 1px solid #e6e7e8; border-left: none; border-right: none; padding: 0cm 0cm 0.53cm 0cm;\"><span style=\"font-size: 13pt;\">Peso<\/span><\/p>\n<\/td>\n<td width=\"137\">\n<p style=\"border-top: none; border-bottom: 1px solid #e6e7e8; border-left: none; border-right: none; padding: 0cm 0cm 0.53cm 0cm;\"><span style=\"font-size: 13pt;\">609 gramos<\/span><\/p>\n<\/td>\n<\/tr>\n<\/tbody>\n<\/table>\n<p style=\"margin-bottom: 0cm;\"><strong>En la caja:<\/strong><\/p>\n<ul>\n<li>Lente Venus Optics Laowa 12mm f\/2.8 Zero-D para Sony E<\/li>\n<li>Tapas de lentes delanteras y traseras<\/li>\n<li>Garant\u00eda limitada de 3 a\u00f1os<\/li>\n<\/ul>\n","protected":false},"excerpt":{"rendered":"<p>Productos destacados: Lente con montura E\/formato de fotograma completo Rango de apertura: f\/2.8 a f\/22 Tres elementos de dispersi\u00f3n extra<\/p>\n","protected":false},"featured_media":49207,"comment_status":"closed","ping_status":"closed","template":"","meta":{"_acf_changed":false},"product_brand":[2682],"product_cat":[1062],"product_tag":[],"class_list":{"0":"post-73093","1":"product","2":"type-product","3":"status-publish","4":"has-post-thumbnail","6":"product_brand-laowa-es","7":"product_cat-mirrorless-objectivos","8":"pa_abertura-maxima-f-2-8-es","9":"pa_cor-negro","10":"pa_diametro-no-tiene","11":"pa_estabilizacao-de-imagem-no","12":"pa_montagem-da-objetiva-sony-e-es","13":"pa_sensor-fotograma-completo","14":"pa_tipo-de-foco-enfoque-manual","15":"pa_tipo-de-objetiva-gran-angular","16":"pa_zoom-fixa-fijo","18":"first","19":"onbackorder","20":"taxable","21":"shipping-taxable","22":"purchasable","23":"product-type-simple"},"bundled_by":[],"bundle_stock_status":"onbackorder","bundle_stock_quantity":null,"bundle_virtual":false,"bundle_layout":"","bundle_add_to_cart_form_location":"","bundle_editable_in_cart":false,"bundle_sold_individually_context":"","bundle_item_grouping":"","bundle_min_size":"","bundle_max_size":"","bundle_price":[],"bundled_items":[],"bundle_sell_ids":[],"acf":[],"_links":{"self":[{"href":"https:\/\/hi-techwonder.com\/es\/wp-json\/wp\/v2\/product\/73093","targetHints":{"allow":["GET"]}}],"collection":[{"href":"https:\/\/hi-techwonder.com\/es\/wp-json\/wp\/v2\/product"}],"about":[{"href":"https:\/\/hi-techwonder.com\/es\/wp-json\/wp\/v2\/types\/product"}],"replies":[{"embeddable":true,"href":"https:\/\/hi-techwonder.com\/es\/wp-json\/wp\/v2\/comments?post=73093"}],"wp:featuredmedia":[{"embeddable":true,"href":"https:\/\/hi-techwonder.com\/es\/wp-json\/wp\/v2\/media\/49207"}],"wp:attachment":[{"href":"https:\/\/hi-techwonder.com\/es\/wp-json\/wp\/v2\/media?parent=73093"}],"wp:term":[{"taxonomy":"product_brand","embeddable":true,"href":"https:\/\/hi-techwonder.com\/es\/wp-json\/wp\/v2\/product_brand?post=73093"},{"taxonomy":"product_cat","embeddable":true,"href":"https:\/\/hi-techwonder.com\/es\/wp-json\/wp\/v2\/product_cat?post=73093"},{"taxonomy":"product_tag","embeddable":true,"href":"https:\/\/hi-techwonder.com\/es\/wp-json\/wp\/v2\/product_tag?post=73093"}],"curies":[{"name":"wp","href":"https:\/\/api.w.org\/{rel}","templated":true}]}}