{"id":73105,"date":"2025-07-28T23:45:45","date_gmt":"2025-07-28T23:45:45","guid":{"rendered":"https:\/\/fv6qoy3ls0.wpdns.site\/produto\/lexar-pro-gold-sdxc-64gb-300mb-s-v90-uhs-ii-u3\/"},"modified":"2026-04-15T15:46:56","modified_gmt":"2026-04-15T14:46:56","slug":"lexar-pro-gold-sdxc-64gb-300mb-s-v90-uhs-ii-u3","status":"publish","type":"product","link":"https:\/\/hi-techwonder.com\/es\/producto\/lexar-pro-gold-sdxc-64gb-300mb-s-v90-uhs-ii-u3\/","title":{"rendered":"LEXAR Pro Gold SDXC 64GB 300MB\/s V90 UHS-II (U3)"},"content":{"rendered":"<p><font size=\"2\"><b>Tarjeta de memoria LEXAR Professional Gold SDXC 64GB 300MB\/s V90 2000x UHS-II<\/b><\/font><strong style=\"color: #2dc26b;\"><\/strong><\/p>\n<p><strong style=\"color: #2dc26b;\">Lista de compatibilidad: <a href=\"https:\/\/hi-techwonder.com\/newsletter\/lexarcompatibilidades.pdf\" target=\"_blank\" rel=\"noopener\">Haga clic aqu\u00ed<\/a><\/strong><\/p>\n<p><strong>Tarjeta de memoria Lexar 64GB Professional 2000x UHS-II SDXC<\/p>\n<p>Productos destacados<\/strong><\/p>\n<ul>\n<li>Capacidad de almacenamiento de 64 GB<\/li>\n<li>Clase 10 \/ UHS-II<\/li>\n<li>Clase de velocidad UHS 3<\/li>\n<li>M\u00e1ximo. Velocidad de lectura: 300 MB\/s <\/li>\n<li>M\u00e1ximo. Velocidad de escritura: 260 MB\/s <\/li>\n<li>Interruptor de protecci\u00f3n contra reescritura incorporado<\/li>\n<\/ul>\n<p><strong>En la caja<\/strong><\/p>\n<ul>\n<li>Tarjeta de memoria Lexar 64GB Professional 2000x UHS-II SDXC<\/li>\n<\/ul>\n<p>Capture im\u00e1genes de alta calidad y grabe videos Full HD, 3D e incluso 4K con la <strong>tarjeta de memoria SDXC Professional 2000x UHS-II de 64 GB.<\/strong> Esta tarjeta de memoria cuenta con compatibilidad con UHS Speed Class 3 (U3), lo que garantiza una velocidad m\u00ednima de escritura de datos de 30 MB\/s, junto con una velocidad m\u00e1xima de lectura de hasta 300 MB\/s (2000x). Estas velocidades de transferencia de datos mejoradas van acompa\u00f1adas de una capacidad de almacenamiento de 64 GB, lo que le permite almacenar una gran cantidad de fotos, videos, pel\u00edculas y m\u00e1s. <\/p>\n<p><strong>Rendimiento de alta velocidad<\/strong><br \/>Ya sea que sea un fot\u00f3grafo profesional, un vide\u00f3grafo o un entusiasta, esta tarjeta Lexar Professional 2000x SDXC UHS-II ofrece un rendimiento en el que puede confiar. Estas tarjetas de alta velocidad aprovechan la tecnolog\u00eda UHS Speed Class 3 (U3) (UHS-II) y proporcionan una velocidad de transferencia de lectura de hasta 2000x (300 MB\/s) cuando se utilizan con el lector SD UHS-II incluido. Para mayor versatilidad, las tarjetas tambi\u00e9n funcionan con dispositivos UHS-I a velocidades UHS-I y son compatibles con c\u00e1maras y lectores m\u00e1s antiguos, funcionando a velocidades de Clase 10 cuando se usan con dispositivos que no son UHS.  <\/p>\n<p><strong>Capture im\u00e1genes de alta calidad y videos Full HD, 3D y 4K de 1080p<\/strong><br \/>Con una c\u00e1mara r\u00e9flex, una videoc\u00e1mara HD o una c\u00e1mara 3D, podr\u00e1 aprovechar las \u00faltimas funciones de fotograf\u00eda y v\u00eddeo disponibles para capturar im\u00e1genes de alta calidad y v\u00eddeos mejorados en Full HD, 3D y 4K 1080p.<\/p>\n<p>&nbsp;<\/p>\n<h2>Especificaciones del Lexar UHS-II SDXC 64GB<\/h2>\n<table style=\"width: 427px;\" border=\"0\" cellspacing=\"0\" cellpadding=\"2\">\n<colgroup>\n<col width=\"194\"><\/colgroup>\n<colgroup>\n<col width=\"224\"><\/colgroup>\n<tbody>\n<tr>\n<td width=\"194\">\n<p>Tipo de carta<\/p>\n<\/td>\n<td width=\"224\">\n<p>S\u00edgueme<\/p>\n<\/td>\n<\/tr>\n<tr>\n<td width=\"194\">\n<p>Capacidad de almacenamiento<\/p>\n<\/td>\n<td width=\"224\">\n<p>64 GB<\/p>\n<\/td>\n<\/tr>\n<tr>\n<td width=\"194\">\n<p>Clase de velocidad<\/p>\n<\/td>\n<td width=\"224\">\n<p>10<\/p>\n<\/td>\n<\/tr>\n<tr>\n<td width=\"194\">\n<p>Clase de velocidad UHS<\/p>\n<\/td>\n<td width=\"224\">\n<p>U3<\/p>\n<\/td>\n<\/tr>\n<tr>\n<td width=\"194\">\n<p>Velocidad (clasificaci\u00f3n X)<\/p>\n<\/td>\n<td width=\"224\">\n<p>2000x<\/p>\n<\/td>\n<\/tr>\n<tr>\n<td width=\"194\">\n<p>Velocidad de la interfaz del bus<\/p>\n<\/td>\n<td width=\"224\">\n<p>UHS Clase II<\/p>\n<\/td>\n<\/tr>\n<tr>\n<td width=\"194\">\n<p>Transferencia de datos<\/p>\n<\/td>\n<td width=\"224\">\n<p>Velocidad m\u00e1xima de lectura de 300 MB\/s<br \/>Velocidad m\u00e1xima de escritura de 260 MB\/s<\/p>\n<\/td>\n<\/tr>\n<tr>\n<td width=\"194\">\n<p>Conmutador de protecci\u00f3n contra escritura integrado<\/p>\n<\/td>\n<td width=\"224\">\n<p>S\u00ed<\/p>\n<\/td>\n<\/tr>\n<\/tbody>\n<\/table>\n","protected":false},"excerpt":{"rendered":"<p>Tarjeta de memoria LEXAR Professional Gold SDXC 64GB 300MB\/s V90 2000x UHS-II Lista de compatibilidad: Haga clic aqu\u00ed Tarjeta de<\/p>\n","protected":false},"featured_media":27307,"comment_status":"closed","ping_status":"closed","template":"","meta":{"_acf_changed":false},"product_brand":[2614],"product_cat":[1033],"product_tag":[],"class_list":{"0":"post-73105","1":"product","2":"type-product","3":"status-publish","4":"has-post-thumbnail","6":"product_brand-lexar-es","7":"product_cat-tarjetas-sd","9":"first","10":"instock","11":"taxable","12":"shipping-taxable","13":"purchasable","14":"product-type-simple"},"bundled_by":[],"bundle_stock_status":"instock","bundle_stock_quantity":1,"bundle_virtual":false,"bundle_layout":"","bundle_add_to_cart_form_location":"","bundle_editable_in_cart":false,"bundle_sold_individually_context":"","bundle_item_grouping":"","bundle_min_size":"","bundle_max_size":"","bundle_price":[],"bundled_items":[],"bundle_sell_ids":[],"acf":[],"_links":{"self":[{"href":"https:\/\/hi-techwonder.com\/es\/wp-json\/wp\/v2\/product\/73105","targetHints":{"allow":["GET"]}}],"collection":[{"href":"https:\/\/hi-techwonder.com\/es\/wp-json\/wp\/v2\/product"}],"about":[{"href":"https:\/\/hi-techwonder.com\/es\/wp-json\/wp\/v2\/types\/product"}],"replies":[{"embeddable":true,"href":"https:\/\/hi-techwonder.com\/es\/wp-json\/wp\/v2\/comments?post=73105"}],"wp:featuredmedia":[{"embeddable":true,"href":"https:\/\/hi-techwonder.com\/es\/wp-json\/wp\/v2\/media\/27307"}],"wp:attachment":[{"href":"https:\/\/hi-techwonder.com\/es\/wp-json\/wp\/v2\/media?parent=73105"}],"wp:term":[{"taxonomy":"product_brand","embeddable":true,"href":"https:\/\/hi-techwonder.com\/es\/wp-json\/wp\/v2\/product_brand?post=73105"},{"taxonomy":"product_cat","embeddable":true,"href":"https:\/\/hi-techwonder.com\/es\/wp-json\/wp\/v2\/product_cat?post=73105"},{"taxonomy":"product_tag","embeddable":true,"href":"https:\/\/hi-techwonder.com\/es\/wp-json\/wp\/v2\/product_tag?post=73105"}],"curies":[{"name":"wp","href":"https:\/\/api.w.org\/{rel}","templated":true}]}}