{"id":73109,"date":"2025-07-28T23:46:37","date_gmt":"2025-07-28T23:46:37","guid":{"rendered":"https:\/\/fv6qoy3ls0.wpdns.site\/produto\/modulo-de-flujo-de-trabajo-portatil-lexar-ssd-2-tb\/"},"modified":"2026-01-31T03:30:54","modified_gmt":"2026-01-31T03:30:54","slug":"lexar-modulo-de-flujo-de-trabajo-portatil-lexar-ssd-2-tb","status":"publish","type":"product","link":"https:\/\/hi-techwonder.com\/es\/producto\/lexar-modulo-de-flujo-de-trabajo-portatil-lexar-ssd-2-tb\/","title":{"rendered":"M\u00f3dulo de flujo de trabajo port\u00e1til LEXAR SSD &#8211; 2 TB"},"content":{"rendered":"<h3><strong style=\"color: inherit;--darkreader-inline-color: inherit\" data-darkreader-inline-color=\"\"> M\u00f3dulo de flujo de trabajo <\/strong><strong>port\u00e1til Lexar<\/strong> SSD &#8211; 2TB<\/h3>\n<hr>\n<h4><strong>Funciones<\/strong><\/h4>\n<ul>\n<li><strong>Alta capacidad de 2 TB<\/strong><br \/>Adecuado para almacenar grandes vol\u00famenes de datos, incluidas fotos de alta resoluci\u00f3n, videos 4K \/ 8K y proyectos grandes.<\/li>\n<li><strong>Rendimiento de alta velocidad<\/strong><br \/>Admite velocidades de lectura\/escritura significativamente altas (consulte las especificaciones espec\u00edficas del fabricante), lo que optimiza el flujo de trabajo para usuarios profesionales.<\/li>\n<li><strong>Interfaz avanzada<\/strong><br \/>Por lo general, USB 3.2 Gen2 o superior (seg\u00fan la versi\u00f3n), lo que garantiza una mayor velocidad de transferencia y baja latencia.<\/li>\n<li><strong>Dise\u00f1o port\u00e1til y resistente<\/strong><br \/>Construido para soportar un uso diario intensivo, sin comprometer la ligereza y la portabilidad.<\/li>\n<li><strong>Compatibilidad universal<\/strong><br \/>Compatible con Windows, macOS y otros sistemas operativos modernos. Conexi\u00f3n Plug &amp; Play, no se requiere software adicional. <\/li>\n<li><strong>Integraci\u00f3n en el ecosistema de flujo de trabajo<\/strong><br \/>Se puede utilizar de forma independiente o junto con otros productos de flujo de trabajo profesional de Lexar (sistema de comprobaci\u00f3n y compatibilidad con la base).<\/li>\n<\/ul>\n<p><iframe loading=\"lazy\" frameborder=\"0\" src=\"https:\/\/www.youtube.com\/embed\/dP5YhahjT4s?start=21\" width=\"640\" height=\"360\"><\/iframe><\/p>\n<ul>\n<\/ul>\n<hr>\n<h4><strong>Contenido del paquete<\/strong><\/h4>\n<ul>\n<li>1 <strong>\u00d7 SSD port\u00e1til de flujo de trabajo profesional Lexar de 2 TB<\/strong><\/li>\n<li>1 \u00d7 Cable de conexi\u00f3n (USB o USB-C, seg\u00fan la versi\u00f3n)<\/li>\n<li>1 \u00d7 Gu\u00eda de inicio r\u00e1pido \/ Manual del usuario<\/li>\n<\/ul>\n<p><em>(Los art\u00edculos adicionales pueden variar seg\u00fan la regi\u00f3n o el kit).<\/em><\/p>\n<hr>\n<h4><strong>Descripci\u00f3n<\/strong><\/h4>\n<p>El <strong>SSD port\u00e1til de flujo de trabajo profesional Lexar de 2 TB<\/strong> est\u00e1 dise\u00f1ado para profesionales exigentes que requieren alta velocidad y gran capacidad de almacenamiento sobre la marcha. Es perfecto para flujos de trabajo que implican la manipulaci\u00f3n de archivos de fotos RAW de alta resoluci\u00f3n o la edici\u00f3n de videos 4K\/8K. Gracias a la interfaz avanzada (USB 3.2 o superior), las transferencias se realizan r\u00e1pidamente, reduciendo el tiempo dedicado a importar o exportar datos.  <\/p>\n<p>El cuerpo compacto y robusto garantiza la durabilidad para diversos usos, ya sea en el estudio o al aire libre. Adem\u00e1s, se integra perfectamente en el ecosistema de flujo de trabajo profesional de Lexar, lo que permite una gesti\u00f3n simplificada y \u00e1gil de varios dispositivos de lectura\/escritura. Es una herramienta esencial para cualquiera que busque rendimiento, confiabilidad y versatilidad en un SSD port\u00e1til.  <\/p>\n<hr>\n<h4><strong>Especificaciones t\u00e9cnicas<\/strong><\/h4>\n<ul>\n<li><strong>Modelo:<\/strong> SSD port\u00e1til de flujo de trabajo profesional Lexar (2 TB)<\/li>\n<li><strong>Capacidad:<\/strong> 2 TB<\/li>\n<li><strong>Interfaz de conexi\u00f3n:<\/strong> USB 3.2 Gen2 o superior (consulte la confirmaci\u00f3n en el fabricante)<\/li>\n<li><strong>Velocidad de transferencia:<\/strong> Hasta [valor m\u00e1ximo seg\u00fan datos oficiales], dependiendo del sistema y el hardware<\/li>\n<li><strong>Compatibilidad:<\/strong> Windows 10\/11, macOS (versiones recientes), Linux (dependiendo de los controladores)<\/li>\n<li><strong>Peso\/Dimensiones:<\/strong> Consultar datos del fabricante<\/li>\n<li><strong>Ecosistema de flujo de trabajo:<\/strong> Se integra con los productos de flujo de trabajo profesional de Lexar (bases o lectores, si son compatibles)<\/li>\n<\/ul>\n<hr>\n<h4><strong>Informaci\u00f3n adicional<\/strong><\/h4>\n<p>Nota: Im\u00e1genes ilustrativas. Equipo adicional no incluido. Consulte el contenido y las especificaciones del paquete para obtener m\u00e1s detalles.  <\/p>\n","protected":false},"excerpt":{"rendered":"<p>M\u00f3dulo de flujo de trabajo port\u00e1til Lexar SSD &#8211; 2TB Funciones Alta capacidad de 2 TBAdecuado para almacenar grandes vol\u00famenes<\/p>\n","protected":false},"featured_media":27615,"comment_status":"closed","ping_status":"closed","template":"","meta":{"_acf_changed":false},"product_brand":[2614],"product_cat":[1029],"product_tag":[],"class_list":{"0":"post-73109","1":"product","2":"type-product","3":"status-publish","4":"has-post-thumbnail","6":"product_brand-lexar-es","7":"product_cat-discos-duros","8":"custom-price-on-request","10":"first","11":"onbackorder","12":"taxable","13":"shipping-taxable","14":"product-type-simple"},"bundled_by":[],"bundle_stock_status":"onbackorder","bundle_stock_quantity":null,"bundle_virtual":false,"bundle_layout":"","bundle_add_to_cart_form_location":"","bundle_editable_in_cart":false,"bundle_sold_individually_context":"","bundle_item_grouping":"","bundle_min_size":"","bundle_max_size":"","bundle_price":[],"bundled_items":[],"bundle_sell_ids":[],"acf":[],"_links":{"self":[{"href":"https:\/\/hi-techwonder.com\/es\/wp-json\/wp\/v2\/product\/73109","targetHints":{"allow":["GET"]}}],"collection":[{"href":"https:\/\/hi-techwonder.com\/es\/wp-json\/wp\/v2\/product"}],"about":[{"href":"https:\/\/hi-techwonder.com\/es\/wp-json\/wp\/v2\/types\/product"}],"replies":[{"embeddable":true,"href":"https:\/\/hi-techwonder.com\/es\/wp-json\/wp\/v2\/comments?post=73109"}],"wp:featuredmedia":[{"embeddable":true,"href":"https:\/\/hi-techwonder.com\/es\/wp-json\/wp\/v2\/media\/27615"}],"wp:attachment":[{"href":"https:\/\/hi-techwonder.com\/es\/wp-json\/wp\/v2\/media?parent=73109"}],"wp:term":[{"taxonomy":"product_brand","embeddable":true,"href":"https:\/\/hi-techwonder.com\/es\/wp-json\/wp\/v2\/product_brand?post=73109"},{"taxonomy":"product_cat","embeddable":true,"href":"https:\/\/hi-techwonder.com\/es\/wp-json\/wp\/v2\/product_cat?post=73109"},{"taxonomy":"product_tag","embeddable":true,"href":"https:\/\/hi-techwonder.com\/es\/wp-json\/wp\/v2\/product_tag?post=73109"}],"curies":[{"name":"wp","href":"https:\/\/api.w.org\/{rel}","templated":true}]}}