{"id":73113,"date":"2025-07-28T23:47:56","date_gmt":"2025-07-28T23:47:56","guid":{"rendered":"https:\/\/fv6qoy3ls0.wpdns.site\/produto\/lector-sd-microsd-de-doble-ranura-tipo-c-profesional-lexar\/"},"modified":"2026-03-06T17:59:06","modified_gmt":"2026-03-06T17:59:06","slug":"lexar-lector-sd-microsd-de-doble-ranura-tipo-c-profesional-lexar","status":"publish","type":"product","link":"https:\/\/hi-techwonder.com\/es\/producto\/lexar-lector-sd-microsd-de-doble-ranura-tipo-c-profesional-lexar\/","title":{"rendered":"Lector SD\/MicroSD de doble ranura tipo C profesional LEXAR"},"content":{"rendered":"<p><strong>Lector profesional de doble ranura LEXAR tipo C<\/strong><\/p>\n<p>Dise\u00f1ado para fot\u00f3grafos y vide\u00f3grafos profesionales que desean acelerar su flujo de trabajo con transferencias de archivos de alta velocidad sobre la marcha, el lector de tarjetas de doble ranura USB tipo C profesional de Lexar proporciona a los usuarios ranuras para tarjetas duales, una de las cuales admite tarjetas SD \/ SDH \/ SDXC y otra que admite tarjetas microSD \/ SDHC \/ SDXC. Ambas ranuras admiten velocidades de transferencia UHS-II de hasta 312 MB\/s, al tiempo que proporcionan velocidades de transferencia de hasta 170 MB\/s para medios UHS-I. Este lector de tarjetas tiene un cable USB 3.2 Gen 1 Tipo-C incorporado que es compatible con USB 2.0, as\u00ed como una luz de actividad LED para indicar su estado de funcionamiento.  <\/p>\n<p><strong>Caracter\u00edsticas generales<\/strong><\/p>\n<p><strong>Velocidades de transferencia r\u00e1pidas UHS-II<\/strong><\/p>\n<p>Compatible con UHS-II, este lector de tarjetas transfiere tarjetas SD y microSD a velocidades de hasta 312 MB\/s. Tambi\u00e9n puede transferir medios UHS-I SD y microSD a velocidades de hasta 170 MB\/s. <\/p>\n<p><strong>Hecho para computadoras USB tipo C<\/strong><\/p>\n<p>El lector de tarjetas de doble ranura USB Type-C Professional de Lexar cuenta con un conector USB Type-C que es reversible para una c\u00f3moda funcionalidad plug-and-play, lo que lo hace perfecto para ordenadores USB Type-C.<\/p>\n<p><strong>Compatible con USB 3.2 Gen 1 y USB 2.0<\/strong><\/p>\n<p>Dise\u00f1ada con una interfaz USB 3.2 Gen 1, esta lectura de tarjetas es compatible con puertos USB 2.0.<\/p>\n<p><strong>LED de actividad<\/strong><\/p>\n<p>Este lector de tarjetas cuenta con una luz de actividad LED que le permite saber cu\u00e1ndo se han completado sus transferencias.<\/p>\n<p><strong>Dise\u00f1o compacto<\/strong><\/p>\n<p>Para fot\u00f3grafos y vide\u00f3grafos en movimiento, este lector de tarjetas Lexar es peque\u00f1o y compacto, por lo que puede deslizarlo en su bolsillo y listo.<\/p>\n<div class=\"group_fDXOr6EpR9\" style=\"margin-bottom: 2.1875rem;font-family: OpenSans, 'Segoe UI', Helvetica, Roboto, Arial, sans-serif;font-size: 16px;background-color: #ffffff\">\n<table class=\"table_fDXOr6EpR9\" style=\"width: 936.656px\" data-selenium=\"specsItemGroupTable\">\n<tbody>\n<tr class=\"pair_fDXOr6EpR9\" style=\"border-bottom: 0.0625rem solid #e5e5e5\" data-selenium=\"specsItemGroupTableRow\">\n<td class=\"label_fDXOr6EpR9 \" style=\"border-top: none;padding: 1.25rem 0px;width: 355.927px;color: #666666;font-size: 1.125rem;line-height: 1.375rem;vertical-align: baseline\" data-selenium=\"specsItemGroupTableColumnLabel\">Lector de tarjetas multimedia<\/td>\n<td class=\"value_fDXOr6EpR9 \" style=\"color: #666666;font-size: 1.125rem;line-height: 1.375rem;vertical-align: baseline;padding: 1.25rem 0px 1.25rem 2.5rem\" data-selenium=\"specsItemGroupTableColumnValue\"><span style=\"font-weight: bolder\">1 x SDXC (UHS-II [312 MB\/s])<br \/>1 x microSDXC (UHS-II [312 MB\/s])<\/span><\/td>\n<\/tr>\n<tr class=\"pair_fDXOr6EpR9\" style=\"border-bottom: 0.0625rem solid #e5e5e5\" data-selenium=\"specsItemGroupTableRow\">\n<td class=\"label_fDXOr6EpR9\" style=\"border-top: none;padding: 1.25rem 0px;width: 355.927px;color: #666666;font-size: 1.125rem;line-height: 1.375rem;vertical-align: baseline\" data-selenium=\"specsItemGroupTableColumnLabel\">Conexi\u00f3n<\/td>\n<p> del sistema<\/p>\n<td class=\"value_fDXOr6EpR9\" style=\"color: #666666;font-size: 1.125rem;line-height: 1.375rem;vertical-align: baseline;padding: 1.25rem 0px 1.25rem 2.5rem\" data-selenium=\"specsItemGroupTableColumnValue\">USB tipo C macho [USB 3.1 \/ 3.2 Gen 1 (5 Gb\/s)]<\/td>\n<\/tr>\n<tr class=\"pair_fDXOr6EpR9\" style=\"border-bottom: 0.0625rem solid #e5e5e5\" data-selenium=\"specsItemGroupTableRow\">\n<td class=\"label_fDXOr6EpR9\" style=\"border-top: none;padding: 1.25rem 0px;width: 355.927px;color: #666666;font-size: 1.125rem;line-height: 1.375rem;vertical-align: baseline\" data-selenium=\"specsItemGroupTableColumnLabel\">Fuente de<\/td>\n<p> alimentaci\u00f3n<\/p>\n<td class=\"value_fDXOr6EpR9\" style=\"color: #666666;font-size: 1.125rem;line-height: 1.375rem;vertical-align: baseline;padding: 1.25rem 0px 1.25rem 2.5rem\" data-selenium=\"specsItemGroupTableColumnValue\">Alimentaci\u00f3n del bus USB<\/td>\n<\/tr>\n<\/tbody>\n<\/table>\n<\/div>\n<div class=\"group_fDXOr6EpR9\" style=\"margin-bottom: 2.1875rem;font-family: OpenSans, 'Segoe UI', Helvetica, Roboto, Arial, sans-serif;font-size: 16px;background-color: #ffffff\">\n<table class=\"table_fDXOr6EpR9\" style=\"width: 936.656px\" data-selenium=\"specsItemGroupTable\">\n<tbody>\n<tr class=\"pair_fDXOr6EpR9\" style=\"border-bottom: 0.0625rem solid #e5e5e5\" data-selenium=\"specsItemGroupTableRow\">\n<td class=\"label_fDXOr6EpR9 \" style=\"border-top: none;padding: 1.25rem 0px;width: 355.927px;color: #666666;font-size: 1.125rem;line-height: 1.375rem;vertical-align: baseline\" data-selenium=\"specsItemGroupTableColumnLabel\">Temperatura de<\/td>\n<p> funcionamiento<\/p>\n<td class=\"value_fDXOr6EpR9 \" style=\"color: #666666;font-size: 1.125rem;line-height: 1.375rem;vertical-align: baseline;padding: 1.25rem 0px 1.25rem 2.5rem\" data-selenium=\"specsItemGroupTableColumnValue\">32 a 104 \u00b0F \/ 0 a 40 \u00b0C<\/td>\n<\/tr>\n<tr class=\"pair_fDXOr6EpR9\" style=\"border-bottom: 0.0625rem solid #e5e5e5\" data-selenium=\"specsItemGroupTableRow\">\n<td class=\"label_fDXOr6EpR9\" style=\"border-top: none;padding: 1.25rem 0px;width: 355.927px;color: #666666;font-size: 1.125rem;line-height: 1.375rem;vertical-align: baseline\" data-selenium=\"specsItemGroupTableColumnLabel\">Temperatura<\/td>\n<p> de almacenamiento<\/p>\n<td class=\"value_fDXOr6EpR9\" style=\"color: #666666;font-size: 1.125rem;line-height: 1.375rem;vertical-align: baseline;padding: 1.25rem 0px 1.25rem 2.5rem\" data-selenium=\"specsItemGroupTableColumnValue\">De 14 a 158 \u00b0F \/ de -10 a 70 \u00b0C<\/td>\n<\/tr>\n<\/tbody>\n<\/table>\n<\/div>\n<div class=\"group_fDXOr6EpR9\" style=\"margin-bottom: 2.1875rem;font-family: OpenSans, 'Segoe UI', Helvetica, Roboto, Arial, sans-serif;font-size: 16px;background-color: #ffffff\">\n<table class=\"table_fDXOr6EpR9\" style=\"width: 936.656px\" data-selenium=\"specsItemGroupTable\">\n<tbody>\n<tr class=\"pair_fDXOr6EpR9\" style=\"border-bottom: 0.0625rem solid #e5e5e5\" data-selenium=\"specsItemGroupTableRow\">\n<td class=\"label_fDXOr6EpR9 \" style=\"border-top: none;padding: 1.25rem 0px;width: 355.927px;color: #666666;font-size: 1.125rem;line-height: 1.375rem;vertical-align: baseline\" data-selenium=\"specsItemGroupTableColumnLabel\">Indicadores<\/td>\n<p> LED<\/p>\n<td class=\"value_fDXOr6EpR9 \" style=\"color: #666666;font-size: 1.125rem;line-height: 1.375rem;vertical-align: baseline;padding: 1.25rem 0px 1.25rem 2.5rem\" data-selenium=\"specsItemGroupTableColumnValue\">S\u00ed<\/td>\n<\/tr>\n<tr class=\"pair_fDXOr6EpR9\" style=\"border-bottom: 0.0625rem solid #e5e5e5\" data-selenium=\"specsItemGroupTableRow\">\n<td class=\"label_fDXOr6EpR9\" style=\"border-top: none;padding: 1.25rem 0px;width: 355.927px;color: #666666;font-size: 1.125rem;line-height: 1.375rem;vertical-align: baseline\" data-selenium=\"specsItemGroupTableColumnLabel\">Dimensiones (ancho x alto x profundidad)<\/td>\n<td class=\"value_fDXOr6EpR9\" style=\"color: #666666;font-size: 1.125rem;line-height: 1.375rem;vertical-align: baseline;padding: 1.25rem 0px 1.25rem 2.5rem\" data-selenium=\"specsItemGroupTableColumnValue\">1,63 x 0,42 x 5,31&#8243; \/ 4,14 x 1,07 x 13,49 cm<\/td>\n<\/tr>\n<tr class=\"pair_fDXOr6EpR9\" style=\"border-bottom: 0.0625rem solid #e5e5e5\" data-selenium=\"specsItemGroupTableRow\">\n<td class=\"label_fDXOr6EpR9\" style=\"border-top: none;padding: 1.25rem 0px;width: 355.927px;color: #666666;font-size: 1.125rem;line-height: 1.375rem;vertical-align: baseline\" data-selenium=\"specsItemGroupTableColumnLabel\">Peso<\/td>\n<td class=\"value_fDXOr6EpR9\" style=\"color: #666666;font-size: 1.125rem;line-height: 1.375rem;vertical-align: baseline;padding: 1.25rem 0px 1.25rem 2.5rem\" data-selenium=\"specsItemGroupTableColumnValue\">0,1 lb \/ 25 g<\/td>\n<\/tr>\n<\/tbody>\n<\/table>\n<\/div>\n","protected":false},"excerpt":{"rendered":"<p>Lector profesional de doble ranura LEXAR tipo C Dise\u00f1ado para fot\u00f3grafos y vide\u00f3grafos profesionales que desean acelerar su flujo de<\/p>\n","protected":false},"featured_media":27903,"comment_status":"closed","ping_status":"closed","template":"","meta":{"_acf_changed":false},"product_brand":[2614],"product_cat":[1030],"product_tag":[],"class_list":{"0":"post-73113","1":"product","2":"type-product","3":"status-publish","4":"has-post-thumbnail","6":"product_brand-lexar-es","7":"product_cat-lectores-de-tarjetas","8":"pa_cartoes-memoria-compativeis-microsd-es","9":"pa_cartoes-memoria-compativeis-sd-es","11":"first","12":"instock","13":"taxable","14":"shipping-taxable","15":"purchasable","16":"product-type-simple"},"bundled_by":[],"bundle_stock_status":"instock","bundle_stock_quantity":2,"bundle_virtual":false,"bundle_layout":"","bundle_add_to_cart_form_location":"","bundle_editable_in_cart":false,"bundle_sold_individually_context":"","bundle_item_grouping":"","bundle_min_size":"","bundle_max_size":"","bundle_price":[],"bundled_items":[],"bundle_sell_ids":[],"acf":[],"_links":{"self":[{"href":"https:\/\/hi-techwonder.com\/es\/wp-json\/wp\/v2\/product\/73113","targetHints":{"allow":["GET"]}}],"collection":[{"href":"https:\/\/hi-techwonder.com\/es\/wp-json\/wp\/v2\/product"}],"about":[{"href":"https:\/\/hi-techwonder.com\/es\/wp-json\/wp\/v2\/types\/product"}],"replies":[{"embeddable":true,"href":"https:\/\/hi-techwonder.com\/es\/wp-json\/wp\/v2\/comments?post=73113"}],"wp:featuredmedia":[{"embeddable":true,"href":"https:\/\/hi-techwonder.com\/es\/wp-json\/wp\/v2\/media\/27903"}],"wp:attachment":[{"href":"https:\/\/hi-techwonder.com\/es\/wp-json\/wp\/v2\/media?parent=73113"}],"wp:term":[{"taxonomy":"product_brand","embeddable":true,"href":"https:\/\/hi-techwonder.com\/es\/wp-json\/wp\/v2\/product_brand?post=73113"},{"taxonomy":"product_cat","embeddable":true,"href":"https:\/\/hi-techwonder.com\/es\/wp-json\/wp\/v2\/product_cat?post=73113"},{"taxonomy":"product_tag","embeddable":true,"href":"https:\/\/hi-techwonder.com\/es\/wp-json\/wp\/v2\/product_tag?post=73113"}],"curies":[{"name":"wp","href":"https:\/\/api.w.org\/{rel}","templated":true}]}}