{"id":73116,"date":"2025-07-28T23:47:56","date_gmt":"2025-07-28T23:47:56","guid":{"rendered":"https:\/\/fv6qoy3ls0.wpdns.site\/produto\/lector-de-tarjetas-multiples-usb-3-1-tipo-c-lexar-3-en-1\/"},"modified":"2026-01-31T03:28:18","modified_gmt":"2026-01-31T03:28:18","slug":"lexar-lector-de-tarjetas-multiples-usb-3-1-tipo-c-lexar-3-en-1","status":"publish","type":"product","link":"https:\/\/hi-techwonder.com\/es\/producto\/lexar-lector-de-tarjetas-multiples-usb-3-1-tipo-c-lexar-3-en-1\/","title":{"rendered":"Lector de tarjetas m\u00faltiples USB 3.1 tipo C LEXAR 3 en 1"},"content":{"rendered":"<p><strong>Lector de tarjetas m\u00faltiples USB 3.1 tipo C LEXAR 3 en 1<\/strong><\/p>\n<p>Alta velocidad de transferencia<\/p>\n<p>SD | micro SD | CompactFlash<\/p>\n<p>USB 3.1 Tipo-C | Plug-and-Play<\/p>\n<p><strong>Acelere su flujo de trabajo con una transferencia de archivos ultrarr\u00e1pida<\/strong><\/p>\n<p>El lector de tarjetas m\u00faltiples USB 3.1 Lexar Professional 3 en 1 es una forma conveniente de transferir archivos r\u00e1pidamente entre varias tarjetas y su computadora. Este lector de tarjetas m\u00faltiples aprovecha la tecnolog\u00eda USB 3.1 para ofrecer transferencias de archivos de alta velocidad de hasta 312 MB\/s para tarjetas SD\u2122 y microSD\u2122, adem\u00e1s de hasta 160 MB\/s para tarjetas CompactFlash\u00ae, lo que mejora dr\u00e1sticamente su flujo de trabajo. <\/p>\n<p><strong>Admite sus formatos de tarjeta preferidos<\/strong><\/p>\n<p>El lector de tarjetas m\u00faltiples USB 3.1 3 en 1 de Lexar Professional es compatible con los \u00faltimos formatos SD, \u2122 microSD\u2122 y CompactFlash\u00ae de alta velocidad (incluido UDMA 7). Tambi\u00e9n es compatible con tarjetas SD UHS-I as\u00ed como con USB 2.0. <\/p>\n<p><strong>Maximice su flujo de trabajo con velocidades de transferencia m\u00e1s r\u00e1pidas<\/strong><\/p>\n<p>El lector de tarjetas m\u00faltiples USB 3.1 Professional Lexar Professional ofrece velocidades de transferencia de hasta 312 MB\/s (hasta 5 veces la velocidad de lectura de USB 2.0)1 para tarjetas SD, \u2122 microSD\u2122 y CompactFlash\u00ae (hasta 160 MB\/s, seg\u00fan la configuraci\u00f3n del sistema y la velocidad de la tarjeta). Tambi\u00e9n es compatible con versiones anteriores de UHS-I (hasta 170 MB\/s)1, lo que le permite mejorar dr\u00e1sticamente su flujo de trabajo y maximizar su ancho de banda. <\/p>\n<p><strong>Extremadamente vers\u00e1til<\/strong><\/p>\n<p>Sin necesidad de una fuente de alimentaci\u00f3n adicional, el lector de tarjetas m\u00faltiples 3 en 1 es extremadamente vers\u00e1til, lo que le permite transferir archivos r\u00e1pidamente desde su oficina en casa o en la carretera.<\/p>\n<p><strong>Compatible con puertos USB 3.1 y 2.0<\/strong><\/p>\n<p>Dise\u00f1ado con una interfaz USB 3.1, el lector de tarjetas Lexar 3 en 1 tambi\u00e9n es compatible con puertos USB 2.0.<\/p>\n<p><strong>Rigurosamente probado<\/strong><\/p>\n<p>Todos los dise\u00f1os de productos Lexar se someten a pruebas exhaustivas en los laboratorios de calidad de Lexar, que incluyen m\u00e1s de 1,100 dispositivos digitales, para garantizar el rendimiento, la calidad, la compatibilidad y la confiabilidad.<\/p>\n<p><strong>Caracter\u00edsticas t\u00e9cnicas<\/strong><\/p>\n<p><strong>Formatos de tarjeta compatibles<\/strong><\/p>\n<p>Tarjetas CompactFlash\u00ae (incluidas UDMA 7 Tipo I y Tipo II), SD, SDHC, \u2122\u2122 SDXC\u2122, microSD, \u2122 microSDHC, \u2122 microSDXC\u2122 y SD\/microSD UHS-I y UHS-II<\/p>\n<p><strong>Interfaz<\/strong><\/p>\n<p>USB 3.1 Tipo-C<\/p>\n<p><strong>Requisitos del sistema<\/strong><\/p>\n<ul>\n<li>Mac\u00ae OS 10.8+<\/li>\n<li>Windows\u00ae 10\/8\/7Vista\/XP<\/li>\n<li>Puerto USB 1.1+<\/li>\n<\/ul>\n<p><strong>Temperatura de funcionamiento<\/strong><\/p>\n<p>0 \u00b0 &#8211; 40 \u00b0 C (32 \u00b0 F &#8211; 104 \u00b0 F)<\/p>\n<p><strong>Temperatura de almacenamiento<\/strong><\/p>\n<p>-10 \u00b0 &#8211; 50 \u00b0 C (14 \u00b0 F -122 \u00b0 F)<\/p>\n<p><strong>Dimensiones (ancho x largo x alto)<\/strong><\/p>\n<p>80,0 x 89,2 x 21,5 mm \/ 3,149&#8243; x 3,511&#8243; x 0,846&#8243;<\/p>\n<p><strong>Peso<\/strong><\/p>\n<p>99,8 g \/ 0,220 libras<\/p>\n","protected":false},"excerpt":{"rendered":"<p>Lector de tarjetas m\u00faltiples USB 3.1 tipo C LEXAR 3 en 1 Alta velocidad de transferencia SD | micro SD<\/p>\n","protected":false},"featured_media":27896,"comment_status":"closed","ping_status":"closed","template":"","meta":{"_acf_changed":false},"product_brand":[2614],"product_cat":[1030],"product_tag":[],"class_list":{"0":"post-73116","1":"product","2":"type-product","3":"status-publish","4":"has-post-thumbnail","6":"product_brand-lexar-es","7":"product_cat-lectores-de-tarjetas","8":"pa_cartoes-memoria-compativeis-microsd-es","9":"pa_cartoes-memoria-compativeis-sd-es","11":"first","12":"instock","13":"taxable","14":"shipping-taxable","15":"purchasable","16":"product-type-simple"},"bundled_by":[],"bundle_stock_status":"instock","bundle_stock_quantity":2,"bundle_virtual":false,"bundle_layout":"","bundle_add_to_cart_form_location":"","bundle_editable_in_cart":false,"bundle_sold_individually_context":"","bundle_item_grouping":"","bundle_min_size":"","bundle_max_size":"","bundle_price":[],"bundled_items":[],"bundle_sell_ids":[],"acf":[],"_links":{"self":[{"href":"https:\/\/hi-techwonder.com\/es\/wp-json\/wp\/v2\/product\/73116","targetHints":{"allow":["GET"]}}],"collection":[{"href":"https:\/\/hi-techwonder.com\/es\/wp-json\/wp\/v2\/product"}],"about":[{"href":"https:\/\/hi-techwonder.com\/es\/wp-json\/wp\/v2\/types\/product"}],"replies":[{"embeddable":true,"href":"https:\/\/hi-techwonder.com\/es\/wp-json\/wp\/v2\/comments?post=73116"}],"wp:featuredmedia":[{"embeddable":true,"href":"https:\/\/hi-techwonder.com\/es\/wp-json\/wp\/v2\/media\/27896"}],"wp:attachment":[{"href":"https:\/\/hi-techwonder.com\/es\/wp-json\/wp\/v2\/media?parent=73116"}],"wp:term":[{"taxonomy":"product_brand","embeddable":true,"href":"https:\/\/hi-techwonder.com\/es\/wp-json\/wp\/v2\/product_brand?post=73116"},{"taxonomy":"product_cat","embeddable":true,"href":"https:\/\/hi-techwonder.com\/es\/wp-json\/wp\/v2\/product_cat?post=73116"},{"taxonomy":"product_tag","embeddable":true,"href":"https:\/\/hi-techwonder.com\/es\/wp-json\/wp\/v2\/product_tag?post=73116"}],"curies":[{"name":"wp","href":"https:\/\/api.w.org\/{rel}","templated":true}]}}