{"id":73120,"date":"2025-07-28T23:46:32","date_gmt":"2025-07-28T23:46:32","guid":{"rendered":"https:\/\/fv6qoy3ls0.wpdns.site\/produto\/lexar-2tb-professional-cfexpress-tipo-b-serie-gold\/"},"modified":"2026-02-04T09:51:52","modified_gmt":"2026-02-04T09:51:52","slug":"lexar-2tb-professional-cfexpress-tipo-b-serie-gold","status":"publish","type":"product","link":"https:\/\/hi-techwonder.com\/es\/producto\/lexar-2tb-professional-cfexpress-tipo-b-serie-gold\/","title":{"rendered":"LEXAR 2TB Professional CFExpress Tipo B Serie Gold"},"content":{"rendered":"<p><b>Caracter\u00edsticas principales:<\/b><\/p>\n<ul>\n<li>Capacidad de almacenamiento de 2 TB<\/li>\n<li>Bus PCIe 3.0 x2<\/li>\n<li>Velocidad m\u00e1xima de lectura: 1900 MB\/s<\/li>\n<li>Velocidad m\u00e1xima de escritura: 1500 MB\/s<\/li>\n<li>Velocidad m\u00ednima de escritura sostenida: 1300 MB\/s<\/li>\n<li>Graba videos Raw 8K<\/li>\n<li>A prueba de golpes \/ vibraciones \/ temperatura<\/li>\n<li>Aprobado para su uso con c\u00e1maras RED<\/li>\n<li>Temperatura m\u00e1xima de funcionamiento: 70\u00baC<\/li>\n<li>Temperatura m\u00ednima de funcionamiento: -10\u00baC<\/li>\n<li>Temperatura m\u00e1xima de almacenamiento: 85\u00baC<\/li>\n<li>Temperatura m\u00ednima y almacenamiento: -40\u00baC<\/li>\n<\/ul>\n<p><iframe loading=\"lazy\" frameborder=\"0\" src=\"https:\/\/www.youtube.com\/embed\/K5ImOJziiKM?start=2\" width=\"640\" height=\"360\" class=\"note-video-clip\" referrerpolicy=\"strict-origin-when-cross-origin\"><\/iframe><\/p>\n<p>Obtenga un rendimiento de pr\u00f3xima generaci\u00f3n con la tarjeta CFexpress Type B Professional de la serie GOLD de 2 TB de Lexar, aprobada para c\u00e1maras RED KOMODO-X, V-RAPTOR y V-RAPTOR XL, que captura video sin procesar de 8K de manera f\u00e1cil y fluida. Esta tarjeta ofrece velocidades de lectura de hasta 1900 MB\/s, velocidades de escritura de hasta 1500 MB\/s y velocidades de escritura m\u00ednimas sostenidas de 1300 MB\/s. Esta tarjeta utiliza el bus PCIe 3.0 x2 para ofrecer rendimiento, durabilidad y confiabilidad de alta velocidad. Es resistente a golpes, vibraciones y temperaturas extremas.   <\/p>\n<p><b>Velocidades sostenidas para la captura de v\u00eddeo profesional<\/b><\/p>\n<p>Para los vide\u00f3grafos profesionales que buscan sacar el m\u00e1ximo provecho de sus c\u00e1maras, la tarjeta Lexar Professional CFexpress Type B GOLD Series ofrece velocidades de escritura m\u00ednimas sostenidas de 1300 MB\/s, lo que le permite capturar videos con calidad cinematogr\u00e1fica sin perder fotogramas.<\/p>\n<p><b>Gran capacidad para sesiones fotogr\u00e1ficas prolongadas<\/b><\/p>\n<p>Con una capacidad de 2 TB, la tarjeta Lexar Professional CFexpress Type B GOLD Series es ideal para la filmaci\u00f3n profesional porque minimiza la necesidad de detenerse a mitad de la toma para cambiar las tarjetas.<\/p>\n<p><b>Durabilidad robusta para aventuras \u00e9picas<\/b><\/p>\n<p>En cualquier situaci\u00f3n, la tarjeta Lexar Professional CFexpress Type B GOLD Series ofrece una durabilidad robusta para una mayor protecci\u00f3n contra los elementos, incluidas temperaturas extremas, golpes y vibraciones.<\/p>\n<p><b>Ahorre tiempo con un flujo de trabajo acelerado<\/b><\/p>\n<p>Con el r\u00e1pido rendimiento de la tarjeta Lexar Professional CFexpress Type B GOLD Series, capture y transfiera archivos de manera r\u00e1pida y eficiente. Y cuando se combina con el lector Lexar Professional CFexpress Type B USB 3.2 Gen 2&#215;2 (se vende por separado), maximiza su flujo de trabajo y productividad de principio a fin, para que pueda ahorrar tiempo y volver al trabajo. <\/p>\n","protected":false},"excerpt":{"rendered":"<p>Caracter\u00edsticas principales: Capacidad de almacenamiento de 2 TB Bus PCIe 3.0 x2 Velocidad m\u00e1xima de lectura: 1900 MB\/s Velocidad m\u00e1xima<\/p>\n","protected":false},"featured_media":27554,"comment_status":"closed","ping_status":"closed","template":"","meta":{"_acf_changed":false},"product_brand":[2614],"product_cat":[1028],"product_tag":[],"class_list":{"0":"post-73120","1":"product","2":"type-product","3":"status-publish","4":"has-post-thumbnail","6":"product_brand-lexar-es","7":"product_cat-cfexpress-es","8":"custom-price-on-request","10":"first","11":"onbackorder","12":"taxable","13":"shipping-taxable","14":"product-type-simple"},"bundled_by":[],"bundle_stock_status":"onbackorder","bundle_stock_quantity":null,"bundle_virtual":false,"bundle_layout":"","bundle_add_to_cart_form_location":"","bundle_editable_in_cart":false,"bundle_sold_individually_context":"","bundle_item_grouping":"","bundle_min_size":"","bundle_max_size":"","bundle_price":[],"bundled_items":[],"bundle_sell_ids":[],"acf":[],"_links":{"self":[{"href":"https:\/\/hi-techwonder.com\/es\/wp-json\/wp\/v2\/product\/73120","targetHints":{"allow":["GET"]}}],"collection":[{"href":"https:\/\/hi-techwonder.com\/es\/wp-json\/wp\/v2\/product"}],"about":[{"href":"https:\/\/hi-techwonder.com\/es\/wp-json\/wp\/v2\/types\/product"}],"replies":[{"embeddable":true,"href":"https:\/\/hi-techwonder.com\/es\/wp-json\/wp\/v2\/comments?post=73120"}],"wp:featuredmedia":[{"embeddable":true,"href":"https:\/\/hi-techwonder.com\/es\/wp-json\/wp\/v2\/media\/27554"}],"wp:attachment":[{"href":"https:\/\/hi-techwonder.com\/es\/wp-json\/wp\/v2\/media?parent=73120"}],"wp:term":[{"taxonomy":"product_brand","embeddable":true,"href":"https:\/\/hi-techwonder.com\/es\/wp-json\/wp\/v2\/product_brand?post=73120"},{"taxonomy":"product_cat","embeddable":true,"href":"https:\/\/hi-techwonder.com\/es\/wp-json\/wp\/v2\/product_cat?post=73120"},{"taxonomy":"product_tag","embeddable":true,"href":"https:\/\/hi-techwonder.com\/es\/wp-json\/wp\/v2\/product_tag?post=73120"}],"curies":[{"name":"wp","href":"https:\/\/api.w.org\/{rel}","templated":true}]}}