{"id":73124,"date":"2025-07-28T23:46:37","date_gmt":"2025-07-28T23:46:37","guid":{"rendered":"https:\/\/fv6qoy3ls0.wpdns.site\/produto\/estacion-lexar-pro-bay-6-con-enlace-ascendente-thunderbolt-4\/"},"modified":"2026-01-31T03:30:56","modified_gmt":"2026-01-31T03:30:56","slug":"lexar-estacion-lexar-pro-bay-6-con-enlace-ascendente-thunderbolt-4","status":"publish","type":"product","link":"https:\/\/hi-techwonder.com\/es\/producto\/lexar-estacion-lexar-pro-bay-6-con-enlace-ascendente-thunderbolt-4\/","title":{"rendered":"Estaci\u00f3n LEXAR Pro Bay 6 con enlace ascendente Thunderbolt 4"},"content":{"rendered":"<h3><strong>Estaci\u00f3n Lexar Workflow Pro Bay 6 con enlace ascendente Thunderbolt 4<\/strong><\/h3>\n<hr>\n<h4><strong>Funciones<\/strong><\/h4>\n<ul>\n<li><strong>Centro de transferencia de alto rendimiento<\/strong><br \/>Dirigido a profesionales que necesitan flujos de trabajo r\u00e1pidos, compatible con m\u00faltiples tarjetas y dispositivos de almacenamiento simult\u00e1neamente.<\/li>\n<li><strong>Compatibilidad con Thunderbolt 4<\/strong><br \/>Se conecta a computadoras o computadoras port\u00e1tiles con una interfaz Thunderbolt 4 (o compatible con USB4), lo que garantiza velocidades de transferencia de datos de hasta 40 Gbps.<\/li>\n<li><strong>M\u00f3dulo de dise\u00f1o Pro Bay 6<\/strong><br \/>Admite hasta 6 m\u00f3dulos de lectura\/escritura de flujo de trabajo Lexar (se compran por separado), lo que le permite administrar varios formatos de tarjetas de memoria y SSD.<\/li>\n<li><strong>Conectividad vers\u00e1til<\/strong><br \/>Adem\u00e1s de los puertos Thunderbolt 4, puede proporcionar salidas adicionales (por ejemplo, USB-C, USB-A, seg\u00fan la configuraci\u00f3n del m\u00f3dulo), lo que facilita la integraci\u00f3n de m\u00faltiples dispositivos.<\/li>\n<li><strong>Construcci\u00f3n robusta y profesional<\/strong><br \/>Carcasa fabricada con material de alta calidad, adecuada para un uso intenso en el estudio o en entornos de producci\u00f3n exigentes.<\/li>\n<li><strong>Hot-Swap y Plug &amp; Play<\/strong><br \/>Reconoce autom\u00e1ticamente los m\u00f3dulos instalados, lo que permite un intercambio seguro e inmediato sin necesidad de reiniciar el sistema.<\/li>\n<\/ul>\n<p><iframe loading=\"lazy\" frameborder=\"0\" src=\"https:\/\/www.youtube.com\/embed\/dP5YhahjT4s?start=21\" width=\"640\" height=\"360\"><\/iframe><\/p>\n<ul>\n<\/ul>\n<hr>\n<h4><strong>Contenido del paquete<\/strong><\/h4>\n<ul>\n<li>1 \u00d7 <strong>Lexar Workflow Pro Bay 6<\/strong> (estaci\u00f3n principal)<\/li>\n<li>1 \u00d7 Cable Thunderbolt 4 (est\u00e1ndar)<\/li>\n<li>1 \u00d7 Fuente de alimentaci\u00f3n o adaptador (si corresponde)<\/li>\n<li>1 \u00d7 Manual de usuario \/ Gu\u00eda de inicio r\u00e1pido<\/li>\n<\/ul>\n<p><em>(Accesorios adicionales, como m\u00f3dulos de lectura de tarjetas, no incluidos; verifique como se ofrece).<\/em><\/p>\n<hr>\n<h4><strong>Descripci\u00f3n detallada<\/strong><\/h4>\n<p>La <strong>estaci\u00f3n Lexar Workflow Pro Bay 6 con Thunderbolt 4 Uplink<\/strong> est\u00e1 dise\u00f1ada para profesionales que necesitan procesar grandes vol\u00famenes de datos de forma r\u00e1pida y eficiente. Este sistema modular facilita la inserci\u00f3n de m\u00faltiples lectores de tarjetas Lexar o SSD (se compran por separado), lo que ayuda con archivos RAW de alta resoluci\u00f3n, videos 4K u 8K o grandes proyectos de dise\u00f1o. <\/p>\n<p>La tecnolog\u00eda Thunderbolt 4 garantiza velocidades de hasta 40 Gbps, lo que mejora significativamente el rendimiento y reduce los retrasos en la transferencia de archivos. Adem\u00e1s, el dise\u00f1o robusto y la capacidad de intercambio en caliente le permiten intercambiar m\u00f3dulos de lectura sin interrumpir el flujo de trabajo ni arriesgarse a perder datos. Es la soluci\u00f3n ideal para quienes trabajan en postproducci\u00f3n de video, fotograf\u00eda a gran escala y otras \u00e1reas que requieren una r\u00e1pida ingesta y gesti\u00f3n de medios.  <\/p>\n<hr>\n<h4><strong>Especificaciones t\u00e9cnicas<\/strong><\/h4>\n<ul>\n<li><strong>Interfaz principal:<\/strong> Thunderbolt 4 (hasta 40 Gbps)<\/li>\n<li><strong>Capacidad de expansi\u00f3n:<\/strong> 6 ranuras para m\u00f3dulos de flujo de trabajo Lexar (se compran por separado)<\/li>\n<li><strong>Compatibilidad del sistema:<\/strong> Windows 10 (o posterior), macOS 11 (o posterior), sistemas con puerto Thunderbolt 4 o USB4<\/li>\n<li><strong>Conectividad adicional:<\/strong> Depende de los m\u00f3dulos instalados (por ejemplo, CF, SD, microSD, XQD, CFexpress, SSD, etc.)<\/li>\n<li><strong>Alimentaci\u00f3n:<\/strong> Adaptador de alimentaci\u00f3n externo (incluido, si corresponde) o alimentaci\u00f3n a trav\u00e9s del puerto Thunderbolt (verifique las necesidades de cada m\u00f3dulo)<\/li>\n<li><strong>Plug &amp; Play:<\/strong> Reconocimiento autom\u00e1tico de m\u00f3dulos sin necesidad de controladores (en la mayor\u00eda de los sistemas operativos)<\/li>\n<li><strong>Dimensiones\/Peso:<\/strong> Consulte las especificaciones del fabricante<\/li>\n<li><strong>Materiales\/Acabado:<\/strong> Marco de aluminio o pl\u00e1stico de alta resistencia (seg\u00fan modelo)<\/li>\n<\/ul>\n<hr>\n<h4><strong>Informaci\u00f3n adicional<\/strong><\/h4>\n<p>Nota: Im\u00e1genes ilustrativas. No se incluyen equipos adicionales como m\u00f3dulos de lectura\/escritura de flujo de trabajo Lexar, cables suplementarios o tarjetas de memoria. Consulte el contenido exacto del kit y las especificaciones proporcionadas por el fabricante antes de comprar.  <\/p>\n","protected":false},"excerpt":{"rendered":"<p>Estaci\u00f3n Lexar Workflow Pro Bay 6 con enlace ascendente Thunderbolt 4 Funciones Centro de transferencia de alto rendimientoDirigido a profesionales<\/p>\n","protected":false},"featured_media":27567,"comment_status":"closed","ping_status":"closed","template":"","meta":{"_acf_changed":false},"product_brand":[2614],"product_cat":[1029],"product_tag":[],"class_list":{"0":"post-73124","1":"product","2":"type-product","3":"status-publish","4":"has-post-thumbnail","6":"product_brand-lexar-es","7":"product_cat-discos-duros","8":"pa_cartoes-memoria-compativeis-cfexpress-type-a-es","9":"pa_cartoes-memoria-compativeis-cfexpress-type-b-es","10":"pa_cartoes-memoria-compativeis-microsd-es","11":"pa_cartoes-memoria-compativeis-sd-es","12":"custom-price-on-request","14":"first","15":"onbackorder","16":"taxable","17":"shipping-taxable","18":"product-type-simple"},"bundled_by":[],"bundle_stock_status":"onbackorder","bundle_stock_quantity":null,"bundle_virtual":false,"bundle_layout":"","bundle_add_to_cart_form_location":"","bundle_editable_in_cart":false,"bundle_sold_individually_context":"","bundle_item_grouping":"","bundle_min_size":"","bundle_max_size":"","bundle_price":[],"bundled_items":[],"bundle_sell_ids":[],"acf":[],"_links":{"self":[{"href":"https:\/\/hi-techwonder.com\/es\/wp-json\/wp\/v2\/product\/73124","targetHints":{"allow":["GET"]}}],"collection":[{"href":"https:\/\/hi-techwonder.com\/es\/wp-json\/wp\/v2\/product"}],"about":[{"href":"https:\/\/hi-techwonder.com\/es\/wp-json\/wp\/v2\/types\/product"}],"replies":[{"embeddable":true,"href":"https:\/\/hi-techwonder.com\/es\/wp-json\/wp\/v2\/comments?post=73124"}],"wp:featuredmedia":[{"embeddable":true,"href":"https:\/\/hi-techwonder.com\/es\/wp-json\/wp\/v2\/media\/27567"}],"wp:attachment":[{"href":"https:\/\/hi-techwonder.com\/es\/wp-json\/wp\/v2\/media?parent=73124"}],"wp:term":[{"taxonomy":"product_brand","embeddable":true,"href":"https:\/\/hi-techwonder.com\/es\/wp-json\/wp\/v2\/product_brand?post=73124"},{"taxonomy":"product_cat","embeddable":true,"href":"https:\/\/hi-techwonder.com\/es\/wp-json\/wp\/v2\/product_cat?post=73124"},{"taxonomy":"product_tag","embeddable":true,"href":"https:\/\/hi-techwonder.com\/es\/wp-json\/wp\/v2\/product_tag?post=73124"}],"curies":[{"name":"wp","href":"https:\/\/api.w.org\/{rel}","templated":true}]}}