{"id":73128,"date":"2025-07-29T09:29:22","date_gmt":"2025-07-29T09:29:22","guid":{"rendered":"https:\/\/fv6qoy3ls0.wpdns.site\/produto\/laowa-venus-optics-zero-d-7-5mm-t-2-9-cine-fujifilm-x\/"},"modified":"2025-12-23T12:39:23","modified_gmt":"2025-12-23T12:39:23","slug":"laowa-venus-optics-zero-d-7-5mm-t-2-9-cine-fujifilm-x","status":"publish","type":"product","link":"https:\/\/hi-techwonder.com\/es\/producto\/laowa-venus-optics-zero-d-7-5mm-t-2-9-cine-fujifilm-x\/","title":{"rendered":"LAOWA Venus Optics Zero-D 7.5mm T\/2.9 Cine Fujifilm X"},"content":{"rendered":"<p>Extremadamente ancho para un objetivo sin objetivo Super35, el Le Cine Laowa Zero-D S35 7.5mm T\/2.9 de Venus Optics es un objetivo de cine lo suficientemente ligero como para volar en un dron y es una excelente opci\u00f3n para el rodaje arquitect\u00f3nico, ya que mantiene l\u00edneas rectas de formaci\u00f3n y como l\u00edneas paralelas paralelas. Equipado con una montura Fuji X, este objetivo es una construcci\u00f3n construida de objetivos; El 7,5 mm es peque\u00f1o y ligero, pero \u00f3pticamente r\u00e1pido y n\u00edtido. Use una lente con su c\u00e1mara en configuraci\u00f3n de mano, tr\u00edpode, card\u00e1n \/ card\u00e1n o dron para obtener im\u00e1genes claras y con poca luz.  <\/p>\n<p><iframe loading=\"lazy\" style=\"width: 100%;\" src=\"https:\/\/www.youtube.com\/embed\/sHZa5z9SmaI\" width=\"560\" height=\"314\" allowfullscreen=\"allowfullscreen\"><\/iframe><\/p>\n<p><strong>Caracter\u00edsticas principales<\/strong><\/p>\n<ul>\n<li>Para c\u00e1maras con sensores Super35<\/li>\n<li>Apertura T2.9 a T22<\/li>\n<li>Di\u00e1metro frontal de 80 mm<\/li>\n<li>Iris de 7 hojas<\/li>\n<li>Roscas de filtro frontales de 77 mm<\/li>\n<li>\u00c1ngulo de visi\u00f3n de 123\u00b0<\/li>\n<li>Enfoque cercano de 25 cm<\/li>\n<li>Escala de enfoque en pies y metros<\/li>\n<li>Enfoque manual e iris, anillos MOD 0.8<\/li>\n<li>Tapas de lentes delanteras y traseras incluidas<\/li>\n<\/ul>\n<p>Extremadamente ancho para una lente Super35, pero sin distorsi\u00f3n de ojo de pez, la lente Cine Laowa Zero-D S35 7.5mm T\/2.9 de Venus Optics es una lente de cine lo suficientemente ligera como para volar en un dron y una excelente opci\u00f3n para tomas arquitect\u00f3nicas, ya que mantiene l\u00edneas rectas de deformaci\u00f3n y las l\u00edneas paralelas permanecen paralelas. Equipado con una montura Fuji X, este objetivo es una aparente contradicci\u00f3n en la fabricaci\u00f3n de objetivos; El 7,5 mm es peque\u00f1o y ligero, pero \u00f3pticamente r\u00e1pido y n\u00edtido. Use la lente con su c\u00e1mara en configuraci\u00f3n de mano, tr\u00edpode, card\u00e1n, estabilizador o dron para obtener im\u00e1genes n\u00edtidas y claras en condiciones de poca luz.  <\/p>\n<p>Con escalas de enfoque marcadas en pies y metros, la lente es adecuada para cualquier persona sin distancias de visualizaci\u00f3n, y los anillos MOD 0.8 incorporados le permiten integrar f\u00e1cilmente esta lente en la configuraci\u00f3n de accesorios de su lente de cine, ya que funciona con unidades de enfoque de seguimiento y motores de lentes est\u00e1ndar de la industria. Adem\u00e1s, el objetivo acepta filtros giratorios opcionales de 77 mm, que pueden ayudar a proteger su elemento frontal y mejorar sus im\u00e1genes al reducir los rayos UV y el deslumbramiento. La lente viene con cubiertas frontal y trasera, as\u00ed como un estuche r\u00edgido protector.  <\/p>\n<ul>\n<li>La lente ofrece un \u00e1ngulo de visi\u00f3n de 123\u00b0 en Super35. La apertura m\u00e1xima T2.9 permite a los cineastas disparar en situaciones de poca luz y controlar la profundidad de campo, lo que la hace adecuada para filmar en espacios reducidos o para establecer tomas. <\/li>\n<li>El dise\u00f1o y la construcci\u00f3n de \u00abdistorsi\u00f3n cero\u00bb permiten a los cineastas filmar con l\u00edneas rectas sin distorsi\u00f3n de gran angular u ojo de pez, extremadamente \u00fatil cuando se toman im\u00e1genes arquitect\u00f3nicas, a\u00e9reas e interiores.<\/li>\n<li>Este dise\u00f1o \u00f3ptico contiene 16 elementos en 10 grupos, incluidos 2 vidrios ED y 2 asf\u00e9ricos para controlar la aberraci\u00f3n crom\u00e1tica al m\u00ednimo. Produce im\u00e1genes excelentes y n\u00edtidas, lo que ahorra mucho tiempo en la postproducci\u00f3n. <\/li>\n<li>La distancia de enfoque relativamente corta de 9.84&#8243; lo hace ideal para enfocar sujetos cercanos con un fuerte bokeh de fondo.<\/li>\n<li>Con un cuerpo liviano, la lente es excepcionalmente compacta y transportable, mide 3.17&#8243; de largo y pesa menos de 1.4 lb. Puede encajar f\u00e1cilmente en sistemas de estabilizaci\u00f3n, incluidos cardanes de mano. adem\u00e1s del cilindro exterior, que permite conectar filtros de rosca de 77 mm directamente al cilindro del objetivo, lo que lo hace a\u00fan m\u00e1s f\u00e1cil de usar y c\u00f3modo, especialmente para la cinematograf\u00eda a\u00e9rea.  <\/li>\n<li>Los anillos de enfoque e iris tienen engranajes MOD de 0.8 incorporados.<\/li>\n<\/ul>\n<div class=\"title_vdXF96s7fO\" style=\"box-sizing: inherit; padding: 2.8125rem 0px; text-transform: capitalize; font-family: OpenSans, 'Segoe UI', Helvetica, Roboto, Arial, sans-serif; font-size: 16px; background-color: #ffffff;\">\n<h2 class=\"text_v_wGSQBcdt comfy_v_wGSQBcdt sizeTitle1_v_wGSQBcdt weightNormal_v_wGSQBcdt primary_aEALyqkgyT\" style=\"box-sizing: inherit; margin: 0px; font-size: 2rem; font-weight: 400; line-height: 2.5rem;\" data-selenium=\"specsItemTitle\"><strong>Venus Optics Laowa 7.5mm T\/2.9 Zero-D Ficha Tecnica<\/strong><\/h2>\n<\/div>\n<div class=\"group_3sxa25I0gg\" style=\"box-sizing: inherit; margin-bottom: 2.1875rem; font-family: OpenSans, 'Segoe UI', Helvetica, Roboto, Arial, sans-serif; font-size: 16px; background-color: #ffffff;\">\n<table class=\"table_3sxa25I0gg\" style=\"font-family: OpenSans, 'Segoe UI', Helvetica, Roboto, Arial, sans-serif; font-size: 16px; box-sizing: inherit; width: 981.75px; height: 437px;\" data-selenium=\"specsItemGroupTable\">\n<tbody style=\"box-sizing: inherit;\">\n<tr class=\"pair_3sxa25I0gg\" style=\"box-sizing: inherit; border-bottom: 0.0625rem solid #e7e7e7; height: 23px;\" data-selenium=\"specsItemGroupTableRow\">\n<td class=\"label_3sxa25I0gg firstSpecWhenNoGroupName_3sxa25I0gg\" style=\"box-sizing: inherit; border-top: none; padding: 0px 0px 1.25rem; width: 373.062px; color: #666666; font-size: 1.125rem; line-height: 1.375rem; vertical-align: baseline; height: 23px;\" data-selenium=\"specsItemGroupTableColumnLabel\">Distancia focal<\/td>\n<td class=\"value_3sxa25I0gg firstSpecWhenNoGroupName_3sxa25I0gg\" style=\"box-sizing: inherit; color: #666666; font-size: 1.125rem; line-height: 1.375rem; vertical-align: baseline; padding: 0px 0px 1.25rem 2.5rem; height: 23px;\" data-selenium=\"specsItemGroupTableColumnValue\">7,5 mil\u00edmetros<\/td>\n<\/tr>\n<tr class=\"pair_3sxa25I0gg\" style=\"box-sizing: inherit; border-bottom: 0.0625rem solid #e7e7e7; height: 23px;\" data-selenium=\"specsItemGroupTableRow\">\n<td class=\"label_3sxa25I0gg\" style=\"box-sizing: inherit; border-top: none; padding: 1.25rem 0px; width: 373.062px; color: #666666; font-size: 1.125rem; line-height: 1.375rem; vertical-align: baseline; height: 23px;\" data-selenium=\"specsItemGroupTableColumnLabel\">Montura de lente<\/td>\n<td class=\"value_3sxa25I0gg\" style=\"box-sizing: inherit; color: #666666; font-size: 1.125rem; line-height: 1.375rem; vertical-align: baseline; padding: 1.25rem 0px 1.25rem 2.5rem; height: 23px;\" data-selenium=\"specsItemGroupTableColumnValue\">Fuji X<\/td>\n<\/tr>\n<tr class=\"pair_3sxa25I0gg\" style=\"box-sizing: inherit; border-bottom: 0.0625rem solid #e7e7e7; height: 23px;\" data-selenium=\"specsItemGroupTableRow\">\n<td class=\"label_3sxa25I0gg\" style=\"box-sizing: inherit; border-top: none; padding: 1.25rem 0px; width: 373.062px; color: #666666; font-size: 1.125rem; line-height: 1.375rem; vertical-align: baseline; height: 23px;\" data-selenium=\"specsItemGroupTableColumnLabel\">Cobertura de la forma de la lente<\/td>\n<td class=\"value_3sxa25I0gg\" style=\"box-sizing: inherit; color: #666666; font-size: 1.125rem; line-height: 1.375rem; vertical-align: baseline; padding: 1.25rem 0px 1.25rem 2.5rem; height: 23px;\" data-selenium=\"specsItemGroupTableColumnValue\">Super35\/APS-C<\/td>\n<\/tr>\n<tr class=\"pair_3sxa25I0gg\" style=\"box-sizing: inherit; border-bottom: 0.0625rem solid #e7e7e7; height: 23px;\" data-selenium=\"specsItemGroupTableRow\">\nC\u00edrculo de <\/p>\n<td class=\"label_3sxa25I0gg\" style=\"box-sizing: inherit; border-top: none; padding: 1.25rem 0px; width: 373.062px; color: #666666; font-size: 1.125rem; line-height: 1.375rem; vertical-align: baseline; height: 23px;\" data-selenium=\"specsItemGroupTableColumnLabel\">imagen<\/td>\n<td class=\"value_3sxa25I0gg\" style=\"box-sizing: inherit; color: #666666; font-size: 1.125rem; line-height: 1.375rem; vertical-align: baseline; padding: 1.25rem 0px 1.25rem 2.5rem; height: 23px;\" data-selenium=\"specsItemGroupTableColumnValue\">29,0 mil\u00edmetros<\/td>\n<\/tr>\n<tr class=\"pair_3sxa25I0gg\" style=\"box-sizing: inherit; border-bottom: 0.0625rem solid #e7e7e7; height: 23px;\" data-selenium=\"specsItemGroupTableRow\">\n<td class=\"label_3sxa25I0gg\" style=\"box-sizing: inherit; border-top: none; padding: 1.25rem 0px; width: 373.062px; color: #666666; font-size: 1.125rem; line-height: 1.375rem; vertical-align: baseline; height: 23px;\" data-selenium=\"specsItemGroupTableColumnLabel\">M\u00e1xima<\/td>\n<p> apertura<\/p>\n<td class=\"value_3sxa25I0gg\" style=\"box-sizing: inherit; color: #666666; font-size: 1.125rem; line-height: 1.375rem; vertical-align: baseline; padding: 1.25rem 0px 1.25rem 2.5rem; height: 23px;\" data-selenium=\"specsItemGroupTableColumnValue\">T2.9<\/td>\n<\/tr>\n<tr class=\"pair_3sxa25I0gg\" style=\"box-sizing: inherit; border-bottom: 0.0625rem solid #e7e7e7; height: 23px;\" data-selenium=\"specsItemGroupTableRow\">\n<td class=\"label_3sxa25I0gg\" style=\"box-sizing: inherit; border-top: none; padding: 1.25rem 0px; width: 373.062px; color: #666666; font-size: 1.125rem; line-height: 1.375rem; vertical-align: baseline; height: 23px;\" data-selenium=\"specsItemGroupTableColumnLabel\">Apertura<\/td>\n<p> m\u00ednima<\/p>\n<td class=\"value_3sxa25I0gg\" style=\"box-sizing: inherit; color: #666666; font-size: 1.125rem; line-height: 1.375rem; vertical-align: baseline; padding: 1.25rem 0px 1.25rem 2.5rem; height: 23px;\" data-selenium=\"specsItemGroupTableColumnValue\">T22<\/td>\n<\/tr>\n<tr class=\"pair_3sxa25I0gg\" style=\"box-sizing: inherit; border-bottom: 0.0625rem solid #e7e7e7; height: 23px;\" data-selenium=\"specsItemGroupTableRow\">\n<td class=\"label_3sxa25I0gg\" style=\"box-sizing: inherit; border-top: none; padding: 1.25rem 0px; width: 373.062px; color: #666666; font-size: 1.125rem; line-height: 1.375rem; vertical-align: baseline; height: 23px;\" data-selenium=\"specsItemGroupTableColumnLabel\">\u00c1ngulo<\/td>\n<p> de visi\u00f3n diagonal<\/p>\n<td class=\"value_3sxa25I0gg\" style=\"box-sizing: inherit; color: #666666; font-size: 1.125rem; line-height: 1.375rem; vertical-align: baseline; padding: 1.25rem 0px 1.25rem 2.5rem; height: 23px;\" data-selenium=\"specsItemGroupTableColumnValue\">Super35: 123\u00b0<\/td>\n<\/tr>\n<tr class=\"pair_3sxa25I0gg\" style=\"box-sizing: inherit; border-bottom: 0.0625rem solid #e7e7e7; height: 23px;\" data-selenium=\"specsItemGroupTableRow\">\n<td class=\"label_3sxa25I0gg\" style=\"box-sizing: inherit; border-top: none; padding: 1.25rem 0px; width: 373.062px; color: #666666; font-size: 1.125rem; line-height: 1.375rem; vertical-align: baseline; height: 23px;\" data-selenium=\"specsItemGroupTableColumnLabel\">Distancia m\u00ednima de enfoque<\/td>\n<td class=\"value_3sxa25I0gg\" style=\"box-sizing: inherit; color: #666666; font-size: 1.125rem; line-height: 1.375rem; vertical-align: baseline; padding: 1.25rem 0px 1.25rem 2.5rem; height: 23px;\" data-selenium=\"specsItemGroupTableColumnValue\">Desde un punto no especificado en la lente: 25 cm<\/td>\n<\/tr>\n<tr class=\"pair_3sxa25I0gg\" style=\"box-sizing: inherit; border-bottom: 0.0625rem solid #e7e7e7; height: 23px;\" data-selenium=\"specsItemGroupTableRow\">\n<td class=\"label_3sxa25I0gg\" style=\"box-sizing: inherit; border-top: none; padding: 1.25rem 0px; width: 373.062px; color: #666666; font-size: 1.125rem; line-height: 1.375rem; vertical-align: baseline; height: 23px;\" data-selenium=\"specsItemGroupTableColumnLabel\">Dise\u00f1o<\/td>\n<p> \u00f3ptico<\/p>\n<td class=\"value_3sxa25I0gg\" style=\"box-sizing: inherit; color: #666666; font-size: 1.125rem; line-height: 1.375rem; vertical-align: baseline; padding: 1.25rem 0px 1.25rem 2.5rem; height: 23px;\" data-selenium=\"specsItemGroupTableColumnValue\">16 elementos en 10 grupos<\/td>\n<\/tr>\n<tr class=\"pair_3sxa25I0gg\" style=\"box-sizing: inherit; border-bottom: 0.0625rem solid #e7e7e7; height: 23px;\" data-selenium=\"specsItemGroupTableRow\">\n<td class=\"label_3sxa25I0gg\" style=\"box-sizing: inherit; border-top: none; padding: 1.25rem 0px; width: 373.062px; color: #666666; font-size: 1.125rem; line-height: 1.375rem; vertical-align: baseline; height: 23px;\" data-selenium=\"specsItemGroupTableColumnLabel\">Hojas de diafragma<\/td>\n<td class=\"value_3sxa25I0gg\" style=\"box-sizing: inherit; color: #666666; font-size: 1.125rem; line-height: 1.375rem; vertical-align: baseline; padding: 1.25rem 0px 1.25rem 2.5rem; height: 23px;\" data-selenium=\"specsItemGroupTableColumnValue\">7<\/td>\n<\/tr>\n<tr class=\"pair_3sxa25I0gg\" style=\"box-sizing: inherit; border-bottom: 0.0625rem solid #e7e7e7; height: 46px;\" data-selenium=\"specsItemGroupTableRow\">\n<td class=\"label_3sxa25I0gg\" style=\"box-sizing: inherit; border-top: none; padding: 1.25rem 0px; width: 373.062px; color: #666666; font-size: 1.125rem; line-height: 1.375rem; vertical-align: baseline; height: 46px;\" data-selenium=\"specsItemGroupTableColumnLabel\">Gear MOD &amp; Pitch<\/td>\n<td class=\"value_3sxa25I0gg\" style=\"box-sizing: inherit; color: #666666; font-size: 1.125rem; line-height: 1.375rem; vertical-align: baseline; padding: 1.25rem 0px 1.25rem 2.5rem; height: 46px;\" data-selenium=\"specsItemGroupTableColumnValue\">Enfoque: 0.8 MOD \/ 32 Pitch<br style=\"box-sizing: inherit;\">Iris: 0.8 MOD \/ 32 Pitch<\/td>\n<\/tr>\n<tr class=\"pair_3sxa25I0gg\" style=\"box-sizing: inherit; border-bottom: 0.0625rem solid #e7e7e7; height: 23px;\" data-selenium=\"specsItemGroupTableRow\">\n<td class=\"label_3sxa25I0gg\" style=\"box-sizing: inherit; border-top: none; padding: 1.25rem 0px; width: 373.062px; color: #666666; font-size: 1.125rem; line-height: 1.375rem; vertical-align: baseline; height: 23px;\" data-selenium=\"specsItemGroupTableColumnLabel\">Di\u00e1metro<\/td>\n<p> frontal<\/p>\n<td class=\"value_3sxa25I0gg\" style=\"box-sizing: inherit; color: #666666; font-size: 1.125rem; line-height: 1.375rem; vertical-align: baseline; padding: 1.25rem 0px 1.25rem 2.5rem; height: 23px;\" data-selenium=\"specsItemGroupTableColumnValue\">80 mil\u00edmetros<\/td>\n<\/tr>\n<tr class=\"pair_3sxa25I0gg\" style=\"box-sizing: inherit; border-bottom: 0.0625rem solid #e7e7e7; height: 23px;\" data-selenium=\"specsItemGroupTableRow\">\n<td class=\"label_3sxa25I0gg\" style=\"box-sizing: inherit; border-top: none; padding: 1.25rem 0px; width: 373.062px; color: #666666; font-size: 1.125rem; line-height: 1.375rem; vertical-align: baseline; height: 23px;\" data-selenium=\"specsItemGroupTableColumnLabel\">Tema de<\/td>\n<p> filtro<\/p>\n<td class=\"value_3sxa25I0gg\" style=\"box-sizing: inherit; color: #666666; font-size: 1.125rem; line-height: 1.375rem; vertical-align: baseline; padding: 1.25rem 0px 1.25rem 2.5rem; height: 23px;\" data-selenium=\"specsItemGroupTableColumnValue\">77 mil\u00edmetros<\/td>\n<\/tr>\n<tr class=\"pair_3sxa25I0gg\" style=\"box-sizing: inherit; border-bottom: 0.0625rem solid #e7e7e7; height: 23px;\" data-selenium=\"specsItemGroupTableRow\">\n<td class=\"label_3sxa25I0gg\" style=\"box-sizing: inherit; border-top: none; padding: 1.25rem 0px; width: 373.062px; color: #666666; font-size: 1.125rem; line-height: 1.375rem; vertical-align: baseline; height: 23px;\" data-selenium=\"specsItemGroupTableColumnLabel\">Escalas de enfoque<\/td>\n<td class=\"value_3sxa25I0gg\" style=\"box-sizing: inherit; color: #666666; font-size: 1.125rem; line-height: 1.375rem; vertical-align: baseline; padding: 1.25rem 0px 1.25rem 2.5rem; height: 23px;\" data-selenium=\"specsItemGroupTableColumnValue\">M\u00e9trico, Imperial<\/td>\n<\/tr>\n<tr class=\"pair_3sxa25I0gg\" style=\"box-sizing: inherit; border-bottom: 0.0625rem solid #e7e7e7; height: 23px;\" data-selenium=\"specsItemGroupTableRow\">\n<td class=\"label_3sxa25I0gg\" style=\"box-sizing: inherit; border-top: none; padding: 1.25rem 0px; width: 373.062px; color: #666666; font-size: 1.125rem; line-height: 1.375rem; vertical-align: baseline; height: 23px;\" data-selenium=\"specsItemGroupTableColumnLabel\">Estabilizaci\u00f3n de imagen<\/td>\n<td class=\"value_3sxa25I0gg\" style=\"box-sizing: inherit; color: #666666; font-size: 1.125rem; line-height: 1.375rem; vertical-align: baseline; padding: 1.25rem 0px 1.25rem 2.5rem; height: 23px;\" data-selenium=\"specsItemGroupTableColumnValue\">No<\/td>\n<\/tr>\n<tr class=\"pair_3sxa25I0gg\" style=\"box-sizing: inherit; border-bottom: 0.0625rem solid #e7e7e7; height: 23px;\" data-selenium=\"specsItemGroupTableRow\">\n<td class=\"label_3sxa25I0gg\" style=\"box-sizing: inherit; border-top: none; padding: 1.25rem 0px; width: 373.062px; color: #666666; font-size: 1.125rem; line-height: 1.375rem; vertical-align: baseline; height: 23px;\" data-selenium=\"specsItemGroupTableColumnLabel\">Montura de<\/td>\n<p> lente<\/p>\n<td class=\"value_3sxa25I0gg\" style=\"box-sizing: inherit; color: #666666; font-size: 1.125rem; line-height: 1.375rem; vertical-align: baseline; padding: 1.25rem 0px 1.25rem 2.5rem; height: 23px;\" data-selenium=\"specsItemGroupTableColumnValue\"><em style=\"box-sizing: inherit;\">Ninguno<\/em><\/td>\n<\/tr>\n<tr class=\"pair_3sxa25I0gg\" style=\"box-sizing: inherit; border-bottom: 0.0625rem solid #e7e7e7; height: 23px;\" data-selenium=\"specsItemGroupTableRow\">\n<td class=\"label_3sxa25I0gg\" style=\"box-sizing: inherit; border-top: none; padding: 1.25rem 0px; width: 373.062px; color: #666666; font-size: 1.125rem; line-height: 1.375rem; vertical-align: baseline; height: 23px;\" data-selenium=\"specsItemGroupTableColumnLabel\">Largura<\/td>\n<td class=\"value_3sxa25I0gg\" style=\"box-sizing: inherit; color: #666666; font-size: 1.125rem; line-height: 1.375rem; vertical-align: baseline; padding: 1.25rem 0px 1.25rem 2.5rem; height: 23px;\" data-selenium=\"specsItemGroupTableColumnValue\">80,7 mil\u00edmetros<\/td>\n<\/tr>\n<tr class=\"pair_3sxa25I0gg\" style=\"box-sizing: inherit; border-bottom: 0.0625rem solid #e7e7e7; height: 23px;\" data-selenium=\"specsItemGroupTableRow\">\n<td class=\"label_3sxa25I0gg\" style=\"box-sizing: inherit; border-top: none; padding: 1.25rem 0px; width: 373.062px; color: #666666; font-size: 1.125rem; line-height: 1.375rem; vertical-align: baseline; height: 23px;\" data-selenium=\"specsItemGroupTableColumnLabel\">Peso<\/td>\n<td class=\"value_3sxa25I0gg\" style=\"box-sizing: inherit; color: #666666; font-size: 1.125rem; line-height: 1.375rem; vertical-align: baseline; padding: 1.25rem 0px 1.25rem 2.5rem; height: 23px;\" data-selenium=\"specsItemGroupTableColumnValue\">610 gramos<\/td>\n<\/tr>\n<\/tbody>\n<\/table>\n<p><strong>En la caja<\/strong><\/p>\n<ul>\n<li>Lente de cine Venus Optics Laowa Zero-D S35 7.5mm T\/2.9 (Fuji X, ft\/metro)<\/li>\n<li>Cubierta frontal del objetivo<\/li>\n<li>Tapa trasera del objetivo<\/li>\n<li>Caso<\/li>\n<\/ul>\n<\/div>\n","protected":false},"excerpt":{"rendered":"<p>Extremadamente ancho para un objetivo sin objetivo Super35, el Le Cine Laowa Zero-D S35 7.5mm T\/2.9 de Venus Optics es<\/p>\n","protected":false},"featured_media":49643,"comment_status":"closed","ping_status":"closed","template":"","meta":{"_acf_changed":false},"product_brand":[2682],"product_cat":[1042],"product_tag":[],"class_list":{"0":"post-73128","1":"product","2":"type-product","3":"status-publish","4":"has-post-thumbnail","6":"product_brand-laowa-es","7":"product_cat-cine","8":"pa_abertura-maxima-t2-9-es","9":"pa_cor-negro","10":"pa_diametro-77mm-es","11":"pa_estabilizacao-de-imagem-no","12":"pa_montagem-da-objetiva-fujifilm-x-es","13":"pa_sensor-super-35-es","14":"pa_tipo-de-foco-enfoque-manual","15":"pa_tipo-de-objetiva-gran-angular","16":"pa_zoom-fixa-fijo","18":"first","19":"onbackorder","20":"taxable","21":"shipping-taxable","22":"purchasable","23":"product-type-simple"},"bundled_by":[],"bundle_stock_status":"onbackorder","bundle_stock_quantity":null,"bundle_virtual":false,"bundle_layout":"","bundle_add_to_cart_form_location":"","bundle_editable_in_cart":false,"bundle_sold_individually_context":"","bundle_item_grouping":"","bundle_min_size":"","bundle_max_size":"","bundle_price":[],"bundled_items":[],"bundle_sell_ids":[],"acf":[],"_links":{"self":[{"href":"https:\/\/hi-techwonder.com\/es\/wp-json\/wp\/v2\/product\/73128","targetHints":{"allow":["GET"]}}],"collection":[{"href":"https:\/\/hi-techwonder.com\/es\/wp-json\/wp\/v2\/product"}],"about":[{"href":"https:\/\/hi-techwonder.com\/es\/wp-json\/wp\/v2\/types\/product"}],"replies":[{"embeddable":true,"href":"https:\/\/hi-techwonder.com\/es\/wp-json\/wp\/v2\/comments?post=73128"}],"wp:featuredmedia":[{"embeddable":true,"href":"https:\/\/hi-techwonder.com\/es\/wp-json\/wp\/v2\/media\/49643"}],"wp:attachment":[{"href":"https:\/\/hi-techwonder.com\/es\/wp-json\/wp\/v2\/media?parent=73128"}],"wp:term":[{"taxonomy":"product_brand","embeddable":true,"href":"https:\/\/hi-techwonder.com\/es\/wp-json\/wp\/v2\/product_brand?post=73128"},{"taxonomy":"product_cat","embeddable":true,"href":"https:\/\/hi-techwonder.com\/es\/wp-json\/wp\/v2\/product_cat?post=73128"},{"taxonomy":"product_tag","embeddable":true,"href":"https:\/\/hi-techwonder.com\/es\/wp-json\/wp\/v2\/product_tag?post=73128"}],"curies":[{"name":"wp","href":"https:\/\/api.w.org\/{rel}","templated":true}]}}